{"id":9339,"date":"2019-11-26T21:08:05","date_gmt":"2019-11-26T20:08:05","guid":{"rendered":"https:\/\/herba-online.shop\/produkt\/high-protein-iced-coffee-latte-macchiato-308-g\/"},"modified":"2025-03-13T17:13:56","modified_gmt":"2025-03-13T16:13:56","slug":"high-protein-iced-coffee-latte-macchiato-308-g","status":"publish","type":"product","link":"https:\/\/herba-online.shop\/en\/product\/high-protein-iced-coffee-latte-macchiato-308-g\/","title":{"rendered":"High Protein Iced Coffee"},"content":{"rendered":"<p>Genie\u00dfe unseren erfrischenden High Protein Iced Coffee \u2013 egal ob du unterwegs bist oder nur einen Koffein-Boost zwischendurch ben\u00f6tigst! Fachkundig hergestellt aus 100 % Robusta Espressobohnen, liefert er dir 15 g Molkenprotein.* Ohne Zuckerzusatz, Farb- und Konservierungsstoffe und nur 80 kcal pro Portion. Einfach kaltes Wasser und Eis hinzuf\u00fcgen und genie\u00dfen!<\/p>\n<p>Die wichtigsten Vorteile<br \/>\n* 100 % Robusta Espressobohnen<br \/>\n* 15 g Molkenproteinkonzentrat pro Portion<br \/>\n* F\u00fcr Vegetarier geeignet<br \/>\n* Ohne Zuckerzusatz<br \/>\n* Nur 80 kcal pro Portion<\/p>\n<p>&nbsp;<\/p>\n<p>ZUTATEN: Molkenproteinkonzentrat (Milch) (U.S.A., 85 %), l\u00f6sliches Kaffeepulver<br \/>\n(12 %), Aromen, Meersalz, Kokosnuss\u00f6l-Kaffeeweisser [Kokosnuss\u00f6l, Maltodextrin,<br \/>\nNatriumcaseinat (Milch)], S\u00fcssungsmittel (Steviolglycoside). Allergiehinweis: Achten Sie auf<br \/>\ndie fettgedruckten Zutaten f\u00fcr Hinweise auf Allergene.<\/p>\n<p>&nbsp;<\/p>\n","protected":false},"excerpt":{"rendered":"<p><a href=\"https:\/\/herba-online.shop\/wp-content\/uploads\/2019\/11\/012k_label.pdf\">Produkt Etikett Latte Macchiato<\/a><\/p>\n<p>Genie\u00dfe High Protein Iced Coffee zu Hause oder unterwegs \u2013 immer dann, wenn du ihn am meisten ben\u00f6tigst. Ein perfektes Getr\u00e4nk f\u00fcr den Morgen oder Nachmittag. F\u00fclle 250 ml kaltes Wasser in deinen Shake-Becher. F\u00fcge 2 Messl\u00f6ffel High Protein Iced Coffee hinzu. Kr\u00e4ftig sch\u00fctteln und mit Eisw\u00fcrfeln auff\u00fcllen. Falls du keinen Shake-Becher hast, mixe alles f\u00fcr 5 Sekunden auf niedrigster Stufe.<\/p>\n","protected":false},"featured_media":9260,"comment_status":"closed","ping_status":"closed","template":"","meta":{"_acf_changed":false},"product_brand":[],"product_cat":[84,92,87],"product_tag":[177,183,178],"class_list":{"0":"post-9339","1":"product","2":"type-product","3":"status-publish","4":"has-post-thumbnail","6":"product_cat-basic-products","7":"product_cat-nutrition-supplements","8":"product_cat-weight-control","9":"product_tag-coffee-en","10":"product_tag-latte-en","11":"product_tag-protein-en","12":"pa_high-protein-latte-macchiato-flavour-011k-en","13":"pa_high-protein-mocha-flavour-011k-en","15":"first","16":"instock","17":"taxable","18":"shipping-taxable","19":"purchasable","20":"product-type-simple"},"acf":[],"yoast_head":"<!-- This site is optimized with the Yoast SEO plugin v25.6 - https:\/\/yoast.com\/wordpress\/plugins\/seo\/ -->\n<title>High Protein Iced Coffee - Onlineshop - Independent HERBALIFE member Erich Geiger<\/title>\n<meta name=\"description\" content=\"Dies ist die Webseite eines Selbst\u00e4ndigen HERBALIFE-Mitgliedes. Um auf die offizielle HERBALIFE-Webseite zu gelangen, besuchen Sie bitte HERBALIFE.de.\" \/>\n<meta name=\"robots\" content=\"index, follow, max-snippet:-1, max-image-preview:large, max-video-preview:-1\" \/>\n<link rel=\"canonical\" href=\"https:\/\/herba-online.shop\/en\/product\/high-protein-iced-coffee-latte-macchiato-308-g\/\" \/>\n<meta property=\"og:locale\" content=\"en_US\" \/>\n<meta property=\"og:type\" content=\"article\" \/>\n<meta property=\"og:title\" content=\"High Protein Iced Coffee - Onlineshop - Independent HERBALIFE member Erich Geiger\" \/>\n<meta property=\"og:description\" content=\"Dies ist die Webseite eines Selbst\u00e4ndigen HERBALIFE-Mitgliedes. Um auf die offizielle HERBALIFE-Webseite zu gelangen, besuchen Sie bitte HERBALIFE.de.\" \/>\n<meta property=\"og:url\" content=\"https:\/\/herba-online.shop\/en\/product\/high-protein-iced-coffee-latte-macchiato-308-g\/\" \/>\n<meta property=\"og:site_name\" content=\"Onlineshop - Independent HERBALIFE member Erich Geiger\" \/>\n<meta property=\"article:modified_time\" content=\"2025-03-13T16:13:56+00:00\" \/>\n<meta property=\"og:image\" content=\"https:\/\/herba-online.shop\/wp-content\/uploads\/2019\/11\/012K.png\" \/>\n\t<meta property=\"og:image:width\" content=\"1000\" \/>\n\t<meta property=\"og:image:height\" content=\"1000\" \/>\n\t<meta property=\"og:image:type\" content=\"image\/png\" \/>\n<meta name=\"twitter:card\" content=\"summary_large_image\" \/>\n<meta name=\"twitter:label1\" content=\"Est. reading time\" \/>\n\t<meta name=\"twitter:data1\" content=\"1 minute\" \/>\n<script type=\"application\/ld+json\" class=\"yoast-schema-graph\">{\"@context\":\"https:\/\/schema.org\",\"@graph\":[{\"@type\":\"WebPage\",\"@id\":\"https:\/\/herba-online.shop\/en\/product\/high-protein-iced-coffee-latte-macchiato-308-g\/\",\"url\":\"https:\/\/herba-online.shop\/en\/product\/high-protein-iced-coffee-latte-macchiato-308-g\/\",\"name\":\"High Protein Iced Coffee - Onlineshop - Independent HERBALIFE member Erich Geiger\",\"isPartOf\":{\"@id\":\"https:\/\/herba-online.shop\/#website\"},\"primaryImageOfPage\":{\"@id\":\"https:\/\/herba-online.shop\/en\/product\/high-protein-iced-coffee-latte-macchiato-308-g\/#primaryimage\"},\"image\":{\"@id\":\"https:\/\/herba-online.shop\/en\/product\/high-protein-iced-coffee-latte-macchiato-308-g\/#primaryimage\"},\"thumbnailUrl\":\"https:\/\/herba-online.shop\/wp-content\/uploads\/2019\/11\/012K.png\",\"datePublished\":\"2019-11-26T20:08:05+00:00\",\"dateModified\":\"2025-03-13T16:13:56+00:00\",\"description\":\"Dies ist die Webseite eines Selbst\u00e4ndigen HERBALIFE-Mitgliedes. Um auf die offizielle HERBALIFE-Webseite zu gelangen, besuchen Sie bitte HERBALIFE.de.\",\"breadcrumb\":{\"@id\":\"https:\/\/herba-online.shop\/en\/product\/high-protein-iced-coffee-latte-macchiato-308-g\/#breadcrumb\"},\"inLanguage\":\"en-US\",\"potentialAction\":[{\"@type\":\"ReadAction\",\"target\":[\"https:\/\/herba-online.shop\/en\/product\/high-protein-iced-coffee-latte-macchiato-308-g\/\"]}]},{\"@type\":\"ImageObject\",\"inLanguage\":\"en-US\",\"@id\":\"https:\/\/herba-online.shop\/en\/product\/high-protein-iced-coffee-latte-macchiato-308-g\/#primaryimage\",\"url\":\"https:\/\/herba-online.shop\/wp-content\/uploads\/2019\/11\/012K.png\",\"contentUrl\":\"https:\/\/herba-online.shop\/wp-content\/uploads\/2019\/11\/012K.png\",\"width\":1000,\"height\":1000},{\"@type\":\"BreadcrumbList\",\"@id\":\"https:\/\/herba-online.shop\/en\/product\/high-protein-iced-coffee-latte-macchiato-308-g\/#breadcrumb\",\"itemListElement\":[{\"@type\":\"ListItem\",\"position\":1,\"name\":\"Startseite\",\"item\":\"https:\/\/herba-online.shop\/en\/\"},{\"@type\":\"ListItem\",\"position\":2,\"name\":\"Product Overview\",\"item\":\"https:\/\/herba-online.shop\/en\/shop\/\"},{\"@type\":\"ListItem\",\"position\":3,\"name\":\"High Protein Iced Coffee\"}]},{\"@type\":\"WebSite\",\"@id\":\"https:\/\/herba-online.shop\/#website\",\"url\":\"https:\/\/herba-online.shop\/\",\"name\":\"Onlineshop - Independent HERBALIFE member Erich Geiger\",\"description\":\"\",\"publisher\":{\"@id\":\"https:\/\/herba-online.shop\/#organization\"},\"potentialAction\":[{\"@type\":\"SearchAction\",\"target\":{\"@type\":\"EntryPoint\",\"urlTemplate\":\"https:\/\/herba-online.shop\/?s={search_term_string}\"},\"query-input\":{\"@type\":\"PropertyValueSpecification\",\"valueRequired\":true,\"valueName\":\"search_term_string\"}}],\"inLanguage\":\"en-US\"},{\"@type\":\"Organization\",\"@id\":\"https:\/\/herba-online.shop\/#organization\",\"name\":\"Herba-Onlineshop Erich Geiger\",\"url\":\"https:\/\/herba-online.shop\/\",\"logo\":{\"@type\":\"ImageObject\",\"inLanguage\":\"en-US\",\"@id\":\"https:\/\/herba-online.shop\/#\/schema\/logo\/image\/\",\"url\":\"https:\/\/herba-online.shop\/wp-content\/uploads\/2019\/03\/logo_08.2017_header.png\",\"contentUrl\":\"https:\/\/herba-online.shop\/wp-content\/uploads\/2019\/03\/logo_08.2017_header.png\",\"width\":300,\"height\":76,\"caption\":\"Herba-Onlineshop Erich Geiger\"},\"image\":{\"@id\":\"https:\/\/herba-online.shop\/#\/schema\/logo\/image\/\"}}]}<\/script>\n<!-- \/ Yoast SEO plugin. -->","yoast_head_json":{"title":"High Protein Iced Coffee - Onlineshop - Independent HERBALIFE member Erich Geiger","description":"Dies ist die Webseite eines Selbst\u00e4ndigen HERBALIFE-Mitgliedes. Um auf die offizielle HERBALIFE-Webseite zu gelangen, besuchen Sie bitte HERBALIFE.de.","robots":{"index":"index","follow":"follow","max-snippet":"max-snippet:-1","max-image-preview":"max-image-preview:large","max-video-preview":"max-video-preview:-1"},"canonical":"https:\/\/herba-online.shop\/en\/product\/high-protein-iced-coffee-latte-macchiato-308-g\/","og_locale":"en_US","og_type":"article","og_title":"High Protein Iced Coffee - Onlineshop - Independent HERBALIFE member Erich Geiger","og_description":"Dies ist die Webseite eines Selbst\u00e4ndigen HERBALIFE-Mitgliedes. Um auf die offizielle HERBALIFE-Webseite zu gelangen, besuchen Sie bitte HERBALIFE.de.","og_url":"https:\/\/herba-online.shop\/en\/product\/high-protein-iced-coffee-latte-macchiato-308-g\/","og_site_name":"Onlineshop - Independent HERBALIFE member Erich Geiger","article_modified_time":"2025-03-13T16:13:56+00:00","og_image":[{"width":1000,"height":1000,"url":"https:\/\/herba-online.shop\/wp-content\/uploads\/2019\/11\/012K.png","type":"image\/png"}],"twitter_card":"summary_large_image","twitter_misc":{"Est. reading time":"1 minute"},"schema":{"@context":"https:\/\/schema.org","@graph":[{"@type":"WebPage","@id":"https:\/\/herba-online.shop\/en\/product\/high-protein-iced-coffee-latte-macchiato-308-g\/","url":"https:\/\/herba-online.shop\/en\/product\/high-protein-iced-coffee-latte-macchiato-308-g\/","name":"High Protein Iced Coffee - Onlineshop - Independent HERBALIFE member Erich Geiger","isPartOf":{"@id":"https:\/\/herba-online.shop\/#website"},"primaryImageOfPage":{"@id":"https:\/\/herba-online.shop\/en\/product\/high-protein-iced-coffee-latte-macchiato-308-g\/#primaryimage"},"image":{"@id":"https:\/\/herba-online.shop\/en\/product\/high-protein-iced-coffee-latte-macchiato-308-g\/#primaryimage"},"thumbnailUrl":"https:\/\/herba-online.shop\/wp-content\/uploads\/2019\/11\/012K.png","datePublished":"2019-11-26T20:08:05+00:00","dateModified":"2025-03-13T16:13:56+00:00","description":"Dies ist die Webseite eines Selbst\u00e4ndigen HERBALIFE-Mitgliedes. Um auf die offizielle HERBALIFE-Webseite zu gelangen, besuchen Sie bitte HERBALIFE.de.","breadcrumb":{"@id":"https:\/\/herba-online.shop\/en\/product\/high-protein-iced-coffee-latte-macchiato-308-g\/#breadcrumb"},"inLanguage":"en-US","potentialAction":[{"@type":"ReadAction","target":["https:\/\/herba-online.shop\/en\/product\/high-protein-iced-coffee-latte-macchiato-308-g\/"]}]},{"@type":"ImageObject","inLanguage":"en-US","@id":"https:\/\/herba-online.shop\/en\/product\/high-protein-iced-coffee-latte-macchiato-308-g\/#primaryimage","url":"https:\/\/herba-online.shop\/wp-content\/uploads\/2019\/11\/012K.png","contentUrl":"https:\/\/herba-online.shop\/wp-content\/uploads\/2019\/11\/012K.png","width":1000,"height":1000},{"@type":"BreadcrumbList","@id":"https:\/\/herba-online.shop\/en\/product\/high-protein-iced-coffee-latte-macchiato-308-g\/#breadcrumb","itemListElement":[{"@type":"ListItem","position":1,"name":"Startseite","item":"https:\/\/herba-online.shop\/en\/"},{"@type":"ListItem","position":2,"name":"Product Overview","item":"https:\/\/herba-online.shop\/en\/shop\/"},{"@type":"ListItem","position":3,"name":"High Protein Iced Coffee"}]},{"@type":"WebSite","@id":"https:\/\/herba-online.shop\/#website","url":"https:\/\/herba-online.shop\/","name":"Onlineshop - Independent HERBALIFE member Erich Geiger","description":"","publisher":{"@id":"https:\/\/herba-online.shop\/#organization"},"potentialAction":[{"@type":"SearchAction","target":{"@type":"EntryPoint","urlTemplate":"https:\/\/herba-online.shop\/?s={search_term_string}"},"query-input":{"@type":"PropertyValueSpecification","valueRequired":true,"valueName":"search_term_string"}}],"inLanguage":"en-US"},{"@type":"Organization","@id":"https:\/\/herba-online.shop\/#organization","name":"Herba-Onlineshop Erich Geiger","url":"https:\/\/herba-online.shop\/","logo":{"@type":"ImageObject","inLanguage":"en-US","@id":"https:\/\/herba-online.shop\/#\/schema\/logo\/image\/","url":"https:\/\/herba-online.shop\/wp-content\/uploads\/2019\/03\/logo_08.2017_header.png","contentUrl":"https:\/\/herba-online.shop\/wp-content\/uploads\/2019\/03\/logo_08.2017_header.png","width":300,"height":76,"caption":"Herba-Onlineshop Erich Geiger"},"image":{"@id":"https:\/\/herba-online.shop\/#\/schema\/logo\/image\/"}}]}},"_links":{"self":[{"href":"https:\/\/herba-online.shop\/en\/wp-json\/wp\/v2\/product\/9339","targetHints":{"allow":["GET"]}}],"collection":[{"href":"https:\/\/herba-online.shop\/en\/wp-json\/wp\/v2\/product"}],"about":[{"href":"https:\/\/herba-online.shop\/en\/wp-json\/wp\/v2\/types\/product"}],"replies":[{"embeddable":true,"href":"https:\/\/herba-online.shop\/en\/wp-json\/wp\/v2\/comments?post=9339"}],"wp:featuredmedia":[{"embeddable":true,"href":"https:\/\/herba-online.shop\/en\/wp-json\/wp\/v2\/media\/9260"}],"wp:attachment":[{"href":"https:\/\/herba-online.shop\/en\/wp-json\/wp\/v2\/media?parent=9339"}],"wp:term":[{"taxonomy":"product_brand","embeddable":true,"href":"https:\/\/herba-online.shop\/en\/wp-json\/wp\/v2\/product_brand?post=9339"},{"taxonomy":"product_cat","embeddable":true,"href":"https:\/\/herba-online.shop\/en\/wp-json\/wp\/v2\/product_cat?post=9339"},{"taxonomy":"product_tag","embeddable":true,"href":"https:\/\/herba-online.shop\/en\/wp-json\/wp\/v2\/product_tag?post=9339"}],"curies":[{"name":"wp","href":"https:\/\/api.w.org\/{rel}","templated":true}]}}