{"id":11639,"date":"2019-11-26T21:08:05","date_gmt":"2020-07-02T09:04:48","guid":{"rendered":"https:\/\/herba-online.shop\/?post_type=product&#038;p=11639"},"modified":"2020-07-10T13:18:27","modified_gmt":"2020-07-10T11:18:27","slug":"high-protein-iced-coffee","status":"publish","type":"product","link":"https:\/\/herba-online.shop\/fr\/produit\/high-protein-iced-coffee\/","title":{"rendered":"High Protein Iced Coffee"},"content":{"rendered":"<p><a href=\"https:\/\/herba-online.shop\/wp-content\/uploads\/2020\/06\/011k_label.pdf\"> Ingr\u00e9dients SKU011K High Protein Iced Coffee Mocha 322 g<\/a><\/p>\n<p><a href=\"https:\/\/herba-online.shop\/wp-content\/uploads\/2020\/06\/012k_label.pdf\">Ingr\u00e9dients SKU012K High Protein Iced Coffee Latte Macchiato 308 g<\/a><\/p>\n<p>Aper\u00e7u du produit<br \/>\nPour tous les amateurs de caf\u00e9, les fonceurs, les ambitieux qui veulent r\u00e9aliser leurs r\u00eaves et les aventuriers de la vie : celui-ci est pour vous !<br \/>\nIl peut \u00eatre difficile de trouver un d\u00e9licieux caf\u00e9 frapp\u00e9 riche en prot\u00e9ines mais pas en mati\u00e8res grasses.<br \/>\nNous avons donc pris deux ingr\u00e9dients que nous connaissons et aimons tous &#8211; les prot\u00e9ines et le caf\u00e9 &#8211; et nous avons d\u00e9cid\u00e9 de les m\u00e9langer.<br \/>\nPrincipaux Avantages<br \/>\nCe m\u00e9lange pour caf\u00e9 frapp\u00e9 prot\u00e9in\u00e9 associe des grains de caf\u00e9 expresso 100 % Robusta aux avantages de 15 g de prot\u00e9ines de haute qualit\u00e9. Brass\u00e9 de fa\u00e7on experte pour un frapp\u00e9 audacieux et plein de saveur, il permet de satisfaire vos envies de caf\u00e9 tout en augmentant votre apport en prot\u00e9ines!<br \/>\n15 g de prot\u00e9ines de petit-lait par portion<br \/>\n80 mg de caf\u00e9ine par portion<br \/>\nSeulement 80 kcal par portion<br \/>\nFaible en mati\u00e8res grasses<br \/>\nConvient aux v\u00e9g\u00e9tariens<br \/>\nSans colorants ni conservateurs<br \/>\nIssu de vrais grains de caf\u00e9<\/p>\n<p>Avec seulement 80 kcal par portion, notre d\u00e9licieux High Protein Iced Coffee vous aidera \u00e0 relever les d\u00e9fis de la vie sans compromettre vos objectifs nutritionnels!<\/p>\n<p>Avec seulement 80 kcal par portion, notre d\u00e9licieux High Protein Iced Coffee vous aidera \u00e0 relever les d\u00e9fis de la vie sans compromettre vos objectifs nutritionnels!<br \/>\nUtilisation<\/p>\n<p>High Protein Iced Coffee est une boisson d\u00e9licieuse et nutritive que vous pouvez savourer \u00e0 la maison ou emporter pour vous accorder une pause plaisir lorsque vous en avez le plus besoin. Id\u00e9al a tout moment de la journ\u00e9e.<br \/>\nVersez 250 ml d\u2019eau froide dans votre shaker. Ajoutez 2 cuill\u00e8res doseuses d\u2019High Protein Iced Coffee. Secouez et versez la pr\u00e9paration sur des gla\u00e7ons. M\u00e9thode de pr\u00e9paration alternative : utilisez un mixeur \u00e0 basse vitesse plut\u00f4t qu\u2019un shaker.<br \/>\nProfitez de ce produit dans le cadre d\u2019un r\u00e9gime alimentaire vari\u00e9 et \u00e9quilibr\u00e9, et d\u2019un mode de vie sain et actif.<\/p>\n","protected":false},"excerpt":{"rendered":"<p>Ingr\u00e9dients SKU011K High Protein Iced Coffee Mocha 322 g Ingr\u00e9dients SKU012K High Protein Iced Coffee Latte Macchiato 308 g Aper\u00e7u du produit<\/p>\n","protected":false},"featured_media":11306,"comment_status":"closed","ping_status":"closed","template":"","meta":{"_acf_changed":false},"product_brand":[],"product_cat":[290,285,282],"product_tag":[273,277,262],"class_list":{"0":"post-11639","1":"product","2":"type-product","3":"status-publish","4":"has-post-thumbnail","6":"product_cat-complement-alimentaire","7":"product_cat-controle-du-poids","8":"product_cat-produits-basiques","9":"product_tag-cafe","10":"product_tag-lait","11":"product_tag-proteine","12":"pa_high-protein-latte-macchiato-saveur","13":"pa_high-protein-mocha-saveur","15":"first","16":"instock","17":"taxable","18":"shipping-taxable","19":"purchasable","20":"product-type-simple"},"acf":[],"yoast_head":"<!-- This site is optimized with the Yoast SEO plugin v25.6 - https:\/\/yoast.com\/wordpress\/plugins\/seo\/ -->\n<title>High Protein Iced Coffee - Boutique en ligne - Erich Geiger, membre ind\u00e9pendant de HERBALIFE<\/title>\n<meta name=\"description\" content=\"Dies ist die Webseite eines Selbst\u00e4ndigen HERBALIFE-Mitgliedes. Um auf die offizielle HERBALIFE-Webseite zu gelangen, besuchen Sie bitte HERBALIFE.de.\" \/>\n<meta name=\"robots\" content=\"index, follow, max-snippet:-1, max-image-preview:large, max-video-preview:-1\" \/>\n<link rel=\"canonical\" href=\"https:\/\/herba-online.shop\/fr\/produit\/high-protein-iced-coffee\/\" \/>\n<meta property=\"og:locale\" content=\"fr_FR\" \/>\n<meta property=\"og:type\" content=\"article\" \/>\n<meta property=\"og:title\" content=\"High Protein Iced Coffee - Boutique en ligne - Erich Geiger, membre ind\u00e9pendant de HERBALIFE\" \/>\n<meta property=\"og:description\" content=\"Dies ist die Webseite eines Selbst\u00e4ndigen HERBALIFE-Mitgliedes. Um auf die offizielle HERBALIFE-Webseite zu gelangen, besuchen Sie bitte HERBALIFE.de.\" \/>\n<meta property=\"og:url\" content=\"https:\/\/herba-online.shop\/fr\/produit\/high-protein-iced-coffee\/\" \/>\n<meta property=\"og:site_name\" content=\"Boutique en ligne - Erich Geiger, membre ind\u00e9pendant de HERBALIFE\" \/>\n<meta property=\"article:modified_time\" content=\"2020-07-10T11:18:27+00:00\" \/>\n<meta property=\"og:image\" content=\"https:\/\/herba-online.shop\/wp-content\/uploads\/2019\/11\/012K.png\" \/>\n\t<meta property=\"og:image:width\" content=\"1000\" \/>\n\t<meta property=\"og:image:height\" content=\"1000\" \/>\n\t<meta property=\"og:image:type\" content=\"image\/png\" \/>\n<meta name=\"twitter:card\" content=\"summary_large_image\" \/>\n<meta name=\"twitter:label1\" content=\"Dur\u00e9e de lecture estim\u00e9e\" \/>\n\t<meta name=\"twitter:data1\" content=\"2 minutes\" \/>\n<script type=\"application\/ld+json\" class=\"yoast-schema-graph\">{\"@context\":\"https:\/\/schema.org\",\"@graph\":[{\"@type\":\"WebPage\",\"@id\":\"https:\/\/herba-online.shop\/fr\/produit\/high-protein-iced-coffee\/\",\"url\":\"https:\/\/herba-online.shop\/fr\/produit\/high-protein-iced-coffee\/\",\"name\":\"High Protein Iced Coffee - Boutique en ligne - Erich Geiger, membre ind\u00e9pendant de HERBALIFE\",\"isPartOf\":{\"@id\":\"https:\/\/herba-online.shop\/#website\"},\"primaryImageOfPage\":{\"@id\":\"https:\/\/herba-online.shop\/fr\/produit\/high-protein-iced-coffee\/#primaryimage\"},\"image\":{\"@id\":\"https:\/\/herba-online.shop\/fr\/produit\/high-protein-iced-coffee\/#primaryimage\"},\"thumbnailUrl\":\"https:\/\/herba-online.shop\/wp-content\/uploads\/2019\/11\/012K.png\",\"datePublished\":\"2020-07-02T09:04:48+00:00\",\"dateModified\":\"2020-07-10T11:18:27+00:00\",\"description\":\"Dies ist die Webseite eines Selbst\u00e4ndigen HERBALIFE-Mitgliedes. Um auf die offizielle HERBALIFE-Webseite zu gelangen, besuchen Sie bitte HERBALIFE.de.\",\"breadcrumb\":{\"@id\":\"https:\/\/herba-online.shop\/fr\/produit\/high-protein-iced-coffee\/#breadcrumb\"},\"inLanguage\":\"fr-FR\",\"potentialAction\":[{\"@type\":\"ReadAction\",\"target\":[\"https:\/\/herba-online.shop\/fr\/produit\/high-protein-iced-coffee\/\"]}]},{\"@type\":\"ImageObject\",\"inLanguage\":\"fr-FR\",\"@id\":\"https:\/\/herba-online.shop\/fr\/produit\/high-protein-iced-coffee\/#primaryimage\",\"url\":\"https:\/\/herba-online.shop\/wp-content\/uploads\/2019\/11\/012K.png\",\"contentUrl\":\"https:\/\/herba-online.shop\/wp-content\/uploads\/2019\/11\/012K.png\",\"width\":1000,\"height\":1000},{\"@type\":\"BreadcrumbList\",\"@id\":\"https:\/\/herba-online.shop\/fr\/produit\/high-protein-iced-coffee\/#breadcrumb\",\"itemListElement\":[{\"@type\":\"ListItem\",\"position\":1,\"name\":\"Startseite\",\"item\":\"https:\/\/herba-online.shop\/fr\/\"},{\"@type\":\"ListItem\",\"position\":2,\"name\":\"Pr\u00e9sentation du produit\",\"item\":\"https:\/\/herba-online.shop\/fr\/shop\/\"},{\"@type\":\"ListItem\",\"position\":3,\"name\":\"High Protein Iced Coffee\"}]},{\"@type\":\"WebSite\",\"@id\":\"https:\/\/herba-online.shop\/#website\",\"url\":\"https:\/\/herba-online.shop\/\",\"name\":\"Boutique en ligne - Erich Geiger, membre ind\u00e9pendant de HERBALIFE\",\"description\":\"\",\"publisher\":{\"@id\":\"https:\/\/herba-online.shop\/#organization\"},\"potentialAction\":[{\"@type\":\"SearchAction\",\"target\":{\"@type\":\"EntryPoint\",\"urlTemplate\":\"https:\/\/herba-online.shop\/?s={search_term_string}\"},\"query-input\":{\"@type\":\"PropertyValueSpecification\",\"valueRequired\":true,\"valueName\":\"search_term_string\"}}],\"inLanguage\":\"fr-FR\"},{\"@type\":\"Organization\",\"@id\":\"https:\/\/herba-online.shop\/#organization\",\"name\":\"Herba-Onlineshop Erich Geiger\",\"url\":\"https:\/\/herba-online.shop\/\",\"logo\":{\"@type\":\"ImageObject\",\"inLanguage\":\"fr-FR\",\"@id\":\"https:\/\/herba-online.shop\/#\/schema\/logo\/image\/\",\"url\":\"https:\/\/herba-online.shop\/wp-content\/uploads\/2019\/03\/logo_08.2017_header.png\",\"contentUrl\":\"https:\/\/herba-online.shop\/wp-content\/uploads\/2019\/03\/logo_08.2017_header.png\",\"width\":300,\"height\":76,\"caption\":\"Herba-Onlineshop Erich Geiger\"},\"image\":{\"@id\":\"https:\/\/herba-online.shop\/#\/schema\/logo\/image\/\"}}]}<\/script>\n<!-- \/ Yoast SEO plugin. -->","yoast_head_json":{"title":"High Protein Iced Coffee - Boutique en ligne - Erich Geiger, membre ind\u00e9pendant de HERBALIFE","description":"Dies ist die Webseite eines Selbst\u00e4ndigen HERBALIFE-Mitgliedes. Um auf die offizielle HERBALIFE-Webseite zu gelangen, besuchen Sie bitte HERBALIFE.de.","robots":{"index":"index","follow":"follow","max-snippet":"max-snippet:-1","max-image-preview":"max-image-preview:large","max-video-preview":"max-video-preview:-1"},"canonical":"https:\/\/herba-online.shop\/fr\/produit\/high-protein-iced-coffee\/","og_locale":"fr_FR","og_type":"article","og_title":"High Protein Iced Coffee - Boutique en ligne - Erich Geiger, membre ind\u00e9pendant de HERBALIFE","og_description":"Dies ist die Webseite eines Selbst\u00e4ndigen HERBALIFE-Mitgliedes. Um auf die offizielle HERBALIFE-Webseite zu gelangen, besuchen Sie bitte HERBALIFE.de.","og_url":"https:\/\/herba-online.shop\/fr\/produit\/high-protein-iced-coffee\/","og_site_name":"Boutique en ligne - Erich Geiger, membre ind\u00e9pendant de HERBALIFE","article_modified_time":"2020-07-10T11:18:27+00:00","og_image":[{"width":1000,"height":1000,"url":"https:\/\/herba-online.shop\/wp-content\/uploads\/2019\/11\/012K.png","type":"image\/png"}],"twitter_card":"summary_large_image","twitter_misc":{"Dur\u00e9e de lecture estim\u00e9e":"2 minutes"},"schema":{"@context":"https:\/\/schema.org","@graph":[{"@type":"WebPage","@id":"https:\/\/herba-online.shop\/fr\/produit\/high-protein-iced-coffee\/","url":"https:\/\/herba-online.shop\/fr\/produit\/high-protein-iced-coffee\/","name":"High Protein Iced Coffee - Boutique en ligne - Erich Geiger, membre ind\u00e9pendant de HERBALIFE","isPartOf":{"@id":"https:\/\/herba-online.shop\/#website"},"primaryImageOfPage":{"@id":"https:\/\/herba-online.shop\/fr\/produit\/high-protein-iced-coffee\/#primaryimage"},"image":{"@id":"https:\/\/herba-online.shop\/fr\/produit\/high-protein-iced-coffee\/#primaryimage"},"thumbnailUrl":"https:\/\/herba-online.shop\/wp-content\/uploads\/2019\/11\/012K.png","datePublished":"2020-07-02T09:04:48+00:00","dateModified":"2020-07-10T11:18:27+00:00","description":"Dies ist die Webseite eines Selbst\u00e4ndigen HERBALIFE-Mitgliedes. Um auf die offizielle HERBALIFE-Webseite zu gelangen, besuchen Sie bitte HERBALIFE.de.","breadcrumb":{"@id":"https:\/\/herba-online.shop\/fr\/produit\/high-protein-iced-coffee\/#breadcrumb"},"inLanguage":"fr-FR","potentialAction":[{"@type":"ReadAction","target":["https:\/\/herba-online.shop\/fr\/produit\/high-protein-iced-coffee\/"]}]},{"@type":"ImageObject","inLanguage":"fr-FR","@id":"https:\/\/herba-online.shop\/fr\/produit\/high-protein-iced-coffee\/#primaryimage","url":"https:\/\/herba-online.shop\/wp-content\/uploads\/2019\/11\/012K.png","contentUrl":"https:\/\/herba-online.shop\/wp-content\/uploads\/2019\/11\/012K.png","width":1000,"height":1000},{"@type":"BreadcrumbList","@id":"https:\/\/herba-online.shop\/fr\/produit\/high-protein-iced-coffee\/#breadcrumb","itemListElement":[{"@type":"ListItem","position":1,"name":"Startseite","item":"https:\/\/herba-online.shop\/fr\/"},{"@type":"ListItem","position":2,"name":"Pr\u00e9sentation du produit","item":"https:\/\/herba-online.shop\/fr\/shop\/"},{"@type":"ListItem","position":3,"name":"High Protein Iced Coffee"}]},{"@type":"WebSite","@id":"https:\/\/herba-online.shop\/#website","url":"https:\/\/herba-online.shop\/","name":"Boutique en ligne - Erich Geiger, membre ind\u00e9pendant de HERBALIFE","description":"","publisher":{"@id":"https:\/\/herba-online.shop\/#organization"},"potentialAction":[{"@type":"SearchAction","target":{"@type":"EntryPoint","urlTemplate":"https:\/\/herba-online.shop\/?s={search_term_string}"},"query-input":{"@type":"PropertyValueSpecification","valueRequired":true,"valueName":"search_term_string"}}],"inLanguage":"fr-FR"},{"@type":"Organization","@id":"https:\/\/herba-online.shop\/#organization","name":"Herba-Onlineshop Erich Geiger","url":"https:\/\/herba-online.shop\/","logo":{"@type":"ImageObject","inLanguage":"fr-FR","@id":"https:\/\/herba-online.shop\/#\/schema\/logo\/image\/","url":"https:\/\/herba-online.shop\/wp-content\/uploads\/2019\/03\/logo_08.2017_header.png","contentUrl":"https:\/\/herba-online.shop\/wp-content\/uploads\/2019\/03\/logo_08.2017_header.png","width":300,"height":76,"caption":"Herba-Onlineshop Erich Geiger"},"image":{"@id":"https:\/\/herba-online.shop\/#\/schema\/logo\/image\/"}}]}},"_links":{"self":[{"href":"https:\/\/herba-online.shop\/fr\/wp-json\/wp\/v2\/product\/11639","targetHints":{"allow":["GET"]}}],"collection":[{"href":"https:\/\/herba-online.shop\/fr\/wp-json\/wp\/v2\/product"}],"about":[{"href":"https:\/\/herba-online.shop\/fr\/wp-json\/wp\/v2\/types\/product"}],"replies":[{"embeddable":true,"href":"https:\/\/herba-online.shop\/fr\/wp-json\/wp\/v2\/comments?post=11639"}],"wp:featuredmedia":[{"embeddable":true,"href":"https:\/\/herba-online.shop\/fr\/wp-json\/wp\/v2\/media\/11306"}],"wp:attachment":[{"href":"https:\/\/herba-online.shop\/fr\/wp-json\/wp\/v2\/media?parent=11639"}],"wp:term":[{"taxonomy":"product_brand","embeddable":true,"href":"https:\/\/herba-online.shop\/fr\/wp-json\/wp\/v2\/product_brand?post=11639"},{"taxonomy":"product_cat","embeddable":true,"href":"https:\/\/herba-online.shop\/fr\/wp-json\/wp\/v2\/product_cat?post=11639"},{"taxonomy":"product_tag","embeddable":true,"href":"https:\/\/herba-online.shop\/fr\/wp-json\/wp\/v2\/product_tag?post=11639"}],"curies":[{"name":"wp","href":"https:\/\/api.w.org\/{rel}","templated":true}]}}