{"id":11832,"date":"2019-04-17T06:40:41","date_gmt":"2019-04-17T04:40:41","guid":{"rendered":"https:\/\/herba-online.shop\/?post_type=product&#038;p=11832"},"modified":"2020-11-01T13:33:05","modified_gmt":"2020-11-01T12:33:05","slug":"formula-1-boisson-nutritionnelle-550g","status":"publish","type":"product","link":"https:\/\/herba-online.shop\/fr\/produit\/formula-1-boisson-nutritionnelle-550g\/","title":{"rendered":"Formula 1 &#8211; Boisson nutritionnelle 550g"},"content":{"rendered":"<p><a href=\"https:\/\/herba-online.shop\/wp-content\/uploads\/2020\/07\/Ingr\u00e9dients-SKU4463-Ingr\u00e9dients-Boisson-Nutritionnelle-D\u00e9lice-de-fraise-550-g.pdf\">Ingr\u00e9dients SKU4463 Boisson Nutritionnelle D\u00e9lice de fraise 550 g<\/a><\/p>\n<p><a href=\"https:\/\/herba-online.shop\/wp-content\/uploads\/2020\/07\/Ingr\u00e9dients-SKU4464-Ingr\u00e9dients-Boisson-Nutritionnelle-Pomme-\u00e9pic\u00e9e-550-g.pdf\">Ingr\u00e9dients SKU4464 Boisson Nutritionnelle Pomme \u00e9pic\u00e9e 550 g<\/a><\/p>\n<p><a href=\"https:\/\/herba-online.shop\/wp-content\/uploads\/2020\/07\/Ingr\u00e9dients-SKU4465-Ingr\u00e9dients-Boisson-Nutritionnelle-Caf\u00e9-Latte-550-g.pdf\">Ingr\u00e9dients SKU4465 Boisson Nutritionnelle Caf\u00e9 Latte 550 g<\/a><\/p>\n<p><a href=\"https:\/\/herba-online.shop\/wp-content\/uploads\/2020\/07\/Ingr\u00e9dients-SKU4466-Ingr\u00e9dients-Boisson-Nutritionnelle-Vanille-Onctueuse-550-g.pdf\">Ingr\u00e9dients SKU4466 Boisson Nutritionnelle Vanille Onctueuse 550 g<\/a><\/p>\n<p><a href=\"https:\/\/herba-online.shop\/wp-content\/uploads\/2020\/07\/Ingr\u00e9dients-SKU4467-Ingr\u00e9dients-Boisson-Nutritionnelle-Cookie-Crunch-550-g.pdf\">Ingr\u00e9dients SKU4467 Boisson Nutritionnelle Cookie Crunch 550 g<\/a><\/p>\n<p><a href=\"https:\/\/herba-online.shop\/wp-content\/uploads\/2020\/07\/Ingr\u00e9dients-SKU4471-Ingr\u00e9dients-Boisson-Nutritionnelle-Duo-menthe-chocolat-550-g.pdf\">Ingr\u00e9dients SKU4471 Boisson Nutritionnelle Duo menthe-chocolat 550 g<\/a><\/p>\n<p><a href=\"https:\/\/herba-online.shop\/wp-content\/uploads\/2020\/07\/Ingr\u00e9dients-SKU4468-Boisson-Nutritionnelle-Chocolat-gourmand-550-g.pdf\">Ingr\u00e9dients SKU4468 Boisson Nutritionnelle Chocolat gourmand 550 g<\/a><\/p>\n<p><a href=\"https:\/\/herba-online.shop\/wp-content\/uploads\/2020\/07\/Ingr\u00e9dients-SKU4470-Formula-1-Boisson-nutritionnelle-Douceur-de-Fruits-rouges-550-g.pdf\">Ingr\u00e9dients SKU4470 Boisson nutritionnelle Douceur de Fruits rouges 550 g<\/a><\/p>\n<p>Aper\u00e7u du produit<br \/>\nFormula 1 offre nutrition, go\u00fbt et commodit\u00e9, le tout dans un shake. Avec un m\u00e9lange parfait de prot\u00e9ines de haute qualit\u00e9, de fibres et de vitamines et min\u00e9raux, vous n\u2019avez plus \u00e0 choisir entre repas sains ou commodit\u00e9 \u2013 le shake Formula 1 est rapide et facile \u00e0 pr\u00e9parer !<br \/>\n\u2022Apportez les nutriments dont votre corps a besoin, tout en r\u00e9pondant \u00e0 vos pr\u00e9f\u00e9rences ou \u00e0 vos exigences alimentaires. Formula 1 Nouvelle G\u00e9n\u00e9ration est \u00e9labor\u00e9e \u00e0 base d\u2019ingr\u00e9dients de source v\u00e9g\u00e9talienne, sans gluten et sans ar\u00f4mes ni colorants artificiels.<br \/>\n\u2022Riche en prot\u00e9ines, qui contribuent \u00e0 augmenter la masse musculaire, Formula 1 est un substitut de repas contenant des micro et macro-nutriments cl\u00e9s ainsi que des plantes et des herbes.<br \/>\n\u2022D\u00e9gustez Formula 1 au petit-d\u00e9jeuner, au d\u00e9jeuner ou au d\u00eener pour soutenir votre mode de vie actif et vos objectifs de contr\u00f4le du poids*.<br \/>\n\u2022Elle contient 25 vitamines et min\u00e9raux, dont la vitamine D qui contribue aufonctionnement normal du syst\u00e8me immunitaire, et la vitamine C qui contribue \u00e0 r\u00e9duire la fatigue.<br \/>\nPrincipaux Avantages<br \/>\n\u2022227 kcal par portion<br \/>\n\u202218 g de prot\u00e9ines par portion, qui contribuent \u00e0 augmenter la masse musculaire<br \/>\n\u20225 g de fibres par portion<br \/>\n\u202238% minimum de l\u2019apport quotidien recommand\u00e9 en 25 vitamines et min\u00e9raux par portion, dont le chrome, qui contribue au maintiend\u2019une glyc\u00e9mie normale<br \/>\n\u2022Ingr\u00e9dients de source v\u00e9g\u00e9talienne et sans gluten<\/p>\n<p>*Pour le contr\u00f4le de poids : le remplacement de deux des repas constituant la ration journali\u00e8re d\u2019un r\u00e9gime hypocalorique par des substituts de repas contribue \u00e0 la perte de poids. Remplacez deux repas par jour par une d\u00e9licieuse boisson Formula 1 et prenez un repas \u00e9quilibr\u00e9. Pour un soutien \u00e0 l\u2019\u00e9quilibre alimentaire et le maintien du poids : le remplacement d\u2019un des repas principaux constituant la ration journali\u00e8re d\u2019un r\u00e9gime hypocalorique par un substitut de repas contribue au maintien du poids apr\u00e8s la perte de poids. Remplacez un repas par jour par une d\u00e9licieuse boisson Formula 1 et prenez deux repas \u00e9quilibr\u00e9s. Pour atteindre vos objectifs caloriques quotidiens, vous pouvez consommer \u00e9galement des encas nutritifs.<\/p>\n<p>Notes: les valeurs nutritionnelles peuvent l\u00e9g\u00e8rement varier selon les saveurs<br \/>\nUtilisation<br \/>\nD\u00e9gustez un shake de Formula 1 chaque jour comme repas nutritif. Secouez d\u00e9licatement la bo\u00eete avant chaque utilisation car le contenu peut devenir compact.<br \/>\nPour pr\u00e9parer un d\u00e9licieux shake, m\u00e9langez deux cuill\u00e8res de poudre (26 g) avec 250 ml de lait demi-\u00e9cr\u00e9m\u00e9 froid (1,5 % de mati\u00e8res grasses) ou pour un shake sans lactose ajout\u00e9 convenant aux vegans, avec 250 ml de boisson au soja enrichie.<\/p>\n<p>Vous voulez \u00e9viter le lait ou changer simplement ? Essayez Formula 1 avec le M\u00e9lange pour boisson prot\u00e9in\u00e9e dans 250 ml d\u2019eau. Profitez de ce produit dans le cadre d\u2019un r\u00e9gime alimentaire vari\u00e9 et \u00e9quilibr\u00e9, et d\u2019un mode de vie sain et actif.<\/p>\n","protected":false},"excerpt":{"rendered":"<p><strong>Promotion valable jusqu&#8217;au 31.12.2020<\/strong><\/p>\n","protected":false},"featured_media":11893,"comment_status":"open","ping_status":"closed","template":"","meta":{"_acf_changed":false},"product_brand":[],"product_cat":[285,291,282],"product_tag":[275,274,278,279,276,266,270],"class_list":{"0":"post-11832","1":"product","2":"type-product","3":"status-publish","4":"has-post-thumbnail","6":"product_cat-controle-du-poids","7":"product_cat-presentation-du-produit","8":"product_cat-produits-basiques","9":"product_tag-biscuit","10":"product_tag-biscuit-et-creme","11":"product_tag-chocolat","12":"product_tag-chocolat-fr","13":"product_tag-creme","14":"product_tag-shake-550g-fr","15":"product_tag-vanille-fr","16":"pa_geschmack-shake-1-cafe-latte-550-g","17":"pa_geschmack-shake-1-chocolat-gourmand-550-g-sku-4468","18":"pa_geschmack-shake-1-cookie-crunch-4467","19":"pa_geschmack-shake-1-creme-de-banane-550-g-sku-4462","20":"pa_geschmack-shake-1-delice-de-fraise-550-g-sku-4463","21":"pa_geschmack-shake-1-douceur-de-fruits-rouges-550-g-sku-4470","22":"pa_geschmack-shake-1-duo-menthe-chocolat-550-g-sku-4471","23":"pa_geschmack-shake-1-framboise-chocolat-blanc-500-g-sku-4469","24":"pa_geschmack-shake-1-vanille-onctueuse-550-g-sku-4466","26":"first","27":"instock","28":"sale","29":"taxable","30":"shipping-taxable","31":"purchasable","32":"product-type-variable"},"acf":[],"yoast_head":"<!-- This site is optimized with the Yoast SEO plugin v25.6 - https:\/\/yoast.com\/wordpress\/plugins\/seo\/ -->\n<title>Formula 1 - Boisson nutritionnelle 550g - Boutique en ligne - Erich Geiger, membre ind\u00e9pendant de HERBALIFE<\/title>\n<meta name=\"description\" content=\"Dies ist die Webseite eines Selbst\u00e4ndigen HERBALIFE-Mitgliedes. Um auf die offizielle HERBALIFE-Webseite zu gelangen, besuchen Sie bitte HERBALIFE.de.\" \/>\n<meta name=\"robots\" content=\"index, follow, max-snippet:-1, max-image-preview:large, max-video-preview:-1\" \/>\n<link rel=\"canonical\" href=\"https:\/\/herba-online.shop\/fr\/produit\/formula-1-boisson-nutritionnelle-550g\/\" \/>\n<meta property=\"og:locale\" content=\"fr_FR\" \/>\n<meta property=\"og:type\" content=\"article\" \/>\n<meta property=\"og:title\" content=\"Formula 1 - Boisson nutritionnelle 550g - Boutique en ligne - Erich Geiger, membre ind\u00e9pendant de HERBALIFE\" \/>\n<meta property=\"og:description\" content=\"Dies ist die Webseite eines Selbst\u00e4ndigen HERBALIFE-Mitgliedes. Um auf die offizielle HERBALIFE-Webseite zu gelangen, besuchen Sie bitte HERBALIFE.de.\" \/>\n<meta property=\"og:url\" content=\"https:\/\/herba-online.shop\/fr\/produit\/formula-1-boisson-nutritionnelle-550g\/\" \/>\n<meta property=\"og:site_name\" content=\"Boutique en ligne - Erich Geiger, membre ind\u00e9pendant de HERBALIFE\" \/>\n<meta property=\"article:modified_time\" content=\"2020-11-01T12:33:05+00:00\" \/>\n<meta property=\"og:image\" content=\"https:\/\/herba-online.shop\/wp-content\/uploads\/2020\/07\/4466-4470-4468-4463.png\" \/>\n\t<meta property=\"og:image:width\" content=\"1000\" \/>\n\t<meta property=\"og:image:height\" content=\"1000\" \/>\n\t<meta property=\"og:image:type\" content=\"image\/png\" \/>\n<meta name=\"twitter:card\" content=\"summary_large_image\" \/>\n<meta name=\"twitter:label1\" content=\"Dur\u00e9e de lecture estim\u00e9e\" \/>\n\t<meta name=\"twitter:data1\" content=\"3 minutes\" \/>\n<script type=\"application\/ld+json\" class=\"yoast-schema-graph\">{\"@context\":\"https:\/\/schema.org\",\"@graph\":[{\"@type\":\"WebPage\",\"@id\":\"https:\/\/herba-online.shop\/fr\/produit\/formula-1-boisson-nutritionnelle-550g\/\",\"url\":\"https:\/\/herba-online.shop\/fr\/produit\/formula-1-boisson-nutritionnelle-550g\/\",\"name\":\"Formula 1 - Boisson nutritionnelle 550g - Boutique en ligne - Erich Geiger, membre ind\u00e9pendant de HERBALIFE\",\"isPartOf\":{\"@id\":\"https:\/\/herba-online.shop\/#website\"},\"primaryImageOfPage\":{\"@id\":\"https:\/\/herba-online.shop\/fr\/produit\/formula-1-boisson-nutritionnelle-550g\/#primaryimage\"},\"image\":{\"@id\":\"https:\/\/herba-online.shop\/fr\/produit\/formula-1-boisson-nutritionnelle-550g\/#primaryimage\"},\"thumbnailUrl\":\"https:\/\/herba-online.shop\/wp-content\/uploads\/2020\/07\/4466-4470-4468-4463.png\",\"datePublished\":\"2019-04-17T04:40:41+00:00\",\"dateModified\":\"2020-11-01T12:33:05+00:00\",\"description\":\"Dies ist die Webseite eines Selbst\u00e4ndigen HERBALIFE-Mitgliedes. Um auf die offizielle HERBALIFE-Webseite zu gelangen, besuchen Sie bitte HERBALIFE.de.\",\"breadcrumb\":{\"@id\":\"https:\/\/herba-online.shop\/fr\/produit\/formula-1-boisson-nutritionnelle-550g\/#breadcrumb\"},\"inLanguage\":\"fr-FR\",\"potentialAction\":[{\"@type\":\"ReadAction\",\"target\":[\"https:\/\/herba-online.shop\/fr\/produit\/formula-1-boisson-nutritionnelle-550g\/\"]}]},{\"@type\":\"ImageObject\",\"inLanguage\":\"fr-FR\",\"@id\":\"https:\/\/herba-online.shop\/fr\/produit\/formula-1-boisson-nutritionnelle-550g\/#primaryimage\",\"url\":\"https:\/\/herba-online.shop\/wp-content\/uploads\/2020\/07\/4466-4470-4468-4463.png\",\"contentUrl\":\"https:\/\/herba-online.shop\/wp-content\/uploads\/2020\/07\/4466-4470-4468-4463.png\",\"width\":1000,\"height\":1000},{\"@type\":\"BreadcrumbList\",\"@id\":\"https:\/\/herba-online.shop\/fr\/produit\/formula-1-boisson-nutritionnelle-550g\/#breadcrumb\",\"itemListElement\":[{\"@type\":\"ListItem\",\"position\":1,\"name\":\"Startseite\",\"item\":\"https:\/\/herba-online.shop\/fr\/\"},{\"@type\":\"ListItem\",\"position\":2,\"name\":\"Pr\u00e9sentation du produit\",\"item\":\"https:\/\/herba-online.shop\/fr\/shop\/\"},{\"@type\":\"ListItem\",\"position\":3,\"name\":\"Formula 1 &#8211; Boisson nutritionnelle 550g\"}]},{\"@type\":\"WebSite\",\"@id\":\"https:\/\/herba-online.shop\/#website\",\"url\":\"https:\/\/herba-online.shop\/\",\"name\":\"Boutique en ligne - Erich Geiger, membre ind\u00e9pendant de HERBALIFE\",\"description\":\"\",\"publisher\":{\"@id\":\"https:\/\/herba-online.shop\/#organization\"},\"potentialAction\":[{\"@type\":\"SearchAction\",\"target\":{\"@type\":\"EntryPoint\",\"urlTemplate\":\"https:\/\/herba-online.shop\/?s={search_term_string}\"},\"query-input\":{\"@type\":\"PropertyValueSpecification\",\"valueRequired\":true,\"valueName\":\"search_term_string\"}}],\"inLanguage\":\"fr-FR\"},{\"@type\":\"Organization\",\"@id\":\"https:\/\/herba-online.shop\/#organization\",\"name\":\"Herba-Onlineshop Erich Geiger\",\"url\":\"https:\/\/herba-online.shop\/\",\"logo\":{\"@type\":\"ImageObject\",\"inLanguage\":\"fr-FR\",\"@id\":\"https:\/\/herba-online.shop\/#\/schema\/logo\/image\/\",\"url\":\"https:\/\/herba-online.shop\/wp-content\/uploads\/2019\/03\/logo_08.2017_header.png\",\"contentUrl\":\"https:\/\/herba-online.shop\/wp-content\/uploads\/2019\/03\/logo_08.2017_header.png\",\"width\":300,\"height\":76,\"caption\":\"Herba-Onlineshop Erich Geiger\"},\"image\":{\"@id\":\"https:\/\/herba-online.shop\/#\/schema\/logo\/image\/\"}}]}<\/script>\n<!-- \/ Yoast SEO plugin. -->","yoast_head_json":{"title":"Formula 1 - Boisson nutritionnelle 550g - Boutique en ligne - Erich Geiger, membre ind\u00e9pendant de HERBALIFE","description":"Dies ist die Webseite eines Selbst\u00e4ndigen HERBALIFE-Mitgliedes. Um auf die offizielle HERBALIFE-Webseite zu gelangen, besuchen Sie bitte HERBALIFE.de.","robots":{"index":"index","follow":"follow","max-snippet":"max-snippet:-1","max-image-preview":"max-image-preview:large","max-video-preview":"max-video-preview:-1"},"canonical":"https:\/\/herba-online.shop\/fr\/produit\/formula-1-boisson-nutritionnelle-550g\/","og_locale":"fr_FR","og_type":"article","og_title":"Formula 1 - Boisson nutritionnelle 550g - Boutique en ligne - Erich Geiger, membre ind\u00e9pendant de HERBALIFE","og_description":"Dies ist die Webseite eines Selbst\u00e4ndigen HERBALIFE-Mitgliedes. Um auf die offizielle HERBALIFE-Webseite zu gelangen, besuchen Sie bitte HERBALIFE.de.","og_url":"https:\/\/herba-online.shop\/fr\/produit\/formula-1-boisson-nutritionnelle-550g\/","og_site_name":"Boutique en ligne - Erich Geiger, membre ind\u00e9pendant de HERBALIFE","article_modified_time":"2020-11-01T12:33:05+00:00","og_image":[{"width":1000,"height":1000,"url":"https:\/\/herba-online.shop\/wp-content\/uploads\/2020\/07\/4466-4470-4468-4463.png","type":"image\/png"}],"twitter_card":"summary_large_image","twitter_misc":{"Dur\u00e9e de lecture estim\u00e9e":"3 minutes"},"schema":{"@context":"https:\/\/schema.org","@graph":[{"@type":"WebPage","@id":"https:\/\/herba-online.shop\/fr\/produit\/formula-1-boisson-nutritionnelle-550g\/","url":"https:\/\/herba-online.shop\/fr\/produit\/formula-1-boisson-nutritionnelle-550g\/","name":"Formula 1 - Boisson nutritionnelle 550g - Boutique en ligne - Erich Geiger, membre ind\u00e9pendant de HERBALIFE","isPartOf":{"@id":"https:\/\/herba-online.shop\/#website"},"primaryImageOfPage":{"@id":"https:\/\/herba-online.shop\/fr\/produit\/formula-1-boisson-nutritionnelle-550g\/#primaryimage"},"image":{"@id":"https:\/\/herba-online.shop\/fr\/produit\/formula-1-boisson-nutritionnelle-550g\/#primaryimage"},"thumbnailUrl":"https:\/\/herba-online.shop\/wp-content\/uploads\/2020\/07\/4466-4470-4468-4463.png","datePublished":"2019-04-17T04:40:41+00:00","dateModified":"2020-11-01T12:33:05+00:00","description":"Dies ist die Webseite eines Selbst\u00e4ndigen HERBALIFE-Mitgliedes. Um auf die offizielle HERBALIFE-Webseite zu gelangen, besuchen Sie bitte HERBALIFE.de.","breadcrumb":{"@id":"https:\/\/herba-online.shop\/fr\/produit\/formula-1-boisson-nutritionnelle-550g\/#breadcrumb"},"inLanguage":"fr-FR","potentialAction":[{"@type":"ReadAction","target":["https:\/\/herba-online.shop\/fr\/produit\/formula-1-boisson-nutritionnelle-550g\/"]}]},{"@type":"ImageObject","inLanguage":"fr-FR","@id":"https:\/\/herba-online.shop\/fr\/produit\/formula-1-boisson-nutritionnelle-550g\/#primaryimage","url":"https:\/\/herba-online.shop\/wp-content\/uploads\/2020\/07\/4466-4470-4468-4463.png","contentUrl":"https:\/\/herba-online.shop\/wp-content\/uploads\/2020\/07\/4466-4470-4468-4463.png","width":1000,"height":1000},{"@type":"BreadcrumbList","@id":"https:\/\/herba-online.shop\/fr\/produit\/formula-1-boisson-nutritionnelle-550g\/#breadcrumb","itemListElement":[{"@type":"ListItem","position":1,"name":"Startseite","item":"https:\/\/herba-online.shop\/fr\/"},{"@type":"ListItem","position":2,"name":"Pr\u00e9sentation du produit","item":"https:\/\/herba-online.shop\/fr\/shop\/"},{"@type":"ListItem","position":3,"name":"Formula 1 &#8211; Boisson nutritionnelle 550g"}]},{"@type":"WebSite","@id":"https:\/\/herba-online.shop\/#website","url":"https:\/\/herba-online.shop\/","name":"Boutique en ligne - Erich Geiger, membre ind\u00e9pendant de HERBALIFE","description":"","publisher":{"@id":"https:\/\/herba-online.shop\/#organization"},"potentialAction":[{"@type":"SearchAction","target":{"@type":"EntryPoint","urlTemplate":"https:\/\/herba-online.shop\/?s={search_term_string}"},"query-input":{"@type":"PropertyValueSpecification","valueRequired":true,"valueName":"search_term_string"}}],"inLanguage":"fr-FR"},{"@type":"Organization","@id":"https:\/\/herba-online.shop\/#organization","name":"Herba-Onlineshop Erich Geiger","url":"https:\/\/herba-online.shop\/","logo":{"@type":"ImageObject","inLanguage":"fr-FR","@id":"https:\/\/herba-online.shop\/#\/schema\/logo\/image\/","url":"https:\/\/herba-online.shop\/wp-content\/uploads\/2019\/03\/logo_08.2017_header.png","contentUrl":"https:\/\/herba-online.shop\/wp-content\/uploads\/2019\/03\/logo_08.2017_header.png","width":300,"height":76,"caption":"Herba-Onlineshop Erich Geiger"},"image":{"@id":"https:\/\/herba-online.shop\/#\/schema\/logo\/image\/"}}]}},"_links":{"self":[{"href":"https:\/\/herba-online.shop\/fr\/wp-json\/wp\/v2\/product\/11832","targetHints":{"allow":["GET"]}}],"collection":[{"href":"https:\/\/herba-online.shop\/fr\/wp-json\/wp\/v2\/product"}],"about":[{"href":"https:\/\/herba-online.shop\/fr\/wp-json\/wp\/v2\/types\/product"}],"replies":[{"embeddable":true,"href":"https:\/\/herba-online.shop\/fr\/wp-json\/wp\/v2\/comments?post=11832"}],"wp:featuredmedia":[{"embeddable":true,"href":"https:\/\/herba-online.shop\/fr\/wp-json\/wp\/v2\/media\/11893"}],"wp:attachment":[{"href":"https:\/\/herba-online.shop\/fr\/wp-json\/wp\/v2\/media?parent=11832"}],"wp:term":[{"taxonomy":"product_brand","embeddable":true,"href":"https:\/\/herba-online.shop\/fr\/wp-json\/wp\/v2\/product_brand?post=11832"},{"taxonomy":"product_cat","embeddable":true,"href":"https:\/\/herba-online.shop\/fr\/wp-json\/wp\/v2\/product_cat?post=11832"},{"taxonomy":"product_tag","embeddable":true,"href":"https:\/\/herba-online.shop\/fr\/wp-json\/wp\/v2\/product_tag?post=11832"}],"curies":[{"name":"wp","href":"https:\/\/api.w.org\/{rel}","templated":true}]}}