{"id":11916,"date":"2017-06-02T11:53:29","date_gmt":"2020-07-09T05:19:28","guid":{"rendered":"https:\/\/herba-online.shop\/?post_type=product&#038;p=11916"},"modified":"2020-07-09T07:26:01","modified_gmt":"2020-07-09T05:26:01","slug":"formula-2-complexe-vitamines-et-mineraux-femme-homme-60-comprimes-84-3-g","status":"publish","type":"product","link":"https:\/\/herba-online.shop\/fr\/produit\/formula-2-complexe-vitamines-et-mineraux-femme-homme-60-comprimes-84-3-g\/","title":{"rendered":"Formula 2 Complexe vitamines et min\u00e9raux femme\/homme 60 comprim\u00e9s &#8211; 84.3 g"},"content":{"rendered":"<p><a href=\"https:\/\/herba-online.shop\/wp-content\/uploads\/2020\/07\/Ingr\u00e9dients-SKU2038-Formula-2-Complexe-vitamines-et-min\u00e9raux-femme-60-comprim\u00e9s-84.3-g.pdf\">Ingr\u00e9dients SKU2038 Formula 2 Complexe vitamines et min\u00e9raux femme 60 comprim\u00e9s &#8211; 84.3 g<\/a><\/p>\n<p>Aper\u00e7u du produit<br \/>\nAper\u00e7u g\u00e9n\u00e9ral:<br \/>\n<strong>Voici Formula 2 &#8211; Complexe vitamines &amp; min\u00e9raux femme<\/strong>, qui fournit 24 nutriments pour apporter \u00e0 votre corps ce dont il a besoin. Il contient une quantit\u00e9 ad\u00e9quate de vitamines et min\u00e9raux essentiels pour cibler les besoins sp\u00e9cifiques des femmes au quotidien.<br \/>\nPrincipaux Avantages<br \/>\nApports essentiels:<\/p>\n<p>\u2022 Adapt\u00e9 aux besoins sp\u00e9cifiques des femmes<br \/>\n\u2022 Apporte la quantit\u00e9 optimale des 24 nutriments cl\u00e9s dont votre corps \u00e0 besoin<br \/>\n\u2022 Fait l\u2019objet de 71 all\u00e9gations individuelles autoris\u00e9es en EU<br \/>\n\u2022 D\u00e9velopp\u00e9 par des experts en nutrition et soutenus par la science<br \/>\n\u2022 D\u00e9velopp\u00e9 pour \u00eatre associ\u00e9 au Shake de Formula 1<br \/>\n\u2022 Contient de la vitamine B6 qui contribue \u00e0 r\u00e9guler l\u2019activit\u00e9 hormonale.<br \/>\n\u2022 Contient de la vitamine B12 qui contribue \u00e0 un m\u00e9tabolisme \u00e9nerg\u00e9tique normal.<br \/>\n\u2022 Contient du calcium qui est n\u00e9cessaire au maintien d\u2019une ossature normale.<br \/>\n\u2022 Contient du zinc qui contribue au maintien d\u2019une peau, de cheveux et d\u2019ongles normaux.<br \/>\nEn bref<br \/>\nLe saviez-vous ?<\/p>\n<p>Pourquoi est-il int\u00e9ressant de prendre r\u00e9guli\u00e8rement un compl\u00e9ment alimentaire multivitamin\u00e9 ?<br \/>\nLes micronutriments jouent un r\u00f4le crucial dans la r\u00e9gulation des proc\u00e9d\u00e9s de l\u2019organisme qui peuvent affecter notre forme et nos performances.<br \/>\nDe nombreuses personnes n\u2019atteignent pas les apports recommand\u00e9s. Un compl\u00e9ment alimentaire multivitamin\u00e9 peut aider \u00e0 atteindre les recommandations en micronutriments.*<br \/>\n[*Source : Troesch et al., 2012]\n<p>Pourquoi est-il int\u00e9ressant de prendre r\u00e9guli\u00e8rement des compl\u00e9ments adapt\u00e9s selon que vous \u00eates un homme ou une femme ?<br \/>\nLes diff\u00e9rences entre les hommes et les femmes en mati\u00e8re de taille, de m\u00e9tabolisme et de physiologie font que leurs besoins en vitamines et min\u00e9raux ne sont pas les m\u00eames.<br \/>\nSelon le pays, par exemple, jusqu\u2019\u00e0 4 hommes sur 10 ne consomment pas suffisamment de vitamine A et ils en ont plus besoin que les femmes. [Source : Mensink et al., 2013; EFSA, 2015]\n<p>*\u00c0 consommer dans le cadre d\u2019une alimentation vari\u00e9e et \u00e9quilibr\u00e9e associ\u00e9e \u00e0 un style de vie sain.<\/p>\n<p><a href=\"https:\/\/herba-online.shop\/wp-content\/uploads\/2020\/07\/Ingr\u00e9dients-SKU1745-Formula-2-Complexe-vitamines-et-min\u00e9raux-homme-60-comprim\u00e9s-84.3-g.pdf\">Ingr\u00e9dients SKU1745 Formula 2 Complexe vitamines et min\u00e9raux homme 60 comprim\u00e9s &#8211; 84.3 g<\/a><\/p>\n<p>Aper\u00e7u du produit<br \/>\nAper\u00e7u g\u00e9n\u00e9ral:<br \/>\n<strong>Voici Formula 2 &#8211; Complexe vitamines &amp; min\u00e9raux homme<\/strong>, qui fournit 24 nutriments pour apporter \u00e0 votre corps ce dont il a besoin. Il contient une quantit\u00e9 ad\u00e9quate de vitamines et min\u00e9raux essentiels pour cibler les besoins sp\u00e9cifiques des hommes au quotidien.<br \/>\nPrincipaux Avantages<br \/>\nApports essentiels:<br \/>\n\u2022 Adapt\u00e9 aux besoins sp\u00e9cifiques des hommes.<br \/>\n\u2022 Apporte la quantit\u00e9 significative en vitamines et en nutriments cl\u00e9s dont votre corps \u00e0 besoin.<br \/>\n\u2022 Fait l\u2019objet de 71 all\u00e9gations individuelles autoris\u00e9es en EU.<br \/>\n\u2022 D\u00e9velopp\u00e9 par des experts en nutrition et soutenus par la science.<br \/>\n\u2022 D\u00e9velopp\u00e9 pour \u00eatre associ\u00e9 au Shake de Formula 1 Herbalife<br \/>\n\u2022 Contient des vitamines A et C, qui contribuent au fonctionnement normal du syst\u00e8me immunitaire.<br \/>\n\u2022 Comprend du magn\u00e9sium qui contribue \u00e0 la fonction musculaire normale.<br \/>\n\u2022 Contient de la riboflavine qui contribue \u00e0 un m\u00e9tabolisme \u00e9nerg\u00e9tique normal.<br \/>\n\u2022 Contient de l\u2019acide pantoth\u00e9nique (la vitamine B5) qui contribue \u00e0 des performances intellectuelles normales.<br \/>\nEn bref<br \/>\nLe saviez-vous ?<\/p>\n<p>Pourquoi est-il int\u00e9ressant de prendre r\u00e9guli\u00e8rement un compl\u00e9ment alimentaire multivitamin\u00e9 ?<\/p>\n<p>Les micronutriments jouent un r\u00f4le crucial dans le fonctionnement normal de l\u2019organisme qui peut affecter notre forme et nos performances.<br \/>\nDe nombreuses personnes n\u2019atteignent pas les apports recommand\u00e9s. Un compl\u00e9ment alimentaire multivitamin\u00e9 peut aider \u00e0 atteindre les recommandations en micronutriments.*<br \/>\n[*Source : Troesch et al., 2012]\n<p>Pourquoi est-il int\u00e9ressant de prendre r\u00e9guli\u00e8rement des compl\u00e9ments adapt\u00e9s selon que vous \u00eates un homme ou une femme ?<\/p>\n<p>Les diff\u00e9rences entre les hommes et les femmes en mati\u00e8re de taille, de m\u00e9tabolisme et de physiologie font que leurs besoins en vitamines et min\u00e9raux ne sont pas les m\u00eames.<\/p>\n<p>Selon le pays, par exemple, jusqu\u2019\u00e0 4 hommes sur 10 ne consomment pas suffisamment de vitamine A et ils en ont plus besoin que les femmes.<br \/>\n[Source : Mensink et al., 2013; EFSA, 2015]\n<p>*\u00c0 consommer dans le cadre d&#8217;une alimentation vari\u00e9e et \u00e9quilibr\u00e9e et d&#8217;un mode de vie sain.<\/p>\n","protected":false},"excerpt":{"rendered":"<p>Ingr\u00e9dients SKU2038 Formula 2 Complexe vitamines et min\u00e9raux femme 60 comprim\u00e9s &#8211; 84.3 g Aper\u00e7u du produit Aper\u00e7u g\u00e9n\u00e9ral: Voici Formula 2<\/p>\n","protected":false},"featured_media":11913,"comment_status":"open","ping_status":"closed","template":"","meta":{"_acf_changed":false},"product_brand":[],"product_cat":[290,291,282],"product_tag":[254,257,272],"class_list":{"0":"post-11916","1":"product","2":"type-product","3":"status-publish","4":"has-post-thumbnail","6":"product_cat-complement-alimentaire","7":"product_cat-presentation-du-produit","8":"product_cat-produits-basiques","9":"product_tag-complexe","10":"product_tag-mineraux","11":"product_tag-vitamin-fr","12":"pa_vitamin-mineral-komplex-pour-lhomme","13":"pa_vitamin-mineral-komplex-pour-la-femme","15":"first","16":"instock","17":"taxable","18":"shipping-taxable","19":"purchasable","20":"product-type-variable"},"acf":[],"yoast_head":"<!-- This site is optimized with the Yoast SEO plugin v25.6 - https:\/\/yoast.com\/wordpress\/plugins\/seo\/ -->\n<title>Formula 2 Complexe vitamines et min\u00e9raux femme\/homme 60 comprim\u00e9s - 84.3 g - Boutique en ligne - Erich Geiger, membre ind\u00e9pendant de HERBALIFE<\/title>\n<meta name=\"description\" content=\"Dies ist die Webseite eines Selbst\u00e4ndigen HERBALIFE-Mitgliedes. Um auf die offizielle HERBALIFE-Webseite zu gelangen, besuchen Sie bitte HERBALIFE.de.\" \/>\n<meta name=\"robots\" content=\"index, follow, max-snippet:-1, max-image-preview:large, max-video-preview:-1\" \/>\n<link rel=\"canonical\" href=\"https:\/\/herba-online.shop\/fr\/produit\/formula-2-complexe-vitamines-et-mineraux-femme-homme-60-comprimes-84-3-g\/\" \/>\n<meta property=\"og:locale\" content=\"fr_FR\" \/>\n<meta property=\"og:type\" content=\"article\" \/>\n<meta property=\"og:title\" content=\"Formula 2 Complexe vitamines et min\u00e9raux femme\/homme 60 comprim\u00e9s - 84.3 g - Boutique en ligne - Erich Geiger, membre ind\u00e9pendant de HERBALIFE\" \/>\n<meta property=\"og:description\" content=\"Dies ist die Webseite eines Selbst\u00e4ndigen HERBALIFE-Mitgliedes. Um auf die offizielle HERBALIFE-Webseite zu gelangen, besuchen Sie bitte HERBALIFE.de.\" \/>\n<meta property=\"og:url\" content=\"https:\/\/herba-online.shop\/fr\/produit\/formula-2-complexe-vitamines-et-mineraux-femme-homme-60-comprimes-84-3-g\/\" \/>\n<meta property=\"og:site_name\" content=\"Boutique en ligne - Erich Geiger, membre ind\u00e9pendant de HERBALIFE\" \/>\n<meta property=\"article:modified_time\" content=\"2020-07-09T05:26:01+00:00\" \/>\n<meta property=\"og:image\" content=\"https:\/\/herba-online.shop\/wp-content\/uploads\/2020\/07\/FR2038-1745.png\" \/>\n\t<meta property=\"og:image:width\" content=\"1000\" \/>\n\t<meta property=\"og:image:height\" content=\"1000\" \/>\n\t<meta property=\"og:image:type\" content=\"image\/png\" \/>\n<meta name=\"twitter:card\" content=\"summary_large_image\" \/>\n<meta name=\"twitter:label1\" content=\"Dur\u00e9e de lecture estim\u00e9e\" \/>\n\t<meta name=\"twitter:data1\" content=\"3 minutes\" \/>\n<script type=\"application\/ld+json\" class=\"yoast-schema-graph\">{\"@context\":\"https:\/\/schema.org\",\"@graph\":[{\"@type\":\"WebPage\",\"@id\":\"https:\/\/herba-online.shop\/fr\/produit\/formula-2-complexe-vitamines-et-mineraux-femme-homme-60-comprimes-84-3-g\/\",\"url\":\"https:\/\/herba-online.shop\/fr\/produit\/formula-2-complexe-vitamines-et-mineraux-femme-homme-60-comprimes-84-3-g\/\",\"name\":\"Formula 2 Complexe vitamines et min\u00e9raux femme\/homme 60 comprim\u00e9s - 84.3 g - Boutique en ligne - Erich Geiger, membre ind\u00e9pendant de HERBALIFE\",\"isPartOf\":{\"@id\":\"https:\/\/herba-online.shop\/#website\"},\"primaryImageOfPage\":{\"@id\":\"https:\/\/herba-online.shop\/fr\/produit\/formula-2-complexe-vitamines-et-mineraux-femme-homme-60-comprimes-84-3-g\/#primaryimage\"},\"image\":{\"@id\":\"https:\/\/herba-online.shop\/fr\/produit\/formula-2-complexe-vitamines-et-mineraux-femme-homme-60-comprimes-84-3-g\/#primaryimage\"},\"thumbnailUrl\":\"https:\/\/herba-online.shop\/wp-content\/uploads\/2020\/07\/FR2038-1745.png\",\"datePublished\":\"2020-07-09T05:19:28+00:00\",\"dateModified\":\"2020-07-09T05:26:01+00:00\",\"description\":\"Dies ist die Webseite eines Selbst\u00e4ndigen HERBALIFE-Mitgliedes. Um auf die offizielle HERBALIFE-Webseite zu gelangen, besuchen Sie bitte HERBALIFE.de.\",\"breadcrumb\":{\"@id\":\"https:\/\/herba-online.shop\/fr\/produit\/formula-2-complexe-vitamines-et-mineraux-femme-homme-60-comprimes-84-3-g\/#breadcrumb\"},\"inLanguage\":\"fr-FR\",\"potentialAction\":[{\"@type\":\"ReadAction\",\"target\":[\"https:\/\/herba-online.shop\/fr\/produit\/formula-2-complexe-vitamines-et-mineraux-femme-homme-60-comprimes-84-3-g\/\"]}]},{\"@type\":\"ImageObject\",\"inLanguage\":\"fr-FR\",\"@id\":\"https:\/\/herba-online.shop\/fr\/produit\/formula-2-complexe-vitamines-et-mineraux-femme-homme-60-comprimes-84-3-g\/#primaryimage\",\"url\":\"https:\/\/herba-online.shop\/wp-content\/uploads\/2020\/07\/FR2038-1745.png\",\"contentUrl\":\"https:\/\/herba-online.shop\/wp-content\/uploads\/2020\/07\/FR2038-1745.png\",\"width\":1000,\"height\":1000},{\"@type\":\"BreadcrumbList\",\"@id\":\"https:\/\/herba-online.shop\/fr\/produit\/formula-2-complexe-vitamines-et-mineraux-femme-homme-60-comprimes-84-3-g\/#breadcrumb\",\"itemListElement\":[{\"@type\":\"ListItem\",\"position\":1,\"name\":\"Startseite\",\"item\":\"https:\/\/herba-online.shop\/fr\/\"},{\"@type\":\"ListItem\",\"position\":2,\"name\":\"Pr\u00e9sentation du produit\",\"item\":\"https:\/\/herba-online.shop\/fr\/shop\/\"},{\"@type\":\"ListItem\",\"position\":3,\"name\":\"Formula 2 Complexe vitamines et min\u00e9raux femme\/homme 60 comprim\u00e9s &#8211; 84.3 g\"}]},{\"@type\":\"WebSite\",\"@id\":\"https:\/\/herba-online.shop\/#website\",\"url\":\"https:\/\/herba-online.shop\/\",\"name\":\"Boutique en ligne - Erich Geiger, membre ind\u00e9pendant de HERBALIFE\",\"description\":\"\",\"publisher\":{\"@id\":\"https:\/\/herba-online.shop\/#organization\"},\"potentialAction\":[{\"@type\":\"SearchAction\",\"target\":{\"@type\":\"EntryPoint\",\"urlTemplate\":\"https:\/\/herba-online.shop\/?s={search_term_string}\"},\"query-input\":{\"@type\":\"PropertyValueSpecification\",\"valueRequired\":true,\"valueName\":\"search_term_string\"}}],\"inLanguage\":\"fr-FR\"},{\"@type\":\"Organization\",\"@id\":\"https:\/\/herba-online.shop\/#organization\",\"name\":\"Herba-Onlineshop Erich Geiger\",\"url\":\"https:\/\/herba-online.shop\/\",\"logo\":{\"@type\":\"ImageObject\",\"inLanguage\":\"fr-FR\",\"@id\":\"https:\/\/herba-online.shop\/#\/schema\/logo\/image\/\",\"url\":\"https:\/\/herba-online.shop\/wp-content\/uploads\/2019\/03\/logo_08.2017_header.png\",\"contentUrl\":\"https:\/\/herba-online.shop\/wp-content\/uploads\/2019\/03\/logo_08.2017_header.png\",\"width\":300,\"height\":76,\"caption\":\"Herba-Onlineshop Erich Geiger\"},\"image\":{\"@id\":\"https:\/\/herba-online.shop\/#\/schema\/logo\/image\/\"}}]}<\/script>\n<!-- \/ Yoast SEO plugin. -->","yoast_head_json":{"title":"Formula 2 Complexe vitamines et min\u00e9raux femme\/homme 60 comprim\u00e9s - 84.3 g - Boutique en ligne - Erich Geiger, membre ind\u00e9pendant de HERBALIFE","description":"Dies ist die Webseite eines Selbst\u00e4ndigen HERBALIFE-Mitgliedes. Um auf die offizielle HERBALIFE-Webseite zu gelangen, besuchen Sie bitte HERBALIFE.de.","robots":{"index":"index","follow":"follow","max-snippet":"max-snippet:-1","max-image-preview":"max-image-preview:large","max-video-preview":"max-video-preview:-1"},"canonical":"https:\/\/herba-online.shop\/fr\/produit\/formula-2-complexe-vitamines-et-mineraux-femme-homme-60-comprimes-84-3-g\/","og_locale":"fr_FR","og_type":"article","og_title":"Formula 2 Complexe vitamines et min\u00e9raux femme\/homme 60 comprim\u00e9s - 84.3 g - Boutique en ligne - Erich Geiger, membre ind\u00e9pendant de HERBALIFE","og_description":"Dies ist die Webseite eines Selbst\u00e4ndigen HERBALIFE-Mitgliedes. Um auf die offizielle HERBALIFE-Webseite zu gelangen, besuchen Sie bitte HERBALIFE.de.","og_url":"https:\/\/herba-online.shop\/fr\/produit\/formula-2-complexe-vitamines-et-mineraux-femme-homme-60-comprimes-84-3-g\/","og_site_name":"Boutique en ligne - Erich Geiger, membre ind\u00e9pendant de HERBALIFE","article_modified_time":"2020-07-09T05:26:01+00:00","og_image":[{"width":1000,"height":1000,"url":"https:\/\/herba-online.shop\/wp-content\/uploads\/2020\/07\/FR2038-1745.png","type":"image\/png"}],"twitter_card":"summary_large_image","twitter_misc":{"Dur\u00e9e de lecture estim\u00e9e":"3 minutes"},"schema":{"@context":"https:\/\/schema.org","@graph":[{"@type":"WebPage","@id":"https:\/\/herba-online.shop\/fr\/produit\/formula-2-complexe-vitamines-et-mineraux-femme-homme-60-comprimes-84-3-g\/","url":"https:\/\/herba-online.shop\/fr\/produit\/formula-2-complexe-vitamines-et-mineraux-femme-homme-60-comprimes-84-3-g\/","name":"Formula 2 Complexe vitamines et min\u00e9raux femme\/homme 60 comprim\u00e9s - 84.3 g - Boutique en ligne - Erich Geiger, membre ind\u00e9pendant de HERBALIFE","isPartOf":{"@id":"https:\/\/herba-online.shop\/#website"},"primaryImageOfPage":{"@id":"https:\/\/herba-online.shop\/fr\/produit\/formula-2-complexe-vitamines-et-mineraux-femme-homme-60-comprimes-84-3-g\/#primaryimage"},"image":{"@id":"https:\/\/herba-online.shop\/fr\/produit\/formula-2-complexe-vitamines-et-mineraux-femme-homme-60-comprimes-84-3-g\/#primaryimage"},"thumbnailUrl":"https:\/\/herba-online.shop\/wp-content\/uploads\/2020\/07\/FR2038-1745.png","datePublished":"2020-07-09T05:19:28+00:00","dateModified":"2020-07-09T05:26:01+00:00","description":"Dies ist die Webseite eines Selbst\u00e4ndigen HERBALIFE-Mitgliedes. Um auf die offizielle HERBALIFE-Webseite zu gelangen, besuchen Sie bitte HERBALIFE.de.","breadcrumb":{"@id":"https:\/\/herba-online.shop\/fr\/produit\/formula-2-complexe-vitamines-et-mineraux-femme-homme-60-comprimes-84-3-g\/#breadcrumb"},"inLanguage":"fr-FR","potentialAction":[{"@type":"ReadAction","target":["https:\/\/herba-online.shop\/fr\/produit\/formula-2-complexe-vitamines-et-mineraux-femme-homme-60-comprimes-84-3-g\/"]}]},{"@type":"ImageObject","inLanguage":"fr-FR","@id":"https:\/\/herba-online.shop\/fr\/produit\/formula-2-complexe-vitamines-et-mineraux-femme-homme-60-comprimes-84-3-g\/#primaryimage","url":"https:\/\/herba-online.shop\/wp-content\/uploads\/2020\/07\/FR2038-1745.png","contentUrl":"https:\/\/herba-online.shop\/wp-content\/uploads\/2020\/07\/FR2038-1745.png","width":1000,"height":1000},{"@type":"BreadcrumbList","@id":"https:\/\/herba-online.shop\/fr\/produit\/formula-2-complexe-vitamines-et-mineraux-femme-homme-60-comprimes-84-3-g\/#breadcrumb","itemListElement":[{"@type":"ListItem","position":1,"name":"Startseite","item":"https:\/\/herba-online.shop\/fr\/"},{"@type":"ListItem","position":2,"name":"Pr\u00e9sentation du produit","item":"https:\/\/herba-online.shop\/fr\/shop\/"},{"@type":"ListItem","position":3,"name":"Formula 2 Complexe vitamines et min\u00e9raux femme\/homme 60 comprim\u00e9s &#8211; 84.3 g"}]},{"@type":"WebSite","@id":"https:\/\/herba-online.shop\/#website","url":"https:\/\/herba-online.shop\/","name":"Boutique en ligne - Erich Geiger, membre ind\u00e9pendant de HERBALIFE","description":"","publisher":{"@id":"https:\/\/herba-online.shop\/#organization"},"potentialAction":[{"@type":"SearchAction","target":{"@type":"EntryPoint","urlTemplate":"https:\/\/herba-online.shop\/?s={search_term_string}"},"query-input":{"@type":"PropertyValueSpecification","valueRequired":true,"valueName":"search_term_string"}}],"inLanguage":"fr-FR"},{"@type":"Organization","@id":"https:\/\/herba-online.shop\/#organization","name":"Herba-Onlineshop Erich Geiger","url":"https:\/\/herba-online.shop\/","logo":{"@type":"ImageObject","inLanguage":"fr-FR","@id":"https:\/\/herba-online.shop\/#\/schema\/logo\/image\/","url":"https:\/\/herba-online.shop\/wp-content\/uploads\/2019\/03\/logo_08.2017_header.png","contentUrl":"https:\/\/herba-online.shop\/wp-content\/uploads\/2019\/03\/logo_08.2017_header.png","width":300,"height":76,"caption":"Herba-Onlineshop Erich Geiger"},"image":{"@id":"https:\/\/herba-online.shop\/#\/schema\/logo\/image\/"}}]}},"_links":{"self":[{"href":"https:\/\/herba-online.shop\/fr\/wp-json\/wp\/v2\/product\/11916","targetHints":{"allow":["GET"]}}],"collection":[{"href":"https:\/\/herba-online.shop\/fr\/wp-json\/wp\/v2\/product"}],"about":[{"href":"https:\/\/herba-online.shop\/fr\/wp-json\/wp\/v2\/types\/product"}],"replies":[{"embeddable":true,"href":"https:\/\/herba-online.shop\/fr\/wp-json\/wp\/v2\/comments?post=11916"}],"wp:featuredmedia":[{"embeddable":true,"href":"https:\/\/herba-online.shop\/fr\/wp-json\/wp\/v2\/media\/11913"}],"wp:attachment":[{"href":"https:\/\/herba-online.shop\/fr\/wp-json\/wp\/v2\/media?parent=11916"}],"wp:term":[{"taxonomy":"product_brand","embeddable":true,"href":"https:\/\/herba-online.shop\/fr\/wp-json\/wp\/v2\/product_brand?post=11916"},{"taxonomy":"product_cat","embeddable":true,"href":"https:\/\/herba-online.shop\/fr\/wp-json\/wp\/v2\/product_cat?post=11916"},{"taxonomy":"product_tag","embeddable":true,"href":"https:\/\/herba-online.shop\/fr\/wp-json\/wp\/v2\/product_tag?post=11916"}],"curies":[{"name":"wp","href":"https:\/\/api.w.org\/{rel}","templated":true}]}}