{"id":11956,"date":"2016-01-16T00:00:00","date_gmt":"2020-07-09T08:24:11","guid":{"rendered":"https:\/\/herba-online.shop\/?post_type=product&#038;p=11956"},"modified":"2020-07-09T10:27:31","modified_gmt":"2020-07-09T08:27:31","slug":"herbalife24-cr7-drive-sachets-baies-dacai-10-sachets-de-27-g","status":"publish","type":"product","link":"https:\/\/herba-online.shop\/fr\/produit\/herbalife24-cr7-drive-sachets-baies-dacai-10-sachets-de-27-g\/","title":{"rendered":"Herbalife24 &#8211; CR7 Drive sachets Baies d&#8217;a\u00e7ai 10 sachets de 27 g"},"content":{"rendered":"<p><a href=\"https:\/\/herba-online.shop\/wp-content\/uploads\/2020\/07\/Ingr\u00e9dients-SKU1467-Herbalife24-CR7-Drive-sachets-Baies-da\u00e7ai-10-sachets-de-27-g.pdf\">Ingr\u00e9dients SKU1467 Herbalife24 &#8211; CR7 Drive sachets Baies d&#8217;a\u00e7ai 10 sachets de 27 g<\/a><\/p>\n<p>Aper\u00e7u du produit<br \/>\nCR7 Drive est une boisson hypotonique pour l&#8217;hydratation avanc\u00e9e et la performance*.<br \/>\nA prendre id\u00e9alement pendant l&#8217;exercice physique ou toute activit\u00e9 sportive.<br \/>\nCR7 Drive est une formule glucidique et \u00e9lectrolytique qui am\u00e9liore l\u2019absorption de l\u2019eau durant l\u2019exercice physique et contribue au maintien d\u2019une performance d\u2019endurance* que ce soit pendant un match de football intense ou une s\u00e9ance sur tapis de course.<br \/>\nPrincipaux Avantages<br \/>\n\u2022 D\u00e9velopp\u00e9e en collaboration avec Cristiano Ronaldo, star internationale du football.<br \/>\n\u2022 Boisson glucidique et \u00e9lectrolytique d\u00e9licieuse et rafra\u00eechissante, \u00e0 consommer pendant l&#8217;exercice.<br \/>\n\u2022 Formule glucidique et \u00e9lectrolytique qui aide \u00e0 maintenir une performance d&#8217;endurance.*<br \/>\n\u2022 Am\u00e9liore \u00e9galement l&#8217;absorption de l&#8217;eau durant l&#8217;exercice physique.**<br \/>\n\u2022 Moins de 100kcal par portion pour contr\u00f4ler l&#8217;apport en calories.<\/p>\n<p>*Les solutions glucidiques et \u00e9lectrolytiques contribuent \u00e0 maintenir une performance d\u2019endurance au cours des entra\u00eenements prolong\u00e9s.<br \/>\n**Les solutions glucidiques et \u00e9lectrolytiques am\u00e9liorent l\u2019absorption de l\u2019eau durant l\u2019effort physique.<br \/>\nEn bref<br \/>\n\u2022 D\u00e9velopp\u00e9e en collaboration avec Cristiano Ronaldo, star internationale du football.<br \/>\n\u2022 Chaque portion contient moins de 100 kcal.<br \/>\n\u2022 CR7 Drive est facile \u00e0 pr\u00e9parer et agr\u00e9able \u00e0 boire, avec une saveur subtile de baies d&#8217;a\u00e7ai.<br \/>\n\u2022 CR7 Drive est une boisson glucidique et \u00e9lectrolytique pour le maintien d\u2019une performance d\u2019endurance pendant un exercice prolong\u00e9.<br \/>\n\u2022 CR7 Drive contient de la vitamine B12 qui contribue \u00e0 un m\u00e9tabolisme \u00e9nerg\u00e9tique normal et au fonctionnement normal du syst\u00e8me immunitaire.<\/p>\n","protected":false},"excerpt":{"rendered":"<p>Ingr\u00e9dients SKU1467 Herbalife24 &#8211; CR7 Drive sachets Baies d&#8217;a\u00e7ai 10 sachets de 27 g Aper\u00e7u du produit CR7 Drive est une boisson<\/p>\n","protected":false},"featured_media":11953,"comment_status":"open","ping_status":"closed","template":"","meta":{"_acf_changed":false},"product_brand":[],"product_cat":[294,291,293],"product_tag":[601,613,625,704],"class_list":{"0":"post-11956","1":"product","2":"type-product","3":"status-publish","4":"has-post-thumbnail","6":"product_cat-herbalife-24-fr","7":"product_cat-presentation-du-produit","8":"product_cat-sport-fitness-fr","9":"product_tag-acai-fr","10":"product_tag-baie","11":"product_tag-cr7-fr","12":"product_tag-drive-fr","14":"first","15":"instock","16":"sale","17":"taxable","18":"shipping-taxable","19":"purchasable","20":"product-type-simple"},"acf":[],"yoast_head":"<!-- This site is optimized with the Yoast SEO plugin v25.6 - https:\/\/yoast.com\/wordpress\/plugins\/seo\/ -->\n<title>Herbalife24 - CR7 Drive sachets Baies d&#039;a\u00e7ai 10 sachets de 27 g - Boutique en ligne - Erich Geiger, membre ind\u00e9pendant de HERBALIFE<\/title>\n<meta name=\"description\" content=\"Dies ist die Webseite eines Selbst\u00e4ndigen HERBALIFE-Mitgliedes. Um auf die offizielle HERBALIFE-Webseite zu gelangen, besuchen Sie bitte HERBALIFE.de.\" \/>\n<meta name=\"robots\" content=\"index, follow, max-snippet:-1, max-image-preview:large, max-video-preview:-1\" \/>\n<link rel=\"canonical\" href=\"https:\/\/herba-online.shop\/fr\/produit\/herbalife24-cr7-drive-sachets-baies-dacai-10-sachets-de-27-g\/\" \/>\n<meta property=\"og:locale\" content=\"fr_FR\" \/>\n<meta property=\"og:type\" content=\"article\" \/>\n<meta property=\"og:title\" content=\"Herbalife24 - CR7 Drive sachets Baies d&#039;a\u00e7ai 10 sachets de 27 g - Boutique en ligne - Erich Geiger, membre ind\u00e9pendant de HERBALIFE\" \/>\n<meta property=\"og:description\" content=\"Dies ist die Webseite eines Selbst\u00e4ndigen HERBALIFE-Mitgliedes. Um auf die offizielle HERBALIFE-Webseite zu gelangen, besuchen Sie bitte HERBALIFE.de.\" \/>\n<meta property=\"og:url\" content=\"https:\/\/herba-online.shop\/fr\/produit\/herbalife24-cr7-drive-sachets-baies-dacai-10-sachets-de-27-g\/\" \/>\n<meta property=\"og:site_name\" content=\"Boutique en ligne - Erich Geiger, membre ind\u00e9pendant de HERBALIFE\" \/>\n<meta property=\"article:modified_time\" content=\"2020-07-09T08:27:31+00:00\" \/>\n<meta property=\"og:image\" content=\"https:\/\/herba-online.shop\/wp-content\/uploads\/2020\/07\/FR1467.png\" \/>\n\t<meta property=\"og:image:width\" content=\"1000\" \/>\n\t<meta property=\"og:image:height\" content=\"1000\" \/>\n\t<meta property=\"og:image:type\" content=\"image\/png\" \/>\n<meta name=\"twitter:card\" content=\"summary_large_image\" \/>\n<meta name=\"twitter:label1\" content=\"Dur\u00e9e de lecture estim\u00e9e\" \/>\n\t<meta name=\"twitter:data1\" content=\"1 minute\" \/>\n<script type=\"application\/ld+json\" class=\"yoast-schema-graph\">{\"@context\":\"https:\/\/schema.org\",\"@graph\":[{\"@type\":\"WebPage\",\"@id\":\"https:\/\/herba-online.shop\/fr\/produit\/herbalife24-cr7-drive-sachets-baies-dacai-10-sachets-de-27-g\/\",\"url\":\"https:\/\/herba-online.shop\/fr\/produit\/herbalife24-cr7-drive-sachets-baies-dacai-10-sachets-de-27-g\/\",\"name\":\"Herbalife24 - CR7 Drive sachets Baies d'a\u00e7ai 10 sachets de 27 g - Boutique en ligne - Erich Geiger, membre ind\u00e9pendant de HERBALIFE\",\"isPartOf\":{\"@id\":\"https:\/\/herba-online.shop\/#website\"},\"primaryImageOfPage\":{\"@id\":\"https:\/\/herba-online.shop\/fr\/produit\/herbalife24-cr7-drive-sachets-baies-dacai-10-sachets-de-27-g\/#primaryimage\"},\"image\":{\"@id\":\"https:\/\/herba-online.shop\/fr\/produit\/herbalife24-cr7-drive-sachets-baies-dacai-10-sachets-de-27-g\/#primaryimage\"},\"thumbnailUrl\":\"https:\/\/herba-online.shop\/wp-content\/uploads\/2020\/07\/FR1467.png\",\"datePublished\":\"2020-07-09T08:24:11+00:00\",\"dateModified\":\"2020-07-09T08:27:31+00:00\",\"description\":\"Dies ist die Webseite eines Selbst\u00e4ndigen HERBALIFE-Mitgliedes. Um auf die offizielle HERBALIFE-Webseite zu gelangen, besuchen Sie bitte HERBALIFE.de.\",\"breadcrumb\":{\"@id\":\"https:\/\/herba-online.shop\/fr\/produit\/herbalife24-cr7-drive-sachets-baies-dacai-10-sachets-de-27-g\/#breadcrumb\"},\"inLanguage\":\"fr-FR\",\"potentialAction\":[{\"@type\":\"ReadAction\",\"target\":[\"https:\/\/herba-online.shop\/fr\/produit\/herbalife24-cr7-drive-sachets-baies-dacai-10-sachets-de-27-g\/\"]}]},{\"@type\":\"ImageObject\",\"inLanguage\":\"fr-FR\",\"@id\":\"https:\/\/herba-online.shop\/fr\/produit\/herbalife24-cr7-drive-sachets-baies-dacai-10-sachets-de-27-g\/#primaryimage\",\"url\":\"https:\/\/herba-online.shop\/wp-content\/uploads\/2020\/07\/FR1467.png\",\"contentUrl\":\"https:\/\/herba-online.shop\/wp-content\/uploads\/2020\/07\/FR1467.png\",\"width\":1000,\"height\":1000},{\"@type\":\"BreadcrumbList\",\"@id\":\"https:\/\/herba-online.shop\/fr\/produit\/herbalife24-cr7-drive-sachets-baies-dacai-10-sachets-de-27-g\/#breadcrumb\",\"itemListElement\":[{\"@type\":\"ListItem\",\"position\":1,\"name\":\"Startseite\",\"item\":\"https:\/\/herba-online.shop\/fr\/\"},{\"@type\":\"ListItem\",\"position\":2,\"name\":\"Pr\u00e9sentation du produit\",\"item\":\"https:\/\/herba-online.shop\/fr\/shop\/\"},{\"@type\":\"ListItem\",\"position\":3,\"name\":\"Herbalife24 &#8211; CR7 Drive sachets Baies d&rsquo;a\u00e7ai 10 sachets de 27 g\"}]},{\"@type\":\"WebSite\",\"@id\":\"https:\/\/herba-online.shop\/#website\",\"url\":\"https:\/\/herba-online.shop\/\",\"name\":\"Boutique en ligne - Erich Geiger, membre ind\u00e9pendant de HERBALIFE\",\"description\":\"\",\"publisher\":{\"@id\":\"https:\/\/herba-online.shop\/#organization\"},\"potentialAction\":[{\"@type\":\"SearchAction\",\"target\":{\"@type\":\"EntryPoint\",\"urlTemplate\":\"https:\/\/herba-online.shop\/?s={search_term_string}\"},\"query-input\":{\"@type\":\"PropertyValueSpecification\",\"valueRequired\":true,\"valueName\":\"search_term_string\"}}],\"inLanguage\":\"fr-FR\"},{\"@type\":\"Organization\",\"@id\":\"https:\/\/herba-online.shop\/#organization\",\"name\":\"Herba-Onlineshop Erich Geiger\",\"url\":\"https:\/\/herba-online.shop\/\",\"logo\":{\"@type\":\"ImageObject\",\"inLanguage\":\"fr-FR\",\"@id\":\"https:\/\/herba-online.shop\/#\/schema\/logo\/image\/\",\"url\":\"https:\/\/herba-online.shop\/wp-content\/uploads\/2019\/03\/logo_08.2017_header.png\",\"contentUrl\":\"https:\/\/herba-online.shop\/wp-content\/uploads\/2019\/03\/logo_08.2017_header.png\",\"width\":300,\"height\":76,\"caption\":\"Herba-Onlineshop Erich Geiger\"},\"image\":{\"@id\":\"https:\/\/herba-online.shop\/#\/schema\/logo\/image\/\"}}]}<\/script>\n<!-- \/ Yoast SEO plugin. -->","yoast_head_json":{"title":"Herbalife24 - CR7 Drive sachets Baies d'a\u00e7ai 10 sachets de 27 g - Boutique en ligne - Erich Geiger, membre ind\u00e9pendant de HERBALIFE","description":"Dies ist die Webseite eines Selbst\u00e4ndigen HERBALIFE-Mitgliedes. Um auf die offizielle HERBALIFE-Webseite zu gelangen, besuchen Sie bitte HERBALIFE.de.","robots":{"index":"index","follow":"follow","max-snippet":"max-snippet:-1","max-image-preview":"max-image-preview:large","max-video-preview":"max-video-preview:-1"},"canonical":"https:\/\/herba-online.shop\/fr\/produit\/herbalife24-cr7-drive-sachets-baies-dacai-10-sachets-de-27-g\/","og_locale":"fr_FR","og_type":"article","og_title":"Herbalife24 - CR7 Drive sachets Baies d'a\u00e7ai 10 sachets de 27 g - Boutique en ligne - Erich Geiger, membre ind\u00e9pendant de HERBALIFE","og_description":"Dies ist die Webseite eines Selbst\u00e4ndigen HERBALIFE-Mitgliedes. Um auf die offizielle HERBALIFE-Webseite zu gelangen, besuchen Sie bitte HERBALIFE.de.","og_url":"https:\/\/herba-online.shop\/fr\/produit\/herbalife24-cr7-drive-sachets-baies-dacai-10-sachets-de-27-g\/","og_site_name":"Boutique en ligne - Erich Geiger, membre ind\u00e9pendant de HERBALIFE","article_modified_time":"2020-07-09T08:27:31+00:00","og_image":[{"width":1000,"height":1000,"url":"https:\/\/herba-online.shop\/wp-content\/uploads\/2020\/07\/FR1467.png","type":"image\/png"}],"twitter_card":"summary_large_image","twitter_misc":{"Dur\u00e9e de lecture estim\u00e9e":"1 minute"},"schema":{"@context":"https:\/\/schema.org","@graph":[{"@type":"WebPage","@id":"https:\/\/herba-online.shop\/fr\/produit\/herbalife24-cr7-drive-sachets-baies-dacai-10-sachets-de-27-g\/","url":"https:\/\/herba-online.shop\/fr\/produit\/herbalife24-cr7-drive-sachets-baies-dacai-10-sachets-de-27-g\/","name":"Herbalife24 - CR7 Drive sachets Baies d'a\u00e7ai 10 sachets de 27 g - Boutique en ligne - Erich Geiger, membre ind\u00e9pendant de HERBALIFE","isPartOf":{"@id":"https:\/\/herba-online.shop\/#website"},"primaryImageOfPage":{"@id":"https:\/\/herba-online.shop\/fr\/produit\/herbalife24-cr7-drive-sachets-baies-dacai-10-sachets-de-27-g\/#primaryimage"},"image":{"@id":"https:\/\/herba-online.shop\/fr\/produit\/herbalife24-cr7-drive-sachets-baies-dacai-10-sachets-de-27-g\/#primaryimage"},"thumbnailUrl":"https:\/\/herba-online.shop\/wp-content\/uploads\/2020\/07\/FR1467.png","datePublished":"2020-07-09T08:24:11+00:00","dateModified":"2020-07-09T08:27:31+00:00","description":"Dies ist die Webseite eines Selbst\u00e4ndigen HERBALIFE-Mitgliedes. Um auf die offizielle HERBALIFE-Webseite zu gelangen, besuchen Sie bitte HERBALIFE.de.","breadcrumb":{"@id":"https:\/\/herba-online.shop\/fr\/produit\/herbalife24-cr7-drive-sachets-baies-dacai-10-sachets-de-27-g\/#breadcrumb"},"inLanguage":"fr-FR","potentialAction":[{"@type":"ReadAction","target":["https:\/\/herba-online.shop\/fr\/produit\/herbalife24-cr7-drive-sachets-baies-dacai-10-sachets-de-27-g\/"]}]},{"@type":"ImageObject","inLanguage":"fr-FR","@id":"https:\/\/herba-online.shop\/fr\/produit\/herbalife24-cr7-drive-sachets-baies-dacai-10-sachets-de-27-g\/#primaryimage","url":"https:\/\/herba-online.shop\/wp-content\/uploads\/2020\/07\/FR1467.png","contentUrl":"https:\/\/herba-online.shop\/wp-content\/uploads\/2020\/07\/FR1467.png","width":1000,"height":1000},{"@type":"BreadcrumbList","@id":"https:\/\/herba-online.shop\/fr\/produit\/herbalife24-cr7-drive-sachets-baies-dacai-10-sachets-de-27-g\/#breadcrumb","itemListElement":[{"@type":"ListItem","position":1,"name":"Startseite","item":"https:\/\/herba-online.shop\/fr\/"},{"@type":"ListItem","position":2,"name":"Pr\u00e9sentation du produit","item":"https:\/\/herba-online.shop\/fr\/shop\/"},{"@type":"ListItem","position":3,"name":"Herbalife24 &#8211; CR7 Drive sachets Baies d&rsquo;a\u00e7ai 10 sachets de 27 g"}]},{"@type":"WebSite","@id":"https:\/\/herba-online.shop\/#website","url":"https:\/\/herba-online.shop\/","name":"Boutique en ligne - Erich Geiger, membre ind\u00e9pendant de HERBALIFE","description":"","publisher":{"@id":"https:\/\/herba-online.shop\/#organization"},"potentialAction":[{"@type":"SearchAction","target":{"@type":"EntryPoint","urlTemplate":"https:\/\/herba-online.shop\/?s={search_term_string}"},"query-input":{"@type":"PropertyValueSpecification","valueRequired":true,"valueName":"search_term_string"}}],"inLanguage":"fr-FR"},{"@type":"Organization","@id":"https:\/\/herba-online.shop\/#organization","name":"Herba-Onlineshop Erich Geiger","url":"https:\/\/herba-online.shop\/","logo":{"@type":"ImageObject","inLanguage":"fr-FR","@id":"https:\/\/herba-online.shop\/#\/schema\/logo\/image\/","url":"https:\/\/herba-online.shop\/wp-content\/uploads\/2019\/03\/logo_08.2017_header.png","contentUrl":"https:\/\/herba-online.shop\/wp-content\/uploads\/2019\/03\/logo_08.2017_header.png","width":300,"height":76,"caption":"Herba-Onlineshop Erich Geiger"},"image":{"@id":"https:\/\/herba-online.shop\/#\/schema\/logo\/image\/"}}]}},"_links":{"self":[{"href":"https:\/\/herba-online.shop\/fr\/wp-json\/wp\/v2\/product\/11956","targetHints":{"allow":["GET"]}}],"collection":[{"href":"https:\/\/herba-online.shop\/fr\/wp-json\/wp\/v2\/product"}],"about":[{"href":"https:\/\/herba-online.shop\/fr\/wp-json\/wp\/v2\/types\/product"}],"replies":[{"embeddable":true,"href":"https:\/\/herba-online.shop\/fr\/wp-json\/wp\/v2\/comments?post=11956"}],"wp:featuredmedia":[{"embeddable":true,"href":"https:\/\/herba-online.shop\/fr\/wp-json\/wp\/v2\/media\/11953"}],"wp:attachment":[{"href":"https:\/\/herba-online.shop\/fr\/wp-json\/wp\/v2\/media?parent=11956"}],"wp:term":[{"taxonomy":"product_brand","embeddable":true,"href":"https:\/\/herba-online.shop\/fr\/wp-json\/wp\/v2\/product_brand?post=11956"},{"taxonomy":"product_cat","embeddable":true,"href":"https:\/\/herba-online.shop\/fr\/wp-json\/wp\/v2\/product_cat?post=11956"},{"taxonomy":"product_tag","embeddable":true,"href":"https:\/\/herba-online.shop\/fr\/wp-json\/wp\/v2\/product_tag?post=11956"}],"curies":[{"name":"wp","href":"https:\/\/api.w.org\/{rel}","templated":true}]}}