{"id":11972,"date":"2016-01-16T00:00:00","date_gmt":"2020-07-09T08:38:04","guid":{"rendered":"https:\/\/herba-online.shop\/?post_type=product&#038;p=11972"},"modified":"2020-07-09T10:38:37","modified_gmt":"2020-07-09T08:38:37","slug":"herbalife24-hydrate-orange-20-sachets-de-53-g","status":"publish","type":"product","link":"https:\/\/herba-online.shop\/fr\/produit\/herbalife24-hydrate-orange-20-sachets-de-53-g\/","title":{"rendered":"Herbalife24 &#8211; Hydrate Orange 20 sachets de 5,3 g"},"content":{"rendered":"<p><a href=\"https:\/\/herba-online.shop\/wp-content\/uploads\/2020\/07\/Ingr\u00e9dients-SKU1433-Herbalife24-Hydrate-Orange-20-sachets-de-53-g.pdf\">Ingr\u00e9dients SKU1433 Herbalife24 &#8211; Hydrate Orange 20 sachets de 5,3 g<\/a><\/p>\n<p>Aper\u00e7u du produit<br \/>\nHydrate est une boisson faible en calories \u00e0 base d\u2019\u00e9lectrolytes, formul\u00e9e dans le but d\u2019encourager la consommation de liquide. Couvre 100 % des AJR en vitamine C, qui contribue \u00e0 r\u00e9duire la fatigue.<br \/>\nPrincipaux Avantages<br \/>\n\u2022 Boisson faible en calories destin\u00e9e aux athl\u00e8tes pour encourager la consummation de liquides<br \/>\n\u2022 Osmolalit\u00e9 inf\u00e9rieure \u00e0 270 mOsmol\/kg<br \/>\n\u2022 Couvre 100 % des AJR en vitamine C, qui contribue \u00e0 r\u00e9duire la fatigue.<br \/>\n\u2022 Apporte des vitamines B (B1, B2, B5 et B12), du calcium et du magn\u00e9sium, qui contribuent \u00e0 un m\u00e9tabolisme \u00e9nerg\u00e9tique normal<br \/>\n\u2022 Sans colorant ni ar\u00f4me artificiel<br \/>\nUtilisation<br \/>\nM\u00e9langez le contenu d\u2019un sachet \u00e0 500 ml d\u2019eau, m\u00e9langez \u00e9nergiquement. Consommez une portion par jour, au besoin.<\/p>\n<p>Nous garantissons que chaque produit de chaque lot fabriqu\u00e9 est m\u00e9ticuleusement contr\u00f4l\u00e9 par un prestataire ind\u00e9pendant par rapport aux substances non autoris\u00e9es. Vous pouvez en v\u00e9rifier la tra\u00e7abilit\u00e9 au moyen du num\u00e9ro de lot sur le site www.koelnerliste.com<\/p>\n","protected":false},"excerpt":{"rendered":"<p>Ingr\u00e9dients SKU1433 Herbalife24 &#8211; Hydrate Orange 20 sachets de 5,3 g Aper\u00e7u du produit Hydrate est une boisson faible en calories \u00e0<\/p>\n","protected":false},"featured_media":11966,"comment_status":"open","ping_status":"closed","template":"","meta":{"_acf_changed":false},"product_brand":[],"product_cat":[294,291,293],"product_tag":[723,734],"class_list":{"0":"post-11972","1":"product","2":"type-product","3":"status-publish","4":"has-post-thumbnail","6":"product_cat-herbalife-24-fr","7":"product_cat-presentation-du-produit","8":"product_cat-sport-fitness-fr","9":"product_tag-hydrater","10":"product_tag-orange-fr","12":"first","13":"instock","14":"sale","15":"taxable","16":"shipping-taxable","17":"purchasable","18":"product-type-simple"},"acf":[],"yoast_head":"<!-- This site is optimized with the Yoast SEO plugin v25.6 - https:\/\/yoast.com\/wordpress\/plugins\/seo\/ -->\n<title>Herbalife24 - Hydrate Orange 20 sachets de 5,3 g - Boutique en ligne - Erich Geiger, membre ind\u00e9pendant de HERBALIFE<\/title>\n<meta name=\"description\" content=\"Dies ist die Webseite eines Selbst\u00e4ndigen HERBALIFE-Mitgliedes. Um auf die offizielle HERBALIFE-Webseite zu gelangen, besuchen Sie bitte HERBALIFE.de.\" \/>\n<meta name=\"robots\" content=\"index, follow, max-snippet:-1, max-image-preview:large, max-video-preview:-1\" \/>\n<link rel=\"canonical\" href=\"https:\/\/herba-online.shop\/fr\/produit\/herbalife24-hydrate-orange-20-sachets-de-53-g\/\" \/>\n<meta property=\"og:locale\" content=\"fr_FR\" \/>\n<meta property=\"og:type\" content=\"article\" \/>\n<meta property=\"og:title\" content=\"Herbalife24 - Hydrate Orange 20 sachets de 5,3 g - Boutique en ligne - Erich Geiger, membre ind\u00e9pendant de HERBALIFE\" \/>\n<meta property=\"og:description\" content=\"Dies ist die Webseite eines Selbst\u00e4ndigen HERBALIFE-Mitgliedes. Um auf die offizielle HERBALIFE-Webseite zu gelangen, besuchen Sie bitte HERBALIFE.de.\" \/>\n<meta property=\"og:url\" content=\"https:\/\/herba-online.shop\/fr\/produit\/herbalife24-hydrate-orange-20-sachets-de-53-g\/\" \/>\n<meta property=\"og:site_name\" content=\"Boutique en ligne - Erich Geiger, membre ind\u00e9pendant de HERBALIFE\" \/>\n<meta property=\"article:modified_time\" content=\"2020-07-09T08:38:37+00:00\" \/>\n<meta property=\"og:image\" content=\"https:\/\/herba-online.shop\/wp-content\/uploads\/2020\/07\/FR1433.png\" \/>\n\t<meta property=\"og:image:width\" content=\"1000\" \/>\n\t<meta property=\"og:image:height\" content=\"1000\" \/>\n\t<meta property=\"og:image:type\" content=\"image\/png\" \/>\n<meta name=\"twitter:card\" content=\"summary_large_image\" \/>\n<meta name=\"twitter:label1\" content=\"Dur\u00e9e de lecture estim\u00e9e\" \/>\n\t<meta name=\"twitter:data1\" content=\"1 minute\" \/>\n<script type=\"application\/ld+json\" class=\"yoast-schema-graph\">{\"@context\":\"https:\/\/schema.org\",\"@graph\":[{\"@type\":\"WebPage\",\"@id\":\"https:\/\/herba-online.shop\/fr\/produit\/herbalife24-hydrate-orange-20-sachets-de-53-g\/\",\"url\":\"https:\/\/herba-online.shop\/fr\/produit\/herbalife24-hydrate-orange-20-sachets-de-53-g\/\",\"name\":\"Herbalife24 - Hydrate Orange 20 sachets de 5,3 g - Boutique en ligne - Erich Geiger, membre ind\u00e9pendant de HERBALIFE\",\"isPartOf\":{\"@id\":\"https:\/\/herba-online.shop\/#website\"},\"primaryImageOfPage\":{\"@id\":\"https:\/\/herba-online.shop\/fr\/produit\/herbalife24-hydrate-orange-20-sachets-de-53-g\/#primaryimage\"},\"image\":{\"@id\":\"https:\/\/herba-online.shop\/fr\/produit\/herbalife24-hydrate-orange-20-sachets-de-53-g\/#primaryimage\"},\"thumbnailUrl\":\"https:\/\/herba-online.shop\/wp-content\/uploads\/2020\/07\/FR1433.png\",\"datePublished\":\"2020-07-09T08:38:04+00:00\",\"dateModified\":\"2020-07-09T08:38:37+00:00\",\"description\":\"Dies ist die Webseite eines Selbst\u00e4ndigen HERBALIFE-Mitgliedes. Um auf die offizielle HERBALIFE-Webseite zu gelangen, besuchen Sie bitte HERBALIFE.de.\",\"breadcrumb\":{\"@id\":\"https:\/\/herba-online.shop\/fr\/produit\/herbalife24-hydrate-orange-20-sachets-de-53-g\/#breadcrumb\"},\"inLanguage\":\"fr-FR\",\"potentialAction\":[{\"@type\":\"ReadAction\",\"target\":[\"https:\/\/herba-online.shop\/fr\/produit\/herbalife24-hydrate-orange-20-sachets-de-53-g\/\"]}]},{\"@type\":\"ImageObject\",\"inLanguage\":\"fr-FR\",\"@id\":\"https:\/\/herba-online.shop\/fr\/produit\/herbalife24-hydrate-orange-20-sachets-de-53-g\/#primaryimage\",\"url\":\"https:\/\/herba-online.shop\/wp-content\/uploads\/2020\/07\/FR1433.png\",\"contentUrl\":\"https:\/\/herba-online.shop\/wp-content\/uploads\/2020\/07\/FR1433.png\",\"width\":1000,\"height\":1000},{\"@type\":\"BreadcrumbList\",\"@id\":\"https:\/\/herba-online.shop\/fr\/produit\/herbalife24-hydrate-orange-20-sachets-de-53-g\/#breadcrumb\",\"itemListElement\":[{\"@type\":\"ListItem\",\"position\":1,\"name\":\"Startseite\",\"item\":\"https:\/\/herba-online.shop\/fr\/\"},{\"@type\":\"ListItem\",\"position\":2,\"name\":\"Pr\u00e9sentation du produit\",\"item\":\"https:\/\/herba-online.shop\/fr\/shop\/\"},{\"@type\":\"ListItem\",\"position\":3,\"name\":\"Herbalife24 &#8211; Hydrate Orange 20 sachets de 5,3 g\"}]},{\"@type\":\"WebSite\",\"@id\":\"https:\/\/herba-online.shop\/#website\",\"url\":\"https:\/\/herba-online.shop\/\",\"name\":\"Boutique en ligne - Erich Geiger, membre ind\u00e9pendant de HERBALIFE\",\"description\":\"\",\"publisher\":{\"@id\":\"https:\/\/herba-online.shop\/#organization\"},\"potentialAction\":[{\"@type\":\"SearchAction\",\"target\":{\"@type\":\"EntryPoint\",\"urlTemplate\":\"https:\/\/herba-online.shop\/?s={search_term_string}\"},\"query-input\":{\"@type\":\"PropertyValueSpecification\",\"valueRequired\":true,\"valueName\":\"search_term_string\"}}],\"inLanguage\":\"fr-FR\"},{\"@type\":\"Organization\",\"@id\":\"https:\/\/herba-online.shop\/#organization\",\"name\":\"Herba-Onlineshop Erich Geiger\",\"url\":\"https:\/\/herba-online.shop\/\",\"logo\":{\"@type\":\"ImageObject\",\"inLanguage\":\"fr-FR\",\"@id\":\"https:\/\/herba-online.shop\/#\/schema\/logo\/image\/\",\"url\":\"https:\/\/herba-online.shop\/wp-content\/uploads\/2019\/03\/logo_08.2017_header.png\",\"contentUrl\":\"https:\/\/herba-online.shop\/wp-content\/uploads\/2019\/03\/logo_08.2017_header.png\",\"width\":300,\"height\":76,\"caption\":\"Herba-Onlineshop Erich Geiger\"},\"image\":{\"@id\":\"https:\/\/herba-online.shop\/#\/schema\/logo\/image\/\"}}]}<\/script>\n<!-- \/ Yoast SEO plugin. -->","yoast_head_json":{"title":"Herbalife24 - Hydrate Orange 20 sachets de 5,3 g - Boutique en ligne - Erich Geiger, membre ind\u00e9pendant de HERBALIFE","description":"Dies ist die Webseite eines Selbst\u00e4ndigen HERBALIFE-Mitgliedes. Um auf die offizielle HERBALIFE-Webseite zu gelangen, besuchen Sie bitte HERBALIFE.de.","robots":{"index":"index","follow":"follow","max-snippet":"max-snippet:-1","max-image-preview":"max-image-preview:large","max-video-preview":"max-video-preview:-1"},"canonical":"https:\/\/herba-online.shop\/fr\/produit\/herbalife24-hydrate-orange-20-sachets-de-53-g\/","og_locale":"fr_FR","og_type":"article","og_title":"Herbalife24 - Hydrate Orange 20 sachets de 5,3 g - Boutique en ligne - Erich Geiger, membre ind\u00e9pendant de HERBALIFE","og_description":"Dies ist die Webseite eines Selbst\u00e4ndigen HERBALIFE-Mitgliedes. Um auf die offizielle HERBALIFE-Webseite zu gelangen, besuchen Sie bitte HERBALIFE.de.","og_url":"https:\/\/herba-online.shop\/fr\/produit\/herbalife24-hydrate-orange-20-sachets-de-53-g\/","og_site_name":"Boutique en ligne - Erich Geiger, membre ind\u00e9pendant de HERBALIFE","article_modified_time":"2020-07-09T08:38:37+00:00","og_image":[{"width":1000,"height":1000,"url":"https:\/\/herba-online.shop\/wp-content\/uploads\/2020\/07\/FR1433.png","type":"image\/png"}],"twitter_card":"summary_large_image","twitter_misc":{"Dur\u00e9e de lecture estim\u00e9e":"1 minute"},"schema":{"@context":"https:\/\/schema.org","@graph":[{"@type":"WebPage","@id":"https:\/\/herba-online.shop\/fr\/produit\/herbalife24-hydrate-orange-20-sachets-de-53-g\/","url":"https:\/\/herba-online.shop\/fr\/produit\/herbalife24-hydrate-orange-20-sachets-de-53-g\/","name":"Herbalife24 - Hydrate Orange 20 sachets de 5,3 g - Boutique en ligne - Erich Geiger, membre ind\u00e9pendant de HERBALIFE","isPartOf":{"@id":"https:\/\/herba-online.shop\/#website"},"primaryImageOfPage":{"@id":"https:\/\/herba-online.shop\/fr\/produit\/herbalife24-hydrate-orange-20-sachets-de-53-g\/#primaryimage"},"image":{"@id":"https:\/\/herba-online.shop\/fr\/produit\/herbalife24-hydrate-orange-20-sachets-de-53-g\/#primaryimage"},"thumbnailUrl":"https:\/\/herba-online.shop\/wp-content\/uploads\/2020\/07\/FR1433.png","datePublished":"2020-07-09T08:38:04+00:00","dateModified":"2020-07-09T08:38:37+00:00","description":"Dies ist die Webseite eines Selbst\u00e4ndigen HERBALIFE-Mitgliedes. Um auf die offizielle HERBALIFE-Webseite zu gelangen, besuchen Sie bitte HERBALIFE.de.","breadcrumb":{"@id":"https:\/\/herba-online.shop\/fr\/produit\/herbalife24-hydrate-orange-20-sachets-de-53-g\/#breadcrumb"},"inLanguage":"fr-FR","potentialAction":[{"@type":"ReadAction","target":["https:\/\/herba-online.shop\/fr\/produit\/herbalife24-hydrate-orange-20-sachets-de-53-g\/"]}]},{"@type":"ImageObject","inLanguage":"fr-FR","@id":"https:\/\/herba-online.shop\/fr\/produit\/herbalife24-hydrate-orange-20-sachets-de-53-g\/#primaryimage","url":"https:\/\/herba-online.shop\/wp-content\/uploads\/2020\/07\/FR1433.png","contentUrl":"https:\/\/herba-online.shop\/wp-content\/uploads\/2020\/07\/FR1433.png","width":1000,"height":1000},{"@type":"BreadcrumbList","@id":"https:\/\/herba-online.shop\/fr\/produit\/herbalife24-hydrate-orange-20-sachets-de-53-g\/#breadcrumb","itemListElement":[{"@type":"ListItem","position":1,"name":"Startseite","item":"https:\/\/herba-online.shop\/fr\/"},{"@type":"ListItem","position":2,"name":"Pr\u00e9sentation du produit","item":"https:\/\/herba-online.shop\/fr\/shop\/"},{"@type":"ListItem","position":3,"name":"Herbalife24 &#8211; Hydrate Orange 20 sachets de 5,3 g"}]},{"@type":"WebSite","@id":"https:\/\/herba-online.shop\/#website","url":"https:\/\/herba-online.shop\/","name":"Boutique en ligne - Erich Geiger, membre ind\u00e9pendant de HERBALIFE","description":"","publisher":{"@id":"https:\/\/herba-online.shop\/#organization"},"potentialAction":[{"@type":"SearchAction","target":{"@type":"EntryPoint","urlTemplate":"https:\/\/herba-online.shop\/?s={search_term_string}"},"query-input":{"@type":"PropertyValueSpecification","valueRequired":true,"valueName":"search_term_string"}}],"inLanguage":"fr-FR"},{"@type":"Organization","@id":"https:\/\/herba-online.shop\/#organization","name":"Herba-Onlineshop Erich Geiger","url":"https:\/\/herba-online.shop\/","logo":{"@type":"ImageObject","inLanguage":"fr-FR","@id":"https:\/\/herba-online.shop\/#\/schema\/logo\/image\/","url":"https:\/\/herba-online.shop\/wp-content\/uploads\/2019\/03\/logo_08.2017_header.png","contentUrl":"https:\/\/herba-online.shop\/wp-content\/uploads\/2019\/03\/logo_08.2017_header.png","width":300,"height":76,"caption":"Herba-Onlineshop Erich Geiger"},"image":{"@id":"https:\/\/herba-online.shop\/#\/schema\/logo\/image\/"}}]}},"_links":{"self":[{"href":"https:\/\/herba-online.shop\/fr\/wp-json\/wp\/v2\/product\/11972","targetHints":{"allow":["GET"]}}],"collection":[{"href":"https:\/\/herba-online.shop\/fr\/wp-json\/wp\/v2\/product"}],"about":[{"href":"https:\/\/herba-online.shop\/fr\/wp-json\/wp\/v2\/types\/product"}],"replies":[{"embeddable":true,"href":"https:\/\/herba-online.shop\/fr\/wp-json\/wp\/v2\/comments?post=11972"}],"wp:featuredmedia":[{"embeddable":true,"href":"https:\/\/herba-online.shop\/fr\/wp-json\/wp\/v2\/media\/11966"}],"wp:attachment":[{"href":"https:\/\/herba-online.shop\/fr\/wp-json\/wp\/v2\/media?parent=11972"}],"wp:term":[{"taxonomy":"product_brand","embeddable":true,"href":"https:\/\/herba-online.shop\/fr\/wp-json\/wp\/v2\/product_brand?post=11972"},{"taxonomy":"product_cat","embeddable":true,"href":"https:\/\/herba-online.shop\/fr\/wp-json\/wp\/v2\/product_cat?post=11972"},{"taxonomy":"product_tag","embeddable":true,"href":"https:\/\/herba-online.shop\/fr\/wp-json\/wp\/v2\/product_tag?post=11972"}],"curies":[{"name":"wp","href":"https:\/\/api.w.org\/{rel}","templated":true}]}}