{"id":11987,"date":"2016-01-16T00:00:00","date_gmt":"2020-07-09T08:53:29","guid":{"rendered":"https:\/\/herba-online.shop\/?post_type=product&#038;p=11987"},"modified":"2020-07-09T10:53:30","modified_gmt":"2020-07-09T08:53:30","slug":"herbalife24-rebuild-endurance-vanille-1000-g","status":"publish","type":"product","link":"https:\/\/herba-online.shop\/fr\/produit\/herbalife24-rebuild-endurance-vanille-1000-g\/","title":{"rendered":"Herbalife24 &#8211; Rebuild Endurance Vanille 1000 g"},"content":{"rendered":"<p><a href=\"https:\/\/herba-online.shop\/wp-content\/uploads\/2020\/07\/Ingr\u00e9dients-SKU1436-Herbalife24-Rebuild-Endurance-Vanille-1000-g.pdf\">Ingr\u00e9dients SKU1436 Herbalife24 &#8211; Rebuild Endurance Vanille 1000 g<\/a><\/p>\n<p>Aper\u00e7u du produit<br \/>\nM\u00e9lange pour boisson de r\u00e9cup\u00e9ration \u00e0 base de glucides et de prot\u00e9ines.<\/p>\n<p>Id\u00e9ale pour les sports d\u2019endurance.<br \/>\nPrincipaux Avantages<br \/>\n\u2022 \u00c0 prendre apr\u00e8s un entra\u00eenement a\u00e9robie<br \/>\n\u2022 188 kcals par portion<br \/>\n\u2022 Chaque portion contient 36 g de glucides s\u00e9lectionn\u00e9s et 10 g de prot\u00e9ines de haute qualit\u00e9 issues du lait<br \/>\n\u2022 Les prot\u00e9ines contribuent \u00e0 augmenter et \u00e0 maintenir la masse musculaire<br \/>\n\u2022 Apporte des vitamines B1, B2, C et E, et du fer<br \/>\n\u2022 Sans colorant, ni ar\u00f4me artificiel ni \u00e9dulcorant.<br \/>\n\u2022 La cas\u00e9ine et les prot\u00e9ines de petit-lait sont toutes les deux tr\u00e8s int\u00e9ressantes. Elles sont issues du lait et reconnues pour leur forte teneur en acides amin\u00e9s.<br \/>\nUtilisation<br \/>\nM\u00e9langez quatre cuill\u00e8res doseuses rases (50 g) avec 250 ml d\u2019eau. Secouez \u00e9nergiquement. A consommer dans les 30 minutes qui suivent l\u2019exercice d\u2019a\u00e9robique.<\/p>\n<p>Nous garantissons que chaque produit de chaque lot fabriqu\u00e9 est m\u00e9ticuleusement contr\u00f4l\u00e9 par un prestataire ind\u00e9pendant par rapport aux substances non autoris\u00e9es. Vous pouvez en v\u00e9rifier la tra\u00e7abilit\u00e9 au moyen du num\u00e9ro de lot sur le site <strong>www.koelnerliste.com<\/strong><\/p>\n","protected":false},"excerpt":{"rendered":"<p>Ingr\u00e9dients SKU1436 Herbalife24 &#8211; Rebuild Endurance Vanille 1000 g Aper\u00e7u du produit M\u00e9lange pour boisson de r\u00e9cup\u00e9ration \u00e0 base de glucides et<\/p>\n","protected":false},"featured_media":11991,"comment_status":"open","ping_status":"closed","template":"","meta":{"_acf_changed":false},"product_brand":[],"product_cat":[294,291,293],"product_tag":[679,755,699],"class_list":{"0":"post-11987","1":"product","2":"type-product","3":"status-publish","4":"has-post-thumbnail","6":"product_cat-herbalife-24-fr","7":"product_cat-presentation-du-produit","8":"product_cat-sport-fitness-fr","9":"product_tag-endurance-fr","10":"product_tag-h24-fr","11":"product_tag-rebuild-fr","13":"first","14":"outofstock","15":"taxable","16":"shipping-taxable","17":"purchasable","18":"product-type-simple"},"acf":[],"yoast_head":"<!-- This site is optimized with the Yoast SEO plugin v25.6 - https:\/\/yoast.com\/wordpress\/plugins\/seo\/ -->\n<title>Herbalife24 - Rebuild Endurance Vanille 1000 g - Boutique en ligne - Erich Geiger, membre ind\u00e9pendant de HERBALIFE<\/title>\n<meta name=\"description\" content=\"Dies ist die Webseite eines Selbst\u00e4ndigen HERBALIFE-Mitgliedes. Um auf die offizielle HERBALIFE-Webseite zu gelangen, besuchen Sie bitte HERBALIFE.de.\" \/>\n<meta name=\"robots\" content=\"index, follow, max-snippet:-1, max-image-preview:large, max-video-preview:-1\" \/>\n<link rel=\"canonical\" href=\"https:\/\/herba-online.shop\/fr\/produit\/herbalife24-rebuild-endurance-vanille-1000-g\/\" \/>\n<meta property=\"og:locale\" content=\"fr_FR\" \/>\n<meta property=\"og:type\" content=\"article\" \/>\n<meta property=\"og:title\" content=\"Herbalife24 - Rebuild Endurance Vanille 1000 g - Boutique en ligne - Erich Geiger, membre ind\u00e9pendant de HERBALIFE\" \/>\n<meta property=\"og:description\" content=\"Dies ist die Webseite eines Selbst\u00e4ndigen HERBALIFE-Mitgliedes. Um auf die offizielle HERBALIFE-Webseite zu gelangen, besuchen Sie bitte HERBALIFE.de.\" \/>\n<meta property=\"og:url\" content=\"https:\/\/herba-online.shop\/fr\/produit\/herbalife24-rebuild-endurance-vanille-1000-g\/\" \/>\n<meta property=\"og:site_name\" content=\"Boutique en ligne - Erich Geiger, membre ind\u00e9pendant de HERBALIFE\" \/>\n<meta property=\"article:modified_time\" content=\"2020-07-09T08:53:30+00:00\" \/>\n<meta property=\"og:image\" content=\"https:\/\/herba-online.shop\/wp-content\/uploads\/2020\/07\/FR1436.png\" \/>\n\t<meta property=\"og:image:width\" content=\"1000\" \/>\n\t<meta property=\"og:image:height\" content=\"1000\" \/>\n\t<meta property=\"og:image:type\" content=\"image\/png\" \/>\n<meta name=\"twitter:card\" content=\"summary_large_image\" \/>\n<meta name=\"twitter:label1\" content=\"Dur\u00e9e de lecture estim\u00e9e\" \/>\n\t<meta name=\"twitter:data1\" content=\"1 minute\" \/>\n<script type=\"application\/ld+json\" class=\"yoast-schema-graph\">{\"@context\":\"https:\/\/schema.org\",\"@graph\":[{\"@type\":\"WebPage\",\"@id\":\"https:\/\/herba-online.shop\/fr\/produit\/herbalife24-rebuild-endurance-vanille-1000-g\/\",\"url\":\"https:\/\/herba-online.shop\/fr\/produit\/herbalife24-rebuild-endurance-vanille-1000-g\/\",\"name\":\"Herbalife24 - Rebuild Endurance Vanille 1000 g - Boutique en ligne - Erich Geiger, membre ind\u00e9pendant de HERBALIFE\",\"isPartOf\":{\"@id\":\"https:\/\/herba-online.shop\/#website\"},\"primaryImageOfPage\":{\"@id\":\"https:\/\/herba-online.shop\/fr\/produit\/herbalife24-rebuild-endurance-vanille-1000-g\/#primaryimage\"},\"image\":{\"@id\":\"https:\/\/herba-online.shop\/fr\/produit\/herbalife24-rebuild-endurance-vanille-1000-g\/#primaryimage\"},\"thumbnailUrl\":\"https:\/\/herba-online.shop\/wp-content\/uploads\/2020\/07\/FR1436.png\",\"datePublished\":\"2020-07-09T08:53:29+00:00\",\"dateModified\":\"2020-07-09T08:53:30+00:00\",\"description\":\"Dies ist die Webseite eines Selbst\u00e4ndigen HERBALIFE-Mitgliedes. Um auf die offizielle HERBALIFE-Webseite zu gelangen, besuchen Sie bitte HERBALIFE.de.\",\"breadcrumb\":{\"@id\":\"https:\/\/herba-online.shop\/fr\/produit\/herbalife24-rebuild-endurance-vanille-1000-g\/#breadcrumb\"},\"inLanguage\":\"fr-FR\",\"potentialAction\":[{\"@type\":\"ReadAction\",\"target\":[\"https:\/\/herba-online.shop\/fr\/produit\/herbalife24-rebuild-endurance-vanille-1000-g\/\"]}]},{\"@type\":\"ImageObject\",\"inLanguage\":\"fr-FR\",\"@id\":\"https:\/\/herba-online.shop\/fr\/produit\/herbalife24-rebuild-endurance-vanille-1000-g\/#primaryimage\",\"url\":\"https:\/\/herba-online.shop\/wp-content\/uploads\/2020\/07\/FR1436.png\",\"contentUrl\":\"https:\/\/herba-online.shop\/wp-content\/uploads\/2020\/07\/FR1436.png\",\"width\":1000,\"height\":1000},{\"@type\":\"BreadcrumbList\",\"@id\":\"https:\/\/herba-online.shop\/fr\/produit\/herbalife24-rebuild-endurance-vanille-1000-g\/#breadcrumb\",\"itemListElement\":[{\"@type\":\"ListItem\",\"position\":1,\"name\":\"Startseite\",\"item\":\"https:\/\/herba-online.shop\/fr\/\"},{\"@type\":\"ListItem\",\"position\":2,\"name\":\"Pr\u00e9sentation du produit\",\"item\":\"https:\/\/herba-online.shop\/fr\/shop\/\"},{\"@type\":\"ListItem\",\"position\":3,\"name\":\"Herbalife24 &#8211; Rebuild Endurance Vanille 1000 g\"}]},{\"@type\":\"WebSite\",\"@id\":\"https:\/\/herba-online.shop\/#website\",\"url\":\"https:\/\/herba-online.shop\/\",\"name\":\"Boutique en ligne - Erich Geiger, membre ind\u00e9pendant de HERBALIFE\",\"description\":\"\",\"publisher\":{\"@id\":\"https:\/\/herba-online.shop\/#organization\"},\"potentialAction\":[{\"@type\":\"SearchAction\",\"target\":{\"@type\":\"EntryPoint\",\"urlTemplate\":\"https:\/\/herba-online.shop\/?s={search_term_string}\"},\"query-input\":{\"@type\":\"PropertyValueSpecification\",\"valueRequired\":true,\"valueName\":\"search_term_string\"}}],\"inLanguage\":\"fr-FR\"},{\"@type\":\"Organization\",\"@id\":\"https:\/\/herba-online.shop\/#organization\",\"name\":\"Herba-Onlineshop Erich Geiger\",\"url\":\"https:\/\/herba-online.shop\/\",\"logo\":{\"@type\":\"ImageObject\",\"inLanguage\":\"fr-FR\",\"@id\":\"https:\/\/herba-online.shop\/#\/schema\/logo\/image\/\",\"url\":\"https:\/\/herba-online.shop\/wp-content\/uploads\/2019\/03\/logo_08.2017_header.png\",\"contentUrl\":\"https:\/\/herba-online.shop\/wp-content\/uploads\/2019\/03\/logo_08.2017_header.png\",\"width\":300,\"height\":76,\"caption\":\"Herba-Onlineshop Erich Geiger\"},\"image\":{\"@id\":\"https:\/\/herba-online.shop\/#\/schema\/logo\/image\/\"}}]}<\/script>\n<!-- \/ Yoast SEO plugin. -->","yoast_head_json":{"title":"Herbalife24 - Rebuild Endurance Vanille 1000 g - Boutique en ligne - Erich Geiger, membre ind\u00e9pendant de HERBALIFE","description":"Dies ist die Webseite eines Selbst\u00e4ndigen HERBALIFE-Mitgliedes. Um auf die offizielle HERBALIFE-Webseite zu gelangen, besuchen Sie bitte HERBALIFE.de.","robots":{"index":"index","follow":"follow","max-snippet":"max-snippet:-1","max-image-preview":"max-image-preview:large","max-video-preview":"max-video-preview:-1"},"canonical":"https:\/\/herba-online.shop\/fr\/produit\/herbalife24-rebuild-endurance-vanille-1000-g\/","og_locale":"fr_FR","og_type":"article","og_title":"Herbalife24 - Rebuild Endurance Vanille 1000 g - Boutique en ligne - Erich Geiger, membre ind\u00e9pendant de HERBALIFE","og_description":"Dies ist die Webseite eines Selbst\u00e4ndigen HERBALIFE-Mitgliedes. Um auf die offizielle HERBALIFE-Webseite zu gelangen, besuchen Sie bitte HERBALIFE.de.","og_url":"https:\/\/herba-online.shop\/fr\/produit\/herbalife24-rebuild-endurance-vanille-1000-g\/","og_site_name":"Boutique en ligne - Erich Geiger, membre ind\u00e9pendant de HERBALIFE","article_modified_time":"2020-07-09T08:53:30+00:00","og_image":[{"width":1000,"height":1000,"url":"https:\/\/herba-online.shop\/wp-content\/uploads\/2020\/07\/FR1436.png","type":"image\/png"}],"twitter_card":"summary_large_image","twitter_misc":{"Dur\u00e9e de lecture estim\u00e9e":"1 minute"},"schema":{"@context":"https:\/\/schema.org","@graph":[{"@type":"WebPage","@id":"https:\/\/herba-online.shop\/fr\/produit\/herbalife24-rebuild-endurance-vanille-1000-g\/","url":"https:\/\/herba-online.shop\/fr\/produit\/herbalife24-rebuild-endurance-vanille-1000-g\/","name":"Herbalife24 - Rebuild Endurance Vanille 1000 g - Boutique en ligne - Erich Geiger, membre ind\u00e9pendant de HERBALIFE","isPartOf":{"@id":"https:\/\/herba-online.shop\/#website"},"primaryImageOfPage":{"@id":"https:\/\/herba-online.shop\/fr\/produit\/herbalife24-rebuild-endurance-vanille-1000-g\/#primaryimage"},"image":{"@id":"https:\/\/herba-online.shop\/fr\/produit\/herbalife24-rebuild-endurance-vanille-1000-g\/#primaryimage"},"thumbnailUrl":"https:\/\/herba-online.shop\/wp-content\/uploads\/2020\/07\/FR1436.png","datePublished":"2020-07-09T08:53:29+00:00","dateModified":"2020-07-09T08:53:30+00:00","description":"Dies ist die Webseite eines Selbst\u00e4ndigen HERBALIFE-Mitgliedes. Um auf die offizielle HERBALIFE-Webseite zu gelangen, besuchen Sie bitte HERBALIFE.de.","breadcrumb":{"@id":"https:\/\/herba-online.shop\/fr\/produit\/herbalife24-rebuild-endurance-vanille-1000-g\/#breadcrumb"},"inLanguage":"fr-FR","potentialAction":[{"@type":"ReadAction","target":["https:\/\/herba-online.shop\/fr\/produit\/herbalife24-rebuild-endurance-vanille-1000-g\/"]}]},{"@type":"ImageObject","inLanguage":"fr-FR","@id":"https:\/\/herba-online.shop\/fr\/produit\/herbalife24-rebuild-endurance-vanille-1000-g\/#primaryimage","url":"https:\/\/herba-online.shop\/wp-content\/uploads\/2020\/07\/FR1436.png","contentUrl":"https:\/\/herba-online.shop\/wp-content\/uploads\/2020\/07\/FR1436.png","width":1000,"height":1000},{"@type":"BreadcrumbList","@id":"https:\/\/herba-online.shop\/fr\/produit\/herbalife24-rebuild-endurance-vanille-1000-g\/#breadcrumb","itemListElement":[{"@type":"ListItem","position":1,"name":"Startseite","item":"https:\/\/herba-online.shop\/fr\/"},{"@type":"ListItem","position":2,"name":"Pr\u00e9sentation du produit","item":"https:\/\/herba-online.shop\/fr\/shop\/"},{"@type":"ListItem","position":3,"name":"Herbalife24 &#8211; Rebuild Endurance Vanille 1000 g"}]},{"@type":"WebSite","@id":"https:\/\/herba-online.shop\/#website","url":"https:\/\/herba-online.shop\/","name":"Boutique en ligne - Erich Geiger, membre ind\u00e9pendant de HERBALIFE","description":"","publisher":{"@id":"https:\/\/herba-online.shop\/#organization"},"potentialAction":[{"@type":"SearchAction","target":{"@type":"EntryPoint","urlTemplate":"https:\/\/herba-online.shop\/?s={search_term_string}"},"query-input":{"@type":"PropertyValueSpecification","valueRequired":true,"valueName":"search_term_string"}}],"inLanguage":"fr-FR"},{"@type":"Organization","@id":"https:\/\/herba-online.shop\/#organization","name":"Herba-Onlineshop Erich Geiger","url":"https:\/\/herba-online.shop\/","logo":{"@type":"ImageObject","inLanguage":"fr-FR","@id":"https:\/\/herba-online.shop\/#\/schema\/logo\/image\/","url":"https:\/\/herba-online.shop\/wp-content\/uploads\/2019\/03\/logo_08.2017_header.png","contentUrl":"https:\/\/herba-online.shop\/wp-content\/uploads\/2019\/03\/logo_08.2017_header.png","width":300,"height":76,"caption":"Herba-Onlineshop Erich Geiger"},"image":{"@id":"https:\/\/herba-online.shop\/#\/schema\/logo\/image\/"}}]}},"_links":{"self":[{"href":"https:\/\/herba-online.shop\/fr\/wp-json\/wp\/v2\/product\/11987","targetHints":{"allow":["GET"]}}],"collection":[{"href":"https:\/\/herba-online.shop\/fr\/wp-json\/wp\/v2\/product"}],"about":[{"href":"https:\/\/herba-online.shop\/fr\/wp-json\/wp\/v2\/types\/product"}],"replies":[{"embeddable":true,"href":"https:\/\/herba-online.shop\/fr\/wp-json\/wp\/v2\/comments?post=11987"}],"wp:featuredmedia":[{"embeddable":true,"href":"https:\/\/herba-online.shop\/fr\/wp-json\/wp\/v2\/media\/11991"}],"wp:attachment":[{"href":"https:\/\/herba-online.shop\/fr\/wp-json\/wp\/v2\/media?parent=11987"}],"wp:term":[{"taxonomy":"product_brand","embeddable":true,"href":"https:\/\/herba-online.shop\/fr\/wp-json\/wp\/v2\/product_brand?post=11987"},{"taxonomy":"product_cat","embeddable":true,"href":"https:\/\/herba-online.shop\/fr\/wp-json\/wp\/v2\/product_cat?post=11987"},{"taxonomy":"product_tag","embeddable":true,"href":"https:\/\/herba-online.shop\/fr\/wp-json\/wp\/v2\/product_tag?post=11987"}],"curies":[{"name":"wp","href":"https:\/\/api.w.org\/{rel}","templated":true}]}}