{"id":12001,"date":"2016-01-16T00:00:00","date_gmt":"2020-07-09T09:04:46","guid":{"rendered":"https:\/\/herba-online.shop\/?post_type=product&#038;p=12001"},"modified":"2020-07-09T11:04:46","modified_gmt":"2020-07-09T09:04:46","slug":"herbalife24-restore-30-capsules","status":"publish","type":"product","link":"https:\/\/herba-online.shop\/fr\/produit\/herbalife24-restore-30-capsules\/","title":{"rendered":"Herbalife24 &#8211; Restore 30 capsules"},"content":{"rendered":"<p><a href=\"https:\/\/herba-online.shop\/wp-content\/uploads\/2020\/07\/Ingr\u00e9dients-SKU1424-Herbalife24-Restore-30-capsules.pdf\">Ingr\u00e9dients SKU1424 Herbalife24 &#8211; Restore 30 capsules<\/a><\/p>\n<p>Aper\u00e7u du produit<br \/>\nRestore a \u00e9t\u00e9 sp\u00e9cialement formul\u00e9 en ayant \u00e0 l\u2019esprit les besoins des athl\u00e8tes, avec 200 mg de vitamine C qui contribue \u00e0 maintenir le fonctionnement normal du syst\u00e8me immunitaire pendant et apr\u00e8s un exercice physique intense.<br \/>\nRestore contient 150 mg de Lactium\u00ae, un peptide bioactif unique, d\u00e9riv\u00e9 de la cas\u00e9ine. Restore contient \u00e9galement 100 % des VNR (Valeurs Nutritionnelles de R\u00e9f\u00e9rence) en vitamine E qui contribue \u00e0 prot\u00e9ger les cellules contre le stress oxydatif.<br \/>\nPrincipaux Avantages<br \/>\n\u2022 Restore H24 est un compl\u00e9ment alimentaire formul\u00e9 pour le soutien nutritionnel nocturne.<br \/>\n\u2022 Prendre une g\u00e9lule par jour, le soir avant le coucher.<br \/>\n\u2022 Aide \u00e0 optimiser le repos et la r\u00e9cup\u00e9ration, un point cl\u00e9 dans un programme d\u2019entra\u00eenement.<br \/>\n\u2022 Ingr\u00e9dients principaux : Lactium\u00ae, vitamine C, vitamine E, vitamine A<br \/>\n\u2022 Contient 200 mg de vitamine C qui contribue au fonctionnement normal du syst\u00e8me immunitaire pendant et apr\u00e8s un exercice physique intense.<br \/>\nUtilisation<br \/>\nPrendre une g\u00e9lule le soir avant le coucher.<\/p>\n","protected":false},"excerpt":{"rendered":"<p>Ingr\u00e9dients SKU1424 Herbalife24 &#8211; Restore 30 capsules Aper\u00e7u du produit Restore a \u00e9t\u00e9 sp\u00e9cialement formul\u00e9 en ayant \u00e0 l\u2019esprit les besoins des<\/p>\n","protected":false},"featured_media":12005,"comment_status":"open","ping_status":"closed","template":"","meta":{"_acf_changed":false},"product_brand":[],"product_cat":[294,291,293],"product_tag":[755,651],"class_list":{"0":"post-12001","1":"product","2":"type-product","3":"status-publish","4":"has-post-thumbnail","6":"product_cat-herbalife-24-fr","7":"product_cat-presentation-du-produit","8":"product_cat-sport-fitness-fr","9":"product_tag-h24-fr","10":"product_tag-restaurer","12":"first","13":"instock","14":"sale","15":"taxable","16":"shipping-taxable","17":"purchasable","18":"product-type-simple"},"acf":[],"yoast_head":"<!-- This site is optimized with the Yoast SEO plugin v25.6 - https:\/\/yoast.com\/wordpress\/plugins\/seo\/ -->\n<title>Herbalife24 - Restore 30 capsules - Boutique en ligne - Erich Geiger, membre ind\u00e9pendant de HERBALIFE<\/title>\n<meta name=\"description\" content=\"Dies ist die Webseite eines Selbst\u00e4ndigen HERBALIFE-Mitgliedes. Um auf die offizielle HERBALIFE-Webseite zu gelangen, besuchen Sie bitte HERBALIFE.de.\" \/>\n<meta name=\"robots\" content=\"index, follow, max-snippet:-1, max-image-preview:large, max-video-preview:-1\" \/>\n<link rel=\"canonical\" href=\"https:\/\/herba-online.shop\/fr\/produit\/herbalife24-restore-30-capsules\/\" \/>\n<meta property=\"og:locale\" content=\"fr_FR\" \/>\n<meta property=\"og:type\" content=\"article\" \/>\n<meta property=\"og:title\" content=\"Herbalife24 - Restore 30 capsules - Boutique en ligne - Erich Geiger, membre ind\u00e9pendant de HERBALIFE\" \/>\n<meta property=\"og:description\" content=\"Dies ist die Webseite eines Selbst\u00e4ndigen HERBALIFE-Mitgliedes. Um auf die offizielle HERBALIFE-Webseite zu gelangen, besuchen Sie bitte HERBALIFE.de.\" \/>\n<meta property=\"og:url\" content=\"https:\/\/herba-online.shop\/fr\/produit\/herbalife24-restore-30-capsules\/\" \/>\n<meta property=\"og:site_name\" content=\"Boutique en ligne - Erich Geiger, membre ind\u00e9pendant de HERBALIFE\" \/>\n<meta property=\"og:image\" content=\"https:\/\/herba-online.shop\/wp-content\/uploads\/2020\/07\/FR1424.png\" \/>\n\t<meta property=\"og:image:width\" content=\"1000\" \/>\n\t<meta property=\"og:image:height\" content=\"1000\" \/>\n\t<meta property=\"og:image:type\" content=\"image\/png\" \/>\n<meta name=\"twitter:card\" content=\"summary_large_image\" \/>\n<meta name=\"twitter:label1\" content=\"Dur\u00e9e de lecture estim\u00e9e\" \/>\n\t<meta name=\"twitter:data1\" content=\"1 minute\" \/>\n<script type=\"application\/ld+json\" class=\"yoast-schema-graph\">{\"@context\":\"https:\/\/schema.org\",\"@graph\":[{\"@type\":\"WebPage\",\"@id\":\"https:\/\/herba-online.shop\/fr\/produit\/herbalife24-restore-30-capsules\/\",\"url\":\"https:\/\/herba-online.shop\/fr\/produit\/herbalife24-restore-30-capsules\/\",\"name\":\"Herbalife24 - Restore 30 capsules - Boutique en ligne - Erich Geiger, membre ind\u00e9pendant de HERBALIFE\",\"isPartOf\":{\"@id\":\"https:\/\/herba-online.shop\/#website\"},\"primaryImageOfPage\":{\"@id\":\"https:\/\/herba-online.shop\/fr\/produit\/herbalife24-restore-30-capsules\/#primaryimage\"},\"image\":{\"@id\":\"https:\/\/herba-online.shop\/fr\/produit\/herbalife24-restore-30-capsules\/#primaryimage\"},\"thumbnailUrl\":\"https:\/\/herba-online.shop\/wp-content\/uploads\/2020\/07\/FR1424.png\",\"datePublished\":\"2020-07-09T09:04:46+00:00\",\"description\":\"Dies ist die Webseite eines Selbst\u00e4ndigen HERBALIFE-Mitgliedes. Um auf die offizielle HERBALIFE-Webseite zu gelangen, besuchen Sie bitte HERBALIFE.de.\",\"breadcrumb\":{\"@id\":\"https:\/\/herba-online.shop\/fr\/produit\/herbalife24-restore-30-capsules\/#breadcrumb\"},\"inLanguage\":\"fr-FR\",\"potentialAction\":[{\"@type\":\"ReadAction\",\"target\":[\"https:\/\/herba-online.shop\/fr\/produit\/herbalife24-restore-30-capsules\/\"]}]},{\"@type\":\"ImageObject\",\"inLanguage\":\"fr-FR\",\"@id\":\"https:\/\/herba-online.shop\/fr\/produit\/herbalife24-restore-30-capsules\/#primaryimage\",\"url\":\"https:\/\/herba-online.shop\/wp-content\/uploads\/2020\/07\/FR1424.png\",\"contentUrl\":\"https:\/\/herba-online.shop\/wp-content\/uploads\/2020\/07\/FR1424.png\",\"width\":1000,\"height\":1000},{\"@type\":\"BreadcrumbList\",\"@id\":\"https:\/\/herba-online.shop\/fr\/produit\/herbalife24-restore-30-capsules\/#breadcrumb\",\"itemListElement\":[{\"@type\":\"ListItem\",\"position\":1,\"name\":\"Startseite\",\"item\":\"https:\/\/herba-online.shop\/fr\/\"},{\"@type\":\"ListItem\",\"position\":2,\"name\":\"Pr\u00e9sentation du produit\",\"item\":\"https:\/\/herba-online.shop\/fr\/shop\/\"},{\"@type\":\"ListItem\",\"position\":3,\"name\":\"Herbalife24 &#8211; Restore 30 capsules\"}]},{\"@type\":\"WebSite\",\"@id\":\"https:\/\/herba-online.shop\/#website\",\"url\":\"https:\/\/herba-online.shop\/\",\"name\":\"Boutique en ligne - Erich Geiger, membre ind\u00e9pendant de HERBALIFE\",\"description\":\"\",\"publisher\":{\"@id\":\"https:\/\/herba-online.shop\/#organization\"},\"potentialAction\":[{\"@type\":\"SearchAction\",\"target\":{\"@type\":\"EntryPoint\",\"urlTemplate\":\"https:\/\/herba-online.shop\/?s={search_term_string}\"},\"query-input\":{\"@type\":\"PropertyValueSpecification\",\"valueRequired\":true,\"valueName\":\"search_term_string\"}}],\"inLanguage\":\"fr-FR\"},{\"@type\":\"Organization\",\"@id\":\"https:\/\/herba-online.shop\/#organization\",\"name\":\"Herba-Onlineshop Erich Geiger\",\"url\":\"https:\/\/herba-online.shop\/\",\"logo\":{\"@type\":\"ImageObject\",\"inLanguage\":\"fr-FR\",\"@id\":\"https:\/\/herba-online.shop\/#\/schema\/logo\/image\/\",\"url\":\"https:\/\/herba-online.shop\/wp-content\/uploads\/2019\/03\/logo_08.2017_header.png\",\"contentUrl\":\"https:\/\/herba-online.shop\/wp-content\/uploads\/2019\/03\/logo_08.2017_header.png\",\"width\":300,\"height\":76,\"caption\":\"Herba-Onlineshop Erich Geiger\"},\"image\":{\"@id\":\"https:\/\/herba-online.shop\/#\/schema\/logo\/image\/\"}}]}<\/script>\n<!-- \/ Yoast SEO plugin. -->","yoast_head_json":{"title":"Herbalife24 - Restore 30 capsules - Boutique en ligne - Erich Geiger, membre ind\u00e9pendant de HERBALIFE","description":"Dies ist die Webseite eines Selbst\u00e4ndigen HERBALIFE-Mitgliedes. Um auf die offizielle HERBALIFE-Webseite zu gelangen, besuchen Sie bitte HERBALIFE.de.","robots":{"index":"index","follow":"follow","max-snippet":"max-snippet:-1","max-image-preview":"max-image-preview:large","max-video-preview":"max-video-preview:-1"},"canonical":"https:\/\/herba-online.shop\/fr\/produit\/herbalife24-restore-30-capsules\/","og_locale":"fr_FR","og_type":"article","og_title":"Herbalife24 - Restore 30 capsules - Boutique en ligne - Erich Geiger, membre ind\u00e9pendant de HERBALIFE","og_description":"Dies ist die Webseite eines Selbst\u00e4ndigen HERBALIFE-Mitgliedes. Um auf die offizielle HERBALIFE-Webseite zu gelangen, besuchen Sie bitte HERBALIFE.de.","og_url":"https:\/\/herba-online.shop\/fr\/produit\/herbalife24-restore-30-capsules\/","og_site_name":"Boutique en ligne - Erich Geiger, membre ind\u00e9pendant de HERBALIFE","og_image":[{"width":1000,"height":1000,"url":"https:\/\/herba-online.shop\/wp-content\/uploads\/2020\/07\/FR1424.png","type":"image\/png"}],"twitter_card":"summary_large_image","twitter_misc":{"Dur\u00e9e de lecture estim\u00e9e":"1 minute"},"schema":{"@context":"https:\/\/schema.org","@graph":[{"@type":"WebPage","@id":"https:\/\/herba-online.shop\/fr\/produit\/herbalife24-restore-30-capsules\/","url":"https:\/\/herba-online.shop\/fr\/produit\/herbalife24-restore-30-capsules\/","name":"Herbalife24 - Restore 30 capsules - Boutique en ligne - Erich Geiger, membre ind\u00e9pendant de HERBALIFE","isPartOf":{"@id":"https:\/\/herba-online.shop\/#website"},"primaryImageOfPage":{"@id":"https:\/\/herba-online.shop\/fr\/produit\/herbalife24-restore-30-capsules\/#primaryimage"},"image":{"@id":"https:\/\/herba-online.shop\/fr\/produit\/herbalife24-restore-30-capsules\/#primaryimage"},"thumbnailUrl":"https:\/\/herba-online.shop\/wp-content\/uploads\/2020\/07\/FR1424.png","datePublished":"2020-07-09T09:04:46+00:00","description":"Dies ist die Webseite eines Selbst\u00e4ndigen HERBALIFE-Mitgliedes. Um auf die offizielle HERBALIFE-Webseite zu gelangen, besuchen Sie bitte HERBALIFE.de.","breadcrumb":{"@id":"https:\/\/herba-online.shop\/fr\/produit\/herbalife24-restore-30-capsules\/#breadcrumb"},"inLanguage":"fr-FR","potentialAction":[{"@type":"ReadAction","target":["https:\/\/herba-online.shop\/fr\/produit\/herbalife24-restore-30-capsules\/"]}]},{"@type":"ImageObject","inLanguage":"fr-FR","@id":"https:\/\/herba-online.shop\/fr\/produit\/herbalife24-restore-30-capsules\/#primaryimage","url":"https:\/\/herba-online.shop\/wp-content\/uploads\/2020\/07\/FR1424.png","contentUrl":"https:\/\/herba-online.shop\/wp-content\/uploads\/2020\/07\/FR1424.png","width":1000,"height":1000},{"@type":"BreadcrumbList","@id":"https:\/\/herba-online.shop\/fr\/produit\/herbalife24-restore-30-capsules\/#breadcrumb","itemListElement":[{"@type":"ListItem","position":1,"name":"Startseite","item":"https:\/\/herba-online.shop\/fr\/"},{"@type":"ListItem","position":2,"name":"Pr\u00e9sentation du produit","item":"https:\/\/herba-online.shop\/fr\/shop\/"},{"@type":"ListItem","position":3,"name":"Herbalife24 &#8211; Restore 30 capsules"}]},{"@type":"WebSite","@id":"https:\/\/herba-online.shop\/#website","url":"https:\/\/herba-online.shop\/","name":"Boutique en ligne - Erich Geiger, membre ind\u00e9pendant de HERBALIFE","description":"","publisher":{"@id":"https:\/\/herba-online.shop\/#organization"},"potentialAction":[{"@type":"SearchAction","target":{"@type":"EntryPoint","urlTemplate":"https:\/\/herba-online.shop\/?s={search_term_string}"},"query-input":{"@type":"PropertyValueSpecification","valueRequired":true,"valueName":"search_term_string"}}],"inLanguage":"fr-FR"},{"@type":"Organization","@id":"https:\/\/herba-online.shop\/#organization","name":"Herba-Onlineshop Erich Geiger","url":"https:\/\/herba-online.shop\/","logo":{"@type":"ImageObject","inLanguage":"fr-FR","@id":"https:\/\/herba-online.shop\/#\/schema\/logo\/image\/","url":"https:\/\/herba-online.shop\/wp-content\/uploads\/2019\/03\/logo_08.2017_header.png","contentUrl":"https:\/\/herba-online.shop\/wp-content\/uploads\/2019\/03\/logo_08.2017_header.png","width":300,"height":76,"caption":"Herba-Onlineshop Erich Geiger"},"image":{"@id":"https:\/\/herba-online.shop\/#\/schema\/logo\/image\/"}}]}},"_links":{"self":[{"href":"https:\/\/herba-online.shop\/fr\/wp-json\/wp\/v2\/product\/12001","targetHints":{"allow":["GET"]}}],"collection":[{"href":"https:\/\/herba-online.shop\/fr\/wp-json\/wp\/v2\/product"}],"about":[{"href":"https:\/\/herba-online.shop\/fr\/wp-json\/wp\/v2\/types\/product"}],"replies":[{"embeddable":true,"href":"https:\/\/herba-online.shop\/fr\/wp-json\/wp\/v2\/comments?post=12001"}],"wp:featuredmedia":[{"embeddable":true,"href":"https:\/\/herba-online.shop\/fr\/wp-json\/wp\/v2\/media\/12005"}],"wp:attachment":[{"href":"https:\/\/herba-online.shop\/fr\/wp-json\/wp\/v2\/media?parent=12001"}],"wp:term":[{"taxonomy":"product_brand","embeddable":true,"href":"https:\/\/herba-online.shop\/fr\/wp-json\/wp\/v2\/product_brand?post=12001"},{"taxonomy":"product_cat","embeddable":true,"href":"https:\/\/herba-online.shop\/fr\/wp-json\/wp\/v2\/product_cat?post=12001"},{"taxonomy":"product_tag","embeddable":true,"href":"https:\/\/herba-online.shop\/fr\/wp-json\/wp\/v2\/product_tag?post=12001"}],"curies":[{"name":"wp","href":"https:\/\/api.w.org\/{rel}","templated":true}]}}