{"id":12056,"date":"2016-09-30T10:14:16","date_gmt":"2020-07-10T07:00:13","guid":{"rendered":"https:\/\/herba-online.shop\/?post_type=product&#038;p=12056"},"modified":"2020-07-10T09:03:42","modified_gmt":"2020-07-10T07:03:42","slug":"beta-heart-vanille-229-g","status":"publish","type":"product","link":"https:\/\/herba-online.shop\/fr\/produit\/beta-heart-vanille-229-g\/","title":{"rendered":"Beta Heart\u00ae Vanille 229 g"},"content":{"rendered":"<p><a href=\"https:\/\/herba-online.shop\/wp-content\/uploads\/2020\/07\/Ingr\u00e9dients-SKU0267-Beta-Heart\u00ae-Vanille-229-gIngr\u00e9dients-SKU0267-Beta-Heart\u00ae-Vanille-229-g.pdf\">Ingr\u00e9dients SKU0267 Beta Heart\u00ae Vanille 229 gIngr\u00e9dients SKU0267 Beta Heart\u00ae Vanille 229 g<\/a><\/p>\n<p>Aper\u00e7u du produit<br \/>\nBeta heart\u00ae est un m\u00e9lange en poudre saveur vanille qui contient un ingr\u00e9dient cl\u00e9, le b\u00eata-glucane d\u2019avoine OatWell\u2122 &#8211; connu pour maintenir ou r\u00e9duire le taux de cholest\u00e9rol sanguin.*<\/p>\n<p>*Il a \u00e9t\u00e9 d\u00e9montr\u00e9 que le b\u00eata-glucane d\u2019avoine r\u00e9duisait le taux de cholest\u00e9rol sanguin. Une cholest\u00e9rol\u00e9mie \u00e9lev\u00e9e constitue un facteur de risque de d\u00e9veloppement de maladie coronarienne. Les b\u00eata-glucanes contribuent au maintien d\u2019une cholest\u00e9rol\u00e9mie normale. L\u2019effet b\u00e9n\u00e9fique est obtenu par la consommation journali\u00e8re de 3 g de b\u00eata-glucanes d\u2019avoine. La maladie coronarienne a de multiples facteurs de risque et la modification de l\u2019un de ces facteurs de risque peut ou non avoir un effet b\u00e9n\u00e9fique.<br \/>\n** Les b\u00eata-glucanes contribuent au maintien d\u2019une cholest\u00e9rol\u00e9mie normale. L\u2019all\u00e9gation ne peut \u00eatre utilis\u00e9e que pour une denr\u00e9e alimentaire contenant au moins 1 g de b\u00eata-glucanes provenant d\u2019avoine, de son d\u2019avoine, d\u2019orge, de son d\u2019orge, ou provenant de plusieurs de ces sources, par portion quantifi\u00e9e. L\u2019all\u00e9gation peut \u00eatre utilis\u00e9e si le consommateur est inform\u00e9 que l\u2019effet b\u00e9n\u00e9fique est obtenu par la consommation journali\u00e8re de 3 g de b\u00eata-glucanes provenant d\u2019avoine, de son d\u2019avoine, d\u2019orge, de son d\u2019orge ou provenant de plusieurs de ces sources.<\/p>\n<p>OatWell\u2122 est une marque d\u00e9pos\u00e9e de DSM<br \/>\nPrincipaux Avantages<br \/>\n\u2022 3 g de b\u00eata-glucanes d\u2019avoine aident \u00e0 r\u00e9duire le taux de cholest\u00e9rol sanguin* (2 cuill\u00e8res)<br \/>\n\u2022 1,5 g de b\u00eata-glucanes d\u2019avoine aide \u00e0 maintenir le taux de cholest\u00e9rol sanguin** (1 cuill\u00e8re)<br \/>\n\u2022 Sans sucre<br \/>\n\u2022 Sans \u00e9dulcorant artificiel<br \/>\n\u2022 Riche en fibres (3 g par cuill\u00e8re)<br \/>\n\u2022 Source de prot\u00e9ines<br \/>\n\u2022 25 kcal par cuill\u00e8re<br \/>\nUtilisation<br \/>\nM\u00e9langez 2 cuill\u00e8res de Beta heart\u00ae \u00e0 de l\u2019eau pour une boisson sans sucre, ou m\u00e9langez-le \u00e0 du jus de fruit ou \u00e0 votre shake pr\u00e9f\u00e9r\u00e9 de Formula 1, une fois par jour.<br \/>\nVous pouvez \u00e9galement m\u00e9langer 1 cuill\u00e8re de Beta heart\u00ae deux fois par jour.<\/p>\n","protected":false},"excerpt":{"rendered":"<p>Ingr\u00e9dients SKU0267 Beta Heart\u00ae Vanille 229 gIngr\u00e9dients SKU0267 Beta Heart\u00ae Vanille 229 g Aper\u00e7u du produit Beta heart\u00ae est un m\u00e9lange en<\/p>\n","protected":false},"featured_media":12057,"comment_status":"open","ping_status":"closed","template":"","meta":{"_acf_changed":false},"product_brand":[],"product_cat":[290,291],"product_tag":[675],"class_list":{"0":"post-12056","1":"product","2":"type-product","3":"status-publish","4":"has-post-thumbnail","6":"product_cat-complement-alimentaire","7":"product_cat-presentation-du-produit","8":"product_tag-cholesterol-fr","10":"first","11":"instock","12":"sale","13":"taxable","14":"shipping-taxable","15":"purchasable","16":"product-type-simple"},"acf":[],"yoast_head":"<!-- This site is optimized with the Yoast SEO plugin v25.6 - https:\/\/yoast.com\/wordpress\/plugins\/seo\/ -->\n<title>Beta Heart\u00ae Vanille 229 g - Boutique en ligne - Erich Geiger, membre ind\u00e9pendant de HERBALIFE<\/title>\n<meta name=\"description\" content=\"Dies ist die Webseite eines Selbst\u00e4ndigen HERBALIFE-Mitgliedes. Um auf die offizielle HERBALIFE-Webseite zu gelangen, besuchen Sie bitte HERBALIFE.de.\" \/>\n<meta name=\"robots\" content=\"index, follow, max-snippet:-1, max-image-preview:large, max-video-preview:-1\" \/>\n<link rel=\"canonical\" href=\"https:\/\/herba-online.shop\/fr\/produit\/beta-heart-vanille-229-g\/\" \/>\n<meta property=\"og:locale\" content=\"fr_FR\" \/>\n<meta property=\"og:type\" content=\"article\" \/>\n<meta property=\"og:title\" content=\"Beta Heart\u00ae Vanille 229 g - Boutique en ligne - Erich Geiger, membre ind\u00e9pendant de HERBALIFE\" \/>\n<meta property=\"og:description\" content=\"Dies ist die Webseite eines Selbst\u00e4ndigen HERBALIFE-Mitgliedes. Um auf die offizielle HERBALIFE-Webseite zu gelangen, besuchen Sie bitte HERBALIFE.de.\" \/>\n<meta property=\"og:url\" content=\"https:\/\/herba-online.shop\/fr\/produit\/beta-heart-vanille-229-g\/\" \/>\n<meta property=\"og:site_name\" content=\"Boutique en ligne - Erich Geiger, membre ind\u00e9pendant de HERBALIFE\" \/>\n<meta property=\"article:modified_time\" content=\"2020-07-10T07:03:42+00:00\" \/>\n<meta property=\"og:image\" content=\"https:\/\/herba-online.shop\/wp-content\/uploads\/2020\/07\/FR0267.png\" \/>\n\t<meta property=\"og:image:width\" content=\"1000\" \/>\n\t<meta property=\"og:image:height\" content=\"1000\" \/>\n\t<meta property=\"og:image:type\" content=\"image\/png\" \/>\n<meta name=\"twitter:card\" content=\"summary_large_image\" \/>\n<meta name=\"twitter:label1\" content=\"Dur\u00e9e de lecture estim\u00e9e\" \/>\n\t<meta name=\"twitter:data1\" content=\"2 minutes\" \/>\n<script type=\"application\/ld+json\" class=\"yoast-schema-graph\">{\"@context\":\"https:\/\/schema.org\",\"@graph\":[{\"@type\":\"WebPage\",\"@id\":\"https:\/\/herba-online.shop\/fr\/produit\/beta-heart-vanille-229-g\/\",\"url\":\"https:\/\/herba-online.shop\/fr\/produit\/beta-heart-vanille-229-g\/\",\"name\":\"Beta Heart\u00ae Vanille 229 g - Boutique en ligne - Erich Geiger, membre ind\u00e9pendant de HERBALIFE\",\"isPartOf\":{\"@id\":\"https:\/\/herba-online.shop\/#website\"},\"primaryImageOfPage\":{\"@id\":\"https:\/\/herba-online.shop\/fr\/produit\/beta-heart-vanille-229-g\/#primaryimage\"},\"image\":{\"@id\":\"https:\/\/herba-online.shop\/fr\/produit\/beta-heart-vanille-229-g\/#primaryimage\"},\"thumbnailUrl\":\"https:\/\/herba-online.shop\/wp-content\/uploads\/2020\/07\/FR0267.png\",\"datePublished\":\"2020-07-10T07:00:13+00:00\",\"dateModified\":\"2020-07-10T07:03:42+00:00\",\"description\":\"Dies ist die Webseite eines Selbst\u00e4ndigen HERBALIFE-Mitgliedes. Um auf die offizielle HERBALIFE-Webseite zu gelangen, besuchen Sie bitte HERBALIFE.de.\",\"breadcrumb\":{\"@id\":\"https:\/\/herba-online.shop\/fr\/produit\/beta-heart-vanille-229-g\/#breadcrumb\"},\"inLanguage\":\"fr-FR\",\"potentialAction\":[{\"@type\":\"ReadAction\",\"target\":[\"https:\/\/herba-online.shop\/fr\/produit\/beta-heart-vanille-229-g\/\"]}]},{\"@type\":\"ImageObject\",\"inLanguage\":\"fr-FR\",\"@id\":\"https:\/\/herba-online.shop\/fr\/produit\/beta-heart-vanille-229-g\/#primaryimage\",\"url\":\"https:\/\/herba-online.shop\/wp-content\/uploads\/2020\/07\/FR0267.png\",\"contentUrl\":\"https:\/\/herba-online.shop\/wp-content\/uploads\/2020\/07\/FR0267.png\",\"width\":1000,\"height\":1000},{\"@type\":\"BreadcrumbList\",\"@id\":\"https:\/\/herba-online.shop\/fr\/produit\/beta-heart-vanille-229-g\/#breadcrumb\",\"itemListElement\":[{\"@type\":\"ListItem\",\"position\":1,\"name\":\"Startseite\",\"item\":\"https:\/\/herba-online.shop\/fr\/\"},{\"@type\":\"ListItem\",\"position\":2,\"name\":\"Pr\u00e9sentation du produit\",\"item\":\"https:\/\/herba-online.shop\/fr\/shop\/\"},{\"@type\":\"ListItem\",\"position\":3,\"name\":\"Beta Heart\u00ae Vanille 229 g\"}]},{\"@type\":\"WebSite\",\"@id\":\"https:\/\/herba-online.shop\/#website\",\"url\":\"https:\/\/herba-online.shop\/\",\"name\":\"Boutique en ligne - Erich Geiger, membre ind\u00e9pendant de HERBALIFE\",\"description\":\"\",\"publisher\":{\"@id\":\"https:\/\/herba-online.shop\/#organization\"},\"potentialAction\":[{\"@type\":\"SearchAction\",\"target\":{\"@type\":\"EntryPoint\",\"urlTemplate\":\"https:\/\/herba-online.shop\/?s={search_term_string}\"},\"query-input\":{\"@type\":\"PropertyValueSpecification\",\"valueRequired\":true,\"valueName\":\"search_term_string\"}}],\"inLanguage\":\"fr-FR\"},{\"@type\":\"Organization\",\"@id\":\"https:\/\/herba-online.shop\/#organization\",\"name\":\"Herba-Onlineshop Erich Geiger\",\"url\":\"https:\/\/herba-online.shop\/\",\"logo\":{\"@type\":\"ImageObject\",\"inLanguage\":\"fr-FR\",\"@id\":\"https:\/\/herba-online.shop\/#\/schema\/logo\/image\/\",\"url\":\"https:\/\/herba-online.shop\/wp-content\/uploads\/2019\/03\/logo_08.2017_header.png\",\"contentUrl\":\"https:\/\/herba-online.shop\/wp-content\/uploads\/2019\/03\/logo_08.2017_header.png\",\"width\":300,\"height\":76,\"caption\":\"Herba-Onlineshop Erich Geiger\"},\"image\":{\"@id\":\"https:\/\/herba-online.shop\/#\/schema\/logo\/image\/\"}}]}<\/script>\n<!-- \/ Yoast SEO plugin. -->","yoast_head_json":{"title":"Beta Heart\u00ae Vanille 229 g - Boutique en ligne - Erich Geiger, membre ind\u00e9pendant de HERBALIFE","description":"Dies ist die Webseite eines Selbst\u00e4ndigen HERBALIFE-Mitgliedes. Um auf die offizielle HERBALIFE-Webseite zu gelangen, besuchen Sie bitte HERBALIFE.de.","robots":{"index":"index","follow":"follow","max-snippet":"max-snippet:-1","max-image-preview":"max-image-preview:large","max-video-preview":"max-video-preview:-1"},"canonical":"https:\/\/herba-online.shop\/fr\/produit\/beta-heart-vanille-229-g\/","og_locale":"fr_FR","og_type":"article","og_title":"Beta Heart\u00ae Vanille 229 g - Boutique en ligne - Erich Geiger, membre ind\u00e9pendant de HERBALIFE","og_description":"Dies ist die Webseite eines Selbst\u00e4ndigen HERBALIFE-Mitgliedes. Um auf die offizielle HERBALIFE-Webseite zu gelangen, besuchen Sie bitte HERBALIFE.de.","og_url":"https:\/\/herba-online.shop\/fr\/produit\/beta-heart-vanille-229-g\/","og_site_name":"Boutique en ligne - Erich Geiger, membre ind\u00e9pendant de HERBALIFE","article_modified_time":"2020-07-10T07:03:42+00:00","og_image":[{"width":1000,"height":1000,"url":"https:\/\/herba-online.shop\/wp-content\/uploads\/2020\/07\/FR0267.png","type":"image\/png"}],"twitter_card":"summary_large_image","twitter_misc":{"Dur\u00e9e de lecture estim\u00e9e":"2 minutes"},"schema":{"@context":"https:\/\/schema.org","@graph":[{"@type":"WebPage","@id":"https:\/\/herba-online.shop\/fr\/produit\/beta-heart-vanille-229-g\/","url":"https:\/\/herba-online.shop\/fr\/produit\/beta-heart-vanille-229-g\/","name":"Beta Heart\u00ae Vanille 229 g - Boutique en ligne - Erich Geiger, membre ind\u00e9pendant de HERBALIFE","isPartOf":{"@id":"https:\/\/herba-online.shop\/#website"},"primaryImageOfPage":{"@id":"https:\/\/herba-online.shop\/fr\/produit\/beta-heart-vanille-229-g\/#primaryimage"},"image":{"@id":"https:\/\/herba-online.shop\/fr\/produit\/beta-heart-vanille-229-g\/#primaryimage"},"thumbnailUrl":"https:\/\/herba-online.shop\/wp-content\/uploads\/2020\/07\/FR0267.png","datePublished":"2020-07-10T07:00:13+00:00","dateModified":"2020-07-10T07:03:42+00:00","description":"Dies ist die Webseite eines Selbst\u00e4ndigen HERBALIFE-Mitgliedes. Um auf die offizielle HERBALIFE-Webseite zu gelangen, besuchen Sie bitte HERBALIFE.de.","breadcrumb":{"@id":"https:\/\/herba-online.shop\/fr\/produit\/beta-heart-vanille-229-g\/#breadcrumb"},"inLanguage":"fr-FR","potentialAction":[{"@type":"ReadAction","target":["https:\/\/herba-online.shop\/fr\/produit\/beta-heart-vanille-229-g\/"]}]},{"@type":"ImageObject","inLanguage":"fr-FR","@id":"https:\/\/herba-online.shop\/fr\/produit\/beta-heart-vanille-229-g\/#primaryimage","url":"https:\/\/herba-online.shop\/wp-content\/uploads\/2020\/07\/FR0267.png","contentUrl":"https:\/\/herba-online.shop\/wp-content\/uploads\/2020\/07\/FR0267.png","width":1000,"height":1000},{"@type":"BreadcrumbList","@id":"https:\/\/herba-online.shop\/fr\/produit\/beta-heart-vanille-229-g\/#breadcrumb","itemListElement":[{"@type":"ListItem","position":1,"name":"Startseite","item":"https:\/\/herba-online.shop\/fr\/"},{"@type":"ListItem","position":2,"name":"Pr\u00e9sentation du produit","item":"https:\/\/herba-online.shop\/fr\/shop\/"},{"@type":"ListItem","position":3,"name":"Beta Heart\u00ae Vanille 229 g"}]},{"@type":"WebSite","@id":"https:\/\/herba-online.shop\/#website","url":"https:\/\/herba-online.shop\/","name":"Boutique en ligne - Erich Geiger, membre ind\u00e9pendant de HERBALIFE","description":"","publisher":{"@id":"https:\/\/herba-online.shop\/#organization"},"potentialAction":[{"@type":"SearchAction","target":{"@type":"EntryPoint","urlTemplate":"https:\/\/herba-online.shop\/?s={search_term_string}"},"query-input":{"@type":"PropertyValueSpecification","valueRequired":true,"valueName":"search_term_string"}}],"inLanguage":"fr-FR"},{"@type":"Organization","@id":"https:\/\/herba-online.shop\/#organization","name":"Herba-Onlineshop Erich Geiger","url":"https:\/\/herba-online.shop\/","logo":{"@type":"ImageObject","inLanguage":"fr-FR","@id":"https:\/\/herba-online.shop\/#\/schema\/logo\/image\/","url":"https:\/\/herba-online.shop\/wp-content\/uploads\/2019\/03\/logo_08.2017_header.png","contentUrl":"https:\/\/herba-online.shop\/wp-content\/uploads\/2019\/03\/logo_08.2017_header.png","width":300,"height":76,"caption":"Herba-Onlineshop Erich Geiger"},"image":{"@id":"https:\/\/herba-online.shop\/#\/schema\/logo\/image\/"}}]}},"_links":{"self":[{"href":"https:\/\/herba-online.shop\/fr\/wp-json\/wp\/v2\/product\/12056","targetHints":{"allow":["GET"]}}],"collection":[{"href":"https:\/\/herba-online.shop\/fr\/wp-json\/wp\/v2\/product"}],"about":[{"href":"https:\/\/herba-online.shop\/fr\/wp-json\/wp\/v2\/types\/product"}],"replies":[{"embeddable":true,"href":"https:\/\/herba-online.shop\/fr\/wp-json\/wp\/v2\/comments?post=12056"}],"wp:featuredmedia":[{"embeddable":true,"href":"https:\/\/herba-online.shop\/fr\/wp-json\/wp\/v2\/media\/12057"}],"wp:attachment":[{"href":"https:\/\/herba-online.shop\/fr\/wp-json\/wp\/v2\/media?parent=12056"}],"wp:term":[{"taxonomy":"product_brand","embeddable":true,"href":"https:\/\/herba-online.shop\/fr\/wp-json\/wp\/v2\/product_brand?post=12056"},{"taxonomy":"product_cat","embeddable":true,"href":"https:\/\/herba-online.shop\/fr\/wp-json\/wp\/v2\/product_cat?post=12056"},{"taxonomy":"product_tag","embeddable":true,"href":"https:\/\/herba-online.shop\/fr\/wp-json\/wp\/v2\/product_tag?post=12056"}],"curies":[{"name":"wp","href":"https:\/\/api.w.org\/{rel}","templated":true}]}}