{"id":12134,"date":"2016-01-16T00:00:00","date_gmt":"2016-01-15T23:00:00","guid":{"rendered":"https:\/\/herba-online.shop\/?post_type=product&#038;p=12134"},"modified":"2020-07-10T11:37:08","modified_gmt":"2020-07-10T09:37:08","slug":"lait-quotidien-apaisant-mains-et-corps-herbal-aloe-200-ml","status":"publish","type":"product","link":"https:\/\/herba-online.shop\/fr\/produit\/lait-quotidien-apaisant-mains-et-corps-herbal-aloe-200-ml\/","title":{"rendered":"Lait Quotidien Apaisant Mains et Corps Herbal Aloe 200 ml"},"content":{"rendered":"<p><a href=\"https:\/\/herba-online.shop\/wp-content\/uploads\/2020\/07\/Ingr\u00e9dients-SKU2563-Lait-Quotidien-Apaisant-Mains-et-Corps-Herbal-Aloe-200-ml-.pdf\">Ingr\u00e9dients SKU2563 Lait Quotidien Apaisant Mains et Corps Herbal Aloe 200 ml<\/a><\/p>\n<p>Aper\u00e7u du produit<br \/>\nPour une hydratation durable.<br \/>\nPrincipaux Avantages<br \/>\n\u2022 D\u00e9montr\u00e9 cliniquement pour hydrater la peau*.<br \/>\n\u2022 Hydratation maintenue tout au long de la journ\u00e9e.<br \/>\n\u2022 L\u2019aloe vera et le beurre de karit\u00e9 p\u00e9n\u00e8trent rapidement et laissent sur la peau une sensation douce et soyeuse.<\/p>\n<p>*D\u00e9clarations appuy\u00e9es par un test individuel sur panel.<\/p>\n<p>Utilisation<br \/>\nAppliquez quotidiennement selon les besoins.<\/p>\n","protected":false},"excerpt":{"rendered":"<p>Ingr\u00e9dients SKU2563 Lait Quotidien Apaisant Mains et Corps Herbal Aloe 200 ml Aper\u00e7u du produit Pour une hydratation durable. Principaux Avantages \u2022<\/p>\n","protected":false},"featured_media":12135,"comment_status":"open","ping_status":"closed","template":"","meta":{"_acf_changed":false},"product_brand":[],"product_cat":[287,291,286],"product_tag":[248,741,260],"class_list":{"0":"post-12134","1":"product","2":"type-product","3":"status-publish","4":"has-post-thumbnail","6":"product_cat-herbal-aloe-fr","7":"product_cat-presentation-du-produit","8":"product_cat-soin-du-corps","9":"product_tag-aloe-fr","10":"product_tag-maintenance","11":"product_tag-serie-de-soins","13":"first","14":"instock","15":"taxable","16":"shipping-taxable","17":"purchasable","18":"product-type-simple"},"acf":[],"yoast_head":"<!-- This site is optimized with the Yoast SEO plugin v25.6 - https:\/\/yoast.com\/wordpress\/plugins\/seo\/ -->\n<title>Lait Quotidien Apaisant Mains et Corps Herbal Aloe 200 ml - Boutique en ligne - Erich Geiger, membre ind\u00e9pendant de HERBALIFE<\/title>\n<meta name=\"description\" content=\"Dies ist die Webseite eines Selbst\u00e4ndigen HERBALIFE-Mitgliedes. Um auf die offizielle HERBALIFE-Webseite zu gelangen, besuchen Sie bitte HERBALIFE.de.\" \/>\n<meta name=\"robots\" content=\"index, follow, max-snippet:-1, max-image-preview:large, max-video-preview:-1\" \/>\n<link rel=\"canonical\" href=\"https:\/\/herba-online.shop\/fr\/produit\/lait-quotidien-apaisant-mains-et-corps-herbal-aloe-200-ml\/\" \/>\n<meta property=\"og:locale\" content=\"fr_FR\" \/>\n<meta property=\"og:type\" content=\"article\" \/>\n<meta property=\"og:title\" content=\"Lait Quotidien Apaisant Mains et Corps Herbal Aloe 200 ml - Boutique en ligne - Erich Geiger, membre ind\u00e9pendant de HERBALIFE\" \/>\n<meta property=\"og:description\" content=\"Dies ist die Webseite eines Selbst\u00e4ndigen HERBALIFE-Mitgliedes. Um auf die offizielle HERBALIFE-Webseite zu gelangen, besuchen Sie bitte HERBALIFE.de.\" \/>\n<meta property=\"og:url\" content=\"https:\/\/herba-online.shop\/fr\/produit\/lait-quotidien-apaisant-mains-et-corps-herbal-aloe-200-ml\/\" \/>\n<meta property=\"og:site_name\" content=\"Boutique en ligne - Erich Geiger, membre ind\u00e9pendant de HERBALIFE\" \/>\n<meta property=\"article:modified_time\" content=\"2020-07-10T09:37:08+00:00\" \/>\n<meta property=\"og:image\" content=\"https:\/\/herba-online.shop\/wp-content\/uploads\/2019\/09\/2563_Aloe-HandBody-Lotion_Square_1300px1.png\" \/>\n\t<meta property=\"og:image:width\" content=\"800\" \/>\n\t<meta property=\"og:image:height\" content=\"800\" \/>\n\t<meta property=\"og:image:type\" content=\"image\/png\" \/>\n<meta name=\"twitter:card\" content=\"summary_large_image\" \/>\n<script type=\"application\/ld+json\" class=\"yoast-schema-graph\">{\"@context\":\"https:\/\/schema.org\",\"@graph\":[{\"@type\":\"WebPage\",\"@id\":\"https:\/\/herba-online.shop\/fr\/produit\/lait-quotidien-apaisant-mains-et-corps-herbal-aloe-200-ml\/\",\"url\":\"https:\/\/herba-online.shop\/fr\/produit\/lait-quotidien-apaisant-mains-et-corps-herbal-aloe-200-ml\/\",\"name\":\"Lait Quotidien Apaisant Mains et Corps Herbal Aloe 200 ml - Boutique en ligne - Erich Geiger, membre ind\u00e9pendant de HERBALIFE\",\"isPartOf\":{\"@id\":\"https:\/\/herba-online.shop\/#website\"},\"primaryImageOfPage\":{\"@id\":\"https:\/\/herba-online.shop\/fr\/produit\/lait-quotidien-apaisant-mains-et-corps-herbal-aloe-200-ml\/#primaryimage\"},\"image\":{\"@id\":\"https:\/\/herba-online.shop\/fr\/produit\/lait-quotidien-apaisant-mains-et-corps-herbal-aloe-200-ml\/#primaryimage\"},\"thumbnailUrl\":\"https:\/\/herba-online.shop\/wp-content\/uploads\/2019\/09\/2563_Aloe-HandBody-Lotion_Square_1300px1.png\",\"datePublished\":\"2016-01-15T23:00:00+00:00\",\"dateModified\":\"2020-07-10T09:37:08+00:00\",\"description\":\"Dies ist die Webseite eines Selbst\u00e4ndigen HERBALIFE-Mitgliedes. Um auf die offizielle HERBALIFE-Webseite zu gelangen, besuchen Sie bitte HERBALIFE.de.\",\"breadcrumb\":{\"@id\":\"https:\/\/herba-online.shop\/fr\/produit\/lait-quotidien-apaisant-mains-et-corps-herbal-aloe-200-ml\/#breadcrumb\"},\"inLanguage\":\"fr-FR\",\"potentialAction\":[{\"@type\":\"ReadAction\",\"target\":[\"https:\/\/herba-online.shop\/fr\/produit\/lait-quotidien-apaisant-mains-et-corps-herbal-aloe-200-ml\/\"]}]},{\"@type\":\"ImageObject\",\"inLanguage\":\"fr-FR\",\"@id\":\"https:\/\/herba-online.shop\/fr\/produit\/lait-quotidien-apaisant-mains-et-corps-herbal-aloe-200-ml\/#primaryimage\",\"url\":\"https:\/\/herba-online.shop\/wp-content\/uploads\/2019\/09\/2563_Aloe-HandBody-Lotion_Square_1300px1.png\",\"contentUrl\":\"https:\/\/herba-online.shop\/wp-content\/uploads\/2019\/09\/2563_Aloe-HandBody-Lotion_Square_1300px1.png\",\"width\":800,\"height\":800},{\"@type\":\"BreadcrumbList\",\"@id\":\"https:\/\/herba-online.shop\/fr\/produit\/lait-quotidien-apaisant-mains-et-corps-herbal-aloe-200-ml\/#breadcrumb\",\"itemListElement\":[{\"@type\":\"ListItem\",\"position\":1,\"name\":\"Startseite\",\"item\":\"https:\/\/herba-online.shop\/fr\/\"},{\"@type\":\"ListItem\",\"position\":2,\"name\":\"Pr\u00e9sentation du produit\",\"item\":\"https:\/\/herba-online.shop\/fr\/shop\/\"},{\"@type\":\"ListItem\",\"position\":3,\"name\":\"Lait Quotidien Apaisant Mains et Corps Herbal Aloe 200 ml\"}]},{\"@type\":\"WebSite\",\"@id\":\"https:\/\/herba-online.shop\/#website\",\"url\":\"https:\/\/herba-online.shop\/\",\"name\":\"Boutique en ligne - Erich Geiger, membre ind\u00e9pendant de HERBALIFE\",\"description\":\"\",\"publisher\":{\"@id\":\"https:\/\/herba-online.shop\/#organization\"},\"potentialAction\":[{\"@type\":\"SearchAction\",\"target\":{\"@type\":\"EntryPoint\",\"urlTemplate\":\"https:\/\/herba-online.shop\/?s={search_term_string}\"},\"query-input\":{\"@type\":\"PropertyValueSpecification\",\"valueRequired\":true,\"valueName\":\"search_term_string\"}}],\"inLanguage\":\"fr-FR\"},{\"@type\":\"Organization\",\"@id\":\"https:\/\/herba-online.shop\/#organization\",\"name\":\"Herba-Onlineshop Erich Geiger\",\"url\":\"https:\/\/herba-online.shop\/\",\"logo\":{\"@type\":\"ImageObject\",\"inLanguage\":\"fr-FR\",\"@id\":\"https:\/\/herba-online.shop\/#\/schema\/logo\/image\/\",\"url\":\"https:\/\/herba-online.shop\/wp-content\/uploads\/2019\/03\/logo_08.2017_header.png\",\"contentUrl\":\"https:\/\/herba-online.shop\/wp-content\/uploads\/2019\/03\/logo_08.2017_header.png\",\"width\":300,\"height\":76,\"caption\":\"Herba-Onlineshop Erich Geiger\"},\"image\":{\"@id\":\"https:\/\/herba-online.shop\/#\/schema\/logo\/image\/\"}}]}<\/script>\n<!-- \/ Yoast SEO plugin. -->","yoast_head_json":{"title":"Lait Quotidien Apaisant Mains et Corps Herbal Aloe 200 ml - Boutique en ligne - Erich Geiger, membre ind\u00e9pendant de HERBALIFE","description":"Dies ist die Webseite eines Selbst\u00e4ndigen HERBALIFE-Mitgliedes. Um auf die offizielle HERBALIFE-Webseite zu gelangen, besuchen Sie bitte HERBALIFE.de.","robots":{"index":"index","follow":"follow","max-snippet":"max-snippet:-1","max-image-preview":"max-image-preview:large","max-video-preview":"max-video-preview:-1"},"canonical":"https:\/\/herba-online.shop\/fr\/produit\/lait-quotidien-apaisant-mains-et-corps-herbal-aloe-200-ml\/","og_locale":"fr_FR","og_type":"article","og_title":"Lait Quotidien Apaisant Mains et Corps Herbal Aloe 200 ml - Boutique en ligne - Erich Geiger, membre ind\u00e9pendant de HERBALIFE","og_description":"Dies ist die Webseite eines Selbst\u00e4ndigen HERBALIFE-Mitgliedes. Um auf die offizielle HERBALIFE-Webseite zu gelangen, besuchen Sie bitte HERBALIFE.de.","og_url":"https:\/\/herba-online.shop\/fr\/produit\/lait-quotidien-apaisant-mains-et-corps-herbal-aloe-200-ml\/","og_site_name":"Boutique en ligne - Erich Geiger, membre ind\u00e9pendant de HERBALIFE","article_modified_time":"2020-07-10T09:37:08+00:00","og_image":[{"width":800,"height":800,"url":"https:\/\/herba-online.shop\/wp-content\/uploads\/2019\/09\/2563_Aloe-HandBody-Lotion_Square_1300px1.png","type":"image\/png"}],"twitter_card":"summary_large_image","schema":{"@context":"https:\/\/schema.org","@graph":[{"@type":"WebPage","@id":"https:\/\/herba-online.shop\/fr\/produit\/lait-quotidien-apaisant-mains-et-corps-herbal-aloe-200-ml\/","url":"https:\/\/herba-online.shop\/fr\/produit\/lait-quotidien-apaisant-mains-et-corps-herbal-aloe-200-ml\/","name":"Lait Quotidien Apaisant Mains et Corps Herbal Aloe 200 ml - Boutique en ligne - Erich Geiger, membre ind\u00e9pendant de HERBALIFE","isPartOf":{"@id":"https:\/\/herba-online.shop\/#website"},"primaryImageOfPage":{"@id":"https:\/\/herba-online.shop\/fr\/produit\/lait-quotidien-apaisant-mains-et-corps-herbal-aloe-200-ml\/#primaryimage"},"image":{"@id":"https:\/\/herba-online.shop\/fr\/produit\/lait-quotidien-apaisant-mains-et-corps-herbal-aloe-200-ml\/#primaryimage"},"thumbnailUrl":"https:\/\/herba-online.shop\/wp-content\/uploads\/2019\/09\/2563_Aloe-HandBody-Lotion_Square_1300px1.png","datePublished":"2016-01-15T23:00:00+00:00","dateModified":"2020-07-10T09:37:08+00:00","description":"Dies ist die Webseite eines Selbst\u00e4ndigen HERBALIFE-Mitgliedes. Um auf die offizielle HERBALIFE-Webseite zu gelangen, besuchen Sie bitte HERBALIFE.de.","breadcrumb":{"@id":"https:\/\/herba-online.shop\/fr\/produit\/lait-quotidien-apaisant-mains-et-corps-herbal-aloe-200-ml\/#breadcrumb"},"inLanguage":"fr-FR","potentialAction":[{"@type":"ReadAction","target":["https:\/\/herba-online.shop\/fr\/produit\/lait-quotidien-apaisant-mains-et-corps-herbal-aloe-200-ml\/"]}]},{"@type":"ImageObject","inLanguage":"fr-FR","@id":"https:\/\/herba-online.shop\/fr\/produit\/lait-quotidien-apaisant-mains-et-corps-herbal-aloe-200-ml\/#primaryimage","url":"https:\/\/herba-online.shop\/wp-content\/uploads\/2019\/09\/2563_Aloe-HandBody-Lotion_Square_1300px1.png","contentUrl":"https:\/\/herba-online.shop\/wp-content\/uploads\/2019\/09\/2563_Aloe-HandBody-Lotion_Square_1300px1.png","width":800,"height":800},{"@type":"BreadcrumbList","@id":"https:\/\/herba-online.shop\/fr\/produit\/lait-quotidien-apaisant-mains-et-corps-herbal-aloe-200-ml\/#breadcrumb","itemListElement":[{"@type":"ListItem","position":1,"name":"Startseite","item":"https:\/\/herba-online.shop\/fr\/"},{"@type":"ListItem","position":2,"name":"Pr\u00e9sentation du produit","item":"https:\/\/herba-online.shop\/fr\/shop\/"},{"@type":"ListItem","position":3,"name":"Lait Quotidien Apaisant Mains et Corps Herbal Aloe 200 ml"}]},{"@type":"WebSite","@id":"https:\/\/herba-online.shop\/#website","url":"https:\/\/herba-online.shop\/","name":"Boutique en ligne - Erich Geiger, membre ind\u00e9pendant de HERBALIFE","description":"","publisher":{"@id":"https:\/\/herba-online.shop\/#organization"},"potentialAction":[{"@type":"SearchAction","target":{"@type":"EntryPoint","urlTemplate":"https:\/\/herba-online.shop\/?s={search_term_string}"},"query-input":{"@type":"PropertyValueSpecification","valueRequired":true,"valueName":"search_term_string"}}],"inLanguage":"fr-FR"},{"@type":"Organization","@id":"https:\/\/herba-online.shop\/#organization","name":"Herba-Onlineshop Erich Geiger","url":"https:\/\/herba-online.shop\/","logo":{"@type":"ImageObject","inLanguage":"fr-FR","@id":"https:\/\/herba-online.shop\/#\/schema\/logo\/image\/","url":"https:\/\/herba-online.shop\/wp-content\/uploads\/2019\/03\/logo_08.2017_header.png","contentUrl":"https:\/\/herba-online.shop\/wp-content\/uploads\/2019\/03\/logo_08.2017_header.png","width":300,"height":76,"caption":"Herba-Onlineshop Erich Geiger"},"image":{"@id":"https:\/\/herba-online.shop\/#\/schema\/logo\/image\/"}}]}},"_links":{"self":[{"href":"https:\/\/herba-online.shop\/fr\/wp-json\/wp\/v2\/product\/12134","targetHints":{"allow":["GET"]}}],"collection":[{"href":"https:\/\/herba-online.shop\/fr\/wp-json\/wp\/v2\/product"}],"about":[{"href":"https:\/\/herba-online.shop\/fr\/wp-json\/wp\/v2\/types\/product"}],"replies":[{"embeddable":true,"href":"https:\/\/herba-online.shop\/fr\/wp-json\/wp\/v2\/comments?post=12134"}],"wp:featuredmedia":[{"embeddable":true,"href":"https:\/\/herba-online.shop\/fr\/wp-json\/wp\/v2\/media\/12135"}],"wp:attachment":[{"href":"https:\/\/herba-online.shop\/fr\/wp-json\/wp\/v2\/media?parent=12134"}],"wp:term":[{"taxonomy":"product_brand","embeddable":true,"href":"https:\/\/herba-online.shop\/fr\/wp-json\/wp\/v2\/product_brand?post=12134"},{"taxonomy":"product_cat","embeddable":true,"href":"https:\/\/herba-online.shop\/fr\/wp-json\/wp\/v2\/product_cat?post=12134"},{"taxonomy":"product_tag","embeddable":true,"href":"https:\/\/herba-online.shop\/fr\/wp-json\/wp\/v2\/product_tag?post=12134"}],"curies":[{"name":"wp","href":"https:\/\/api.w.org\/{rel}","templated":true}]}}