{"id":12413,"date":"2016-01-16T00:00:00","date_gmt":"2020-07-25T09:16:50","guid":{"rendered":"https:\/\/herba-online.shop\/?post_type=product&#038;p=12413"},"modified":"2020-07-25T11:18:26","modified_gmt":"2020-07-25T09:18:26","slug":"gel-fermete-contour-des-yeux-15ml","status":"publish","type":"product","link":"https:\/\/herba-online.shop\/fr\/produit\/gel-fermete-contour-des-yeux-15ml\/","title":{"rendered":"Gel Fermet\u00e9 Contour des Yeux 15ml"},"content":{"rendered":"<p><a href=\"https:\/\/herba-online.shop\/wp-content\/uploads\/2020\/07\/Ingr\u00e9dients-SKU-0770-Gel-Fermet\u00e9-Contour-des-Yeux-15ml.pdf\">Ingr\u00e9dients SKU 0770 Gel Fermet\u00e9 Contour des Yeux 15ml<\/a><\/p>\n<p>Aper\u00e7u du produit<br \/>\nParticipe \u00e0 am\u00e9liorer l\u2019aspect de la peau d\u00e9licate du contour de l\u2019oeil en augmentant l\u2019\u00e9lasticit\u00e9 et la fermet\u00e9 de la peau.*<br \/>\nConvient \u00e0 tous les types de peaux.<\/p>\n<p>Principaux Avantages<br \/>\n\u2022 Aide \u00e0 r\u00e9duire l\u2019aspect gonfl\u00e9 sous les yeux.**<br \/>\n\u2022 Contient de l\u2019extrait de concombre revitalisant.<br \/>\n\u2022 Sans parab\u00e8ne ajout\u00e9. Test\u00e9 dermatologiquement.<br \/>\nFormule exclusive : vitamine B3, vitamines C et E antioxydantes, Aloe Vera, extrait de concombre.<\/p>\n<p>* Fermet\u00e9 et \u00e9lasticit\u00e9 test\u00e9es sur diff\u00e9rents sujets et \u00e9valu\u00e9es visuellement par un expert \u00e0 7 puis 42 jours. Une am\u00e9lioration a \u00e9t\u00e9 constat\u00e9e chez 45% des sujets en termes de fermet\u00e9\/\u00e9lasticit\u00e9 de la peau du contour des yeux \u00e0 42 jours.<br \/>\n** Am\u00e9lioration de l\u2019aspect gonfl\u00e9 sous les yeux de 45% en moyenne apr\u00e8s 7 jours.<\/p>\n<p>Utilisation<br \/>\nCONSEILS D\u2019APPLICATION : Appliquez le matin du bout des doigts sur la peau du contour des yeux jusqu\u2019\u00e0 absorption compl\u00e8te.<\/p>\n","protected":false},"excerpt":{"rendered":"<p>Ingr\u00e9dients SKU 0770 Gel Fermet\u00e9 Contour des Yeux 15ml Aper\u00e7u du produit Participe \u00e0 am\u00e9liorer l\u2019aspect de la peau d\u00e9licate du contour<\/p>\n","protected":false},"featured_media":12414,"comment_status":"open","ping_status":"closed","template":"","meta":{"_acf_changed":false},"product_brand":[],"product_cat":[288,291,286],"product_tag":[280],"class_list":{"0":"post-12413","1":"product","2":"type-product","3":"status-publish","4":"has-post-thumbnail","6":"product_cat-herbalife-skin-fr","7":"product_cat-presentation-du-produit","8":"product_cat-soin-du-corps","9":"product_tag-peau","11":"first","12":"instock","13":"sale","14":"taxable","15":"shipping-taxable","16":"purchasable","17":"product-type-simple"},"acf":[],"yoast_head":"<!-- This site is optimized with the Yoast SEO plugin v25.6 - https:\/\/yoast.com\/wordpress\/plugins\/seo\/ -->\n<title>Gel Fermet\u00e9 Contour des Yeux 15ml - Boutique en ligne - Erich Geiger, membre ind\u00e9pendant de HERBALIFE<\/title>\n<meta name=\"description\" content=\"Dies ist die Webseite eines Selbst\u00e4ndigen HERBALIFE-Mitgliedes. Um auf die offizielle HERBALIFE-Webseite zu gelangen, besuchen Sie bitte HERBALIFE.de.\" \/>\n<meta name=\"robots\" content=\"index, follow, max-snippet:-1, max-image-preview:large, max-video-preview:-1\" \/>\n<link rel=\"canonical\" href=\"https:\/\/herba-online.shop\/fr\/produit\/gel-fermete-contour-des-yeux-15ml\/\" \/>\n<meta property=\"og:locale\" content=\"fr_FR\" \/>\n<meta property=\"og:type\" content=\"article\" \/>\n<meta property=\"og:title\" content=\"Gel Fermet\u00e9 Contour des Yeux 15ml - Boutique en ligne - Erich Geiger, membre ind\u00e9pendant de HERBALIFE\" \/>\n<meta property=\"og:description\" content=\"Dies ist die Webseite eines Selbst\u00e4ndigen HERBALIFE-Mitgliedes. Um auf die offizielle HERBALIFE-Webseite zu gelangen, besuchen Sie bitte HERBALIFE.de.\" \/>\n<meta property=\"og:url\" content=\"https:\/\/herba-online.shop\/fr\/produit\/gel-fermete-contour-des-yeux-15ml\/\" \/>\n<meta property=\"og:site_name\" content=\"Boutique en ligne - Erich Geiger, membre ind\u00e9pendant de HERBALIFE\" \/>\n<meta property=\"article:modified_time\" content=\"2020-07-25T09:18:26+00:00\" \/>\n<meta property=\"og:image\" content=\"https:\/\/herba-online.shop\/wp-content\/uploads\/2019\/09\/0770_AU1.png\" \/>\n\t<meta property=\"og:image:width\" content=\"800\" \/>\n\t<meta property=\"og:image:height\" content=\"800\" \/>\n\t<meta property=\"og:image:type\" content=\"image\/png\" \/>\n<meta name=\"twitter:card\" content=\"summary_large_image\" \/>\n<meta name=\"twitter:label1\" content=\"Dur\u00e9e de lecture estim\u00e9e\" \/>\n\t<meta name=\"twitter:data1\" content=\"1 minute\" \/>\n<script type=\"application\/ld+json\" class=\"yoast-schema-graph\">{\"@context\":\"https:\/\/schema.org\",\"@graph\":[{\"@type\":\"WebPage\",\"@id\":\"https:\/\/herba-online.shop\/fr\/produit\/gel-fermete-contour-des-yeux-15ml\/\",\"url\":\"https:\/\/herba-online.shop\/fr\/produit\/gel-fermete-contour-des-yeux-15ml\/\",\"name\":\"Gel Fermet\u00e9 Contour des Yeux 15ml - Boutique en ligne - Erich Geiger, membre ind\u00e9pendant de HERBALIFE\",\"isPartOf\":{\"@id\":\"https:\/\/herba-online.shop\/#website\"},\"primaryImageOfPage\":{\"@id\":\"https:\/\/herba-online.shop\/fr\/produit\/gel-fermete-contour-des-yeux-15ml\/#primaryimage\"},\"image\":{\"@id\":\"https:\/\/herba-online.shop\/fr\/produit\/gel-fermete-contour-des-yeux-15ml\/#primaryimage\"},\"thumbnailUrl\":\"https:\/\/herba-online.shop\/wp-content\/uploads\/2019\/09\/0770_AU1.png\",\"datePublished\":\"2020-07-25T09:16:50+00:00\",\"dateModified\":\"2020-07-25T09:18:26+00:00\",\"description\":\"Dies ist die Webseite eines Selbst\u00e4ndigen HERBALIFE-Mitgliedes. Um auf die offizielle HERBALIFE-Webseite zu gelangen, besuchen Sie bitte HERBALIFE.de.\",\"breadcrumb\":{\"@id\":\"https:\/\/herba-online.shop\/fr\/produit\/gel-fermete-contour-des-yeux-15ml\/#breadcrumb\"},\"inLanguage\":\"fr-FR\",\"potentialAction\":[{\"@type\":\"ReadAction\",\"target\":[\"https:\/\/herba-online.shop\/fr\/produit\/gel-fermete-contour-des-yeux-15ml\/\"]}]},{\"@type\":\"ImageObject\",\"inLanguage\":\"fr-FR\",\"@id\":\"https:\/\/herba-online.shop\/fr\/produit\/gel-fermete-contour-des-yeux-15ml\/#primaryimage\",\"url\":\"https:\/\/herba-online.shop\/wp-content\/uploads\/2019\/09\/0770_AU1.png\",\"contentUrl\":\"https:\/\/herba-online.shop\/wp-content\/uploads\/2019\/09\/0770_AU1.png\",\"width\":800,\"height\":800},{\"@type\":\"BreadcrumbList\",\"@id\":\"https:\/\/herba-online.shop\/fr\/produit\/gel-fermete-contour-des-yeux-15ml\/#breadcrumb\",\"itemListElement\":[{\"@type\":\"ListItem\",\"position\":1,\"name\":\"Startseite\",\"item\":\"https:\/\/herba-online.shop\/fr\/\"},{\"@type\":\"ListItem\",\"position\":2,\"name\":\"Pr\u00e9sentation du produit\",\"item\":\"https:\/\/herba-online.shop\/fr\/shop\/\"},{\"@type\":\"ListItem\",\"position\":3,\"name\":\"Gel Fermet\u00e9 Contour des Yeux 15ml\"}]},{\"@type\":\"WebSite\",\"@id\":\"https:\/\/herba-online.shop\/#website\",\"url\":\"https:\/\/herba-online.shop\/\",\"name\":\"Boutique en ligne - Erich Geiger, membre ind\u00e9pendant de HERBALIFE\",\"description\":\"\",\"publisher\":{\"@id\":\"https:\/\/herba-online.shop\/#organization\"},\"potentialAction\":[{\"@type\":\"SearchAction\",\"target\":{\"@type\":\"EntryPoint\",\"urlTemplate\":\"https:\/\/herba-online.shop\/?s={search_term_string}\"},\"query-input\":{\"@type\":\"PropertyValueSpecification\",\"valueRequired\":true,\"valueName\":\"search_term_string\"}}],\"inLanguage\":\"fr-FR\"},{\"@type\":\"Organization\",\"@id\":\"https:\/\/herba-online.shop\/#organization\",\"name\":\"Herba-Onlineshop Erich Geiger\",\"url\":\"https:\/\/herba-online.shop\/\",\"logo\":{\"@type\":\"ImageObject\",\"inLanguage\":\"fr-FR\",\"@id\":\"https:\/\/herba-online.shop\/#\/schema\/logo\/image\/\",\"url\":\"https:\/\/herba-online.shop\/wp-content\/uploads\/2019\/03\/logo_08.2017_header.png\",\"contentUrl\":\"https:\/\/herba-online.shop\/wp-content\/uploads\/2019\/03\/logo_08.2017_header.png\",\"width\":300,\"height\":76,\"caption\":\"Herba-Onlineshop Erich Geiger\"},\"image\":{\"@id\":\"https:\/\/herba-online.shop\/#\/schema\/logo\/image\/\"}}]}<\/script>\n<!-- \/ Yoast SEO plugin. -->","yoast_head_json":{"title":"Gel Fermet\u00e9 Contour des Yeux 15ml - Boutique en ligne - Erich Geiger, membre ind\u00e9pendant de HERBALIFE","description":"Dies ist die Webseite eines Selbst\u00e4ndigen HERBALIFE-Mitgliedes. Um auf die offizielle HERBALIFE-Webseite zu gelangen, besuchen Sie bitte HERBALIFE.de.","robots":{"index":"index","follow":"follow","max-snippet":"max-snippet:-1","max-image-preview":"max-image-preview:large","max-video-preview":"max-video-preview:-1"},"canonical":"https:\/\/herba-online.shop\/fr\/produit\/gel-fermete-contour-des-yeux-15ml\/","og_locale":"fr_FR","og_type":"article","og_title":"Gel Fermet\u00e9 Contour des Yeux 15ml - Boutique en ligne - Erich Geiger, membre ind\u00e9pendant de HERBALIFE","og_description":"Dies ist die Webseite eines Selbst\u00e4ndigen HERBALIFE-Mitgliedes. Um auf die offizielle HERBALIFE-Webseite zu gelangen, besuchen Sie bitte HERBALIFE.de.","og_url":"https:\/\/herba-online.shop\/fr\/produit\/gel-fermete-contour-des-yeux-15ml\/","og_site_name":"Boutique en ligne - Erich Geiger, membre ind\u00e9pendant de HERBALIFE","article_modified_time":"2020-07-25T09:18:26+00:00","og_image":[{"width":800,"height":800,"url":"https:\/\/herba-online.shop\/wp-content\/uploads\/2019\/09\/0770_AU1.png","type":"image\/png"}],"twitter_card":"summary_large_image","twitter_misc":{"Dur\u00e9e de lecture estim\u00e9e":"1 minute"},"schema":{"@context":"https:\/\/schema.org","@graph":[{"@type":"WebPage","@id":"https:\/\/herba-online.shop\/fr\/produit\/gel-fermete-contour-des-yeux-15ml\/","url":"https:\/\/herba-online.shop\/fr\/produit\/gel-fermete-contour-des-yeux-15ml\/","name":"Gel Fermet\u00e9 Contour des Yeux 15ml - Boutique en ligne - Erich Geiger, membre ind\u00e9pendant de HERBALIFE","isPartOf":{"@id":"https:\/\/herba-online.shop\/#website"},"primaryImageOfPage":{"@id":"https:\/\/herba-online.shop\/fr\/produit\/gel-fermete-contour-des-yeux-15ml\/#primaryimage"},"image":{"@id":"https:\/\/herba-online.shop\/fr\/produit\/gel-fermete-contour-des-yeux-15ml\/#primaryimage"},"thumbnailUrl":"https:\/\/herba-online.shop\/wp-content\/uploads\/2019\/09\/0770_AU1.png","datePublished":"2020-07-25T09:16:50+00:00","dateModified":"2020-07-25T09:18:26+00:00","description":"Dies ist die Webseite eines Selbst\u00e4ndigen HERBALIFE-Mitgliedes. Um auf die offizielle HERBALIFE-Webseite zu gelangen, besuchen Sie bitte HERBALIFE.de.","breadcrumb":{"@id":"https:\/\/herba-online.shop\/fr\/produit\/gel-fermete-contour-des-yeux-15ml\/#breadcrumb"},"inLanguage":"fr-FR","potentialAction":[{"@type":"ReadAction","target":["https:\/\/herba-online.shop\/fr\/produit\/gel-fermete-contour-des-yeux-15ml\/"]}]},{"@type":"ImageObject","inLanguage":"fr-FR","@id":"https:\/\/herba-online.shop\/fr\/produit\/gel-fermete-contour-des-yeux-15ml\/#primaryimage","url":"https:\/\/herba-online.shop\/wp-content\/uploads\/2019\/09\/0770_AU1.png","contentUrl":"https:\/\/herba-online.shop\/wp-content\/uploads\/2019\/09\/0770_AU1.png","width":800,"height":800},{"@type":"BreadcrumbList","@id":"https:\/\/herba-online.shop\/fr\/produit\/gel-fermete-contour-des-yeux-15ml\/#breadcrumb","itemListElement":[{"@type":"ListItem","position":1,"name":"Startseite","item":"https:\/\/herba-online.shop\/fr\/"},{"@type":"ListItem","position":2,"name":"Pr\u00e9sentation du produit","item":"https:\/\/herba-online.shop\/fr\/shop\/"},{"@type":"ListItem","position":3,"name":"Gel Fermet\u00e9 Contour des Yeux 15ml"}]},{"@type":"WebSite","@id":"https:\/\/herba-online.shop\/#website","url":"https:\/\/herba-online.shop\/","name":"Boutique en ligne - Erich Geiger, membre ind\u00e9pendant de HERBALIFE","description":"","publisher":{"@id":"https:\/\/herba-online.shop\/#organization"},"potentialAction":[{"@type":"SearchAction","target":{"@type":"EntryPoint","urlTemplate":"https:\/\/herba-online.shop\/?s={search_term_string}"},"query-input":{"@type":"PropertyValueSpecification","valueRequired":true,"valueName":"search_term_string"}}],"inLanguage":"fr-FR"},{"@type":"Organization","@id":"https:\/\/herba-online.shop\/#organization","name":"Herba-Onlineshop Erich Geiger","url":"https:\/\/herba-online.shop\/","logo":{"@type":"ImageObject","inLanguage":"fr-FR","@id":"https:\/\/herba-online.shop\/#\/schema\/logo\/image\/","url":"https:\/\/herba-online.shop\/wp-content\/uploads\/2019\/03\/logo_08.2017_header.png","contentUrl":"https:\/\/herba-online.shop\/wp-content\/uploads\/2019\/03\/logo_08.2017_header.png","width":300,"height":76,"caption":"Herba-Onlineshop Erich Geiger"},"image":{"@id":"https:\/\/herba-online.shop\/#\/schema\/logo\/image\/"}}]}},"_links":{"self":[{"href":"https:\/\/herba-online.shop\/fr\/wp-json\/wp\/v2\/product\/12413","targetHints":{"allow":["GET"]}}],"collection":[{"href":"https:\/\/herba-online.shop\/fr\/wp-json\/wp\/v2\/product"}],"about":[{"href":"https:\/\/herba-online.shop\/fr\/wp-json\/wp\/v2\/types\/product"}],"replies":[{"embeddable":true,"href":"https:\/\/herba-online.shop\/fr\/wp-json\/wp\/v2\/comments?post=12413"}],"wp:featuredmedia":[{"embeddable":true,"href":"https:\/\/herba-online.shop\/fr\/wp-json\/wp\/v2\/media\/12414"}],"wp:attachment":[{"href":"https:\/\/herba-online.shop\/fr\/wp-json\/wp\/v2\/media?parent=12413"}],"wp:term":[{"taxonomy":"product_brand","embeddable":true,"href":"https:\/\/herba-online.shop\/fr\/wp-json\/wp\/v2\/product_brand?post=12413"},{"taxonomy":"product_cat","embeddable":true,"href":"https:\/\/herba-online.shop\/fr\/wp-json\/wp\/v2\/product_cat?post=12413"},{"taxonomy":"product_tag","embeddable":true,"href":"https:\/\/herba-online.shop\/fr\/wp-json\/wp\/v2\/product_tag?post=12413"}],"curies":[{"name":"wp","href":"https:\/\/api.w.org\/{rel}","templated":true}]}}