{"id":12446,"date":"2016-01-16T00:00:00","date_gmt":"2020-07-25T09:39:18","guid":{"rendered":"https:\/\/herba-online.shop\/?post_type=product&#038;p=12446"},"modified":"2020-07-25T11:39:18","modified_gmt":"2020-07-25T09:39:18","slug":"creme-de-nuit-regeneratrice-50-ml","status":"publish","type":"product","link":"https:\/\/herba-online.shop\/fr\/produit\/creme-de-nuit-regeneratrice-50-ml\/","title":{"rendered":"Cr\u00e8me de Nuit R\u00e9g\u00e9n\u00e9ratrice 50 ml"},"content":{"rendered":"<p><a href=\"https:\/\/herba-online.shop\/wp-content\/uploads\/2020\/07\/Ingr\u00e9dients-SKU-0827-Cr\u00e8me-de-Nuit-R\u00e9g\u00e9n\u00e9ratrice-50-ml-.pdf\">Ingr\u00e9dients SKU 0827 Cr\u00e8me de Nuit R\u00e9g\u00e9n\u00e9ratrice 50 ml<\/a><\/p>\n<p>Aper\u00e7u du produit<br \/>\nCette cr\u00e8me riche et onctueuse aide \u00e0 apporter \u00e0 la peau l\u2019hydratation dont elle a grandement besoin la nuit. L\u2019hydratation longue dur\u00e9e vous permet de retrouver une peau plus douce au r\u00e9veil.<br \/>\nConvient \u00e0 tous les types de peaux.<\/p>\n<p>Principaux Avantages<br \/>\nAide \u00e0 r\u00e9duire l\u2019aspect des rides et ridules en seulement 7 jours.*<br \/>\nTest\u00e9e cliniquement, la peau est plus douce et plus lisse en seulement sept jours.**<br \/>\nAm\u00e9liore notablement le teint et la luminosit\u00e9 de la peau en seulement 7 jours.**<br \/>\nLes tests r\u00e9v\u00e8lent une hydratation doubl\u00e9e sur huit heures.***<br \/>\nSans parab\u00e8ne ajout\u00e9. Test\u00e9e dermatologiquement.Formule exclusive : vitamine B3, vitamines C et E antioxydantes, Aloe Vera, huile de graine de tournesol, huile de graine de macadamia, huile d\u2019olive, huile de graine de s\u00e9same, extrait de fl eur d\u2019Acmella Spilanthes. * Cliniquement test\u00e9e sur diff\u00e9rents sujets : rugosit\u00e9 de la peau mesur\u00e9e par Visioscan et par R\u00e9troing\u00e9nierie \u00e0 z\u00e9ro, sept et 42 jours.** Test\u00e9e sur diff\u00e9rents sujets : douceur, \u00e9clat, radiance et luminosit\u00e9 mesur\u00e9s et \u00e9valu\u00e9s visuellement par des experts \u00e0 deux, quatre et sept jours.*** Test\u00e9e sur diff\u00e9rents sujets, taux d\u2019hydratation de la peau mesur\u00e9s \u00e0 intervalles de huit heures. 100% des sujets ont constat\u00e9 un taux d\u2019hydratation de la peau doubl\u00e9 apr\u00e8s huit heures, par rapport \u00e0 la r\u00e9f\u00e9rence donn\u00e9e.<br \/>\nUtilisation<br \/>\nCONSEILS D\u2019APPLICATION : Appliquez apr\u00e8s le nettoyant, la lotion tonique et le s\u00e9rum. Application le soir.<\/p>\n","protected":false},"excerpt":{"rendered":"<p>Ingr\u00e9dients SKU 0827 Cr\u00e8me de Nuit R\u00e9g\u00e9n\u00e9ratrice 50 ml Aper\u00e7u du produit Cette cr\u00e8me riche et onctueuse aide \u00e0 apporter \u00e0 la<\/p>\n","protected":false},"featured_media":12447,"comment_status":"open","ping_status":"closed","template":"","meta":{"_acf_changed":false},"product_brand":[],"product_cat":[288,291,286],"product_tag":[280],"class_list":{"0":"post-12446","1":"product","2":"type-product","3":"status-publish","4":"has-post-thumbnail","6":"product_cat-herbalife-skin-fr","7":"product_cat-presentation-du-produit","8":"product_cat-soin-du-corps","9":"product_tag-peau","11":"first","12":"instock","13":"sale","14":"taxable","15":"shipping-taxable","16":"purchasable","17":"product-type-simple"},"acf":[],"yoast_head":"<!-- This site is optimized with the Yoast SEO plugin v25.6 - https:\/\/yoast.com\/wordpress\/plugins\/seo\/ -->\n<title>Cr\u00e8me de Nuit R\u00e9g\u00e9n\u00e9ratrice 50 ml - Boutique en ligne - Erich Geiger, membre ind\u00e9pendant de HERBALIFE<\/title>\n<meta name=\"description\" content=\"Dies ist die Webseite eines Selbst\u00e4ndigen HERBALIFE-Mitgliedes. Um auf die offizielle HERBALIFE-Webseite zu gelangen, besuchen Sie bitte HERBALIFE.de.\" \/>\n<meta name=\"robots\" content=\"index, follow, max-snippet:-1, max-image-preview:large, max-video-preview:-1\" \/>\n<link rel=\"canonical\" href=\"https:\/\/herba-online.shop\/fr\/produit\/creme-de-nuit-regeneratrice-50-ml\/\" \/>\n<meta property=\"og:locale\" content=\"fr_FR\" \/>\n<meta property=\"og:type\" content=\"article\" \/>\n<meta property=\"og:title\" content=\"Cr\u00e8me de Nuit R\u00e9g\u00e9n\u00e9ratrice 50 ml - Boutique en ligne - Erich Geiger, membre ind\u00e9pendant de HERBALIFE\" \/>\n<meta property=\"og:description\" content=\"Dies ist die Webseite eines Selbst\u00e4ndigen HERBALIFE-Mitgliedes. Um auf die offizielle HERBALIFE-Webseite zu gelangen, besuchen Sie bitte HERBALIFE.de.\" \/>\n<meta property=\"og:url\" content=\"https:\/\/herba-online.shop\/fr\/produit\/creme-de-nuit-regeneratrice-50-ml\/\" \/>\n<meta property=\"og:site_name\" content=\"Boutique en ligne - Erich Geiger, membre ind\u00e9pendant de HERBALIFE\" \/>\n<meta property=\"og:image\" content=\"https:\/\/herba-online.shop\/wp-content\/uploads\/2019\/09\/0827_AU1.png\" \/>\n\t<meta property=\"og:image:width\" content=\"800\" \/>\n\t<meta property=\"og:image:height\" content=\"800\" \/>\n\t<meta property=\"og:image:type\" content=\"image\/png\" \/>\n<meta name=\"twitter:card\" content=\"summary_large_image\" \/>\n<meta name=\"twitter:label1\" content=\"Dur\u00e9e de lecture estim\u00e9e\" \/>\n\t<meta name=\"twitter:data1\" content=\"1 minute\" \/>\n<script type=\"application\/ld+json\" class=\"yoast-schema-graph\">{\"@context\":\"https:\/\/schema.org\",\"@graph\":[{\"@type\":\"WebPage\",\"@id\":\"https:\/\/herba-online.shop\/fr\/produit\/creme-de-nuit-regeneratrice-50-ml\/\",\"url\":\"https:\/\/herba-online.shop\/fr\/produit\/creme-de-nuit-regeneratrice-50-ml\/\",\"name\":\"Cr\u00e8me de Nuit R\u00e9g\u00e9n\u00e9ratrice 50 ml - Boutique en ligne - Erich Geiger, membre ind\u00e9pendant de HERBALIFE\",\"isPartOf\":{\"@id\":\"https:\/\/herba-online.shop\/#website\"},\"primaryImageOfPage\":{\"@id\":\"https:\/\/herba-online.shop\/fr\/produit\/creme-de-nuit-regeneratrice-50-ml\/#primaryimage\"},\"image\":{\"@id\":\"https:\/\/herba-online.shop\/fr\/produit\/creme-de-nuit-regeneratrice-50-ml\/#primaryimage\"},\"thumbnailUrl\":\"https:\/\/herba-online.shop\/wp-content\/uploads\/2019\/09\/0827_AU1.png\",\"datePublished\":\"2020-07-25T09:39:18+00:00\",\"description\":\"Dies ist die Webseite eines Selbst\u00e4ndigen HERBALIFE-Mitgliedes. Um auf die offizielle HERBALIFE-Webseite zu gelangen, besuchen Sie bitte HERBALIFE.de.\",\"breadcrumb\":{\"@id\":\"https:\/\/herba-online.shop\/fr\/produit\/creme-de-nuit-regeneratrice-50-ml\/#breadcrumb\"},\"inLanguage\":\"fr-FR\",\"potentialAction\":[{\"@type\":\"ReadAction\",\"target\":[\"https:\/\/herba-online.shop\/fr\/produit\/creme-de-nuit-regeneratrice-50-ml\/\"]}]},{\"@type\":\"ImageObject\",\"inLanguage\":\"fr-FR\",\"@id\":\"https:\/\/herba-online.shop\/fr\/produit\/creme-de-nuit-regeneratrice-50-ml\/#primaryimage\",\"url\":\"https:\/\/herba-online.shop\/wp-content\/uploads\/2019\/09\/0827_AU1.png\",\"contentUrl\":\"https:\/\/herba-online.shop\/wp-content\/uploads\/2019\/09\/0827_AU1.png\",\"width\":800,\"height\":800},{\"@type\":\"BreadcrumbList\",\"@id\":\"https:\/\/herba-online.shop\/fr\/produit\/creme-de-nuit-regeneratrice-50-ml\/#breadcrumb\",\"itemListElement\":[{\"@type\":\"ListItem\",\"position\":1,\"name\":\"Startseite\",\"item\":\"https:\/\/herba-online.shop\/fr\/\"},{\"@type\":\"ListItem\",\"position\":2,\"name\":\"Pr\u00e9sentation du produit\",\"item\":\"https:\/\/herba-online.shop\/fr\/shop\/\"},{\"@type\":\"ListItem\",\"position\":3,\"name\":\"Cr\u00e8me de Nuit R\u00e9g\u00e9n\u00e9ratrice 50 ml\"}]},{\"@type\":\"WebSite\",\"@id\":\"https:\/\/herba-online.shop\/#website\",\"url\":\"https:\/\/herba-online.shop\/\",\"name\":\"Boutique en ligne - Erich Geiger, membre ind\u00e9pendant de HERBALIFE\",\"description\":\"\",\"publisher\":{\"@id\":\"https:\/\/herba-online.shop\/#organization\"},\"potentialAction\":[{\"@type\":\"SearchAction\",\"target\":{\"@type\":\"EntryPoint\",\"urlTemplate\":\"https:\/\/herba-online.shop\/?s={search_term_string}\"},\"query-input\":{\"@type\":\"PropertyValueSpecification\",\"valueRequired\":true,\"valueName\":\"search_term_string\"}}],\"inLanguage\":\"fr-FR\"},{\"@type\":\"Organization\",\"@id\":\"https:\/\/herba-online.shop\/#organization\",\"name\":\"Herba-Onlineshop Erich Geiger\",\"url\":\"https:\/\/herba-online.shop\/\",\"logo\":{\"@type\":\"ImageObject\",\"inLanguage\":\"fr-FR\",\"@id\":\"https:\/\/herba-online.shop\/#\/schema\/logo\/image\/\",\"url\":\"https:\/\/herba-online.shop\/wp-content\/uploads\/2019\/03\/logo_08.2017_header.png\",\"contentUrl\":\"https:\/\/herba-online.shop\/wp-content\/uploads\/2019\/03\/logo_08.2017_header.png\",\"width\":300,\"height\":76,\"caption\":\"Herba-Onlineshop Erich Geiger\"},\"image\":{\"@id\":\"https:\/\/herba-online.shop\/#\/schema\/logo\/image\/\"}}]}<\/script>\n<!-- \/ Yoast SEO plugin. -->","yoast_head_json":{"title":"Cr\u00e8me de Nuit R\u00e9g\u00e9n\u00e9ratrice 50 ml - Boutique en ligne - Erich Geiger, membre ind\u00e9pendant de HERBALIFE","description":"Dies ist die Webseite eines Selbst\u00e4ndigen HERBALIFE-Mitgliedes. Um auf die offizielle HERBALIFE-Webseite zu gelangen, besuchen Sie bitte HERBALIFE.de.","robots":{"index":"index","follow":"follow","max-snippet":"max-snippet:-1","max-image-preview":"max-image-preview:large","max-video-preview":"max-video-preview:-1"},"canonical":"https:\/\/herba-online.shop\/fr\/produit\/creme-de-nuit-regeneratrice-50-ml\/","og_locale":"fr_FR","og_type":"article","og_title":"Cr\u00e8me de Nuit R\u00e9g\u00e9n\u00e9ratrice 50 ml - Boutique en ligne - Erich Geiger, membre ind\u00e9pendant de HERBALIFE","og_description":"Dies ist die Webseite eines Selbst\u00e4ndigen HERBALIFE-Mitgliedes. Um auf die offizielle HERBALIFE-Webseite zu gelangen, besuchen Sie bitte HERBALIFE.de.","og_url":"https:\/\/herba-online.shop\/fr\/produit\/creme-de-nuit-regeneratrice-50-ml\/","og_site_name":"Boutique en ligne - Erich Geiger, membre ind\u00e9pendant de HERBALIFE","og_image":[{"width":800,"height":800,"url":"https:\/\/herba-online.shop\/wp-content\/uploads\/2019\/09\/0827_AU1.png","type":"image\/png"}],"twitter_card":"summary_large_image","twitter_misc":{"Dur\u00e9e de lecture estim\u00e9e":"1 minute"},"schema":{"@context":"https:\/\/schema.org","@graph":[{"@type":"WebPage","@id":"https:\/\/herba-online.shop\/fr\/produit\/creme-de-nuit-regeneratrice-50-ml\/","url":"https:\/\/herba-online.shop\/fr\/produit\/creme-de-nuit-regeneratrice-50-ml\/","name":"Cr\u00e8me de Nuit R\u00e9g\u00e9n\u00e9ratrice 50 ml - Boutique en ligne - Erich Geiger, membre ind\u00e9pendant de HERBALIFE","isPartOf":{"@id":"https:\/\/herba-online.shop\/#website"},"primaryImageOfPage":{"@id":"https:\/\/herba-online.shop\/fr\/produit\/creme-de-nuit-regeneratrice-50-ml\/#primaryimage"},"image":{"@id":"https:\/\/herba-online.shop\/fr\/produit\/creme-de-nuit-regeneratrice-50-ml\/#primaryimage"},"thumbnailUrl":"https:\/\/herba-online.shop\/wp-content\/uploads\/2019\/09\/0827_AU1.png","datePublished":"2020-07-25T09:39:18+00:00","description":"Dies ist die Webseite eines Selbst\u00e4ndigen HERBALIFE-Mitgliedes. Um auf die offizielle HERBALIFE-Webseite zu gelangen, besuchen Sie bitte HERBALIFE.de.","breadcrumb":{"@id":"https:\/\/herba-online.shop\/fr\/produit\/creme-de-nuit-regeneratrice-50-ml\/#breadcrumb"},"inLanguage":"fr-FR","potentialAction":[{"@type":"ReadAction","target":["https:\/\/herba-online.shop\/fr\/produit\/creme-de-nuit-regeneratrice-50-ml\/"]}]},{"@type":"ImageObject","inLanguage":"fr-FR","@id":"https:\/\/herba-online.shop\/fr\/produit\/creme-de-nuit-regeneratrice-50-ml\/#primaryimage","url":"https:\/\/herba-online.shop\/wp-content\/uploads\/2019\/09\/0827_AU1.png","contentUrl":"https:\/\/herba-online.shop\/wp-content\/uploads\/2019\/09\/0827_AU1.png","width":800,"height":800},{"@type":"BreadcrumbList","@id":"https:\/\/herba-online.shop\/fr\/produit\/creme-de-nuit-regeneratrice-50-ml\/#breadcrumb","itemListElement":[{"@type":"ListItem","position":1,"name":"Startseite","item":"https:\/\/herba-online.shop\/fr\/"},{"@type":"ListItem","position":2,"name":"Pr\u00e9sentation du produit","item":"https:\/\/herba-online.shop\/fr\/shop\/"},{"@type":"ListItem","position":3,"name":"Cr\u00e8me de Nuit R\u00e9g\u00e9n\u00e9ratrice 50 ml"}]},{"@type":"WebSite","@id":"https:\/\/herba-online.shop\/#website","url":"https:\/\/herba-online.shop\/","name":"Boutique en ligne - Erich Geiger, membre ind\u00e9pendant de HERBALIFE","description":"","publisher":{"@id":"https:\/\/herba-online.shop\/#organization"},"potentialAction":[{"@type":"SearchAction","target":{"@type":"EntryPoint","urlTemplate":"https:\/\/herba-online.shop\/?s={search_term_string}"},"query-input":{"@type":"PropertyValueSpecification","valueRequired":true,"valueName":"search_term_string"}}],"inLanguage":"fr-FR"},{"@type":"Organization","@id":"https:\/\/herba-online.shop\/#organization","name":"Herba-Onlineshop Erich Geiger","url":"https:\/\/herba-online.shop\/","logo":{"@type":"ImageObject","inLanguage":"fr-FR","@id":"https:\/\/herba-online.shop\/#\/schema\/logo\/image\/","url":"https:\/\/herba-online.shop\/wp-content\/uploads\/2019\/03\/logo_08.2017_header.png","contentUrl":"https:\/\/herba-online.shop\/wp-content\/uploads\/2019\/03\/logo_08.2017_header.png","width":300,"height":76,"caption":"Herba-Onlineshop Erich Geiger"},"image":{"@id":"https:\/\/herba-online.shop\/#\/schema\/logo\/image\/"}}]}},"_links":{"self":[{"href":"https:\/\/herba-online.shop\/fr\/wp-json\/wp\/v2\/product\/12446","targetHints":{"allow":["GET"]}}],"collection":[{"href":"https:\/\/herba-online.shop\/fr\/wp-json\/wp\/v2\/product"}],"about":[{"href":"https:\/\/herba-online.shop\/fr\/wp-json\/wp\/v2\/types\/product"}],"replies":[{"embeddable":true,"href":"https:\/\/herba-online.shop\/fr\/wp-json\/wp\/v2\/comments?post=12446"}],"wp:featuredmedia":[{"embeddable":true,"href":"https:\/\/herba-online.shop\/fr\/wp-json\/wp\/v2\/media\/12447"}],"wp:attachment":[{"href":"https:\/\/herba-online.shop\/fr\/wp-json\/wp\/v2\/media?parent=12446"}],"wp:term":[{"taxonomy":"product_brand","embeddable":true,"href":"https:\/\/herba-online.shop\/fr\/wp-json\/wp\/v2\/product_brand?post=12446"},{"taxonomy":"product_cat","embeddable":true,"href":"https:\/\/herba-online.shop\/fr\/wp-json\/wp\/v2\/product_cat?post=12446"},{"taxonomy":"product_tag","embeddable":true,"href":"https:\/\/herba-online.shop\/fr\/wp-json\/wp\/v2\/product_tag?post=12446"}],"curies":[{"name":"wp","href":"https:\/\/api.w.org\/{rel}","templated":true}]}}