{"id":12705,"date":"2020-08-14T19:22:50","date_gmt":"2020-08-14T17:22:50","guid":{"rendered":"https:\/\/herba-online.shop\/?post_type=product&#038;p=12705"},"modified":"2025-03-04T16:55:47","modified_gmt":"2025-03-04T15:55:47","slug":"herbalife-programme-silhouette","status":"publish","type":"product","link":"https:\/\/herba-online.shop\/fr\/produit\/herbalife-programme-silhouette\/","title":{"rendered":"Herbalife Programme Silhouette"},"content":{"rendered":"<p>CE PROGRAMME CONTIENT :<br \/>\n1 bo\u00eete de Formula 1<br \/>\n&amp; 1 bo\u00eete de boisson Thermojetics 50g.<\/p>\n<p>Vous faites partie de tant de personnes qui se sentiraient tellement mieux avec juste quelques centim\u00e8tres en moins \u00e0 des endroits ind\u00e9sirables. Vous vous dites que \u00e7a ne vaut peut-\u00eatre pas la peine de vous lancer dans un r\u00e9gime ! Il existe des solutions simples et efficaces qui vous feront \u00e9liminer vos masses disgracieuses sans aucunes contraintes. L\u2019association des deux produits dont nous allons vous parler a apport\u00e9 de magnifiques r\u00e9sultats \u00e0 des centaines de personnes dont nous nous sommes d\u00e9j\u00e0 occup\u00e9. Et cela gr\u00e2ce \u00e0 une action d\u2019\u00e9limination des toxines, d\u2019\u00e9limination de l\u2019eau qui stagne dans les tissus (ce qui am\u00e8ne aussi des r\u00e9sultats sur l\u2019effet peau d\u2019orange), de donner au corps ce dont il a besoin, quand il en a besoin.<\/p>\n<p>FORMULA 1 : BOISSON NUTRITIONNELLE<br \/>\nTout d\u2019abord, parlons de la Formula 1. C\u2019est une boisson nutritionnelle riche en prot\u00e9ines de soja et \u00e9l\u00e9ments nutritifs, elle contient 11 min\u00e9raux essentiels et 12 vitamines. Tout cela pour moins de 250 kcal par shake, elle est donc nutritive et digeste. Elle est \u00e0 prendre id\u00e9alement au petit d\u00e9jeuner mais on peut aussi la manger \u00e0 midi ou le soir, plut\u00f4t que de prendre un sandwich par exemple.<\/p>\n<p>C\u2019est un substitut de repas vitamin\u00e9 et complet; repas l\u00e9ger \u00e0 toute heure \u00e0 la maison ou au travail<\/p>\n<p>tout en retrouvant votre vitalit\u00e9 ! Rapide et facile \u00e0 pr\u00e9parer. En rempla\u00e7ant un repas par jour par la boisson nutritionnelle, vous \u00e9conomisez des calories et vous nourrissez vos muscles. Quand un muscle est bien nourrit, on \u00e9limine plus facilement la graisse autour !<\/p>\n<p>R\u00e9galez-vous avec 9 parfums d\u00e9licieux.<\/p>\n<p>BOISSON THERMOJETICS<br \/>\nAssoci\u00e9 \u00e0 cela, utilisez la boisson Termojetics. C\u2019est une boisson \u00e0 base de th\u00e9 vert, d\u2019hibiscus, de cardamome, de th\u00e9 d\u2019orange p\u00e9ko\u00e9\u2026 Cette boisson a de nombreux effets positifs sur votre organisme. Elle donne beaucoup d\u2019\u00e9nergie, aide \u00e0 contr\u00f4ler et normaliser l\u2019app\u00e9tit, aide \u00e0 \u00e9liminer les graisses stock\u00e9es et vous pousse \u00e0 boire car c\u2019est agr\u00e9able !<\/p>\n<p>Elle contient un juste dosage de caf\u00e9ine, qui gr\u00e2ce \u00e0 son effet stimulant, aide le corps \u00e0 d\u00e9penser plus d\u2019\u00e9nergie, c&#8217;est-\u00e0-dire \u00e0 d\u00e9penser plus de calories pour les m\u00eames efforts donn\u00e9s, et donc optimise le contr\u00f4le du poids. Vous pouvez la d\u00e9guster chaude ou froide.<\/p>\n<p>Vous aurez avec votre programme un mode d\u2019emploi d\u00e9taill\u00e9 de l\u2019utilisation des produits et votre coach sera l\u00e0 pour r\u00e9pondre \u00e0 toutes vos questions.<\/p>\n","protected":false},"excerpt":{"rendered":"<p><strong>Promotion valable jusqu&#8217;au 31.12.2020<\/strong><\/p>\n<p>CE PROGRAMME CONTIENT :<br \/>\n1 bo\u00eete de Formula 1<br \/>\n&amp; 1 bo\u00eete de boisson Thermojetics 50g.<\/p>\n","protected":false},"featured_media":12706,"comment_status":"closed","ping_status":"closed","template":"","meta":{"_acf_changed":false},"product_brand":[],"product_cat":[283,291,293],"product_tag":[],"class_list":{"0":"post-12705","1":"product","2":"type-product","3":"status-publish","4":"has-post-thumbnail","6":"product_cat-kits-de-demarrage","7":"product_cat-presentation-du-produit","8":"product_cat-sport-fitness-fr","9":"pa_geschmack-shake-1-cafe-latte-550-g","10":"pa_geschmack-shake-1-chocolat-gourmand-550-g-sku-4468","11":"pa_geschmack-shake-1-cookie-crunch-4467","12":"pa_geschmack-shake-1-creme-de-banane-550-g-sku-4462","13":"pa_geschmack-shake-1-delice-de-fraise-550-g-sku-4463","14":"pa_geschmack-shake-1-douceur-de-fruits-rouges-550-g-sku-4470","15":"pa_geschmack-shake-1-duo-menthe-chocolat-550-g-sku-4471","16":"pa_geschmack-shake-1-framboise-chocolat-blanc-500-g-sku-4469","17":"pa_geschmack-shake-1-pomme-epicee-550-g-sku-4464","18":"pa_geschmack-shake-1-vanille-onctueuse-550-g-sku-4466","19":"pa_geschmack-tee-1-citron","20":"pa_geschmack-tee-1-framboise","21":"pa_geschmack-tee-1-original","22":"pa_geschmack-tee-1-peche","24":"first","25":"instock","26":"sale","27":"taxable","28":"shipping-taxable","29":"purchasable","30":"product-type-variable"},"acf":[],"yoast_head":"<!-- This site is optimized with the Yoast SEO plugin v25.6 - https:\/\/yoast.com\/wordpress\/plugins\/seo\/ -->\n<title>Herbalife Programme Silhouette - Boutique en ligne - Erich Geiger, membre ind\u00e9pendant de HERBALIFE<\/title>\n<meta name=\"description\" content=\"Dies ist die Webseite eines Selbst\u00e4ndigen HERBALIFE-Mitgliedes. Um auf die offizielle HERBALIFE-Webseite zu gelangen, besuchen Sie bitte HERBALIFE.de.\" \/>\n<meta name=\"robots\" content=\"index, follow, max-snippet:-1, max-image-preview:large, max-video-preview:-1\" \/>\n<link rel=\"canonical\" href=\"https:\/\/herba-online.shop\/fr\/produit\/herbalife-programme-silhouette\/\" \/>\n<meta property=\"og:locale\" content=\"fr_FR\" \/>\n<meta property=\"og:type\" content=\"article\" \/>\n<meta property=\"og:title\" content=\"Herbalife Programme Silhouette - Boutique en ligne - Erich Geiger, membre ind\u00e9pendant de HERBALIFE\" \/>\n<meta property=\"og:description\" content=\"Dies ist die Webseite eines Selbst\u00e4ndigen HERBALIFE-Mitgliedes. Um auf die offizielle HERBALIFE-Webseite zu gelangen, besuchen Sie bitte HERBALIFE.de.\" \/>\n<meta property=\"og:url\" content=\"https:\/\/herba-online.shop\/fr\/produit\/herbalife-programme-silhouette\/\" \/>\n<meta property=\"og:site_name\" content=\"Boutique en ligne - Erich Geiger, membre ind\u00e9pendant de HERBALIFE\" \/>\n<meta property=\"article:modified_time\" content=\"2025-03-04T15:55:47+00:00\" \/>\n<meta property=\"og:image\" content=\"https:\/\/herba-online.shop\/wp-content\/uploads\/2020\/08\/FR4467-0105-Programme-Silhouette.png\" \/>\n\t<meta property=\"og:image:width\" content=\"1000\" \/>\n\t<meta property=\"og:image:height\" content=\"1000\" \/>\n\t<meta property=\"og:image:type\" content=\"image\/png\" \/>\n<meta name=\"twitter:card\" content=\"summary_large_image\" \/>\n<meta name=\"twitter:label1\" content=\"Dur\u00e9e de lecture estim\u00e9e\" \/>\n\t<meta name=\"twitter:data1\" content=\"2 minutes\" \/>\n<script type=\"application\/ld+json\" class=\"yoast-schema-graph\">{\"@context\":\"https:\/\/schema.org\",\"@graph\":[{\"@type\":\"WebPage\",\"@id\":\"https:\/\/herba-online.shop\/fr\/produit\/herbalife-programme-silhouette\/\",\"url\":\"https:\/\/herba-online.shop\/fr\/produit\/herbalife-programme-silhouette\/\",\"name\":\"Herbalife Programme Silhouette - Boutique en ligne - Erich Geiger, membre ind\u00e9pendant de HERBALIFE\",\"isPartOf\":{\"@id\":\"https:\/\/herba-online.shop\/#website\"},\"primaryImageOfPage\":{\"@id\":\"https:\/\/herba-online.shop\/fr\/produit\/herbalife-programme-silhouette\/#primaryimage\"},\"image\":{\"@id\":\"https:\/\/herba-online.shop\/fr\/produit\/herbalife-programme-silhouette\/#primaryimage\"},\"thumbnailUrl\":\"https:\/\/herba-online.shop\/wp-content\/uploads\/2020\/08\/FR4467-0105-Programme-Silhouette.png\",\"datePublished\":\"2020-08-14T17:22:50+00:00\",\"dateModified\":\"2025-03-04T15:55:47+00:00\",\"description\":\"Dies ist die Webseite eines Selbst\u00e4ndigen HERBALIFE-Mitgliedes. Um auf die offizielle HERBALIFE-Webseite zu gelangen, besuchen Sie bitte HERBALIFE.de.\",\"breadcrumb\":{\"@id\":\"https:\/\/herba-online.shop\/fr\/produit\/herbalife-programme-silhouette\/#breadcrumb\"},\"inLanguage\":\"fr-FR\",\"potentialAction\":[{\"@type\":\"ReadAction\",\"target\":[\"https:\/\/herba-online.shop\/fr\/produit\/herbalife-programme-silhouette\/\"]}]},{\"@type\":\"ImageObject\",\"inLanguage\":\"fr-FR\",\"@id\":\"https:\/\/herba-online.shop\/fr\/produit\/herbalife-programme-silhouette\/#primaryimage\",\"url\":\"https:\/\/herba-online.shop\/wp-content\/uploads\/2020\/08\/FR4467-0105-Programme-Silhouette.png\",\"contentUrl\":\"https:\/\/herba-online.shop\/wp-content\/uploads\/2020\/08\/FR4467-0105-Programme-Silhouette.png\",\"width\":1000,\"height\":1000},{\"@type\":\"BreadcrumbList\",\"@id\":\"https:\/\/herba-online.shop\/fr\/produit\/herbalife-programme-silhouette\/#breadcrumb\",\"itemListElement\":[{\"@type\":\"ListItem\",\"position\":1,\"name\":\"Startseite\",\"item\":\"https:\/\/herba-online.shop\/fr\/\"},{\"@type\":\"ListItem\",\"position\":2,\"name\":\"Pr\u00e9sentation du produit\",\"item\":\"https:\/\/herba-online.shop\/fr\/shop\/\"},{\"@type\":\"ListItem\",\"position\":3,\"name\":\"Herbalife Programme Silhouette\"}]},{\"@type\":\"WebSite\",\"@id\":\"https:\/\/herba-online.shop\/#website\",\"url\":\"https:\/\/herba-online.shop\/\",\"name\":\"Boutique en ligne - Erich Geiger, membre ind\u00e9pendant de HERBALIFE\",\"description\":\"\",\"publisher\":{\"@id\":\"https:\/\/herba-online.shop\/#organization\"},\"potentialAction\":[{\"@type\":\"SearchAction\",\"target\":{\"@type\":\"EntryPoint\",\"urlTemplate\":\"https:\/\/herba-online.shop\/?s={search_term_string}\"},\"query-input\":{\"@type\":\"PropertyValueSpecification\",\"valueRequired\":true,\"valueName\":\"search_term_string\"}}],\"inLanguage\":\"fr-FR\"},{\"@type\":\"Organization\",\"@id\":\"https:\/\/herba-online.shop\/#organization\",\"name\":\"Herba-Onlineshop Erich Geiger\",\"url\":\"https:\/\/herba-online.shop\/\",\"logo\":{\"@type\":\"ImageObject\",\"inLanguage\":\"fr-FR\",\"@id\":\"https:\/\/herba-online.shop\/#\/schema\/logo\/image\/\",\"url\":\"https:\/\/herba-online.shop\/wp-content\/uploads\/2019\/03\/logo_08.2017_header.png\",\"contentUrl\":\"https:\/\/herba-online.shop\/wp-content\/uploads\/2019\/03\/logo_08.2017_header.png\",\"width\":300,\"height\":76,\"caption\":\"Herba-Onlineshop Erich Geiger\"},\"image\":{\"@id\":\"https:\/\/herba-online.shop\/#\/schema\/logo\/image\/\"}}]}<\/script>\n<!-- \/ Yoast SEO plugin. -->","yoast_head_json":{"title":"Herbalife Programme Silhouette - Boutique en ligne - Erich Geiger, membre ind\u00e9pendant de HERBALIFE","description":"Dies ist die Webseite eines Selbst\u00e4ndigen HERBALIFE-Mitgliedes. Um auf die offizielle HERBALIFE-Webseite zu gelangen, besuchen Sie bitte HERBALIFE.de.","robots":{"index":"index","follow":"follow","max-snippet":"max-snippet:-1","max-image-preview":"max-image-preview:large","max-video-preview":"max-video-preview:-1"},"canonical":"https:\/\/herba-online.shop\/fr\/produit\/herbalife-programme-silhouette\/","og_locale":"fr_FR","og_type":"article","og_title":"Herbalife Programme Silhouette - Boutique en ligne - Erich Geiger, membre ind\u00e9pendant de HERBALIFE","og_description":"Dies ist die Webseite eines Selbst\u00e4ndigen HERBALIFE-Mitgliedes. Um auf die offizielle HERBALIFE-Webseite zu gelangen, besuchen Sie bitte HERBALIFE.de.","og_url":"https:\/\/herba-online.shop\/fr\/produit\/herbalife-programme-silhouette\/","og_site_name":"Boutique en ligne - Erich Geiger, membre ind\u00e9pendant de HERBALIFE","article_modified_time":"2025-03-04T15:55:47+00:00","og_image":[{"width":1000,"height":1000,"url":"https:\/\/herba-online.shop\/wp-content\/uploads\/2020\/08\/FR4467-0105-Programme-Silhouette.png","type":"image\/png"}],"twitter_card":"summary_large_image","twitter_misc":{"Dur\u00e9e de lecture estim\u00e9e":"2 minutes"},"schema":{"@context":"https:\/\/schema.org","@graph":[{"@type":"WebPage","@id":"https:\/\/herba-online.shop\/fr\/produit\/herbalife-programme-silhouette\/","url":"https:\/\/herba-online.shop\/fr\/produit\/herbalife-programme-silhouette\/","name":"Herbalife Programme Silhouette - Boutique en ligne - Erich Geiger, membre ind\u00e9pendant de HERBALIFE","isPartOf":{"@id":"https:\/\/herba-online.shop\/#website"},"primaryImageOfPage":{"@id":"https:\/\/herba-online.shop\/fr\/produit\/herbalife-programme-silhouette\/#primaryimage"},"image":{"@id":"https:\/\/herba-online.shop\/fr\/produit\/herbalife-programme-silhouette\/#primaryimage"},"thumbnailUrl":"https:\/\/herba-online.shop\/wp-content\/uploads\/2020\/08\/FR4467-0105-Programme-Silhouette.png","datePublished":"2020-08-14T17:22:50+00:00","dateModified":"2025-03-04T15:55:47+00:00","description":"Dies ist die Webseite eines Selbst\u00e4ndigen HERBALIFE-Mitgliedes. Um auf die offizielle HERBALIFE-Webseite zu gelangen, besuchen Sie bitte HERBALIFE.de.","breadcrumb":{"@id":"https:\/\/herba-online.shop\/fr\/produit\/herbalife-programme-silhouette\/#breadcrumb"},"inLanguage":"fr-FR","potentialAction":[{"@type":"ReadAction","target":["https:\/\/herba-online.shop\/fr\/produit\/herbalife-programme-silhouette\/"]}]},{"@type":"ImageObject","inLanguage":"fr-FR","@id":"https:\/\/herba-online.shop\/fr\/produit\/herbalife-programme-silhouette\/#primaryimage","url":"https:\/\/herba-online.shop\/wp-content\/uploads\/2020\/08\/FR4467-0105-Programme-Silhouette.png","contentUrl":"https:\/\/herba-online.shop\/wp-content\/uploads\/2020\/08\/FR4467-0105-Programme-Silhouette.png","width":1000,"height":1000},{"@type":"BreadcrumbList","@id":"https:\/\/herba-online.shop\/fr\/produit\/herbalife-programme-silhouette\/#breadcrumb","itemListElement":[{"@type":"ListItem","position":1,"name":"Startseite","item":"https:\/\/herba-online.shop\/fr\/"},{"@type":"ListItem","position":2,"name":"Pr\u00e9sentation du produit","item":"https:\/\/herba-online.shop\/fr\/shop\/"},{"@type":"ListItem","position":3,"name":"Herbalife Programme Silhouette"}]},{"@type":"WebSite","@id":"https:\/\/herba-online.shop\/#website","url":"https:\/\/herba-online.shop\/","name":"Boutique en ligne - Erich Geiger, membre ind\u00e9pendant de HERBALIFE","description":"","publisher":{"@id":"https:\/\/herba-online.shop\/#organization"},"potentialAction":[{"@type":"SearchAction","target":{"@type":"EntryPoint","urlTemplate":"https:\/\/herba-online.shop\/?s={search_term_string}"},"query-input":{"@type":"PropertyValueSpecification","valueRequired":true,"valueName":"search_term_string"}}],"inLanguage":"fr-FR"},{"@type":"Organization","@id":"https:\/\/herba-online.shop\/#organization","name":"Herba-Onlineshop Erich Geiger","url":"https:\/\/herba-online.shop\/","logo":{"@type":"ImageObject","inLanguage":"fr-FR","@id":"https:\/\/herba-online.shop\/#\/schema\/logo\/image\/","url":"https:\/\/herba-online.shop\/wp-content\/uploads\/2019\/03\/logo_08.2017_header.png","contentUrl":"https:\/\/herba-online.shop\/wp-content\/uploads\/2019\/03\/logo_08.2017_header.png","width":300,"height":76,"caption":"Herba-Onlineshop Erich Geiger"},"image":{"@id":"https:\/\/herba-online.shop\/#\/schema\/logo\/image\/"}}]}},"_links":{"self":[{"href":"https:\/\/herba-online.shop\/fr\/wp-json\/wp\/v2\/product\/12705","targetHints":{"allow":["GET"]}}],"collection":[{"href":"https:\/\/herba-online.shop\/fr\/wp-json\/wp\/v2\/product"}],"about":[{"href":"https:\/\/herba-online.shop\/fr\/wp-json\/wp\/v2\/types\/product"}],"replies":[{"embeddable":true,"href":"https:\/\/herba-online.shop\/fr\/wp-json\/wp\/v2\/comments?post=12705"}],"wp:featuredmedia":[{"embeddable":true,"href":"https:\/\/herba-online.shop\/fr\/wp-json\/wp\/v2\/media\/12706"}],"wp:attachment":[{"href":"https:\/\/herba-online.shop\/fr\/wp-json\/wp\/v2\/media?parent=12705"}],"wp:term":[{"taxonomy":"product_brand","embeddable":true,"href":"https:\/\/herba-online.shop\/fr\/wp-json\/wp\/v2\/product_brand?post=12705"},{"taxonomy":"product_cat","embeddable":true,"href":"https:\/\/herba-online.shop\/fr\/wp-json\/wp\/v2\/product_cat?post=12705"},{"taxonomy":"product_tag","embeddable":true,"href":"https:\/\/herba-online.shop\/fr\/wp-json\/wp\/v2\/product_tag?post=12705"}],"curies":[{"name":"wp","href":"https:\/\/api.w.org\/{rel}","templated":true}]}}