{"id":12718,"date":"2020-08-14T19:56:38","date_gmt":"2020-08-14T17:56:38","guid":{"rendered":"https:\/\/herba-online.shop\/?post_type=product&#038;p=12718"},"modified":"2020-11-01T13:30:18","modified_gmt":"2020-11-01T12:30:18","slug":"herbalife-pack-fit-et-form-avec-f1-et-the","status":"publish","type":"product","link":"https:\/\/herba-online.shop\/fr\/produit\/herbalife-pack-fit-et-form-avec-f1-et-the\/","title":{"rendered":"Herbalife Pack Fit et Form avec F1 et Th\u00e9"},"content":{"rendered":"<p><strong><em>Focus sur la silhouette? Le Pack Fit &amp; Form<\/em><\/strong> est une solution simple et efficace pour vous aider, vous et vos clients, \u00e0 atteindre vos objectifs minceur et\/ou masse musculaire : 1 seule r\u00e9f\u00e9rence pour 3 produits livr\u00e9s avec un sac cartonn\u00e9 Herbalife.<\/p>\n<p><strong>Avantages cl\u00e9s<\/strong><br \/>\n1. Faites le plein de nutriments avec le Shake Formula 1<br \/>\n2. Des vitamines, min\u00e9raux et prot\u00e9ines en collation ou pour un Shake de F1 encore plus onctueux avec le m\u00e9lange pour Boisson prot\u00e9in\u00e9e<br \/>\n3.Tonus et hydratation avec la Boisson \u00e0 base de Th\u00e9 et d&#8217;Extraits V\u00e9g\u00e9taux<\/p>\n","protected":false},"excerpt":{"rendered":"<p><strong>Promotion valable jusqu&#8217;au 31.12.2020<\/strong><\/p>\n","protected":false},"featured_media":12713,"comment_status":"closed","ping_status":"closed","template":"","meta":{"_acf_changed":false},"product_brand":[],"product_cat":[285,291],"product_tag":[],"class_list":{"0":"post-12718","1":"product","2":"type-product","3":"status-publish","4":"has-post-thumbnail","6":"product_cat-controle-du-poids","7":"product_cat-presentation-du-produit","8":"pa_geschmack-shake-1-cafe-latte-550-g","9":"pa_geschmack-shake-1-chocolat-gourmand-550-g-sku-4468","10":"pa_geschmack-shake-1-cookie-crunch-4467","11":"pa_geschmack-shake-1-creme-de-banane-550-g-sku-4462","12":"pa_geschmack-shake-1-delice-de-fraise-550-g-sku-4463","13":"pa_geschmack-shake-1-douceur-de-fruits-rouges-550-g-sku-4470","14":"pa_geschmack-shake-1-duo-menthe-chocolat-550-g-sku-4471","15":"pa_geschmack-shake-1-framboise-chocolat-blanc-500-g-sku-4469","16":"pa_geschmack-shake-1-pomme-epicee-550-g-sku-4464","17":"pa_geschmack-shake-1-vanille-onctueuse-550-g-sku-4466","18":"pa_geschmack-tee-1-citron","19":"pa_geschmack-tee-1-framboise","20":"pa_geschmack-tee-1-original","21":"pa_geschmack-tee-1-peche","23":"first","24":"instock","25":"sale","26":"taxable","27":"shipping-taxable","28":"purchasable","29":"product-type-variable"},"acf":[],"yoast_head":"<!-- This site is optimized with the Yoast SEO plugin v25.6 - https:\/\/yoast.com\/wordpress\/plugins\/seo\/ -->\n<title>Herbalife Pack Fit et Form avec F1 et Th\u00e9 - Boutique en ligne - Erich Geiger, membre ind\u00e9pendant de HERBALIFE<\/title>\n<meta name=\"description\" content=\"Dies ist die Webseite eines Selbst\u00e4ndigen HERBALIFE-Mitgliedes. Um auf die offizielle HERBALIFE-Webseite zu gelangen, besuchen Sie bitte HERBALIFE.de.\" \/>\n<meta name=\"robots\" content=\"index, follow, max-snippet:-1, max-image-preview:large, max-video-preview:-1\" \/>\n<link rel=\"canonical\" href=\"https:\/\/herba-online.shop\/fr\/produit\/herbalife-pack-fit-et-form-avec-f1-et-the\/\" \/>\n<meta property=\"og:locale\" content=\"fr_FR\" \/>\n<meta property=\"og:type\" content=\"article\" \/>\n<meta property=\"og:title\" content=\"Herbalife Pack Fit et Form avec F1 et Th\u00e9 - Boutique en ligne - Erich Geiger, membre ind\u00e9pendant de HERBALIFE\" \/>\n<meta property=\"og:description\" content=\"Dies ist die Webseite eines Selbst\u00e4ndigen HERBALIFE-Mitgliedes. Um auf die offizielle HERBALIFE-Webseite zu gelangen, besuchen Sie bitte HERBALIFE.de.\" \/>\n<meta property=\"og:url\" content=\"https:\/\/herba-online.shop\/fr\/produit\/herbalife-pack-fit-et-form-avec-f1-et-the\/\" \/>\n<meta property=\"og:site_name\" content=\"Boutique en ligne - Erich Geiger, membre ind\u00e9pendant de HERBALIFE\" \/>\n<meta property=\"article:modified_time\" content=\"2020-11-01T12:30:18+00:00\" \/>\n<meta property=\"og:image\" content=\"https:\/\/herba-online.shop\/wp-content\/uploads\/2020\/08\/FR4465-2600-Pack-Fit-et-Form-avec-F1-et-Th\u00e9.png\" \/>\n\t<meta property=\"og:image:width\" content=\"1000\" \/>\n\t<meta property=\"og:image:height\" content=\"1000\" \/>\n\t<meta property=\"og:image:type\" content=\"image\/png\" \/>\n<meta name=\"twitter:card\" content=\"summary_large_image\" \/>\n<script type=\"application\/ld+json\" class=\"yoast-schema-graph\">{\"@context\":\"https:\/\/schema.org\",\"@graph\":[{\"@type\":\"WebPage\",\"@id\":\"https:\/\/herba-online.shop\/fr\/produit\/herbalife-pack-fit-et-form-avec-f1-et-the\/\",\"url\":\"https:\/\/herba-online.shop\/fr\/produit\/herbalife-pack-fit-et-form-avec-f1-et-the\/\",\"name\":\"Herbalife Pack Fit et Form avec F1 et Th\u00e9 - Boutique en ligne - Erich Geiger, membre ind\u00e9pendant de HERBALIFE\",\"isPartOf\":{\"@id\":\"https:\/\/herba-online.shop\/#website\"},\"primaryImageOfPage\":{\"@id\":\"https:\/\/herba-online.shop\/fr\/produit\/herbalife-pack-fit-et-form-avec-f1-et-the\/#primaryimage\"},\"image\":{\"@id\":\"https:\/\/herba-online.shop\/fr\/produit\/herbalife-pack-fit-et-form-avec-f1-et-the\/#primaryimage\"},\"thumbnailUrl\":\"https:\/\/herba-online.shop\/wp-content\/uploads\/2020\/08\/FR4465-2600-Pack-Fit-et-Form-avec-F1-et-Th\u00e9.png\",\"datePublished\":\"2020-08-14T17:56:38+00:00\",\"dateModified\":\"2020-11-01T12:30:18+00:00\",\"description\":\"Dies ist die Webseite eines Selbst\u00e4ndigen HERBALIFE-Mitgliedes. Um auf die offizielle HERBALIFE-Webseite zu gelangen, besuchen Sie bitte HERBALIFE.de.\",\"breadcrumb\":{\"@id\":\"https:\/\/herba-online.shop\/fr\/produit\/herbalife-pack-fit-et-form-avec-f1-et-the\/#breadcrumb\"},\"inLanguage\":\"fr-FR\",\"potentialAction\":[{\"@type\":\"ReadAction\",\"target\":[\"https:\/\/herba-online.shop\/fr\/produit\/herbalife-pack-fit-et-form-avec-f1-et-the\/\"]}]},{\"@type\":\"ImageObject\",\"inLanguage\":\"fr-FR\",\"@id\":\"https:\/\/herba-online.shop\/fr\/produit\/herbalife-pack-fit-et-form-avec-f1-et-the\/#primaryimage\",\"url\":\"https:\/\/herba-online.shop\/wp-content\/uploads\/2020\/08\/FR4465-2600-Pack-Fit-et-Form-avec-F1-et-Th\u00e9.png\",\"contentUrl\":\"https:\/\/herba-online.shop\/wp-content\/uploads\/2020\/08\/FR4465-2600-Pack-Fit-et-Form-avec-F1-et-Th\u00e9.png\",\"width\":1000,\"height\":1000},{\"@type\":\"BreadcrumbList\",\"@id\":\"https:\/\/herba-online.shop\/fr\/produit\/herbalife-pack-fit-et-form-avec-f1-et-the\/#breadcrumb\",\"itemListElement\":[{\"@type\":\"ListItem\",\"position\":1,\"name\":\"Startseite\",\"item\":\"https:\/\/herba-online.shop\/fr\/\"},{\"@type\":\"ListItem\",\"position\":2,\"name\":\"Pr\u00e9sentation du produit\",\"item\":\"https:\/\/herba-online.shop\/fr\/shop\/\"},{\"@type\":\"ListItem\",\"position\":3,\"name\":\"Herbalife Pack Fit et Form avec F1 et Th\u00e9\"}]},{\"@type\":\"WebSite\",\"@id\":\"https:\/\/herba-online.shop\/#website\",\"url\":\"https:\/\/herba-online.shop\/\",\"name\":\"Boutique en ligne - Erich Geiger, membre ind\u00e9pendant de HERBALIFE\",\"description\":\"\",\"publisher\":{\"@id\":\"https:\/\/herba-online.shop\/#organization\"},\"potentialAction\":[{\"@type\":\"SearchAction\",\"target\":{\"@type\":\"EntryPoint\",\"urlTemplate\":\"https:\/\/herba-online.shop\/?s={search_term_string}\"},\"query-input\":{\"@type\":\"PropertyValueSpecification\",\"valueRequired\":true,\"valueName\":\"search_term_string\"}}],\"inLanguage\":\"fr-FR\"},{\"@type\":\"Organization\",\"@id\":\"https:\/\/herba-online.shop\/#organization\",\"name\":\"Herba-Onlineshop Erich Geiger\",\"url\":\"https:\/\/herba-online.shop\/\",\"logo\":{\"@type\":\"ImageObject\",\"inLanguage\":\"fr-FR\",\"@id\":\"https:\/\/herba-online.shop\/#\/schema\/logo\/image\/\",\"url\":\"https:\/\/herba-online.shop\/wp-content\/uploads\/2019\/03\/logo_08.2017_header.png\",\"contentUrl\":\"https:\/\/herba-online.shop\/wp-content\/uploads\/2019\/03\/logo_08.2017_header.png\",\"width\":300,\"height\":76,\"caption\":\"Herba-Onlineshop Erich Geiger\"},\"image\":{\"@id\":\"https:\/\/herba-online.shop\/#\/schema\/logo\/image\/\"}}]}<\/script>\n<!-- \/ Yoast SEO plugin. -->","yoast_head_json":{"title":"Herbalife Pack Fit et Form avec F1 et Th\u00e9 - Boutique en ligne - Erich Geiger, membre ind\u00e9pendant de HERBALIFE","description":"Dies ist die Webseite eines Selbst\u00e4ndigen HERBALIFE-Mitgliedes. Um auf die offizielle HERBALIFE-Webseite zu gelangen, besuchen Sie bitte HERBALIFE.de.","robots":{"index":"index","follow":"follow","max-snippet":"max-snippet:-1","max-image-preview":"max-image-preview:large","max-video-preview":"max-video-preview:-1"},"canonical":"https:\/\/herba-online.shop\/fr\/produit\/herbalife-pack-fit-et-form-avec-f1-et-the\/","og_locale":"fr_FR","og_type":"article","og_title":"Herbalife Pack Fit et Form avec F1 et Th\u00e9 - Boutique en ligne - Erich Geiger, membre ind\u00e9pendant de HERBALIFE","og_description":"Dies ist die Webseite eines Selbst\u00e4ndigen HERBALIFE-Mitgliedes. Um auf die offizielle HERBALIFE-Webseite zu gelangen, besuchen Sie bitte HERBALIFE.de.","og_url":"https:\/\/herba-online.shop\/fr\/produit\/herbalife-pack-fit-et-form-avec-f1-et-the\/","og_site_name":"Boutique en ligne - Erich Geiger, membre ind\u00e9pendant de HERBALIFE","article_modified_time":"2020-11-01T12:30:18+00:00","og_image":[{"width":1000,"height":1000,"url":"https:\/\/herba-online.shop\/wp-content\/uploads\/2020\/08\/FR4465-2600-Pack-Fit-et-Form-avec-F1-et-Th\u00e9.png","type":"image\/png"}],"twitter_card":"summary_large_image","schema":{"@context":"https:\/\/schema.org","@graph":[{"@type":"WebPage","@id":"https:\/\/herba-online.shop\/fr\/produit\/herbalife-pack-fit-et-form-avec-f1-et-the\/","url":"https:\/\/herba-online.shop\/fr\/produit\/herbalife-pack-fit-et-form-avec-f1-et-the\/","name":"Herbalife Pack Fit et Form avec F1 et Th\u00e9 - Boutique en ligne - Erich Geiger, membre ind\u00e9pendant de HERBALIFE","isPartOf":{"@id":"https:\/\/herba-online.shop\/#website"},"primaryImageOfPage":{"@id":"https:\/\/herba-online.shop\/fr\/produit\/herbalife-pack-fit-et-form-avec-f1-et-the\/#primaryimage"},"image":{"@id":"https:\/\/herba-online.shop\/fr\/produit\/herbalife-pack-fit-et-form-avec-f1-et-the\/#primaryimage"},"thumbnailUrl":"https:\/\/herba-online.shop\/wp-content\/uploads\/2020\/08\/FR4465-2600-Pack-Fit-et-Form-avec-F1-et-Th\u00e9.png","datePublished":"2020-08-14T17:56:38+00:00","dateModified":"2020-11-01T12:30:18+00:00","description":"Dies ist die Webseite eines Selbst\u00e4ndigen HERBALIFE-Mitgliedes. Um auf die offizielle HERBALIFE-Webseite zu gelangen, besuchen Sie bitte HERBALIFE.de.","breadcrumb":{"@id":"https:\/\/herba-online.shop\/fr\/produit\/herbalife-pack-fit-et-form-avec-f1-et-the\/#breadcrumb"},"inLanguage":"fr-FR","potentialAction":[{"@type":"ReadAction","target":["https:\/\/herba-online.shop\/fr\/produit\/herbalife-pack-fit-et-form-avec-f1-et-the\/"]}]},{"@type":"ImageObject","inLanguage":"fr-FR","@id":"https:\/\/herba-online.shop\/fr\/produit\/herbalife-pack-fit-et-form-avec-f1-et-the\/#primaryimage","url":"https:\/\/herba-online.shop\/wp-content\/uploads\/2020\/08\/FR4465-2600-Pack-Fit-et-Form-avec-F1-et-Th\u00e9.png","contentUrl":"https:\/\/herba-online.shop\/wp-content\/uploads\/2020\/08\/FR4465-2600-Pack-Fit-et-Form-avec-F1-et-Th\u00e9.png","width":1000,"height":1000},{"@type":"BreadcrumbList","@id":"https:\/\/herba-online.shop\/fr\/produit\/herbalife-pack-fit-et-form-avec-f1-et-the\/#breadcrumb","itemListElement":[{"@type":"ListItem","position":1,"name":"Startseite","item":"https:\/\/herba-online.shop\/fr\/"},{"@type":"ListItem","position":2,"name":"Pr\u00e9sentation du produit","item":"https:\/\/herba-online.shop\/fr\/shop\/"},{"@type":"ListItem","position":3,"name":"Herbalife Pack Fit et Form avec F1 et Th\u00e9"}]},{"@type":"WebSite","@id":"https:\/\/herba-online.shop\/#website","url":"https:\/\/herba-online.shop\/","name":"Boutique en ligne - Erich Geiger, membre ind\u00e9pendant de HERBALIFE","description":"","publisher":{"@id":"https:\/\/herba-online.shop\/#organization"},"potentialAction":[{"@type":"SearchAction","target":{"@type":"EntryPoint","urlTemplate":"https:\/\/herba-online.shop\/?s={search_term_string}"},"query-input":{"@type":"PropertyValueSpecification","valueRequired":true,"valueName":"search_term_string"}}],"inLanguage":"fr-FR"},{"@type":"Organization","@id":"https:\/\/herba-online.shop\/#organization","name":"Herba-Onlineshop Erich Geiger","url":"https:\/\/herba-online.shop\/","logo":{"@type":"ImageObject","inLanguage":"fr-FR","@id":"https:\/\/herba-online.shop\/#\/schema\/logo\/image\/","url":"https:\/\/herba-online.shop\/wp-content\/uploads\/2019\/03\/logo_08.2017_header.png","contentUrl":"https:\/\/herba-online.shop\/wp-content\/uploads\/2019\/03\/logo_08.2017_header.png","width":300,"height":76,"caption":"Herba-Onlineshop Erich Geiger"},"image":{"@id":"https:\/\/herba-online.shop\/#\/schema\/logo\/image\/"}}]}},"_links":{"self":[{"href":"https:\/\/herba-online.shop\/fr\/wp-json\/wp\/v2\/product\/12718","targetHints":{"allow":["GET"]}}],"collection":[{"href":"https:\/\/herba-online.shop\/fr\/wp-json\/wp\/v2\/product"}],"about":[{"href":"https:\/\/herba-online.shop\/fr\/wp-json\/wp\/v2\/types\/product"}],"replies":[{"embeddable":true,"href":"https:\/\/herba-online.shop\/fr\/wp-json\/wp\/v2\/comments?post=12718"}],"wp:featuredmedia":[{"embeddable":true,"href":"https:\/\/herba-online.shop\/fr\/wp-json\/wp\/v2\/media\/12713"}],"wp:attachment":[{"href":"https:\/\/herba-online.shop\/fr\/wp-json\/wp\/v2\/media?parent=12718"}],"wp:term":[{"taxonomy":"product_brand","embeddable":true,"href":"https:\/\/herba-online.shop\/fr\/wp-json\/wp\/v2\/product_brand?post=12718"},{"taxonomy":"product_cat","embeddable":true,"href":"https:\/\/herba-online.shop\/fr\/wp-json\/wp\/v2\/product_cat?post=12718"},{"taxonomy":"product_tag","embeddable":true,"href":"https:\/\/herba-online.shop\/fr\/wp-json\/wp\/v2\/product_tag?post=12718"}],"curies":[{"name":"wp","href":"https:\/\/api.w.org\/{rel}","templated":true}]}}