{"id":13109,"date":"2020-08-18T14:36:18","date_gmt":"2020-08-25T09:22:12","guid":{"rendered":"https:\/\/herba-online.shop\/?post_type=product&#038;p=13109"},"modified":"2020-11-01T13:29:43","modified_gmt":"2020-11-01T12:29:43","slug":"formula-1-boisson-nutritionnelle-lot-de-3","status":"publish","type":"product","link":"https:\/\/herba-online.shop\/fr\/produit\/formula-1-boisson-nutritionnelle-lot-de-3\/","title":{"rendered":"Formula 1 &#8211; Boisson Nutritionnelle Lot de 3"},"content":{"rendered":"<p>Un d\u00e9licieux repas qui apporte un excellent \u00e9quilibre en prot\u00e9ines de soja et de lait de haute qualit\u00e9, des micronutriments essentiels et des extraits v\u00e9g\u00e9taux. Contient seulement 217 kcal. M\u00e9langez 2 cuill\u00e8res \u00e0 soupe dans 25 cl de lait et profitez d&#8217;un repas sain. Remplacez deux de vos repas quotidiens pour une perte de poids effective. Ce m\u00e9lange au bon go\u00fbt, disponible en 6 parfums, vous rassasiera. Contient 63 repas. (21 x 3)<\/p>\n","protected":false},"excerpt":{"rendered":"<p><strong>Promotion valable jusqu&#8217;au 31.12.2020<\/strong><\/p>\n","protected":false},"featured_media":13110,"comment_status":"closed","ping_status":"closed","template":"","meta":{"_acf_changed":false},"product_brand":[],"product_cat":[290,285,283,291,282],"product_tag":[599],"class_list":{"0":"post-13109","1":"product","2":"type-product","3":"status-publish","4":"has-post-thumbnail","6":"product_cat-complement-alimentaire","7":"product_cat-controle-du-poids","8":"product_cat-kits-de-demarrage","9":"product_cat-presentation-du-produit","10":"product_cat-produits-basiques","11":"product_tag-3x-shake-fr","12":"pa_geschmack-shake-1-cafe-latte-550-g","13":"pa_geschmack-shake-1-chocolat-gourmand-550-g-sku-4468","14":"pa_geschmack-shake-1-cookie-crunch-4467","15":"pa_geschmack-shake-1-creme-de-banane-550-g-sku-4462","16":"pa_geschmack-shake-1-delice-de-fraise-550-g-sku-4463","17":"pa_geschmack-shake-1-duo-menthe-chocolat-550-g-sku-4471","18":"pa_geschmack-shake-1-framboise-chocolat-blanc-500-g-sku-4469","19":"pa_geschmack-shake-1-vanille-onctueuse-550-g-sku-4466","20":"pa_geschmack-shake-2-cafe-latte-550-g","21":"pa_geschmack-shake-2-chocolat-gourmand-550-g-sku-4468","22":"pa_geschmack-shake-2-cookie-crunch-550-g","23":"pa_geschmack-shake-2-creme-de-banane-550-g","24":"pa_geschmack-shake-2-delice-de-fraise-550-g-sku-4463","25":"pa_geschmack-shake-2-duo-menthe-chocolat-550-g-sku-4471","26":"pa_geschmack-shake-2-framboise-chocolat-blanc","27":"pa_geschmack-shake-2-vanille-onctueuse-550-g-sku-4466","28":"pa_geschmack-shake-3-cafe-latte-550-g-sku-4465-fr","29":"pa_geschmack-shake-3-chocolat-gourmand-550-g-sku-4468","30":"pa_geschmack-shake-3-cookie-crunch-550-g-sku-4467-fr","31":"pa_geschmack-shake-3-creme-de-banane-550-g-sku-4462","32":"pa_geschmack-shake-3-delice-de-fraise-550-g-sku-4463","33":"pa_geschmack-shake-3-duo-menthe-chocolat-550-g-sku-4471","34":"pa_geschmack-shake-3-framboise-chocolat-blanc-500-g-sku-4469","35":"pa_geschmack-shake-3-vanille-onctueuse-550-g-sku-4466","37":"first","38":"instock","39":"sale","40":"taxable","41":"shipping-taxable","42":"purchasable","43":"product-type-variable"},"acf":[],"yoast_head":"<!-- This site is optimized with the Yoast SEO plugin v25.6 - https:\/\/yoast.com\/wordpress\/plugins\/seo\/ -->\n<title>Formula 1 - Boisson Nutritionnelle Lot de 3 - Boutique en ligne - Erich Geiger, membre ind\u00e9pendant de HERBALIFE<\/title>\n<meta name=\"description\" content=\"Dies ist die Webseite eines Selbst\u00e4ndigen HERBALIFE-Mitgliedes. Um auf die offizielle HERBALIFE-Webseite zu gelangen, besuchen Sie bitte HERBALIFE.de.\" \/>\n<meta name=\"robots\" content=\"index, follow, max-snippet:-1, max-image-preview:large, max-video-preview:-1\" \/>\n<link rel=\"canonical\" href=\"https:\/\/herba-online.shop\/fr\/produit\/formula-1-boisson-nutritionnelle-lot-de-3\/\" \/>\n<meta property=\"og:locale\" content=\"fr_FR\" \/>\n<meta property=\"og:type\" content=\"article\" \/>\n<meta property=\"og:title\" content=\"Formula 1 - Boisson Nutritionnelle Lot de 3 - Boutique en ligne - Erich Geiger, membre ind\u00e9pendant de HERBALIFE\" \/>\n<meta property=\"og:description\" content=\"Dies ist die Webseite eines Selbst\u00e4ndigen HERBALIFE-Mitgliedes. Um auf die offizielle HERBALIFE-Webseite zu gelangen, besuchen Sie bitte HERBALIFE.de.\" \/>\n<meta property=\"og:url\" content=\"https:\/\/herba-online.shop\/fr\/produit\/formula-1-boisson-nutritionnelle-lot-de-3\/\" \/>\n<meta property=\"og:site_name\" content=\"Boutique en ligne - Erich Geiger, membre ind\u00e9pendant de HERBALIFE\" \/>\n<meta property=\"article:modified_time\" content=\"2020-11-01T12:29:43+00:00\" \/>\n<meta property=\"og:image\" content=\"https:\/\/herba-online.shop\/wp-content\/uploads\/2020\/08\/3Shake-1.png\" \/>\n\t<meta property=\"og:image:width\" content=\"1000\" \/>\n\t<meta property=\"og:image:height\" content=\"1000\" \/>\n\t<meta property=\"og:image:type\" content=\"image\/png\" \/>\n<meta name=\"twitter:card\" content=\"summary_large_image\" \/>\n<script type=\"application\/ld+json\" class=\"yoast-schema-graph\">{\"@context\":\"https:\/\/schema.org\",\"@graph\":[{\"@type\":\"WebPage\",\"@id\":\"https:\/\/herba-online.shop\/fr\/produit\/formula-1-boisson-nutritionnelle-lot-de-3\/\",\"url\":\"https:\/\/herba-online.shop\/fr\/produit\/formula-1-boisson-nutritionnelle-lot-de-3\/\",\"name\":\"Formula 1 - Boisson Nutritionnelle Lot de 3 - Boutique en ligne - Erich Geiger, membre ind\u00e9pendant de HERBALIFE\",\"isPartOf\":{\"@id\":\"https:\/\/herba-online.shop\/#website\"},\"primaryImageOfPage\":{\"@id\":\"https:\/\/herba-online.shop\/fr\/produit\/formula-1-boisson-nutritionnelle-lot-de-3\/#primaryimage\"},\"image\":{\"@id\":\"https:\/\/herba-online.shop\/fr\/produit\/formula-1-boisson-nutritionnelle-lot-de-3\/#primaryimage\"},\"thumbnailUrl\":\"https:\/\/herba-online.shop\/wp-content\/uploads\/2020\/08\/3Shake-1.png\",\"datePublished\":\"2020-08-25T09:22:12+00:00\",\"dateModified\":\"2020-11-01T12:29:43+00:00\",\"description\":\"Dies ist die Webseite eines Selbst\u00e4ndigen HERBALIFE-Mitgliedes. Um auf die offizielle HERBALIFE-Webseite zu gelangen, besuchen Sie bitte HERBALIFE.de.\",\"breadcrumb\":{\"@id\":\"https:\/\/herba-online.shop\/fr\/produit\/formula-1-boisson-nutritionnelle-lot-de-3\/#breadcrumb\"},\"inLanguage\":\"fr-FR\",\"potentialAction\":[{\"@type\":\"ReadAction\",\"target\":[\"https:\/\/herba-online.shop\/fr\/produit\/formula-1-boisson-nutritionnelle-lot-de-3\/\"]}]},{\"@type\":\"ImageObject\",\"inLanguage\":\"fr-FR\",\"@id\":\"https:\/\/herba-online.shop\/fr\/produit\/formula-1-boisson-nutritionnelle-lot-de-3\/#primaryimage\",\"url\":\"https:\/\/herba-online.shop\/wp-content\/uploads\/2020\/08\/3Shake-1.png\",\"contentUrl\":\"https:\/\/herba-online.shop\/wp-content\/uploads\/2020\/08\/3Shake-1.png\",\"width\":1000,\"height\":1000},{\"@type\":\"BreadcrumbList\",\"@id\":\"https:\/\/herba-online.shop\/fr\/produit\/formula-1-boisson-nutritionnelle-lot-de-3\/#breadcrumb\",\"itemListElement\":[{\"@type\":\"ListItem\",\"position\":1,\"name\":\"Startseite\",\"item\":\"https:\/\/herba-online.shop\/fr\/\"},{\"@type\":\"ListItem\",\"position\":2,\"name\":\"Pr\u00e9sentation du produit\",\"item\":\"https:\/\/herba-online.shop\/fr\/shop\/\"},{\"@type\":\"ListItem\",\"position\":3,\"name\":\"Formula 1 &#8211; Boisson Nutritionnelle Lot de 3\"}]},{\"@type\":\"WebSite\",\"@id\":\"https:\/\/herba-online.shop\/#website\",\"url\":\"https:\/\/herba-online.shop\/\",\"name\":\"Boutique en ligne - Erich Geiger, membre ind\u00e9pendant de HERBALIFE\",\"description\":\"\",\"publisher\":{\"@id\":\"https:\/\/herba-online.shop\/#organization\"},\"potentialAction\":[{\"@type\":\"SearchAction\",\"target\":{\"@type\":\"EntryPoint\",\"urlTemplate\":\"https:\/\/herba-online.shop\/?s={search_term_string}\"},\"query-input\":{\"@type\":\"PropertyValueSpecification\",\"valueRequired\":true,\"valueName\":\"search_term_string\"}}],\"inLanguage\":\"fr-FR\"},{\"@type\":\"Organization\",\"@id\":\"https:\/\/herba-online.shop\/#organization\",\"name\":\"Herba-Onlineshop Erich Geiger\",\"url\":\"https:\/\/herba-online.shop\/\",\"logo\":{\"@type\":\"ImageObject\",\"inLanguage\":\"fr-FR\",\"@id\":\"https:\/\/herba-online.shop\/#\/schema\/logo\/image\/\",\"url\":\"https:\/\/herba-online.shop\/wp-content\/uploads\/2019\/03\/logo_08.2017_header.png\",\"contentUrl\":\"https:\/\/herba-online.shop\/wp-content\/uploads\/2019\/03\/logo_08.2017_header.png\",\"width\":300,\"height\":76,\"caption\":\"Herba-Onlineshop Erich Geiger\"},\"image\":{\"@id\":\"https:\/\/herba-online.shop\/#\/schema\/logo\/image\/\"}}]}<\/script>\n<!-- \/ Yoast SEO plugin. -->","yoast_head_json":{"title":"Formula 1 - Boisson Nutritionnelle Lot de 3 - Boutique en ligne - Erich Geiger, membre ind\u00e9pendant de HERBALIFE","description":"Dies ist die Webseite eines Selbst\u00e4ndigen HERBALIFE-Mitgliedes. Um auf die offizielle HERBALIFE-Webseite zu gelangen, besuchen Sie bitte HERBALIFE.de.","robots":{"index":"index","follow":"follow","max-snippet":"max-snippet:-1","max-image-preview":"max-image-preview:large","max-video-preview":"max-video-preview:-1"},"canonical":"https:\/\/herba-online.shop\/fr\/produit\/formula-1-boisson-nutritionnelle-lot-de-3\/","og_locale":"fr_FR","og_type":"article","og_title":"Formula 1 - Boisson Nutritionnelle Lot de 3 - Boutique en ligne - Erich Geiger, membre ind\u00e9pendant de HERBALIFE","og_description":"Dies ist die Webseite eines Selbst\u00e4ndigen HERBALIFE-Mitgliedes. Um auf die offizielle HERBALIFE-Webseite zu gelangen, besuchen Sie bitte HERBALIFE.de.","og_url":"https:\/\/herba-online.shop\/fr\/produit\/formula-1-boisson-nutritionnelle-lot-de-3\/","og_site_name":"Boutique en ligne - Erich Geiger, membre ind\u00e9pendant de HERBALIFE","article_modified_time":"2020-11-01T12:29:43+00:00","og_image":[{"width":1000,"height":1000,"url":"https:\/\/herba-online.shop\/wp-content\/uploads\/2020\/08\/3Shake-1.png","type":"image\/png"}],"twitter_card":"summary_large_image","schema":{"@context":"https:\/\/schema.org","@graph":[{"@type":"WebPage","@id":"https:\/\/herba-online.shop\/fr\/produit\/formula-1-boisson-nutritionnelle-lot-de-3\/","url":"https:\/\/herba-online.shop\/fr\/produit\/formula-1-boisson-nutritionnelle-lot-de-3\/","name":"Formula 1 - Boisson Nutritionnelle Lot de 3 - Boutique en ligne - Erich Geiger, membre ind\u00e9pendant de HERBALIFE","isPartOf":{"@id":"https:\/\/herba-online.shop\/#website"},"primaryImageOfPage":{"@id":"https:\/\/herba-online.shop\/fr\/produit\/formula-1-boisson-nutritionnelle-lot-de-3\/#primaryimage"},"image":{"@id":"https:\/\/herba-online.shop\/fr\/produit\/formula-1-boisson-nutritionnelle-lot-de-3\/#primaryimage"},"thumbnailUrl":"https:\/\/herba-online.shop\/wp-content\/uploads\/2020\/08\/3Shake-1.png","datePublished":"2020-08-25T09:22:12+00:00","dateModified":"2020-11-01T12:29:43+00:00","description":"Dies ist die Webseite eines Selbst\u00e4ndigen HERBALIFE-Mitgliedes. Um auf die offizielle HERBALIFE-Webseite zu gelangen, besuchen Sie bitte HERBALIFE.de.","breadcrumb":{"@id":"https:\/\/herba-online.shop\/fr\/produit\/formula-1-boisson-nutritionnelle-lot-de-3\/#breadcrumb"},"inLanguage":"fr-FR","potentialAction":[{"@type":"ReadAction","target":["https:\/\/herba-online.shop\/fr\/produit\/formula-1-boisson-nutritionnelle-lot-de-3\/"]}]},{"@type":"ImageObject","inLanguage":"fr-FR","@id":"https:\/\/herba-online.shop\/fr\/produit\/formula-1-boisson-nutritionnelle-lot-de-3\/#primaryimage","url":"https:\/\/herba-online.shop\/wp-content\/uploads\/2020\/08\/3Shake-1.png","contentUrl":"https:\/\/herba-online.shop\/wp-content\/uploads\/2020\/08\/3Shake-1.png","width":1000,"height":1000},{"@type":"BreadcrumbList","@id":"https:\/\/herba-online.shop\/fr\/produit\/formula-1-boisson-nutritionnelle-lot-de-3\/#breadcrumb","itemListElement":[{"@type":"ListItem","position":1,"name":"Startseite","item":"https:\/\/herba-online.shop\/fr\/"},{"@type":"ListItem","position":2,"name":"Pr\u00e9sentation du produit","item":"https:\/\/herba-online.shop\/fr\/shop\/"},{"@type":"ListItem","position":3,"name":"Formula 1 &#8211; Boisson Nutritionnelle Lot de 3"}]},{"@type":"WebSite","@id":"https:\/\/herba-online.shop\/#website","url":"https:\/\/herba-online.shop\/","name":"Boutique en ligne - Erich Geiger, membre ind\u00e9pendant de HERBALIFE","description":"","publisher":{"@id":"https:\/\/herba-online.shop\/#organization"},"potentialAction":[{"@type":"SearchAction","target":{"@type":"EntryPoint","urlTemplate":"https:\/\/herba-online.shop\/?s={search_term_string}"},"query-input":{"@type":"PropertyValueSpecification","valueRequired":true,"valueName":"search_term_string"}}],"inLanguage":"fr-FR"},{"@type":"Organization","@id":"https:\/\/herba-online.shop\/#organization","name":"Herba-Onlineshop Erich Geiger","url":"https:\/\/herba-online.shop\/","logo":{"@type":"ImageObject","inLanguage":"fr-FR","@id":"https:\/\/herba-online.shop\/#\/schema\/logo\/image\/","url":"https:\/\/herba-online.shop\/wp-content\/uploads\/2019\/03\/logo_08.2017_header.png","contentUrl":"https:\/\/herba-online.shop\/wp-content\/uploads\/2019\/03\/logo_08.2017_header.png","width":300,"height":76,"caption":"Herba-Onlineshop Erich Geiger"},"image":{"@id":"https:\/\/herba-online.shop\/#\/schema\/logo\/image\/"}}]}},"_links":{"self":[{"href":"https:\/\/herba-online.shop\/fr\/wp-json\/wp\/v2\/product\/13109","targetHints":{"allow":["GET"]}}],"collection":[{"href":"https:\/\/herba-online.shop\/fr\/wp-json\/wp\/v2\/product"}],"about":[{"href":"https:\/\/herba-online.shop\/fr\/wp-json\/wp\/v2\/types\/product"}],"replies":[{"embeddable":true,"href":"https:\/\/herba-online.shop\/fr\/wp-json\/wp\/v2\/comments?post=13109"}],"wp:featuredmedia":[{"embeddable":true,"href":"https:\/\/herba-online.shop\/fr\/wp-json\/wp\/v2\/media\/13110"}],"wp:attachment":[{"href":"https:\/\/herba-online.shop\/fr\/wp-json\/wp\/v2\/media?parent=13109"}],"wp:term":[{"taxonomy":"product_brand","embeddable":true,"href":"https:\/\/herba-online.shop\/fr\/wp-json\/wp\/v2\/product_brand?post=13109"},{"taxonomy":"product_cat","embeddable":true,"href":"https:\/\/herba-online.shop\/fr\/wp-json\/wp\/v2\/product_cat?post=13109"},{"taxonomy":"product_tag","embeddable":true,"href":"https:\/\/herba-online.shop\/fr\/wp-json\/wp\/v2\/product_tag?post=13109"}],"curies":[{"name":"wp","href":"https:\/\/api.w.org\/{rel}","templated":true}]}}