{"id":16316,"date":"2021-05-06T07:32:36","date_gmt":"2021-05-06T05:32:36","guid":{"rendered":"https:\/\/herba-online.shop\/?post_type=product&#038;p=16316"},"modified":"2021-05-06T08:18:23","modified_gmt":"2021-05-06T06:18:23","slug":"microbiotic-max-40g-2","status":"publish","type":"product","link":"https:\/\/herba-online.shop\/fr\/produit\/microbiotic-max-40g-2\/","title":{"rendered":"Microbiotic Max 40g"},"content":{"rendered":"<p>Microbiotic Max est un compl\u00e9ment alimentaire formul\u00e9 pour offrir \u00e0 la fois des bact\u00e9ries vivantes et des fibres, qui collaborent en harmonie pour aider \u00e0 soutenir vos objectifs nutritionnels.<br \/>\nChaque portion contient 2 milliards de bact\u00e9ries vivantes issues de souches de Bifidobacterium lactis et Lactobacillus helveticus.<\/p>\n<p>Ce produit est riche en fibres et propos\u00e9 en sachets, ce qui le rend parfait pour l\u2019emporter o\u00f9 que vous soyez. Avec une subtile saveur vanille, d\u00e9gustez Microbiotic Max avec de l\u2019eau ou votre shake de Formula 1 pr\u00e9f\u00e9r\u00e9.<br \/>\nAvantages principaux<br \/>\n\u2022 Contient des probiotiques et des fibres pr\u00e9biotiques<br \/>\n\u2022 Formul\u00e9 avec 2 milliards de bact\u00e9ries vivantes (UFC) par portion<br \/>\n\u2022 Sans gluten<br \/>\n\u2022 Riche en fibres<br \/>\n\u2022 Sans sucres ajout\u00e9s<br \/>\n\u2022 Sans \u00e9dulcorants ni colorants<br \/>\n\u2022 Saveur vanille<br \/>\n\u2022 R\u00e9frig\u00e9ration non n\u00e9cessaire<br \/>\nUtilisation<br \/>\nAjoutez 1 sachet \u00e0 un demi verre d\u2019eau (environ 100 ml), m\u00e9langez jusqu\u2019\u00e0 dissolution compl\u00e8te et d\u00e9gustez. \u00c0 boire seul ou \u00e0 ajouter \u00e0 votre shake de Formula 1 pr\u00e9f\u00e9r\u00e9. Veuillez l\u2019ajouter apr\u00e8s avoir mix\u00e9 votre shake et utiliser des liquides dont la temp\u00e9rature est inf\u00e9rieure \u00e0 25\u00b0C pour \u00e9viter d\u2019alt\u00e9rer l\u2019efficacit\u00e9 du produit.<\/p>\n<p>\u00c0 consommer une fois par jour. Profitez de ce produit dans le cadre d\u2019un r\u00e9gime alimentaire vari\u00e9 et \u00e9quilibr\u00e9, et d\u2019un mode de vie sain et actif.<\/p>\n","protected":false},"excerpt":{"rendered":"<p><strong>Aktion g\u00fcltig bis 30.06.2021<\/strong><\/p>\n<p>Microbiotic Max est un compl\u00e9ment alimentaire formul\u00e9 pour offrir \u00e0 la fois des bact\u00e9ries vivantes et des fibres, qui collaborent en harmonie pour aider \u00e0 soutenir vos objectifs nutritionnels.<br \/>\nChaque portion contient 2 milliards de bact\u00e9ries vivantes issues de souches de Bifidobacterium lactis et Lactobacillus helveticus.<\/p>\n","protected":false},"featured_media":16219,"comment_status":"closed","ping_status":"closed","template":"","meta":{"_acf_changed":false},"product_brand":[],"product_cat":[290,291],"product_tag":[799],"class_list":{"0":"post-16316","1":"product","2":"type-product","3":"status-publish","4":"has-post-thumbnail","6":"product_cat-complement-alimentaire","7":"product_cat-presentation-du-produit","8":"product_tag-microbiotic-max-fr","10":"first","11":"instock","12":"sale","13":"taxable","14":"shipping-taxable","15":"purchasable","16":"product-type-simple"},"acf":[],"yoast_head":"<!-- This site is optimized with the Yoast SEO plugin v25.6 - https:\/\/yoast.com\/wordpress\/plugins\/seo\/ -->\n<title>Microbiotic Max 40g - Boutique en ligne - Erich Geiger, membre ind\u00e9pendant de HERBALIFE<\/title>\n<meta name=\"description\" content=\"Dies ist die Webseite eines Selbst\u00e4ndigen HERBALIFE-Mitgliedes. Um auf die offizielle HERBALIFE-Webseite zu gelangen, besuchen Sie bitte HERBALIFE.de.\" \/>\n<meta name=\"robots\" content=\"index, follow, max-snippet:-1, max-image-preview:large, max-video-preview:-1\" \/>\n<link rel=\"canonical\" href=\"https:\/\/herba-online.shop\/fr\/produit\/microbiotic-max-40g-2\/\" \/>\n<meta property=\"og:locale\" content=\"fr_FR\" \/>\n<meta property=\"og:type\" content=\"article\" \/>\n<meta property=\"og:title\" content=\"Microbiotic Max 40g - Boutique en ligne - Erich Geiger, membre ind\u00e9pendant de HERBALIFE\" \/>\n<meta property=\"og:description\" content=\"Dies ist die Webseite eines Selbst\u00e4ndigen HERBALIFE-Mitgliedes. Um auf die offizielle HERBALIFE-Webseite zu gelangen, besuchen Sie bitte HERBALIFE.de.\" \/>\n<meta property=\"og:url\" content=\"https:\/\/herba-online.shop\/fr\/produit\/microbiotic-max-40g-2\/\" \/>\n<meta property=\"og:site_name\" content=\"Boutique en ligne - Erich Geiger, membre ind\u00e9pendant de HERBALIFE\" \/>\n<meta property=\"article:modified_time\" content=\"2021-05-06T06:18:23+00:00\" \/>\n<meta property=\"og:image\" content=\"https:\/\/herba-online.shop\/wp-content\/uploads\/2021\/04\/173K-NEU.png\" \/>\n\t<meta property=\"og:image:width\" content=\"1000\" \/>\n\t<meta property=\"og:image:height\" content=\"1000\" \/>\n\t<meta property=\"og:image:type\" content=\"image\/png\" \/>\n<meta name=\"twitter:card\" content=\"summary_large_image\" \/>\n<meta name=\"twitter:label1\" content=\"Dur\u00e9e de lecture estim\u00e9e\" \/>\n\t<meta name=\"twitter:data1\" content=\"1 minute\" \/>\n<script type=\"application\/ld+json\" class=\"yoast-schema-graph\">{\"@context\":\"https:\/\/schema.org\",\"@graph\":[{\"@type\":\"WebPage\",\"@id\":\"https:\/\/herba-online.shop\/fr\/produit\/microbiotic-max-40g-2\/\",\"url\":\"https:\/\/herba-online.shop\/fr\/produit\/microbiotic-max-40g-2\/\",\"name\":\"Microbiotic Max 40g - Boutique en ligne - Erich Geiger, membre ind\u00e9pendant de HERBALIFE\",\"isPartOf\":{\"@id\":\"https:\/\/herba-online.shop\/#website\"},\"primaryImageOfPage\":{\"@id\":\"https:\/\/herba-online.shop\/fr\/produit\/microbiotic-max-40g-2\/#primaryimage\"},\"image\":{\"@id\":\"https:\/\/herba-online.shop\/fr\/produit\/microbiotic-max-40g-2\/#primaryimage\"},\"thumbnailUrl\":\"https:\/\/herba-online.shop\/wp-content\/uploads\/2021\/04\/173K-NEU.png\",\"datePublished\":\"2021-05-06T05:32:36+00:00\",\"dateModified\":\"2021-05-06T06:18:23+00:00\",\"description\":\"Dies ist die Webseite eines Selbst\u00e4ndigen HERBALIFE-Mitgliedes. Um auf die offizielle HERBALIFE-Webseite zu gelangen, besuchen Sie bitte HERBALIFE.de.\",\"breadcrumb\":{\"@id\":\"https:\/\/herba-online.shop\/fr\/produit\/microbiotic-max-40g-2\/#breadcrumb\"},\"inLanguage\":\"fr-FR\",\"potentialAction\":[{\"@type\":\"ReadAction\",\"target\":[\"https:\/\/herba-online.shop\/fr\/produit\/microbiotic-max-40g-2\/\"]}]},{\"@type\":\"ImageObject\",\"inLanguage\":\"fr-FR\",\"@id\":\"https:\/\/herba-online.shop\/fr\/produit\/microbiotic-max-40g-2\/#primaryimage\",\"url\":\"https:\/\/herba-online.shop\/wp-content\/uploads\/2021\/04\/173K-NEU.png\",\"contentUrl\":\"https:\/\/herba-online.shop\/wp-content\/uploads\/2021\/04\/173K-NEU.png\",\"width\":1000,\"height\":1000},{\"@type\":\"BreadcrumbList\",\"@id\":\"https:\/\/herba-online.shop\/fr\/produit\/microbiotic-max-40g-2\/#breadcrumb\",\"itemListElement\":[{\"@type\":\"ListItem\",\"position\":1,\"name\":\"Startseite\",\"item\":\"https:\/\/herba-online.shop\/fr\/\"},{\"@type\":\"ListItem\",\"position\":2,\"name\":\"Pr\u00e9sentation du produit\",\"item\":\"https:\/\/herba-online.shop\/fr\/shop\/\"},{\"@type\":\"ListItem\",\"position\":3,\"name\":\"Microbiotic Max 40g\"}]},{\"@type\":\"WebSite\",\"@id\":\"https:\/\/herba-online.shop\/#website\",\"url\":\"https:\/\/herba-online.shop\/\",\"name\":\"Boutique en ligne - Erich Geiger, membre ind\u00e9pendant de HERBALIFE\",\"description\":\"\",\"publisher\":{\"@id\":\"https:\/\/herba-online.shop\/#organization\"},\"potentialAction\":[{\"@type\":\"SearchAction\",\"target\":{\"@type\":\"EntryPoint\",\"urlTemplate\":\"https:\/\/herba-online.shop\/?s={search_term_string}\"},\"query-input\":{\"@type\":\"PropertyValueSpecification\",\"valueRequired\":true,\"valueName\":\"search_term_string\"}}],\"inLanguage\":\"fr-FR\"},{\"@type\":\"Organization\",\"@id\":\"https:\/\/herba-online.shop\/#organization\",\"name\":\"Herba-Onlineshop Erich Geiger\",\"url\":\"https:\/\/herba-online.shop\/\",\"logo\":{\"@type\":\"ImageObject\",\"inLanguage\":\"fr-FR\",\"@id\":\"https:\/\/herba-online.shop\/#\/schema\/logo\/image\/\",\"url\":\"https:\/\/herba-online.shop\/wp-content\/uploads\/2019\/03\/logo_08.2017_header.png\",\"contentUrl\":\"https:\/\/herba-online.shop\/wp-content\/uploads\/2019\/03\/logo_08.2017_header.png\",\"width\":300,\"height\":76,\"caption\":\"Herba-Onlineshop Erich Geiger\"},\"image\":{\"@id\":\"https:\/\/herba-online.shop\/#\/schema\/logo\/image\/\"}}]}<\/script>\n<!-- \/ Yoast SEO plugin. -->","yoast_head_json":{"title":"Microbiotic Max 40g - Boutique en ligne - Erich Geiger, membre ind\u00e9pendant de HERBALIFE","description":"Dies ist die Webseite eines Selbst\u00e4ndigen HERBALIFE-Mitgliedes. Um auf die offizielle HERBALIFE-Webseite zu gelangen, besuchen Sie bitte HERBALIFE.de.","robots":{"index":"index","follow":"follow","max-snippet":"max-snippet:-1","max-image-preview":"max-image-preview:large","max-video-preview":"max-video-preview:-1"},"canonical":"https:\/\/herba-online.shop\/fr\/produit\/microbiotic-max-40g-2\/","og_locale":"fr_FR","og_type":"article","og_title":"Microbiotic Max 40g - Boutique en ligne - Erich Geiger, membre ind\u00e9pendant de HERBALIFE","og_description":"Dies ist die Webseite eines Selbst\u00e4ndigen HERBALIFE-Mitgliedes. Um auf die offizielle HERBALIFE-Webseite zu gelangen, besuchen Sie bitte HERBALIFE.de.","og_url":"https:\/\/herba-online.shop\/fr\/produit\/microbiotic-max-40g-2\/","og_site_name":"Boutique en ligne - Erich Geiger, membre ind\u00e9pendant de HERBALIFE","article_modified_time":"2021-05-06T06:18:23+00:00","og_image":[{"width":1000,"height":1000,"url":"https:\/\/herba-online.shop\/wp-content\/uploads\/2021\/04\/173K-NEU.png","type":"image\/png"}],"twitter_card":"summary_large_image","twitter_misc":{"Dur\u00e9e de lecture estim\u00e9e":"1 minute"},"schema":{"@context":"https:\/\/schema.org","@graph":[{"@type":"WebPage","@id":"https:\/\/herba-online.shop\/fr\/produit\/microbiotic-max-40g-2\/","url":"https:\/\/herba-online.shop\/fr\/produit\/microbiotic-max-40g-2\/","name":"Microbiotic Max 40g - Boutique en ligne - Erich Geiger, membre ind\u00e9pendant de HERBALIFE","isPartOf":{"@id":"https:\/\/herba-online.shop\/#website"},"primaryImageOfPage":{"@id":"https:\/\/herba-online.shop\/fr\/produit\/microbiotic-max-40g-2\/#primaryimage"},"image":{"@id":"https:\/\/herba-online.shop\/fr\/produit\/microbiotic-max-40g-2\/#primaryimage"},"thumbnailUrl":"https:\/\/herba-online.shop\/wp-content\/uploads\/2021\/04\/173K-NEU.png","datePublished":"2021-05-06T05:32:36+00:00","dateModified":"2021-05-06T06:18:23+00:00","description":"Dies ist die Webseite eines Selbst\u00e4ndigen HERBALIFE-Mitgliedes. Um auf die offizielle HERBALIFE-Webseite zu gelangen, besuchen Sie bitte HERBALIFE.de.","breadcrumb":{"@id":"https:\/\/herba-online.shop\/fr\/produit\/microbiotic-max-40g-2\/#breadcrumb"},"inLanguage":"fr-FR","potentialAction":[{"@type":"ReadAction","target":["https:\/\/herba-online.shop\/fr\/produit\/microbiotic-max-40g-2\/"]}]},{"@type":"ImageObject","inLanguage":"fr-FR","@id":"https:\/\/herba-online.shop\/fr\/produit\/microbiotic-max-40g-2\/#primaryimage","url":"https:\/\/herba-online.shop\/wp-content\/uploads\/2021\/04\/173K-NEU.png","contentUrl":"https:\/\/herba-online.shop\/wp-content\/uploads\/2021\/04\/173K-NEU.png","width":1000,"height":1000},{"@type":"BreadcrumbList","@id":"https:\/\/herba-online.shop\/fr\/produit\/microbiotic-max-40g-2\/#breadcrumb","itemListElement":[{"@type":"ListItem","position":1,"name":"Startseite","item":"https:\/\/herba-online.shop\/fr\/"},{"@type":"ListItem","position":2,"name":"Pr\u00e9sentation du produit","item":"https:\/\/herba-online.shop\/fr\/shop\/"},{"@type":"ListItem","position":3,"name":"Microbiotic Max 40g"}]},{"@type":"WebSite","@id":"https:\/\/herba-online.shop\/#website","url":"https:\/\/herba-online.shop\/","name":"Boutique en ligne - Erich Geiger, membre ind\u00e9pendant de HERBALIFE","description":"","publisher":{"@id":"https:\/\/herba-online.shop\/#organization"},"potentialAction":[{"@type":"SearchAction","target":{"@type":"EntryPoint","urlTemplate":"https:\/\/herba-online.shop\/?s={search_term_string}"},"query-input":{"@type":"PropertyValueSpecification","valueRequired":true,"valueName":"search_term_string"}}],"inLanguage":"fr-FR"},{"@type":"Organization","@id":"https:\/\/herba-online.shop\/#organization","name":"Herba-Onlineshop Erich Geiger","url":"https:\/\/herba-online.shop\/","logo":{"@type":"ImageObject","inLanguage":"fr-FR","@id":"https:\/\/herba-online.shop\/#\/schema\/logo\/image\/","url":"https:\/\/herba-online.shop\/wp-content\/uploads\/2019\/03\/logo_08.2017_header.png","contentUrl":"https:\/\/herba-online.shop\/wp-content\/uploads\/2019\/03\/logo_08.2017_header.png","width":300,"height":76,"caption":"Herba-Onlineshop Erich Geiger"},"image":{"@id":"https:\/\/herba-online.shop\/#\/schema\/logo\/image\/"}}]}},"_links":{"self":[{"href":"https:\/\/herba-online.shop\/fr\/wp-json\/wp\/v2\/product\/16316","targetHints":{"allow":["GET"]}}],"collection":[{"href":"https:\/\/herba-online.shop\/fr\/wp-json\/wp\/v2\/product"}],"about":[{"href":"https:\/\/herba-online.shop\/fr\/wp-json\/wp\/v2\/types\/product"}],"replies":[{"embeddable":true,"href":"https:\/\/herba-online.shop\/fr\/wp-json\/wp\/v2\/comments?post=16316"}],"wp:featuredmedia":[{"embeddable":true,"href":"https:\/\/herba-online.shop\/fr\/wp-json\/wp\/v2\/media\/16219"}],"wp:attachment":[{"href":"https:\/\/herba-online.shop\/fr\/wp-json\/wp\/v2\/media?parent=16316"}],"wp:term":[{"taxonomy":"product_brand","embeddable":true,"href":"https:\/\/herba-online.shop\/fr\/wp-json\/wp\/v2\/product_brand?post=16316"},{"taxonomy":"product_cat","embeddable":true,"href":"https:\/\/herba-online.shop\/fr\/wp-json\/wp\/v2\/product_cat?post=16316"},{"taxonomy":"product_tag","embeddable":true,"href":"https:\/\/herba-online.shop\/fr\/wp-json\/wp\/v2\/product_tag?post=16316"}],"curies":[{"name":"wp","href":"https:\/\/api.w.org\/{rel}","templated":true}]}}