{"id":16320,"date":"2021-05-06T08:11:00","date_gmt":"2021-05-06T06:11:00","guid":{"rendered":"https:\/\/herba-online.shop\/?post_type=product&#038;p=16320"},"modified":"2023-08-27T09:59:29","modified_gmt":"2023-08-27T07:59:29","slug":"microbiotic-max-40g-vk","status":"publish","type":"product","link":"https:\/\/herba-online.shop\/fr\/produit\/microbiotic-max-40g-vk\/","title":{"rendered":"Microbiotic Max 40g"},"content":{"rendered":"<p>Microbiotic Max wurde entwickelt, um dir eine Kombination aus Probiotika und pr\u00e4biotischen Ballaststoffen anzubieten, die harmonisch zusammenwirkt, um dich bei der Erreichung deiner Ern\u00e4hrungsziele zu unterst\u00fctzen. Jede Portion enth\u00e4lt 2 Milliarden lebende Bakterien der Bakterienst\u00e4mme Lactobacillus helveticus und Bifidobacterium lactis. Dieses Produkt weist einen hohen Ballaststoffgehalt auf und ist als Pulver in Portionspackungen erh\u00e4ltlich, die sich perfekt f\u00fcr unterwegs eignen. Genie\u00dfe Microbiotic Max mit dezentem Vanillegeschmack, gemischt mit Wasser oder deinem Lieblings Formula 1-Shake.<br \/>\nDie wichtigsten Vorteile<br \/>\n\u2022 Enth\u00e4lt eine Kombination aus Probiotika und pr\u00e4biotischen Ballaststoffen<br \/>\n\u2022 Liefert 2 Milliarden lebende Bakterien (KBE) pro Portion<br \/>\n\u2022 Glutenfrei<br \/>\n\u2022 Hoher Ballaststoffgehalt<br \/>\n\u2022 Ohne Zuckerzusatz<br \/>\n\u2022 Enth\u00e4lt keine S\u00fc\u00dfungsmittel, Farb- oder Konservierungsstoffe<br \/>\n\u2022 Vanillegeschmack<br \/>\n\u2022 Keine K\u00fchlung notwendig<br \/>\n\u2022 Verf\u00fcgbar in einem Karton mit 20 Portionspackungen<br \/>\n\u2022 Perfekt geeignet f\u00fcr unterwegs<br \/>\nNutzung<br \/>\nGebe 1 Portionspackung in ein halb gef\u00fclltes Glas Wasser (etwa 100 ml), gr\u00fcndlich verr\u00fchren bis sich das Pulver aufgel\u00f6st hat. Trinke es pur oder f\u00fcge es deinem Lieblings Formula 1-Shake hinzu. Gebe es nach dem Mixen hinzu und verwende Fl\u00fcssigkeiten mit einer Temperatur von unter 25\u00b0C, um die Produktwirksamkeit nicht zu beeinflussen.<\/p>\n<p>Einmal t\u00e4glich konsumieren. Genie\u00dfe dieses Produkt im Rahmen einer ausgewogenen und abwechslungsreichen Ern\u00e4hrung sowie einem gesunden, aktiven Lebensstil.<\/p>\n","protected":false},"excerpt":{"rendered":"<p><strong>Aktion g\u00fcltig bis 30.06.2021<\/strong><\/p>\n<p>Microbiotic Max, eine Kombination aus Probiotika und pr\u00e4biotischen Ballaststoffen, die harmonisch zusammenwirkt, um dich bei der Erreichung deiner Ern\u00e4hrungsziele zu unterst\u00fctzen.<\/p>\n","protected":false},"featured_media":16643,"comment_status":"closed","ping_status":"closed","template":"","meta":{"_acf_changed":false},"product_brand":[],"product_cat":[290,291],"product_tag":[799],"class_list":{"0":"post-16320","1":"product","2":"type-product","3":"status-publish","4":"has-post-thumbnail","6":"product_cat-complement-alimentaire","7":"product_cat-presentation-du-produit","8":"product_tag-microbiotic-max-fr","10":"first","11":"instock","12":"taxable","13":"shipping-taxable","14":"purchasable","15":"product-type-simple"},"acf":[],"yoast_head":"<!-- This site is optimized with the Yoast SEO plugin v25.6 - https:\/\/yoast.com\/wordpress\/plugins\/seo\/ -->\n<title>Microbiotic Max 40g - Boutique en ligne - Erich Geiger, membre ind\u00e9pendant de HERBALIFE<\/title>\n<meta name=\"description\" content=\"Dies ist die Webseite eines Selbst\u00e4ndigen HERBALIFE-Mitgliedes. Um auf die offizielle HERBALIFE-Webseite zu gelangen, besuchen Sie bitte HERBALIFE.de.\" \/>\n<meta name=\"robots\" content=\"index, follow, max-snippet:-1, max-image-preview:large, max-video-preview:-1\" \/>\n<link rel=\"canonical\" href=\"https:\/\/herba-online.shop\/fr\/produit\/microbiotic-max-40g-vk\/\" \/>\n<meta property=\"og:locale\" content=\"fr_FR\" \/>\n<meta property=\"og:type\" content=\"article\" \/>\n<meta property=\"og:title\" content=\"Microbiotic Max 40g - Boutique en ligne - Erich Geiger, membre ind\u00e9pendant de HERBALIFE\" \/>\n<meta property=\"og:description\" content=\"Dies ist die Webseite eines Selbst\u00e4ndigen HERBALIFE-Mitgliedes. Um auf die offizielle HERBALIFE-Webseite zu gelangen, besuchen Sie bitte HERBALIFE.de.\" \/>\n<meta property=\"og:url\" content=\"https:\/\/herba-online.shop\/fr\/produit\/microbiotic-max-40g-vk\/\" \/>\n<meta property=\"og:site_name\" content=\"Boutique en ligne - Erich Geiger, membre ind\u00e9pendant de HERBALIFE\" \/>\n<meta property=\"article:modified_time\" content=\"2023-08-27T07:59:29+00:00\" \/>\n<meta property=\"og:image\" content=\"https:\/\/herba-online.shop\/wp-content\/uploads\/2021\/06\/Microbiotic-Max-UK.png\" \/>\n\t<meta property=\"og:image:width\" content=\"800\" \/>\n\t<meta property=\"og:image:height\" content=\"800\" \/>\n\t<meta property=\"og:image:type\" content=\"image\/png\" \/>\n<meta name=\"twitter:card\" content=\"summary_large_image\" \/>\n<meta name=\"twitter:label1\" content=\"Dur\u00e9e de lecture estim\u00e9e\" \/>\n\t<meta name=\"twitter:data1\" content=\"1 minute\" \/>\n<script type=\"application\/ld+json\" class=\"yoast-schema-graph\">{\"@context\":\"https:\/\/schema.org\",\"@graph\":[{\"@type\":\"WebPage\",\"@id\":\"https:\/\/herba-online.shop\/fr\/produit\/microbiotic-max-40g-vk\/\",\"url\":\"https:\/\/herba-online.shop\/fr\/produit\/microbiotic-max-40g-vk\/\",\"name\":\"Microbiotic Max 40g - Boutique en ligne - Erich Geiger, membre ind\u00e9pendant de HERBALIFE\",\"isPartOf\":{\"@id\":\"https:\/\/herba-online.shop\/#website\"},\"primaryImageOfPage\":{\"@id\":\"https:\/\/herba-online.shop\/fr\/produit\/microbiotic-max-40g-vk\/#primaryimage\"},\"image\":{\"@id\":\"https:\/\/herba-online.shop\/fr\/produit\/microbiotic-max-40g-vk\/#primaryimage\"},\"thumbnailUrl\":\"https:\/\/herba-online.shop\/wp-content\/uploads\/2021\/06\/Microbiotic-Max-UK.png\",\"datePublished\":\"2021-05-06T06:11:00+00:00\",\"dateModified\":\"2023-08-27T07:59:29+00:00\",\"description\":\"Dies ist die Webseite eines Selbst\u00e4ndigen HERBALIFE-Mitgliedes. Um auf die offizielle HERBALIFE-Webseite zu gelangen, besuchen Sie bitte HERBALIFE.de.\",\"breadcrumb\":{\"@id\":\"https:\/\/herba-online.shop\/fr\/produit\/microbiotic-max-40g-vk\/#breadcrumb\"},\"inLanguage\":\"fr-FR\",\"potentialAction\":[{\"@type\":\"ReadAction\",\"target\":[\"https:\/\/herba-online.shop\/fr\/produit\/microbiotic-max-40g-vk\/\"]}]},{\"@type\":\"ImageObject\",\"inLanguage\":\"fr-FR\",\"@id\":\"https:\/\/herba-online.shop\/fr\/produit\/microbiotic-max-40g-vk\/#primaryimage\",\"url\":\"https:\/\/herba-online.shop\/wp-content\/uploads\/2021\/06\/Microbiotic-Max-UK.png\",\"contentUrl\":\"https:\/\/herba-online.shop\/wp-content\/uploads\/2021\/06\/Microbiotic-Max-UK.png\",\"width\":800,\"height\":800},{\"@type\":\"BreadcrumbList\",\"@id\":\"https:\/\/herba-online.shop\/fr\/produit\/microbiotic-max-40g-vk\/#breadcrumb\",\"itemListElement\":[{\"@type\":\"ListItem\",\"position\":1,\"name\":\"Startseite\",\"item\":\"https:\/\/herba-online.shop\/fr\/\"},{\"@type\":\"ListItem\",\"position\":2,\"name\":\"Pr\u00e9sentation du produit\",\"item\":\"https:\/\/herba-online.shop\/fr\/shop\/\"},{\"@type\":\"ListItem\",\"position\":3,\"name\":\"Microbiotic Max 40g\"}]},{\"@type\":\"WebSite\",\"@id\":\"https:\/\/herba-online.shop\/#website\",\"url\":\"https:\/\/herba-online.shop\/\",\"name\":\"Boutique en ligne - Erich Geiger, membre ind\u00e9pendant de HERBALIFE\",\"description\":\"\",\"publisher\":{\"@id\":\"https:\/\/herba-online.shop\/#organization\"},\"potentialAction\":[{\"@type\":\"SearchAction\",\"target\":{\"@type\":\"EntryPoint\",\"urlTemplate\":\"https:\/\/herba-online.shop\/?s={search_term_string}\"},\"query-input\":{\"@type\":\"PropertyValueSpecification\",\"valueRequired\":true,\"valueName\":\"search_term_string\"}}],\"inLanguage\":\"fr-FR\"},{\"@type\":\"Organization\",\"@id\":\"https:\/\/herba-online.shop\/#organization\",\"name\":\"Herba-Onlineshop Erich Geiger\",\"url\":\"https:\/\/herba-online.shop\/\",\"logo\":{\"@type\":\"ImageObject\",\"inLanguage\":\"fr-FR\",\"@id\":\"https:\/\/herba-online.shop\/#\/schema\/logo\/image\/\",\"url\":\"https:\/\/herba-online.shop\/wp-content\/uploads\/2019\/03\/logo_08.2017_header.png\",\"contentUrl\":\"https:\/\/herba-online.shop\/wp-content\/uploads\/2019\/03\/logo_08.2017_header.png\",\"width\":300,\"height\":76,\"caption\":\"Herba-Onlineshop Erich Geiger\"},\"image\":{\"@id\":\"https:\/\/herba-online.shop\/#\/schema\/logo\/image\/\"}}]}<\/script>\n<!-- \/ Yoast SEO plugin. -->","yoast_head_json":{"title":"Microbiotic Max 40g - Boutique en ligne - Erich Geiger, membre ind\u00e9pendant de HERBALIFE","description":"Dies ist die Webseite eines Selbst\u00e4ndigen HERBALIFE-Mitgliedes. Um auf die offizielle HERBALIFE-Webseite zu gelangen, besuchen Sie bitte HERBALIFE.de.","robots":{"index":"index","follow":"follow","max-snippet":"max-snippet:-1","max-image-preview":"max-image-preview:large","max-video-preview":"max-video-preview:-1"},"canonical":"https:\/\/herba-online.shop\/fr\/produit\/microbiotic-max-40g-vk\/","og_locale":"fr_FR","og_type":"article","og_title":"Microbiotic Max 40g - Boutique en ligne - Erich Geiger, membre ind\u00e9pendant de HERBALIFE","og_description":"Dies ist die Webseite eines Selbst\u00e4ndigen HERBALIFE-Mitgliedes. Um auf die offizielle HERBALIFE-Webseite zu gelangen, besuchen Sie bitte HERBALIFE.de.","og_url":"https:\/\/herba-online.shop\/fr\/produit\/microbiotic-max-40g-vk\/","og_site_name":"Boutique en ligne - Erich Geiger, membre ind\u00e9pendant de HERBALIFE","article_modified_time":"2023-08-27T07:59:29+00:00","og_image":[{"width":800,"height":800,"url":"https:\/\/herba-online.shop\/wp-content\/uploads\/2021\/06\/Microbiotic-Max-UK.png","type":"image\/png"}],"twitter_card":"summary_large_image","twitter_misc":{"Dur\u00e9e de lecture estim\u00e9e":"1 minute"},"schema":{"@context":"https:\/\/schema.org","@graph":[{"@type":"WebPage","@id":"https:\/\/herba-online.shop\/fr\/produit\/microbiotic-max-40g-vk\/","url":"https:\/\/herba-online.shop\/fr\/produit\/microbiotic-max-40g-vk\/","name":"Microbiotic Max 40g - Boutique en ligne - Erich Geiger, membre ind\u00e9pendant de HERBALIFE","isPartOf":{"@id":"https:\/\/herba-online.shop\/#website"},"primaryImageOfPage":{"@id":"https:\/\/herba-online.shop\/fr\/produit\/microbiotic-max-40g-vk\/#primaryimage"},"image":{"@id":"https:\/\/herba-online.shop\/fr\/produit\/microbiotic-max-40g-vk\/#primaryimage"},"thumbnailUrl":"https:\/\/herba-online.shop\/wp-content\/uploads\/2021\/06\/Microbiotic-Max-UK.png","datePublished":"2021-05-06T06:11:00+00:00","dateModified":"2023-08-27T07:59:29+00:00","description":"Dies ist die Webseite eines Selbst\u00e4ndigen HERBALIFE-Mitgliedes. Um auf die offizielle HERBALIFE-Webseite zu gelangen, besuchen Sie bitte HERBALIFE.de.","breadcrumb":{"@id":"https:\/\/herba-online.shop\/fr\/produit\/microbiotic-max-40g-vk\/#breadcrumb"},"inLanguage":"fr-FR","potentialAction":[{"@type":"ReadAction","target":["https:\/\/herba-online.shop\/fr\/produit\/microbiotic-max-40g-vk\/"]}]},{"@type":"ImageObject","inLanguage":"fr-FR","@id":"https:\/\/herba-online.shop\/fr\/produit\/microbiotic-max-40g-vk\/#primaryimage","url":"https:\/\/herba-online.shop\/wp-content\/uploads\/2021\/06\/Microbiotic-Max-UK.png","contentUrl":"https:\/\/herba-online.shop\/wp-content\/uploads\/2021\/06\/Microbiotic-Max-UK.png","width":800,"height":800},{"@type":"BreadcrumbList","@id":"https:\/\/herba-online.shop\/fr\/produit\/microbiotic-max-40g-vk\/#breadcrumb","itemListElement":[{"@type":"ListItem","position":1,"name":"Startseite","item":"https:\/\/herba-online.shop\/fr\/"},{"@type":"ListItem","position":2,"name":"Pr\u00e9sentation du produit","item":"https:\/\/herba-online.shop\/fr\/shop\/"},{"@type":"ListItem","position":3,"name":"Microbiotic Max 40g"}]},{"@type":"WebSite","@id":"https:\/\/herba-online.shop\/#website","url":"https:\/\/herba-online.shop\/","name":"Boutique en ligne - Erich Geiger, membre ind\u00e9pendant de HERBALIFE","description":"","publisher":{"@id":"https:\/\/herba-online.shop\/#organization"},"potentialAction":[{"@type":"SearchAction","target":{"@type":"EntryPoint","urlTemplate":"https:\/\/herba-online.shop\/?s={search_term_string}"},"query-input":{"@type":"PropertyValueSpecification","valueRequired":true,"valueName":"search_term_string"}}],"inLanguage":"fr-FR"},{"@type":"Organization","@id":"https:\/\/herba-online.shop\/#organization","name":"Herba-Onlineshop Erich Geiger","url":"https:\/\/herba-online.shop\/","logo":{"@type":"ImageObject","inLanguage":"fr-FR","@id":"https:\/\/herba-online.shop\/#\/schema\/logo\/image\/","url":"https:\/\/herba-online.shop\/wp-content\/uploads\/2019\/03\/logo_08.2017_header.png","contentUrl":"https:\/\/herba-online.shop\/wp-content\/uploads\/2019\/03\/logo_08.2017_header.png","width":300,"height":76,"caption":"Herba-Onlineshop Erich Geiger"},"image":{"@id":"https:\/\/herba-online.shop\/#\/schema\/logo\/image\/"}}]}},"_links":{"self":[{"href":"https:\/\/herba-online.shop\/fr\/wp-json\/wp\/v2\/product\/16320","targetHints":{"allow":["GET"]}}],"collection":[{"href":"https:\/\/herba-online.shop\/fr\/wp-json\/wp\/v2\/product"}],"about":[{"href":"https:\/\/herba-online.shop\/fr\/wp-json\/wp\/v2\/types\/product"}],"replies":[{"embeddable":true,"href":"https:\/\/herba-online.shop\/fr\/wp-json\/wp\/v2\/comments?post=16320"}],"wp:featuredmedia":[{"embeddable":true,"href":"https:\/\/herba-online.shop\/fr\/wp-json\/wp\/v2\/media\/16643"}],"wp:attachment":[{"href":"https:\/\/herba-online.shop\/fr\/wp-json\/wp\/v2\/media?parent=16320"}],"wp:term":[{"taxonomy":"product_brand","embeddable":true,"href":"https:\/\/herba-online.shop\/fr\/wp-json\/wp\/v2\/product_brand?post=16320"},{"taxonomy":"product_cat","embeddable":true,"href":"https:\/\/herba-online.shop\/fr\/wp-json\/wp\/v2\/product_cat?post=16320"},{"taxonomy":"product_tag","embeddable":true,"href":"https:\/\/herba-online.shop\/fr\/wp-json\/wp\/v2\/product_tag?post=16320"}],"curies":[{"name":"wp","href":"https:\/\/api.w.org\/{rel}","templated":true}]}}