{"id":21548,"date":"2020-07-25T11:56:12","date_gmt":"2025-04-17T17:52:21","guid":{"rendered":"https:\/\/herba-online.shop\/?post_type=product&#038;p=21548"},"modified":"2025-04-17T19:52:21","modified_gmt":"2025-04-17T17:52:21","slug":"complement-alimentaire-immune-booster-baies-sauvages-21-sachets","status":"publish","type":"product","link":"https:\/\/herba-online.shop\/fr\/produit\/complement-alimentaire-immune-booster-baies-sauvages-21-sachets\/","title":{"rendered":"Compl\u00e9ment alimentaire Immune Booster Baies sauvages 21 sachets"},"content":{"rendered":"<h5 data-bind=\"visible: KeyBenefits\">Principaux Avantages<\/h5>\n<div class=\"disc\" data-bind=\"visible: KeyBenefits, html: KeyBenefits\">\n<ul>\n<li>Saveur rafra\u00eechissante baies sauvages<\/li>\n<li>Formul\u00e9 \u00e0 base d\u2019EpiCor\u00ae &#8211; un ingr\u00e9dient \u00e0 base de fermentat de levure sec dont l&#8217;efficacit\u00e9 est scientifiquement prouv\u00e9e.<\/li>\n<li>Riche en vitamines et min\u00e9raux cl\u00e9s tels que les vitamines C et D, le s\u00e9l\u00e9nium et le zinc, qui contribuent au fonctionnement normal du syst\u00e8me immunitaire<\/li>\n<li>La vitamine C, le s\u00e9l\u00e9nium et le zinc contribuent \u00e9galement \u00e0 la protection des cellules contre le stress oxydatif<\/li>\n<li>Convient aux v\u00e9gans<\/li>\n<li>Sans gluten<\/li>\n<li>Sans colorants ni ar\u00f4mes artificiels<\/li>\n<li>\u00c9dulcorant de source naturelle issu des feuilles de st\u00e9via<\/li>\n<li>Propos\u00e9 en bo\u00eetes de 21\u00a0sachets individuels, l\u2019efficacit\u00e9 maximale \u00e9tant g\u00e9n\u00e9ralement observ\u00e9e au bout de 2\u00a0\u00e0 3\u00a0semaines.<\/li>\n<\/ul>\n<\/div>\n<h5 data-bind=\"visible: FastFacts\">En bref<\/h5>\n<div class=\"disc\" data-bind=\"visible: FastFacts, html: FastFacts\">\n<p><b>Vitamines et min\u00e9raux<\/b><\/p>\n<p><b>Le s\u00e9l\u00e9nium contribue :<\/b><\/p>\n<ul>\n<li>*Au fonctionnement normal du syst\u00e8me immunitaire<\/li>\n<li>\u00c0 la protection des cellules contre le stress oxydatif<\/li>\n<li>\u00c0 l\u2019entretien des cheveux et des ongles<\/li>\n<li>Au fonctionnement normal de la thyro\u00efde<\/li>\n<\/ul>\n<p>&nbsp;<\/p>\n<p><b>La vitamine C contribue :<\/b><\/p>\n<ul>\n<li>*Au fonctionnement normal du syst\u00e8me immunitaire<\/li>\n<li>\u00c0 la protection des cellules contre le stress oxydatif<\/li>\n<li>\u00c0 la r\u00e9duction de la fatigue<\/li>\n<li>La vitamine C augmente l\u2019absorption du fer<\/li>\n<li>Au m\u00e9tabolisme \u00e9nerg\u00e9tique normal<\/li>\n<\/ul>\n<p>&nbsp;<\/p>\n<p><b>La vitamine D contribue :<\/b><\/p>\n<ul>\n<li>*Au fonctionnement normal du syst\u00e8me immunitaire<\/li>\n<li>Au maintien d\u2019une ossature et d\u2019une dentition normales<\/li>\n<li>\u00c0 l\u2019entretien d\u2019une fonction musculaire normale<\/li>\n<\/ul>\n<p>&nbsp;<\/p>\n<p><b>Le zinc contribue :<\/b><\/p>\n<ul>\n<li>*Au fonctionnement normal du syst\u00e8me immunitaire<\/li>\n<li>\u00c0 la protection des cellules contre le stress oxydatif<\/li>\n<li>Au maintien d\u2019une peau, de cheveux et d\u2019ongles normaux<\/li>\n<li>\u00c0 une fonction cognitive normale<\/li>\n<\/ul>\n<\/div>\n<h5 data-bind=\"visible: Usage\">Utilisation<\/h5>\n<div class=\"disc\" data-bind=\"visible: Usage, html: Usage\">\n<p>D\u00e9gustez Immune Booster une fois par jour en ajoutant un sachet (3,7\u00a0g) \u00e0 150\u00a0ml d\u2019eau. M\u00e9langez jusqu\u2019\u00e0 dissolution compl\u00e8te. Prenez un verre par\u00a0jour au cours du repas.<\/p>\n<p>Ce produit est destin\u00e9 \u00e0 \u00eatre utilis\u00e9 dans le cadre d\u2019une alimentation vari\u00e9e\u00a0et \u00e9quilibr\u00e9e, et d\u2019un mode de vie sain et actif<\/p>\n<\/div>\n","protected":false},"excerpt":{"rendered":"<h3 id=\"info-toggle\" class=\"open\">Aper\u00e7u du produit<\/h3>\n<div class=\"info-content\">\n<article>Immune Booster &#8211; Nutrition Intelligente Pour votre syst\u00e8me immunitaire.<b>Avantages produit<\/b>Notre syst\u00e8me immunitaire est un r\u00e9seau incroyablement complexe qui fonctionne silencieusement et sans rel\u00e2che chaque jour. Contribuez \u00e0 soutenir votre syst\u00e8me immunitaire avec Immune Booster*.<\/p>\n<p>Ce compl\u00e9ment alimentaire en poudre est formul\u00e9 \u00e0 base d\u2019EpiCor\u00ae, un ingr\u00e9dient \u00e0 base de fermentat de levure sec dont l&#8217;efficacit\u00e9 est scientifiquement prouv\u00e9e.<\/p>\n<p>Immune Booster, la nutrition intelligente pour votre syst\u00e8me immunitaire, contient \u00e9galement des vitamines et des min\u00e9raux cl\u00e9s qui contribuent au fonctionnement normal du syst\u00e8me immunitaire, tels que les vitamines C et D, le s\u00e9l\u00e9nium et le zinc*.<\/p>\n<p>Immune Booster est disponible en boite de 21 sachets individuels, un format id\u00e9al pour le consommer o\u00f9 que vous soyez.<\/p>\n<\/article>\n<\/div>\n","protected":false},"featured_media":21613,"comment_status":"closed","ping_status":"closed","template":"","meta":{"_acf_changed":false},"product_brand":[],"product_cat":[290,285,292,291,282],"product_tag":[465,470],"class_list":{"0":"post-21548","1":"product","2":"type-product","3":"status-publish","4":"has-post-thumbnail","6":"product_cat-complement-alimentaire","7":"product_cat-controle-du-poids","8":"product_cat-divers","9":"product_cat-presentation-du-produit","10":"product_cat-produits-basiques","11":"product_tag-booster-fr","12":"product_tag-immunitaire","14":"first","15":"instock","16":"sale","17":"taxable","18":"shipping-taxable","19":"purchasable","20":"product-type-simple"},"acf":[],"yoast_head":"<!-- This site is optimized with the Yoast SEO plugin v25.6 - https:\/\/yoast.com\/wordpress\/plugins\/seo\/ -->\n<title>Compl\u00e9ment alimentaire Immune Booster Baies sauvages 21 sachets - Boutique en ligne - Erich Geiger, membre ind\u00e9pendant de HERBALIFE<\/title>\n<meta name=\"description\" content=\"Dies ist die Webseite eines Selbst\u00e4ndigen HERBALIFE-Mitgliedes. Um auf die offizielle HERBALIFE-Webseite zu gelangen, besuchen Sie bitte HERBALIFE.de.\" \/>\n<meta name=\"robots\" content=\"index, follow, max-snippet:-1, max-image-preview:large, max-video-preview:-1\" \/>\n<link rel=\"canonical\" href=\"https:\/\/herba-online.shop\/fr\/produit\/complement-alimentaire-immune-booster-baies-sauvages-21-sachets\/\" \/>\n<meta property=\"og:locale\" content=\"fr_FR\" \/>\n<meta property=\"og:type\" content=\"article\" \/>\n<meta property=\"og:title\" content=\"Compl\u00e9ment alimentaire Immune Booster Baies sauvages 21 sachets - Boutique en ligne - Erich Geiger, membre ind\u00e9pendant de HERBALIFE\" \/>\n<meta property=\"og:description\" content=\"Dies ist die Webseite eines Selbst\u00e4ndigen HERBALIFE-Mitgliedes. Um auf die offizielle HERBALIFE-Webseite zu gelangen, besuchen Sie bitte HERBALIFE.de.\" \/>\n<meta property=\"og:url\" content=\"https:\/\/herba-online.shop\/fr\/produit\/complement-alimentaire-immune-booster-baies-sauvages-21-sachets\/\" \/>\n<meta property=\"og:site_name\" content=\"Boutique en ligne - Erich Geiger, membre ind\u00e9pendant de HERBALIFE\" \/>\n<meta property=\"og:image\" content=\"https:\/\/herba-online.shop\/wp-content\/uploads\/2025\/04\/Immune-Booster-233K.png\" \/>\n\t<meta property=\"og:image:width\" content=\"1000\" \/>\n\t<meta property=\"og:image:height\" content=\"1000\" \/>\n\t<meta property=\"og:image:type\" content=\"image\/png\" \/>\n<meta name=\"twitter:card\" content=\"summary_large_image\" \/>\n<meta name=\"twitter:label1\" content=\"Dur\u00e9e de lecture estim\u00e9e\" \/>\n\t<meta name=\"twitter:data1\" content=\"2 minutes\" \/>\n<script type=\"application\/ld+json\" class=\"yoast-schema-graph\">{\"@context\":\"https:\/\/schema.org\",\"@graph\":[{\"@type\":\"WebPage\",\"@id\":\"https:\/\/herba-online.shop\/fr\/produit\/complement-alimentaire-immune-booster-baies-sauvages-21-sachets\/\",\"url\":\"https:\/\/herba-online.shop\/fr\/produit\/complement-alimentaire-immune-booster-baies-sauvages-21-sachets\/\",\"name\":\"Compl\u00e9ment alimentaire Immune Booster Baies sauvages 21 sachets - Boutique en ligne - Erich Geiger, membre ind\u00e9pendant de HERBALIFE\",\"isPartOf\":{\"@id\":\"https:\/\/herba-online.shop\/#website\"},\"primaryImageOfPage\":{\"@id\":\"https:\/\/herba-online.shop\/fr\/produit\/complement-alimentaire-immune-booster-baies-sauvages-21-sachets\/#primaryimage\"},\"image\":{\"@id\":\"https:\/\/herba-online.shop\/fr\/produit\/complement-alimentaire-immune-booster-baies-sauvages-21-sachets\/#primaryimage\"},\"thumbnailUrl\":\"https:\/\/herba-online.shop\/wp-content\/uploads\/2025\/04\/Immune-Booster-233K.png\",\"datePublished\":\"2025-04-17T17:52:21+00:00\",\"description\":\"Dies ist die Webseite eines Selbst\u00e4ndigen HERBALIFE-Mitgliedes. Um auf die offizielle HERBALIFE-Webseite zu gelangen, besuchen Sie bitte HERBALIFE.de.\",\"breadcrumb\":{\"@id\":\"https:\/\/herba-online.shop\/fr\/produit\/complement-alimentaire-immune-booster-baies-sauvages-21-sachets\/#breadcrumb\"},\"inLanguage\":\"fr-FR\",\"potentialAction\":[{\"@type\":\"ReadAction\",\"target\":[\"https:\/\/herba-online.shop\/fr\/produit\/complement-alimentaire-immune-booster-baies-sauvages-21-sachets\/\"]}]},{\"@type\":\"ImageObject\",\"inLanguage\":\"fr-FR\",\"@id\":\"https:\/\/herba-online.shop\/fr\/produit\/complement-alimentaire-immune-booster-baies-sauvages-21-sachets\/#primaryimage\",\"url\":\"https:\/\/herba-online.shop\/wp-content\/uploads\/2025\/04\/Immune-Booster-233K.png\",\"contentUrl\":\"https:\/\/herba-online.shop\/wp-content\/uploads\/2025\/04\/Immune-Booster-233K.png\",\"width\":1000,\"height\":1000},{\"@type\":\"BreadcrumbList\",\"@id\":\"https:\/\/herba-online.shop\/fr\/produit\/complement-alimentaire-immune-booster-baies-sauvages-21-sachets\/#breadcrumb\",\"itemListElement\":[{\"@type\":\"ListItem\",\"position\":1,\"name\":\"Startseite\",\"item\":\"https:\/\/herba-online.shop\/fr\/\"},{\"@type\":\"ListItem\",\"position\":2,\"name\":\"Pr\u00e9sentation du produit\",\"item\":\"https:\/\/herba-online.shop\/fr\/shop\/\"},{\"@type\":\"ListItem\",\"position\":3,\"name\":\"Compl\u00e9ment alimentaire Immune Booster Baies sauvages 21 sachets\"}]},{\"@type\":\"WebSite\",\"@id\":\"https:\/\/herba-online.shop\/#website\",\"url\":\"https:\/\/herba-online.shop\/\",\"name\":\"Boutique en ligne - Erich Geiger, membre ind\u00e9pendant de HERBALIFE\",\"description\":\"\",\"publisher\":{\"@id\":\"https:\/\/herba-online.shop\/#organization\"},\"potentialAction\":[{\"@type\":\"SearchAction\",\"target\":{\"@type\":\"EntryPoint\",\"urlTemplate\":\"https:\/\/herba-online.shop\/?s={search_term_string}\"},\"query-input\":{\"@type\":\"PropertyValueSpecification\",\"valueRequired\":true,\"valueName\":\"search_term_string\"}}],\"inLanguage\":\"fr-FR\"},{\"@type\":\"Organization\",\"@id\":\"https:\/\/herba-online.shop\/#organization\",\"name\":\"Herba-Onlineshop Erich Geiger\",\"url\":\"https:\/\/herba-online.shop\/\",\"logo\":{\"@type\":\"ImageObject\",\"inLanguage\":\"fr-FR\",\"@id\":\"https:\/\/herba-online.shop\/#\/schema\/logo\/image\/\",\"url\":\"https:\/\/herba-online.shop\/wp-content\/uploads\/2019\/03\/logo_08.2017_header.png\",\"contentUrl\":\"https:\/\/herba-online.shop\/wp-content\/uploads\/2019\/03\/logo_08.2017_header.png\",\"width\":300,\"height\":76,\"caption\":\"Herba-Onlineshop Erich Geiger\"},\"image\":{\"@id\":\"https:\/\/herba-online.shop\/#\/schema\/logo\/image\/\"}}]}<\/script>\n<!-- \/ Yoast SEO plugin. -->","yoast_head_json":{"title":"Compl\u00e9ment alimentaire Immune Booster Baies sauvages 21 sachets - Boutique en ligne - Erich Geiger, membre ind\u00e9pendant de HERBALIFE","description":"Dies ist die Webseite eines Selbst\u00e4ndigen HERBALIFE-Mitgliedes. Um auf die offizielle HERBALIFE-Webseite zu gelangen, besuchen Sie bitte HERBALIFE.de.","robots":{"index":"index","follow":"follow","max-snippet":"max-snippet:-1","max-image-preview":"max-image-preview:large","max-video-preview":"max-video-preview:-1"},"canonical":"https:\/\/herba-online.shop\/fr\/produit\/complement-alimentaire-immune-booster-baies-sauvages-21-sachets\/","og_locale":"fr_FR","og_type":"article","og_title":"Compl\u00e9ment alimentaire Immune Booster Baies sauvages 21 sachets - Boutique en ligne - Erich Geiger, membre ind\u00e9pendant de HERBALIFE","og_description":"Dies ist die Webseite eines Selbst\u00e4ndigen HERBALIFE-Mitgliedes. Um auf die offizielle HERBALIFE-Webseite zu gelangen, besuchen Sie bitte HERBALIFE.de.","og_url":"https:\/\/herba-online.shop\/fr\/produit\/complement-alimentaire-immune-booster-baies-sauvages-21-sachets\/","og_site_name":"Boutique en ligne - Erich Geiger, membre ind\u00e9pendant de HERBALIFE","og_image":[{"width":1000,"height":1000,"url":"https:\/\/herba-online.shop\/wp-content\/uploads\/2025\/04\/Immune-Booster-233K.png","type":"image\/png"}],"twitter_card":"summary_large_image","twitter_misc":{"Dur\u00e9e de lecture estim\u00e9e":"2 minutes"},"schema":{"@context":"https:\/\/schema.org","@graph":[{"@type":"WebPage","@id":"https:\/\/herba-online.shop\/fr\/produit\/complement-alimentaire-immune-booster-baies-sauvages-21-sachets\/","url":"https:\/\/herba-online.shop\/fr\/produit\/complement-alimentaire-immune-booster-baies-sauvages-21-sachets\/","name":"Compl\u00e9ment alimentaire Immune Booster Baies sauvages 21 sachets - Boutique en ligne - Erich Geiger, membre ind\u00e9pendant de HERBALIFE","isPartOf":{"@id":"https:\/\/herba-online.shop\/#website"},"primaryImageOfPage":{"@id":"https:\/\/herba-online.shop\/fr\/produit\/complement-alimentaire-immune-booster-baies-sauvages-21-sachets\/#primaryimage"},"image":{"@id":"https:\/\/herba-online.shop\/fr\/produit\/complement-alimentaire-immune-booster-baies-sauvages-21-sachets\/#primaryimage"},"thumbnailUrl":"https:\/\/herba-online.shop\/wp-content\/uploads\/2025\/04\/Immune-Booster-233K.png","datePublished":"2025-04-17T17:52:21+00:00","description":"Dies ist die Webseite eines Selbst\u00e4ndigen HERBALIFE-Mitgliedes. Um auf die offizielle HERBALIFE-Webseite zu gelangen, besuchen Sie bitte HERBALIFE.de.","breadcrumb":{"@id":"https:\/\/herba-online.shop\/fr\/produit\/complement-alimentaire-immune-booster-baies-sauvages-21-sachets\/#breadcrumb"},"inLanguage":"fr-FR","potentialAction":[{"@type":"ReadAction","target":["https:\/\/herba-online.shop\/fr\/produit\/complement-alimentaire-immune-booster-baies-sauvages-21-sachets\/"]}]},{"@type":"ImageObject","inLanguage":"fr-FR","@id":"https:\/\/herba-online.shop\/fr\/produit\/complement-alimentaire-immune-booster-baies-sauvages-21-sachets\/#primaryimage","url":"https:\/\/herba-online.shop\/wp-content\/uploads\/2025\/04\/Immune-Booster-233K.png","contentUrl":"https:\/\/herba-online.shop\/wp-content\/uploads\/2025\/04\/Immune-Booster-233K.png","width":1000,"height":1000},{"@type":"BreadcrumbList","@id":"https:\/\/herba-online.shop\/fr\/produit\/complement-alimentaire-immune-booster-baies-sauvages-21-sachets\/#breadcrumb","itemListElement":[{"@type":"ListItem","position":1,"name":"Startseite","item":"https:\/\/herba-online.shop\/fr\/"},{"@type":"ListItem","position":2,"name":"Pr\u00e9sentation du produit","item":"https:\/\/herba-online.shop\/fr\/shop\/"},{"@type":"ListItem","position":3,"name":"Compl\u00e9ment alimentaire Immune Booster Baies sauvages 21 sachets"}]},{"@type":"WebSite","@id":"https:\/\/herba-online.shop\/#website","url":"https:\/\/herba-online.shop\/","name":"Boutique en ligne - Erich Geiger, membre ind\u00e9pendant de HERBALIFE","description":"","publisher":{"@id":"https:\/\/herba-online.shop\/#organization"},"potentialAction":[{"@type":"SearchAction","target":{"@type":"EntryPoint","urlTemplate":"https:\/\/herba-online.shop\/?s={search_term_string}"},"query-input":{"@type":"PropertyValueSpecification","valueRequired":true,"valueName":"search_term_string"}}],"inLanguage":"fr-FR"},{"@type":"Organization","@id":"https:\/\/herba-online.shop\/#organization","name":"Herba-Onlineshop Erich Geiger","url":"https:\/\/herba-online.shop\/","logo":{"@type":"ImageObject","inLanguage":"fr-FR","@id":"https:\/\/herba-online.shop\/#\/schema\/logo\/image\/","url":"https:\/\/herba-online.shop\/wp-content\/uploads\/2019\/03\/logo_08.2017_header.png","contentUrl":"https:\/\/herba-online.shop\/wp-content\/uploads\/2019\/03\/logo_08.2017_header.png","width":300,"height":76,"caption":"Herba-Onlineshop Erich Geiger"},"image":{"@id":"https:\/\/herba-online.shop\/#\/schema\/logo\/image\/"}}]}},"_links":{"self":[{"href":"https:\/\/herba-online.shop\/fr\/wp-json\/wp\/v2\/product\/21548","targetHints":{"allow":["GET"]}}],"collection":[{"href":"https:\/\/herba-online.shop\/fr\/wp-json\/wp\/v2\/product"}],"about":[{"href":"https:\/\/herba-online.shop\/fr\/wp-json\/wp\/v2\/types\/product"}],"replies":[{"embeddable":true,"href":"https:\/\/herba-online.shop\/fr\/wp-json\/wp\/v2\/comments?post=21548"}],"wp:featuredmedia":[{"embeddable":true,"href":"https:\/\/herba-online.shop\/fr\/wp-json\/wp\/v2\/media\/21613"}],"wp:attachment":[{"href":"https:\/\/herba-online.shop\/fr\/wp-json\/wp\/v2\/media?parent=21548"}],"wp:term":[{"taxonomy":"product_brand","embeddable":true,"href":"https:\/\/herba-online.shop\/fr\/wp-json\/wp\/v2\/product_brand?post=21548"},{"taxonomy":"product_cat","embeddable":true,"href":"https:\/\/herba-online.shop\/fr\/wp-json\/wp\/v2\/product_cat?post=21548"},{"taxonomy":"product_tag","embeddable":true,"href":"https:\/\/herba-online.shop\/fr\/wp-json\/wp\/v2\/product_tag?post=21548"}],"curies":[{"name":"wp","href":"https:\/\/api.w.org\/{rel}","templated":true}]}}