{"id":21558,"date":"2024-11-25T10:45:37","date_gmt":"2025-04-17T18:01:30","guid":{"rendered":"https:\/\/herba-online.shop\/?post_type=product&#038;p=21558"},"modified":"2025-04-17T20:01:30","modified_gmt":"2025-04-17T18:01:30","slug":"herbalife-gels-viewvita-saveur-baies-rouges-et-agrumes-30-gommes-gel-a-macher","status":"publish","type":"product","link":"https:\/\/herba-online.shop\/fr\/produit\/herbalife-gels-viewvita-saveur-baies-rouges-et-agrumes-30-gommes-gel-a-macher\/","title":{"rendered":"Herbalife Gels ViewVita Saveur Baies rouges et agrumes 30 gommes gel \u00e0 m\u00e2cher"},"content":{"rendered":"<section class=\"product-content\">\n<div class=\"info-content\">\n<article>\n<h5 data-bind=\"visible: KeyBenefits\">Principaux Avantages<\/h5>\n<div class=\"disc\" data-bind=\"visible: KeyBenefits, html: KeyBenefits\">\n<ul>\n<li>Contient de la lut\u00e9ine et de la z\u00e9axanthine, qui agissent ensemble pour augmenter la densit\u00e9 optique du pigment maculaire r\u00e9tinien (DOPM)\u00b9, ce qui peut contribuer \u00e0 prot\u00e9ger vos yeux contre la lumi\u00e8re bleue potentiellement nocive\u00b2, \u00e0 maintenir la sant\u00e9 oculaire au cours du vieillissement et \u00e0 fournir un soutien nutritionnel oculaire\u00b3. Des b\u00e9n\u00e9fices cognitifs peuvent \u00e9galement \u00eatre observ\u00e9s, notamment une am\u00e9lioration de la vitesse de traitement visuel, de la m\u00e9moire spatiale\u2074, de l&#8217;attention complexe et de la flexibilit\u00e9 cognitive\u2075.<\/li>\n<li>Contient de la vitamine A qui contribue au maintien d&#8217;une vision normale<\/li>\n<li>Contient du DHA, qui contribue au maintien d\u2019une vision normale et au maintien du fonctionnement normal du cerveau<\/li>\n<li>Contient du zinc, qui contribue au maintien d\u2019une vision normale, \u00e0 prot\u00e9ger les cellules contre le stress oxydatif et au m\u00e9tabolisme normal de la vitamine A<\/li>\n<li>A une d\u00e9licieuse saveur baies rouges et agrumes<\/li>\n<li>Ne contient pas de sucres<\/li>\n<li>Contient un colorant d\u2019origine naturelle et des ar\u00f4mes naturels<\/li>\n<li>Est disponible en bo\u00eete de 30 gommes gel \u00e0 m\u00e2cher<\/li>\n<\/ul>\n<\/div>\n<h5 data-bind=\"visible: Usage\">Utilisation<\/h5>\n<div class=\"disc\" data-bind=\"visible: Usage, html: Usage\">\n<p>Prenez une gomme gel \u00e0 m\u00e2cher par jour.<\/p>\n<p>Pr\u00e9sence d&#8217;ingr\u00e9dients d&#8217;origine animale : nos gommes gels \u00e0 macher sont \u00e9labor\u00e9es avec de la g\u00e9latine de boeuf.\u00a0Profitez de ce produit dans le cadre d\u2019un r\u00e9gime alimentaire vari\u00e9 et \u00e9quilibr\u00e9, et d\u2019un mode de vie sain et actif.<\/p>\n<p>&nbsp;<\/p>\n<p>*L&#8217;effet b\u00e9n\u00e9fique est obtenu par la consommation journali\u00e8re de 250 mg de DHA.<\/p>\n<p>\u00b9 Les personnes dont le niveau de DOPM est d\u00e9j\u00e0 suffisant, c&#8217;est-\u00e0-dire \u00e9gal ou sup\u00e9rieur \u00e0 0,5, peuvent ne pas en tirer de b\u00e9n\u00e9fice.<\/p>\n<p>-Hammond B. R, et al. Invest Ophthalmol Vis Sci. 2014; 55(12): 8583-8589<br \/>\n-Renzi-Hammond L. M, et al. Nutrients. 2017; 9(11): 1246<br \/>\n-Stringham J. M, &amp; Hammond B. R, Optom Vis Sci. 2008; 85(2): 82-88<br \/>\n-Wilson L. M, et al. Adv Nutr. 2021; 12(6): 2244-2254.<\/p>\n<p>\u00b2 Le soleil est une source naturelle de lumi\u00e8re bleue, tandis que les ampoules traditionnelles, les lampes fluorescentes et les LED sont consid\u00e9r\u00e9es comme des sources artificielles.<\/p>\n<p>-Kijlstra A, et al. Prog Retin Eye Res. 2012; 31(4): 303-15<br \/>\n-Junghans A, et al. Arch Biochem Biophys. 2001; 391(2): 160-164<br \/>\n-Barker F. M, 2nd, et al. Invest Ophthalmol Vis Sci. 2001; 52(7): 3934-3942.<\/p>\n<p>\u00b3 Sant\u00e9 oculaire au cours du vieillissement\/soutien nutritionnel :<br \/>\n-Delcourt, C, et al. Invest Ophthalmol &amp; Vis Sci. 2006; 47(6): 2329-2335<br \/>\n-Manayi A, et al. Crit Rev Biotechnol. 2016; 36(5): 829-839<br \/>\n-Nolan J. M, et al. Exp Eye Res. 2007; 84(1): 61-74<br \/>\n-van Leeuwen R, et al. JAMA. 2005; 294(24): 3101-3107.<\/p>\n<p>\u2074 R\u00e9sultat typiquement observ\u00e9 sur une population plus jeune (18-30 ans) apr\u00e8s 12 mois de prise quotidienne de 10 mg de lut\u00e9ine plus 2 mg de z\u00e9axanthine, d&#8217;apr\u00e8s les r\u00e9sultats d&#8217;un essai clinique.<br \/>\n-Renzi-Hammond L. M, et al. Nutrients. 2017; 9(11): 1246.<\/p>\n<p>\u2075 R\u00e9sultat typiquement observ\u00e9 sur une population plus \u00e2g\u00e9e (30 ans et plus) et sur une population plus jeune (18-30 ans) apr\u00e8s 12 mois de prise quotidienne de 10 mg de lut\u00e9ine plus 2 mg de z\u00e9axanthine, d&#8217;apr\u00e8s les r\u00e9sultats d&#8217;essais cliniques.<br \/>\n&#8211; (30+) Hammond B. R, et al. Front Aging Neurosci. 2017; 3(9): 254<br \/>\n&#8211; (18-30) Renzi-Hammond L. M, et al. Nutrients. 2017; 9(11): 1246.<\/p>\n<\/div>\n<\/article>\n<\/div>\n<\/section>\n","protected":false},"excerpt":{"rendered":"<h3 id=\"info-toggle\" class=\"open\">Aper\u00e7u du produit<\/h3>\n<div class=\"info-content\">\n<article>Soutenez votre vision sans effort avec Herbalife Gels ViewVita.ViewVita est un d\u00e9licieux compl\u00e9ment sous forme de gommes gel \u00e0 m\u00e2cher, enrichi en lut\u00e9ine et en z\u00e9axanthine, afin de fournir des nutriments essentiels qui aident vos yeux \u00e0 fonctionner au mieux.<\/p>\n<p>ViewVita contient de la vitamine A, du zinc et du DHA, qui contribuent au maintien d&#8217;une vision normale*.<\/p>\n<p>Avec un colorant d\u2019origine naturelle et des ar\u00f4mes naturels, Herbalife Gels ViewVita est un compl\u00e9ment que vous pouvez prendre en toute confiance. Sa saveur d\u00e9licieuse et son format gommes gel \u00e0 m\u00e2cher en font un compl\u00e9ment id\u00e9al pour votre routine quotidienne.<\/p>\n<\/article>\n<\/div>\n","protected":false},"featured_media":19698,"comment_status":"closed","ping_status":"closed","template":"","meta":{"_acf_changed":false},"product_brand":[],"product_cat":[290,292,291],"product_tag":[],"class_list":{"0":"post-21558","1":"product","2":"type-product","3":"status-publish","4":"has-post-thumbnail","6":"product_cat-complement-alimentaire","7":"product_cat-divers","8":"product_cat-presentation-du-produit","10":"first","11":"instock","12":"sale","13":"taxable","14":"shipping-taxable","15":"purchasable","16":"product-type-simple"},"acf":[],"yoast_head":"<!-- This site is optimized with the Yoast SEO plugin v25.6 - https:\/\/yoast.com\/wordpress\/plugins\/seo\/ -->\n<title>Herbalife Gels ViewVita Saveur Baies rouges et agrumes 30 gommes gel \u00e0 m\u00e2cher - Boutique en ligne - Erich Geiger, membre ind\u00e9pendant de HERBALIFE<\/title>\n<meta name=\"description\" content=\"Dies ist die Webseite eines Selbst\u00e4ndigen HERBALIFE-Mitgliedes. Um auf die offizielle HERBALIFE-Webseite zu gelangen, besuchen Sie bitte HERBALIFE.de.\" \/>\n<meta name=\"robots\" content=\"index, follow, max-snippet:-1, max-image-preview:large, max-video-preview:-1\" \/>\n<link rel=\"canonical\" href=\"https:\/\/herba-online.shop\/fr\/produit\/herbalife-gels-viewvita-saveur-baies-rouges-et-agrumes-30-gommes-gel-a-macher\/\" \/>\n<meta property=\"og:locale\" content=\"fr_FR\" \/>\n<meta property=\"og:type\" content=\"article\" \/>\n<meta property=\"og:title\" content=\"Herbalife Gels ViewVita Saveur Baies rouges et agrumes 30 gommes gel \u00e0 m\u00e2cher - Boutique en ligne - Erich Geiger, membre ind\u00e9pendant de HERBALIFE\" \/>\n<meta property=\"og:description\" content=\"Dies ist die Webseite eines Selbst\u00e4ndigen HERBALIFE-Mitgliedes. Um auf die offizielle HERBALIFE-Webseite zu gelangen, besuchen Sie bitte HERBALIFE.de.\" \/>\n<meta property=\"og:url\" content=\"https:\/\/herba-online.shop\/fr\/produit\/herbalife-gels-viewvita-saveur-baies-rouges-et-agrumes-30-gommes-gel-a-macher\/\" \/>\n<meta property=\"og:site_name\" content=\"Boutique en ligne - Erich Geiger, membre ind\u00e9pendant de HERBALIFE\" \/>\n<meta property=\"og:image\" content=\"https:\/\/herba-online.shop\/wp-content\/uploads\/2024\/11\/Herbalife-Gels-ViewVita-Beeren-Zitrusjpeg.jpeg\" \/>\n\t<meta property=\"og:image:width\" content=\"800\" \/>\n\t<meta property=\"og:image:height\" content=\"800\" \/>\n\t<meta property=\"og:image:type\" content=\"image\/jpeg\" \/>\n<meta name=\"twitter:card\" content=\"summary_large_image\" \/>\n<meta name=\"twitter:label1\" content=\"Dur\u00e9e de lecture estim\u00e9e\" \/>\n\t<meta name=\"twitter:data1\" content=\"4 minutes\" \/>\n<script type=\"application\/ld+json\" class=\"yoast-schema-graph\">{\"@context\":\"https:\/\/schema.org\",\"@graph\":[{\"@type\":\"WebPage\",\"@id\":\"https:\/\/herba-online.shop\/fr\/produit\/herbalife-gels-viewvita-saveur-baies-rouges-et-agrumes-30-gommes-gel-a-macher\/\",\"url\":\"https:\/\/herba-online.shop\/fr\/produit\/herbalife-gels-viewvita-saveur-baies-rouges-et-agrumes-30-gommes-gel-a-macher\/\",\"name\":\"Herbalife Gels ViewVita Saveur Baies rouges et agrumes 30 gommes gel \u00e0 m\u00e2cher - Boutique en ligne - Erich Geiger, membre ind\u00e9pendant de HERBALIFE\",\"isPartOf\":{\"@id\":\"https:\/\/herba-online.shop\/#website\"},\"primaryImageOfPage\":{\"@id\":\"https:\/\/herba-online.shop\/fr\/produit\/herbalife-gels-viewvita-saveur-baies-rouges-et-agrumes-30-gommes-gel-a-macher\/#primaryimage\"},\"image\":{\"@id\":\"https:\/\/herba-online.shop\/fr\/produit\/herbalife-gels-viewvita-saveur-baies-rouges-et-agrumes-30-gommes-gel-a-macher\/#primaryimage\"},\"thumbnailUrl\":\"https:\/\/herba-online.shop\/wp-content\/uploads\/2024\/11\/Herbalife-Gels-ViewVita-Beeren-Zitrusjpeg.jpeg\",\"datePublished\":\"2025-04-17T18:01:30+00:00\",\"description\":\"Dies ist die Webseite eines Selbst\u00e4ndigen HERBALIFE-Mitgliedes. Um auf die offizielle HERBALIFE-Webseite zu gelangen, besuchen Sie bitte HERBALIFE.de.\",\"breadcrumb\":{\"@id\":\"https:\/\/herba-online.shop\/fr\/produit\/herbalife-gels-viewvita-saveur-baies-rouges-et-agrumes-30-gommes-gel-a-macher\/#breadcrumb\"},\"inLanguage\":\"fr-FR\",\"potentialAction\":[{\"@type\":\"ReadAction\",\"target\":[\"https:\/\/herba-online.shop\/fr\/produit\/herbalife-gels-viewvita-saveur-baies-rouges-et-agrumes-30-gommes-gel-a-macher\/\"]}]},{\"@type\":\"ImageObject\",\"inLanguage\":\"fr-FR\",\"@id\":\"https:\/\/herba-online.shop\/fr\/produit\/herbalife-gels-viewvita-saveur-baies-rouges-et-agrumes-30-gommes-gel-a-macher\/#primaryimage\",\"url\":\"https:\/\/herba-online.shop\/wp-content\/uploads\/2024\/11\/Herbalife-Gels-ViewVita-Beeren-Zitrusjpeg.jpeg\",\"contentUrl\":\"https:\/\/herba-online.shop\/wp-content\/uploads\/2024\/11\/Herbalife-Gels-ViewVita-Beeren-Zitrusjpeg.jpeg\",\"width\":800,\"height\":800,\"caption\":\"376K HerbalifeGels ViewVita GE\"},{\"@type\":\"BreadcrumbList\",\"@id\":\"https:\/\/herba-online.shop\/fr\/produit\/herbalife-gels-viewvita-saveur-baies-rouges-et-agrumes-30-gommes-gel-a-macher\/#breadcrumb\",\"itemListElement\":[{\"@type\":\"ListItem\",\"position\":1,\"name\":\"Startseite\",\"item\":\"https:\/\/herba-online.shop\/fr\/\"},{\"@type\":\"ListItem\",\"position\":2,\"name\":\"Pr\u00e9sentation du produit\",\"item\":\"https:\/\/herba-online.shop\/fr\/shop\/\"},{\"@type\":\"ListItem\",\"position\":3,\"name\":\"Herbalife Gels ViewVita Saveur Baies rouges et agrumes 30 gommes gel \u00e0 m\u00e2cher\"}]},{\"@type\":\"WebSite\",\"@id\":\"https:\/\/herba-online.shop\/#website\",\"url\":\"https:\/\/herba-online.shop\/\",\"name\":\"Boutique en ligne - Erich Geiger, membre ind\u00e9pendant de HERBALIFE\",\"description\":\"\",\"publisher\":{\"@id\":\"https:\/\/herba-online.shop\/#organization\"},\"potentialAction\":[{\"@type\":\"SearchAction\",\"target\":{\"@type\":\"EntryPoint\",\"urlTemplate\":\"https:\/\/herba-online.shop\/?s={search_term_string}\"},\"query-input\":{\"@type\":\"PropertyValueSpecification\",\"valueRequired\":true,\"valueName\":\"search_term_string\"}}],\"inLanguage\":\"fr-FR\"},{\"@type\":\"Organization\",\"@id\":\"https:\/\/herba-online.shop\/#organization\",\"name\":\"Herba-Onlineshop Erich Geiger\",\"url\":\"https:\/\/herba-online.shop\/\",\"logo\":{\"@type\":\"ImageObject\",\"inLanguage\":\"fr-FR\",\"@id\":\"https:\/\/herba-online.shop\/#\/schema\/logo\/image\/\",\"url\":\"https:\/\/herba-online.shop\/wp-content\/uploads\/2019\/03\/logo_08.2017_header.png\",\"contentUrl\":\"https:\/\/herba-online.shop\/wp-content\/uploads\/2019\/03\/logo_08.2017_header.png\",\"width\":300,\"height\":76,\"caption\":\"Herba-Onlineshop Erich Geiger\"},\"image\":{\"@id\":\"https:\/\/herba-online.shop\/#\/schema\/logo\/image\/\"}}]}<\/script>\n<!-- \/ Yoast SEO plugin. -->","yoast_head_json":{"title":"Herbalife Gels ViewVita Saveur Baies rouges et agrumes 30 gommes gel \u00e0 m\u00e2cher - Boutique en ligne - Erich Geiger, membre ind\u00e9pendant de HERBALIFE","description":"Dies ist die Webseite eines Selbst\u00e4ndigen HERBALIFE-Mitgliedes. Um auf die offizielle HERBALIFE-Webseite zu gelangen, besuchen Sie bitte HERBALIFE.de.","robots":{"index":"index","follow":"follow","max-snippet":"max-snippet:-1","max-image-preview":"max-image-preview:large","max-video-preview":"max-video-preview:-1"},"canonical":"https:\/\/herba-online.shop\/fr\/produit\/herbalife-gels-viewvita-saveur-baies-rouges-et-agrumes-30-gommes-gel-a-macher\/","og_locale":"fr_FR","og_type":"article","og_title":"Herbalife Gels ViewVita Saveur Baies rouges et agrumes 30 gommes gel \u00e0 m\u00e2cher - Boutique en ligne - Erich Geiger, membre ind\u00e9pendant de HERBALIFE","og_description":"Dies ist die Webseite eines Selbst\u00e4ndigen HERBALIFE-Mitgliedes. Um auf die offizielle HERBALIFE-Webseite zu gelangen, besuchen Sie bitte HERBALIFE.de.","og_url":"https:\/\/herba-online.shop\/fr\/produit\/herbalife-gels-viewvita-saveur-baies-rouges-et-agrumes-30-gommes-gel-a-macher\/","og_site_name":"Boutique en ligne - Erich Geiger, membre ind\u00e9pendant de HERBALIFE","og_image":[{"width":800,"height":800,"url":"https:\/\/herba-online.shop\/wp-content\/uploads\/2024\/11\/Herbalife-Gels-ViewVita-Beeren-Zitrusjpeg.jpeg","type":"image\/jpeg"}],"twitter_card":"summary_large_image","twitter_misc":{"Dur\u00e9e de lecture estim\u00e9e":"4 minutes"},"schema":{"@context":"https:\/\/schema.org","@graph":[{"@type":"WebPage","@id":"https:\/\/herba-online.shop\/fr\/produit\/herbalife-gels-viewvita-saveur-baies-rouges-et-agrumes-30-gommes-gel-a-macher\/","url":"https:\/\/herba-online.shop\/fr\/produit\/herbalife-gels-viewvita-saveur-baies-rouges-et-agrumes-30-gommes-gel-a-macher\/","name":"Herbalife Gels ViewVita Saveur Baies rouges et agrumes 30 gommes gel \u00e0 m\u00e2cher - Boutique en ligne - Erich Geiger, membre ind\u00e9pendant de HERBALIFE","isPartOf":{"@id":"https:\/\/herba-online.shop\/#website"},"primaryImageOfPage":{"@id":"https:\/\/herba-online.shop\/fr\/produit\/herbalife-gels-viewvita-saveur-baies-rouges-et-agrumes-30-gommes-gel-a-macher\/#primaryimage"},"image":{"@id":"https:\/\/herba-online.shop\/fr\/produit\/herbalife-gels-viewvita-saveur-baies-rouges-et-agrumes-30-gommes-gel-a-macher\/#primaryimage"},"thumbnailUrl":"https:\/\/herba-online.shop\/wp-content\/uploads\/2024\/11\/Herbalife-Gels-ViewVita-Beeren-Zitrusjpeg.jpeg","datePublished":"2025-04-17T18:01:30+00:00","description":"Dies ist die Webseite eines Selbst\u00e4ndigen HERBALIFE-Mitgliedes. Um auf die offizielle HERBALIFE-Webseite zu gelangen, besuchen Sie bitte HERBALIFE.de.","breadcrumb":{"@id":"https:\/\/herba-online.shop\/fr\/produit\/herbalife-gels-viewvita-saveur-baies-rouges-et-agrumes-30-gommes-gel-a-macher\/#breadcrumb"},"inLanguage":"fr-FR","potentialAction":[{"@type":"ReadAction","target":["https:\/\/herba-online.shop\/fr\/produit\/herbalife-gels-viewvita-saveur-baies-rouges-et-agrumes-30-gommes-gel-a-macher\/"]}]},{"@type":"ImageObject","inLanguage":"fr-FR","@id":"https:\/\/herba-online.shop\/fr\/produit\/herbalife-gels-viewvita-saveur-baies-rouges-et-agrumes-30-gommes-gel-a-macher\/#primaryimage","url":"https:\/\/herba-online.shop\/wp-content\/uploads\/2024\/11\/Herbalife-Gels-ViewVita-Beeren-Zitrusjpeg.jpeg","contentUrl":"https:\/\/herba-online.shop\/wp-content\/uploads\/2024\/11\/Herbalife-Gels-ViewVita-Beeren-Zitrusjpeg.jpeg","width":800,"height":800,"caption":"376K HerbalifeGels ViewVita GE"},{"@type":"BreadcrumbList","@id":"https:\/\/herba-online.shop\/fr\/produit\/herbalife-gels-viewvita-saveur-baies-rouges-et-agrumes-30-gommes-gel-a-macher\/#breadcrumb","itemListElement":[{"@type":"ListItem","position":1,"name":"Startseite","item":"https:\/\/herba-online.shop\/fr\/"},{"@type":"ListItem","position":2,"name":"Pr\u00e9sentation du produit","item":"https:\/\/herba-online.shop\/fr\/shop\/"},{"@type":"ListItem","position":3,"name":"Herbalife Gels ViewVita Saveur Baies rouges et agrumes 30 gommes gel \u00e0 m\u00e2cher"}]},{"@type":"WebSite","@id":"https:\/\/herba-online.shop\/#website","url":"https:\/\/herba-online.shop\/","name":"Boutique en ligne - Erich Geiger, membre ind\u00e9pendant de HERBALIFE","description":"","publisher":{"@id":"https:\/\/herba-online.shop\/#organization"},"potentialAction":[{"@type":"SearchAction","target":{"@type":"EntryPoint","urlTemplate":"https:\/\/herba-online.shop\/?s={search_term_string}"},"query-input":{"@type":"PropertyValueSpecification","valueRequired":true,"valueName":"search_term_string"}}],"inLanguage":"fr-FR"},{"@type":"Organization","@id":"https:\/\/herba-online.shop\/#organization","name":"Herba-Onlineshop Erich Geiger","url":"https:\/\/herba-online.shop\/","logo":{"@type":"ImageObject","inLanguage":"fr-FR","@id":"https:\/\/herba-online.shop\/#\/schema\/logo\/image\/","url":"https:\/\/herba-online.shop\/wp-content\/uploads\/2019\/03\/logo_08.2017_header.png","contentUrl":"https:\/\/herba-online.shop\/wp-content\/uploads\/2019\/03\/logo_08.2017_header.png","width":300,"height":76,"caption":"Herba-Onlineshop Erich Geiger"},"image":{"@id":"https:\/\/herba-online.shop\/#\/schema\/logo\/image\/"}}]}},"_links":{"self":[{"href":"https:\/\/herba-online.shop\/fr\/wp-json\/wp\/v2\/product\/21558","targetHints":{"allow":["GET"]}}],"collection":[{"href":"https:\/\/herba-online.shop\/fr\/wp-json\/wp\/v2\/product"}],"about":[{"href":"https:\/\/herba-online.shop\/fr\/wp-json\/wp\/v2\/types\/product"}],"replies":[{"embeddable":true,"href":"https:\/\/herba-online.shop\/fr\/wp-json\/wp\/v2\/comments?post=21558"}],"wp:featuredmedia":[{"embeddable":true,"href":"https:\/\/herba-online.shop\/fr\/wp-json\/wp\/v2\/media\/19698"}],"wp:attachment":[{"href":"https:\/\/herba-online.shop\/fr\/wp-json\/wp\/v2\/media?parent=21558"}],"wp:term":[{"taxonomy":"product_brand","embeddable":true,"href":"https:\/\/herba-online.shop\/fr\/wp-json\/wp\/v2\/product_brand?post=21558"},{"taxonomy":"product_cat","embeddable":true,"href":"https:\/\/herba-online.shop\/fr\/wp-json\/wp\/v2\/product_cat?post=21558"},{"taxonomy":"product_tag","embeddable":true,"href":"https:\/\/herba-online.shop\/fr\/wp-json\/wp\/v2\/product_tag?post=21558"}],"curies":[{"name":"wp","href":"https:\/\/api.w.org\/{rel}","templated":true}]}}