{"id":21570,"date":"2024-11-25T10:42:10","date_gmt":"2025-04-17T18:06:41","guid":{"rendered":"https:\/\/herba-online.shop\/?post_type=product&#038;p=21570"},"modified":"2025-04-17T20:06:41","modified_gmt":"2025-04-17T18:06:41","slug":"herbalife-gels-nutrientvita-kids-saveur-tutti-frutti-30-gommes-gel-a-macher","status":"publish","type":"product","link":"https:\/\/herba-online.shop\/fr\/produit\/herbalife-gels-nutrientvita-kids-saveur-tutti-frutti-30-gommes-gel-a-macher\/","title":{"rendered":"Herbalife Gels NutrientVita Kids Saveur Tutti frutti 30 gommes gel \u00e0 m\u00e2cher"},"content":{"rendered":"<p>Donnez \u00e0 vos enfants le soutien nutritionnel dont leur corps en pleine croissance a besoin* avec Herbalife Gels NutrientVita Kids.<\/p>\n<h5 data-bind=\"visible: KeyBenefits\">Principaux Avantages<\/h5>\n<div class=\"disc\" data-bind=\"visible: KeyBenefits, html: KeyBenefits\">\n<ul>\n<li>Contient de l&#8217;iode qui contribue \u00e0 la croissance normale des enfants<\/li>\n<li>Est riche en vitamine D pour la croissance et le d\u00e9veloppement des os et le fonctionnement normal du syst\u00e8me immunitaire chez les enfants<\/li>\n<li>Contient de la vitamine C pour contribuer au fonctionnement normal du syst\u00e8me immunitaire<\/li>\n<li>A une d\u00e9licieuse saveur tutti frutti<\/li>\n<li>Est sans sucres<\/li>\n<li>Est sans gluten<\/li>\n<li>Contient un colorant d\u2019origine naturelle et un ar\u00f4me naturel<\/li>\n<li>Est disponible en bo\u00eete de 30 gommes gel \u00e0 m\u00e2cher<\/li>\n<\/ul>\n<\/div>\n<h5 data-bind=\"visible: Usage\">Utilisation<\/h5>\n<div class=\"disc\" data-bind=\"visible: Usage, html: Usage\">\n<p>Prenez une gomme gel \u00e0 m\u00e2cher par jour pour les enfants de 4 \u00e0 10 ans et deux gommes gel \u00e0 m\u00e2cher par jour pour les enfants de 11 \u00e0 17 ans.<\/p>\n<p>\u00c0 prendre comme indiqu\u00e9. Ce produit doit \u00eatre soigneusement m\u00e2ch\u00e9 avant d\u2019\u00eatre aval\u00e9. Les enfants doivent \u00eatre surveill\u00e9s par un adulte.<\/p>\n<p>Pr\u00e9sence d&#8217;ingr\u00e9dients d&#8217;origine animale : nos gommes gels \u00e0 macher sont \u00e9labor\u00e9es avec de la g\u00e9latine de boeuf.\u00a0Profitez de ce produit dans le cadre d\u2019un r\u00e9gime alimentaire vari\u00e9 et \u00e9quilibr\u00e9, et d\u2019un mode de vie sain et actif.<\/p>\n<p>&nbsp;<\/p>\n<p>*Teneur \u00e9lev\u00e9e en vitamine D qui est n\u00e9cessaire \u00e0 une croissance et un d\u00e9veloppement osseux normaux des enfants et qui contribue au fonctionnement normal du syst\u00e8me immunitaire chez les enfants. Contient de l&#8217;iode qui contribue \u00e0 une croissance normale chez les enfants.<\/p>\n<\/div>\n","protected":false},"excerpt":{"rendered":"<h3 id=\"info-toggle\" class=\"open\">Aper\u00e7u du produit<\/h3>\n<div class=\"info-content\">\n<article>Soutenez la croissance et le d\u00e9veloppement de vos enfants* avec Herbalife Gels NutrientVita Kids.NutrientVita Kids sont de d\u00e9licieuses gommes gel \u00e0 m\u00e2cher au go\u00fbt fruit\u00e9, sp\u00e9cialement con\u00e7ues pour apporter les nutriments cl\u00e9s dont l&#8217;organisme en pleine croissance* a besoin.<\/p>\n<p>Chaque gomme gel contient 12 vitamines et min\u00e9raux, ce qui en fait un moyen pratique et savoureux de soutenir le bien-\u00eatre de votre enfant.<\/p>\n<p>NutrientVita Kids contient de l&#8217;iode qui contribue \u00e0 la croissance normale des enfants, de la vitamine D qui est n\u00e9cessaire \u00e0 une croissance et un d\u00e9veloppement osseux normaux des enfants, et de la vitamine C qui contribue au fonctionnement normal du syst\u00e8me immunitaire. Ces nutriments cl\u00e9s aident votre enfant \u00e0 rester actif et en forme.<\/p>\n<p>Le d\u00e9licieux go\u00fbt fruit\u00e9 de NutrientVita Kids le rend agr\u00e9able pour les enfants, et le format gomme gel facile \u00e0 m\u00e2cher s&#8217;int\u00e8gre parfaitement \u00e0 la routine quotidienne. Colorant d\u2019origine naturelle et ar\u00f4me naturel &#8211;<b>\u00a0<\/b>un compl\u00e9ment pour une nutrition en toute confiance<\/p>\n<\/article>\n<\/div>\n","protected":false},"featured_media":19695,"comment_status":"closed","ping_status":"closed","template":"","meta":{"_acf_changed":false},"product_brand":[],"product_cat":[290,292,291],"product_tag":[],"class_list":{"0":"post-21570","1":"product","2":"type-product","3":"status-publish","4":"has-post-thumbnail","6":"product_cat-complement-alimentaire","7":"product_cat-divers","8":"product_cat-presentation-du-produit","10":"first","11":"instock","12":"sale","13":"taxable","14":"shipping-taxable","15":"purchasable","16":"product-type-simple"},"acf":[],"yoast_head":"<!-- This site is optimized with the Yoast SEO plugin v25.6 - https:\/\/yoast.com\/wordpress\/plugins\/seo\/ -->\n<title>Herbalife Gels NutrientVita Kids Saveur Tutti frutti 30 gommes gel \u00e0 m\u00e2cher - Boutique en ligne - Erich Geiger, membre ind\u00e9pendant de HERBALIFE<\/title>\n<meta name=\"description\" content=\"Dies ist die Webseite eines Selbst\u00e4ndigen HERBALIFE-Mitgliedes. Um auf die offizielle HERBALIFE-Webseite zu gelangen, besuchen Sie bitte HERBALIFE.de.\" \/>\n<meta name=\"robots\" content=\"index, follow, max-snippet:-1, max-image-preview:large, max-video-preview:-1\" \/>\n<link rel=\"canonical\" href=\"https:\/\/herba-online.shop\/fr\/produit\/herbalife-gels-nutrientvita-kids-saveur-tutti-frutti-30-gommes-gel-a-macher\/\" \/>\n<meta property=\"og:locale\" content=\"fr_FR\" \/>\n<meta property=\"og:type\" content=\"article\" \/>\n<meta property=\"og:title\" content=\"Herbalife Gels NutrientVita Kids Saveur Tutti frutti 30 gommes gel \u00e0 m\u00e2cher - Boutique en ligne - Erich Geiger, membre ind\u00e9pendant de HERBALIFE\" \/>\n<meta property=\"og:description\" content=\"Dies ist die Webseite eines Selbst\u00e4ndigen HERBALIFE-Mitgliedes. Um auf die offizielle HERBALIFE-Webseite zu gelangen, besuchen Sie bitte HERBALIFE.de.\" \/>\n<meta property=\"og:url\" content=\"https:\/\/herba-online.shop\/fr\/produit\/herbalife-gels-nutrientvita-kids-saveur-tutti-frutti-30-gommes-gel-a-macher\/\" \/>\n<meta property=\"og:site_name\" content=\"Boutique en ligne - Erich Geiger, membre ind\u00e9pendant de HERBALIFE\" \/>\n<meta property=\"og:image\" content=\"https:\/\/herba-online.shop\/wp-content\/uploads\/2024\/11\/Herbalife-Gels-NutrientVita-Kids-Tutti-Frutti-30-kaubare-Gelee-Drops.jpeg\" \/>\n\t<meta property=\"og:image:width\" content=\"800\" \/>\n\t<meta property=\"og:image:height\" content=\"800\" \/>\n\t<meta property=\"og:image:type\" content=\"image\/jpeg\" \/>\n<meta name=\"twitter:card\" content=\"summary_large_image\" \/>\n<meta name=\"twitter:label1\" content=\"Dur\u00e9e de lecture estim\u00e9e\" \/>\n\t<meta name=\"twitter:data1\" content=\"2 minutes\" \/>\n<script type=\"application\/ld+json\" class=\"yoast-schema-graph\">{\"@context\":\"https:\/\/schema.org\",\"@graph\":[{\"@type\":\"WebPage\",\"@id\":\"https:\/\/herba-online.shop\/fr\/produit\/herbalife-gels-nutrientvita-kids-saveur-tutti-frutti-30-gommes-gel-a-macher\/\",\"url\":\"https:\/\/herba-online.shop\/fr\/produit\/herbalife-gels-nutrientvita-kids-saveur-tutti-frutti-30-gommes-gel-a-macher\/\",\"name\":\"Herbalife Gels NutrientVita Kids Saveur Tutti frutti 30 gommes gel \u00e0 m\u00e2cher - Boutique en ligne - Erich Geiger, membre ind\u00e9pendant de HERBALIFE\",\"isPartOf\":{\"@id\":\"https:\/\/herba-online.shop\/#website\"},\"primaryImageOfPage\":{\"@id\":\"https:\/\/herba-online.shop\/fr\/produit\/herbalife-gels-nutrientvita-kids-saveur-tutti-frutti-30-gommes-gel-a-macher\/#primaryimage\"},\"image\":{\"@id\":\"https:\/\/herba-online.shop\/fr\/produit\/herbalife-gels-nutrientvita-kids-saveur-tutti-frutti-30-gommes-gel-a-macher\/#primaryimage\"},\"thumbnailUrl\":\"https:\/\/herba-online.shop\/wp-content\/uploads\/2024\/11\/Herbalife-Gels-NutrientVita-Kids-Tutti-Frutti-30-kaubare-Gelee-Drops.jpeg\",\"datePublished\":\"2025-04-17T18:06:41+00:00\",\"description\":\"Dies ist die Webseite eines Selbst\u00e4ndigen HERBALIFE-Mitgliedes. Um auf die offizielle HERBALIFE-Webseite zu gelangen, besuchen Sie bitte HERBALIFE.de.\",\"breadcrumb\":{\"@id\":\"https:\/\/herba-online.shop\/fr\/produit\/herbalife-gels-nutrientvita-kids-saveur-tutti-frutti-30-gommes-gel-a-macher\/#breadcrumb\"},\"inLanguage\":\"fr-FR\",\"potentialAction\":[{\"@type\":\"ReadAction\",\"target\":[\"https:\/\/herba-online.shop\/fr\/produit\/herbalife-gels-nutrientvita-kids-saveur-tutti-frutti-30-gommes-gel-a-macher\/\"]}]},{\"@type\":\"ImageObject\",\"inLanguage\":\"fr-FR\",\"@id\":\"https:\/\/herba-online.shop\/fr\/produit\/herbalife-gels-nutrientvita-kids-saveur-tutti-frutti-30-gommes-gel-a-macher\/#primaryimage\",\"url\":\"https:\/\/herba-online.shop\/wp-content\/uploads\/2024\/11\/Herbalife-Gels-NutrientVita-Kids-Tutti-Frutti-30-kaubare-Gelee-Drops.jpeg\",\"contentUrl\":\"https:\/\/herba-online.shop\/wp-content\/uploads\/2024\/11\/Herbalife-Gels-NutrientVita-Kids-Tutti-Frutti-30-kaubare-Gelee-Drops.jpeg\",\"width\":800,\"height\":800,\"caption\":\"369K HerbalifeGels NutrientVitaKids GE\"},{\"@type\":\"BreadcrumbList\",\"@id\":\"https:\/\/herba-online.shop\/fr\/produit\/herbalife-gels-nutrientvita-kids-saveur-tutti-frutti-30-gommes-gel-a-macher\/#breadcrumb\",\"itemListElement\":[{\"@type\":\"ListItem\",\"position\":1,\"name\":\"Startseite\",\"item\":\"https:\/\/herba-online.shop\/fr\/\"},{\"@type\":\"ListItem\",\"position\":2,\"name\":\"Pr\u00e9sentation du produit\",\"item\":\"https:\/\/herba-online.shop\/fr\/shop\/\"},{\"@type\":\"ListItem\",\"position\":3,\"name\":\"Herbalife Gels NutrientVita Kids Saveur Tutti frutti 30 gommes gel \u00e0 m\u00e2cher\"}]},{\"@type\":\"WebSite\",\"@id\":\"https:\/\/herba-online.shop\/#website\",\"url\":\"https:\/\/herba-online.shop\/\",\"name\":\"Boutique en ligne - Erich Geiger, membre ind\u00e9pendant de HERBALIFE\",\"description\":\"\",\"publisher\":{\"@id\":\"https:\/\/herba-online.shop\/#organization\"},\"potentialAction\":[{\"@type\":\"SearchAction\",\"target\":{\"@type\":\"EntryPoint\",\"urlTemplate\":\"https:\/\/herba-online.shop\/?s={search_term_string}\"},\"query-input\":{\"@type\":\"PropertyValueSpecification\",\"valueRequired\":true,\"valueName\":\"search_term_string\"}}],\"inLanguage\":\"fr-FR\"},{\"@type\":\"Organization\",\"@id\":\"https:\/\/herba-online.shop\/#organization\",\"name\":\"Herba-Onlineshop Erich Geiger\",\"url\":\"https:\/\/herba-online.shop\/\",\"logo\":{\"@type\":\"ImageObject\",\"inLanguage\":\"fr-FR\",\"@id\":\"https:\/\/herba-online.shop\/#\/schema\/logo\/image\/\",\"url\":\"https:\/\/herba-online.shop\/wp-content\/uploads\/2019\/03\/logo_08.2017_header.png\",\"contentUrl\":\"https:\/\/herba-online.shop\/wp-content\/uploads\/2019\/03\/logo_08.2017_header.png\",\"width\":300,\"height\":76,\"caption\":\"Herba-Onlineshop Erich Geiger\"},\"image\":{\"@id\":\"https:\/\/herba-online.shop\/#\/schema\/logo\/image\/\"}}]}<\/script>\n<!-- \/ Yoast SEO plugin. -->","yoast_head_json":{"title":"Herbalife Gels NutrientVita Kids Saveur Tutti frutti 30 gommes gel \u00e0 m\u00e2cher - Boutique en ligne - Erich Geiger, membre ind\u00e9pendant de HERBALIFE","description":"Dies ist die Webseite eines Selbst\u00e4ndigen HERBALIFE-Mitgliedes. Um auf die offizielle HERBALIFE-Webseite zu gelangen, besuchen Sie bitte HERBALIFE.de.","robots":{"index":"index","follow":"follow","max-snippet":"max-snippet:-1","max-image-preview":"max-image-preview:large","max-video-preview":"max-video-preview:-1"},"canonical":"https:\/\/herba-online.shop\/fr\/produit\/herbalife-gels-nutrientvita-kids-saveur-tutti-frutti-30-gommes-gel-a-macher\/","og_locale":"fr_FR","og_type":"article","og_title":"Herbalife Gels NutrientVita Kids Saveur Tutti frutti 30 gommes gel \u00e0 m\u00e2cher - Boutique en ligne - Erich Geiger, membre ind\u00e9pendant de HERBALIFE","og_description":"Dies ist die Webseite eines Selbst\u00e4ndigen HERBALIFE-Mitgliedes. Um auf die offizielle HERBALIFE-Webseite zu gelangen, besuchen Sie bitte HERBALIFE.de.","og_url":"https:\/\/herba-online.shop\/fr\/produit\/herbalife-gels-nutrientvita-kids-saveur-tutti-frutti-30-gommes-gel-a-macher\/","og_site_name":"Boutique en ligne - Erich Geiger, membre ind\u00e9pendant de HERBALIFE","og_image":[{"width":800,"height":800,"url":"https:\/\/herba-online.shop\/wp-content\/uploads\/2024\/11\/Herbalife-Gels-NutrientVita-Kids-Tutti-Frutti-30-kaubare-Gelee-Drops.jpeg","type":"image\/jpeg"}],"twitter_card":"summary_large_image","twitter_misc":{"Dur\u00e9e de lecture estim\u00e9e":"2 minutes"},"schema":{"@context":"https:\/\/schema.org","@graph":[{"@type":"WebPage","@id":"https:\/\/herba-online.shop\/fr\/produit\/herbalife-gels-nutrientvita-kids-saveur-tutti-frutti-30-gommes-gel-a-macher\/","url":"https:\/\/herba-online.shop\/fr\/produit\/herbalife-gels-nutrientvita-kids-saveur-tutti-frutti-30-gommes-gel-a-macher\/","name":"Herbalife Gels NutrientVita Kids Saveur Tutti frutti 30 gommes gel \u00e0 m\u00e2cher - Boutique en ligne - Erich Geiger, membre ind\u00e9pendant de HERBALIFE","isPartOf":{"@id":"https:\/\/herba-online.shop\/#website"},"primaryImageOfPage":{"@id":"https:\/\/herba-online.shop\/fr\/produit\/herbalife-gels-nutrientvita-kids-saveur-tutti-frutti-30-gommes-gel-a-macher\/#primaryimage"},"image":{"@id":"https:\/\/herba-online.shop\/fr\/produit\/herbalife-gels-nutrientvita-kids-saveur-tutti-frutti-30-gommes-gel-a-macher\/#primaryimage"},"thumbnailUrl":"https:\/\/herba-online.shop\/wp-content\/uploads\/2024\/11\/Herbalife-Gels-NutrientVita-Kids-Tutti-Frutti-30-kaubare-Gelee-Drops.jpeg","datePublished":"2025-04-17T18:06:41+00:00","description":"Dies ist die Webseite eines Selbst\u00e4ndigen HERBALIFE-Mitgliedes. Um auf die offizielle HERBALIFE-Webseite zu gelangen, besuchen Sie bitte HERBALIFE.de.","breadcrumb":{"@id":"https:\/\/herba-online.shop\/fr\/produit\/herbalife-gels-nutrientvita-kids-saveur-tutti-frutti-30-gommes-gel-a-macher\/#breadcrumb"},"inLanguage":"fr-FR","potentialAction":[{"@type":"ReadAction","target":["https:\/\/herba-online.shop\/fr\/produit\/herbalife-gels-nutrientvita-kids-saveur-tutti-frutti-30-gommes-gel-a-macher\/"]}]},{"@type":"ImageObject","inLanguage":"fr-FR","@id":"https:\/\/herba-online.shop\/fr\/produit\/herbalife-gels-nutrientvita-kids-saveur-tutti-frutti-30-gommes-gel-a-macher\/#primaryimage","url":"https:\/\/herba-online.shop\/wp-content\/uploads\/2024\/11\/Herbalife-Gels-NutrientVita-Kids-Tutti-Frutti-30-kaubare-Gelee-Drops.jpeg","contentUrl":"https:\/\/herba-online.shop\/wp-content\/uploads\/2024\/11\/Herbalife-Gels-NutrientVita-Kids-Tutti-Frutti-30-kaubare-Gelee-Drops.jpeg","width":800,"height":800,"caption":"369K HerbalifeGels NutrientVitaKids GE"},{"@type":"BreadcrumbList","@id":"https:\/\/herba-online.shop\/fr\/produit\/herbalife-gels-nutrientvita-kids-saveur-tutti-frutti-30-gommes-gel-a-macher\/#breadcrumb","itemListElement":[{"@type":"ListItem","position":1,"name":"Startseite","item":"https:\/\/herba-online.shop\/fr\/"},{"@type":"ListItem","position":2,"name":"Pr\u00e9sentation du produit","item":"https:\/\/herba-online.shop\/fr\/shop\/"},{"@type":"ListItem","position":3,"name":"Herbalife Gels NutrientVita Kids Saveur Tutti frutti 30 gommes gel \u00e0 m\u00e2cher"}]},{"@type":"WebSite","@id":"https:\/\/herba-online.shop\/#website","url":"https:\/\/herba-online.shop\/","name":"Boutique en ligne - Erich Geiger, membre ind\u00e9pendant de HERBALIFE","description":"","publisher":{"@id":"https:\/\/herba-online.shop\/#organization"},"potentialAction":[{"@type":"SearchAction","target":{"@type":"EntryPoint","urlTemplate":"https:\/\/herba-online.shop\/?s={search_term_string}"},"query-input":{"@type":"PropertyValueSpecification","valueRequired":true,"valueName":"search_term_string"}}],"inLanguage":"fr-FR"},{"@type":"Organization","@id":"https:\/\/herba-online.shop\/#organization","name":"Herba-Onlineshop Erich Geiger","url":"https:\/\/herba-online.shop\/","logo":{"@type":"ImageObject","inLanguage":"fr-FR","@id":"https:\/\/herba-online.shop\/#\/schema\/logo\/image\/","url":"https:\/\/herba-online.shop\/wp-content\/uploads\/2019\/03\/logo_08.2017_header.png","contentUrl":"https:\/\/herba-online.shop\/wp-content\/uploads\/2019\/03\/logo_08.2017_header.png","width":300,"height":76,"caption":"Herba-Onlineshop Erich Geiger"},"image":{"@id":"https:\/\/herba-online.shop\/#\/schema\/logo\/image\/"}}]}},"_links":{"self":[{"href":"https:\/\/herba-online.shop\/fr\/wp-json\/wp\/v2\/product\/21570","targetHints":{"allow":["GET"]}}],"collection":[{"href":"https:\/\/herba-online.shop\/fr\/wp-json\/wp\/v2\/product"}],"about":[{"href":"https:\/\/herba-online.shop\/fr\/wp-json\/wp\/v2\/types\/product"}],"replies":[{"embeddable":true,"href":"https:\/\/herba-online.shop\/fr\/wp-json\/wp\/v2\/comments?post=21570"}],"wp:featuredmedia":[{"embeddable":true,"href":"https:\/\/herba-online.shop\/fr\/wp-json\/wp\/v2\/media\/19695"}],"wp:attachment":[{"href":"https:\/\/herba-online.shop\/fr\/wp-json\/wp\/v2\/media?parent=21570"}],"wp:term":[{"taxonomy":"product_brand","embeddable":true,"href":"https:\/\/herba-online.shop\/fr\/wp-json\/wp\/v2\/product_brand?post=21570"},{"taxonomy":"product_cat","embeddable":true,"href":"https:\/\/herba-online.shop\/fr\/wp-json\/wp\/v2\/product_cat?post=21570"},{"taxonomy":"product_tag","embeddable":true,"href":"https:\/\/herba-online.shop\/fr\/wp-json\/wp\/v2\/product_tag?post=21570"}],"curies":[{"name":"wp","href":"https:\/\/api.w.org\/{rel}","templated":true}]}}