{"id":21576,"date":"2024-11-25T11:19:58","date_gmt":"2025-04-17T18:09:47","guid":{"rendered":"https:\/\/herba-online.shop\/?post_type=product&#038;p=21576"},"modified":"2025-04-17T20:09:47","modified_gmt":"2025-04-17T18:09:47","slug":"herbalife-gels-mindvita-kids-saveur-citron-baies-rouges-30-gommes-gel-a-macher","status":"publish","type":"product","link":"https:\/\/herba-online.shop\/fr\/produit\/herbalife-gels-mindvita-kids-saveur-citron-baies-rouges-30-gommes-gel-a-macher\/","title":{"rendered":"Herbalife Gels MindVita Kids Saveur Citron baies rouges 30 gommes gel \u00e0 m\u00e2cher"},"content":{"rendered":"<section class=\"product-content\">\n<div class=\"info-content\">\n<article>\n<h5 data-bind=\"visible: KeyBenefits\">Principaux Avantages<\/h5>\n<div class=\"disc\" data-bind=\"visible: KeyBenefits, html: KeyBenefits\">\n<ul>\n<li>Est riche en acides gras om\u00e9ga-3 (EPA et DHA), qui contribuent au maintien du fonctionnement normal du cerveau et d\u2019une vision normale<sup>3<\/sup><\/li>\n<li>Contient des vitamines B s\u00e9lectionn\u00e9es avec pr\u00e9cision (B6, B12, biotine et niacine), qui contribuent \u00e0 un m\u00e9tabolisme \u00e9nerg\u00e9tique normal, au fonctionnement normal du syst\u00e8me nerveux et \u00e0 des fonctions psychologiques normales<\/li>\n<li>D\u00e9licieuse saveur citron et baies rouges<\/li>\n<li>Est sans sucres<\/li>\n<li>Est sans gluten<\/li>\n<li>Contient des ar\u00f4mes naturels<\/li>\n<li>Est disponible en bo\u00eete de 30 gommes gel \u00e0 m\u00e2cher<\/li>\n<\/ul>\n<\/div>\n<h5 data-bind=\"visible: Usage\">Utilisation<\/h5>\n<div class=\"disc\" data-bind=\"visible: Usage, html: Usage\">\n<p>Prenez une gomme gel \u00e0 m\u00e2cher par jour pour les enfants de 4 \u00e0 17 ans.<\/p>\n<p>\u00c0 prendre comme indiqu\u00e9. Ce produit doit \u00eatre soigneusement m\u00e2ch\u00e9 avant d\u2019\u00eatre aval\u00e9. Les enfants doivent \u00eatre surveill\u00e9s par un adulte.<\/p>\n<p>Pr\u00e9sence d&#8217;ingr\u00e9dients d&#8217;origine animale : nos gommes gels \u00e0 macher sont \u00e9labor\u00e9es avec de la g\u00e9latine de boeuf. Profitez de ce produit dans le cadre d\u2019un r\u00e9gime alimentaire vari\u00e9 et \u00e9quilibr\u00e9, et d\u2019un mode de vie sain et actif.<\/p>\n<p>&nbsp;<\/p>\n<p>\u00b9 Le DHA contribue au maintien du fonctionnement normal du cerveau et d&#8217;une vision normale. Les effets b\u00e9n\u00e9fiques sont obtenus par la consommation quotidienne de 250 mg de DHA.<\/p>\n<p>\u00b2 Les vitamines B (B6, B12, biotine et niacine) contribuent \u00e0 un m\u00e9tabolisme \u00e9nerg\u00e9tique normal, au fonctionnement normal du syst\u00e8me nerveux et \u00e0 des fonctions psychologiques normales.<\/p>\n<p><sup>3<\/sup>\u00a0Le DHA contribue au maintien du fonctionnement normal du cerveau et d&#8217;une vision normale. L&#8217;effet b\u00e9n\u00e9fique est obtenu par la consommation journali\u00e8re de 250 mg de DHA.<\/p>\n<\/div>\n<\/article>\n<\/div>\n<\/section>\n","protected":false},"excerpt":{"rendered":"<p>Aper\u00e7u du produit<br \/>\nSoutenez le d\u00e9veloppement du cerveau\u00b9 et la croissance de vos enfants avec Herbalife Gels MindVita Kids.<\/p>\n<p>MindVita Kids sont de d\u00e9licieuses gommes gel \u00e0 m\u00e2cher contenant des acides gras om\u00e9ga-3 (EPA et DHA) et des vitamines B essentielles. Ce compl\u00e9ment sans sucres associe les bienfaits des om\u00e9ga-3 et des vitamines B qui contribuent au maintien du fonctionnement normal du cerveau\u00b9, d\u2019une vision normale\u00b9, du m\u00e9tabolisme \u00e9nerg\u00e9tique normal\u00b2, du syst\u00e8me nerveux\u00b2 et de fonctions psychologiques normales\u00b2.<\/p>\n<p>Avec des ar\u00f4mes naturels, vos enfants appr\u00e9cieront la d\u00e9licieuse saveur citron baies rouges de MindVita Kids.<\/p>\n","protected":false},"featured_media":19692,"comment_status":"closed","ping_status":"closed","template":"","meta":{"_acf_changed":false},"product_brand":[],"product_cat":[290,292,291],"product_tag":[],"class_list":{"0":"post-21576","1":"product","2":"type-product","3":"status-publish","4":"has-post-thumbnail","6":"product_cat-complement-alimentaire","7":"product_cat-divers","8":"product_cat-presentation-du-produit","10":"first","11":"instock","12":"sale","13":"taxable","14":"shipping-taxable","15":"purchasable","16":"product-type-simple"},"acf":[],"yoast_head":"<!-- This site is optimized with the Yoast SEO plugin v25.6 - https:\/\/yoast.com\/wordpress\/plugins\/seo\/ -->\n<title>Herbalife Gels MindVita Kids Saveur Citron baies rouges 30 gommes gel \u00e0 m\u00e2cher - Boutique en ligne - Erich Geiger, membre ind\u00e9pendant de HERBALIFE<\/title>\n<meta name=\"description\" content=\"Dies ist die Webseite eines Selbst\u00e4ndigen HERBALIFE-Mitgliedes. Um auf die offizielle HERBALIFE-Webseite zu gelangen, besuchen Sie bitte HERBALIFE.de.\" \/>\n<meta name=\"robots\" content=\"index, follow, max-snippet:-1, max-image-preview:large, max-video-preview:-1\" \/>\n<link rel=\"canonical\" href=\"https:\/\/herba-online.shop\/fr\/produit\/herbalife-gels-mindvita-kids-saveur-citron-baies-rouges-30-gommes-gel-a-macher\/\" \/>\n<meta property=\"og:locale\" content=\"fr_FR\" \/>\n<meta property=\"og:type\" content=\"article\" \/>\n<meta property=\"og:title\" content=\"Herbalife Gels MindVita Kids Saveur Citron baies rouges 30 gommes gel \u00e0 m\u00e2cher - Boutique en ligne - Erich Geiger, membre ind\u00e9pendant de HERBALIFE\" \/>\n<meta property=\"og:description\" content=\"Dies ist die Webseite eines Selbst\u00e4ndigen HERBALIFE-Mitgliedes. Um auf die offizielle HERBALIFE-Webseite zu gelangen, besuchen Sie bitte HERBALIFE.de.\" \/>\n<meta property=\"og:url\" content=\"https:\/\/herba-online.shop\/fr\/produit\/herbalife-gels-mindvita-kids-saveur-citron-baies-rouges-30-gommes-gel-a-macher\/\" \/>\n<meta property=\"og:site_name\" content=\"Boutique en ligne - Erich Geiger, membre ind\u00e9pendant de HERBALIFE\" \/>\n<meta property=\"og:image\" content=\"https:\/\/herba-online.shop\/wp-content\/uploads\/2024\/11\/Herbalife-Gels-MindVita-Kids-Limone-Beere.jpeg\" \/>\n\t<meta property=\"og:image:width\" content=\"800\" \/>\n\t<meta property=\"og:image:height\" content=\"800\" \/>\n\t<meta property=\"og:image:type\" content=\"image\/jpeg\" \/>\n<meta name=\"twitter:card\" content=\"summary_large_image\" \/>\n<meta name=\"twitter:label1\" content=\"Dur\u00e9e de lecture estim\u00e9e\" \/>\n\t<meta name=\"twitter:data1\" content=\"2 minutes\" \/>\n<script type=\"application\/ld+json\" class=\"yoast-schema-graph\">{\"@context\":\"https:\/\/schema.org\",\"@graph\":[{\"@type\":\"WebPage\",\"@id\":\"https:\/\/herba-online.shop\/fr\/produit\/herbalife-gels-mindvita-kids-saveur-citron-baies-rouges-30-gommes-gel-a-macher\/\",\"url\":\"https:\/\/herba-online.shop\/fr\/produit\/herbalife-gels-mindvita-kids-saveur-citron-baies-rouges-30-gommes-gel-a-macher\/\",\"name\":\"Herbalife Gels MindVita Kids Saveur Citron baies rouges 30 gommes gel \u00e0 m\u00e2cher - Boutique en ligne - Erich Geiger, membre ind\u00e9pendant de HERBALIFE\",\"isPartOf\":{\"@id\":\"https:\/\/herba-online.shop\/#website\"},\"primaryImageOfPage\":{\"@id\":\"https:\/\/herba-online.shop\/fr\/produit\/herbalife-gels-mindvita-kids-saveur-citron-baies-rouges-30-gommes-gel-a-macher\/#primaryimage\"},\"image\":{\"@id\":\"https:\/\/herba-online.shop\/fr\/produit\/herbalife-gels-mindvita-kids-saveur-citron-baies-rouges-30-gommes-gel-a-macher\/#primaryimage\"},\"thumbnailUrl\":\"https:\/\/herba-online.shop\/wp-content\/uploads\/2024\/11\/Herbalife-Gels-MindVita-Kids-Limone-Beere.jpeg\",\"datePublished\":\"2025-04-17T18:09:47+00:00\",\"description\":\"Dies ist die Webseite eines Selbst\u00e4ndigen HERBALIFE-Mitgliedes. Um auf die offizielle HERBALIFE-Webseite zu gelangen, besuchen Sie bitte HERBALIFE.de.\",\"breadcrumb\":{\"@id\":\"https:\/\/herba-online.shop\/fr\/produit\/herbalife-gels-mindvita-kids-saveur-citron-baies-rouges-30-gommes-gel-a-macher\/#breadcrumb\"},\"inLanguage\":\"fr-FR\",\"potentialAction\":[{\"@type\":\"ReadAction\",\"target\":[\"https:\/\/herba-online.shop\/fr\/produit\/herbalife-gels-mindvita-kids-saveur-citron-baies-rouges-30-gommes-gel-a-macher\/\"]}]},{\"@type\":\"ImageObject\",\"inLanguage\":\"fr-FR\",\"@id\":\"https:\/\/herba-online.shop\/fr\/produit\/herbalife-gels-mindvita-kids-saveur-citron-baies-rouges-30-gommes-gel-a-macher\/#primaryimage\",\"url\":\"https:\/\/herba-online.shop\/wp-content\/uploads\/2024\/11\/Herbalife-Gels-MindVita-Kids-Limone-Beere.jpeg\",\"contentUrl\":\"https:\/\/herba-online.shop\/wp-content\/uploads\/2024\/11\/Herbalife-Gels-MindVita-Kids-Limone-Beere.jpeg\",\"width\":800,\"height\":800,\"caption\":\"379K HerbalifeGels MindVitaKids GE\"},{\"@type\":\"BreadcrumbList\",\"@id\":\"https:\/\/herba-online.shop\/fr\/produit\/herbalife-gels-mindvita-kids-saveur-citron-baies-rouges-30-gommes-gel-a-macher\/#breadcrumb\",\"itemListElement\":[{\"@type\":\"ListItem\",\"position\":1,\"name\":\"Startseite\",\"item\":\"https:\/\/herba-online.shop\/fr\/\"},{\"@type\":\"ListItem\",\"position\":2,\"name\":\"Pr\u00e9sentation du produit\",\"item\":\"https:\/\/herba-online.shop\/fr\/shop\/\"},{\"@type\":\"ListItem\",\"position\":3,\"name\":\"Herbalife Gels MindVita Kids Saveur Citron baies rouges 30 gommes gel \u00e0 m\u00e2cher\"}]},{\"@type\":\"WebSite\",\"@id\":\"https:\/\/herba-online.shop\/#website\",\"url\":\"https:\/\/herba-online.shop\/\",\"name\":\"Boutique en ligne - Erich Geiger, membre ind\u00e9pendant de HERBALIFE\",\"description\":\"\",\"publisher\":{\"@id\":\"https:\/\/herba-online.shop\/#organization\"},\"potentialAction\":[{\"@type\":\"SearchAction\",\"target\":{\"@type\":\"EntryPoint\",\"urlTemplate\":\"https:\/\/herba-online.shop\/?s={search_term_string}\"},\"query-input\":{\"@type\":\"PropertyValueSpecification\",\"valueRequired\":true,\"valueName\":\"search_term_string\"}}],\"inLanguage\":\"fr-FR\"},{\"@type\":\"Organization\",\"@id\":\"https:\/\/herba-online.shop\/#organization\",\"name\":\"Herba-Onlineshop Erich Geiger\",\"url\":\"https:\/\/herba-online.shop\/\",\"logo\":{\"@type\":\"ImageObject\",\"inLanguage\":\"fr-FR\",\"@id\":\"https:\/\/herba-online.shop\/#\/schema\/logo\/image\/\",\"url\":\"https:\/\/herba-online.shop\/wp-content\/uploads\/2019\/03\/logo_08.2017_header.png\",\"contentUrl\":\"https:\/\/herba-online.shop\/wp-content\/uploads\/2019\/03\/logo_08.2017_header.png\",\"width\":300,\"height\":76,\"caption\":\"Herba-Onlineshop Erich Geiger\"},\"image\":{\"@id\":\"https:\/\/herba-online.shop\/#\/schema\/logo\/image\/\"}}]}<\/script>\n<!-- \/ Yoast SEO plugin. -->","yoast_head_json":{"title":"Herbalife Gels MindVita Kids Saveur Citron baies rouges 30 gommes gel \u00e0 m\u00e2cher - Boutique en ligne - Erich Geiger, membre ind\u00e9pendant de HERBALIFE","description":"Dies ist die Webseite eines Selbst\u00e4ndigen HERBALIFE-Mitgliedes. Um auf die offizielle HERBALIFE-Webseite zu gelangen, besuchen Sie bitte HERBALIFE.de.","robots":{"index":"index","follow":"follow","max-snippet":"max-snippet:-1","max-image-preview":"max-image-preview:large","max-video-preview":"max-video-preview:-1"},"canonical":"https:\/\/herba-online.shop\/fr\/produit\/herbalife-gels-mindvita-kids-saveur-citron-baies-rouges-30-gommes-gel-a-macher\/","og_locale":"fr_FR","og_type":"article","og_title":"Herbalife Gels MindVita Kids Saveur Citron baies rouges 30 gommes gel \u00e0 m\u00e2cher - Boutique en ligne - Erich Geiger, membre ind\u00e9pendant de HERBALIFE","og_description":"Dies ist die Webseite eines Selbst\u00e4ndigen HERBALIFE-Mitgliedes. Um auf die offizielle HERBALIFE-Webseite zu gelangen, besuchen Sie bitte HERBALIFE.de.","og_url":"https:\/\/herba-online.shop\/fr\/produit\/herbalife-gels-mindvita-kids-saveur-citron-baies-rouges-30-gommes-gel-a-macher\/","og_site_name":"Boutique en ligne - Erich Geiger, membre ind\u00e9pendant de HERBALIFE","og_image":[{"width":800,"height":800,"url":"https:\/\/herba-online.shop\/wp-content\/uploads\/2024\/11\/Herbalife-Gels-MindVita-Kids-Limone-Beere.jpeg","type":"image\/jpeg"}],"twitter_card":"summary_large_image","twitter_misc":{"Dur\u00e9e de lecture estim\u00e9e":"2 minutes"},"schema":{"@context":"https:\/\/schema.org","@graph":[{"@type":"WebPage","@id":"https:\/\/herba-online.shop\/fr\/produit\/herbalife-gels-mindvita-kids-saveur-citron-baies-rouges-30-gommes-gel-a-macher\/","url":"https:\/\/herba-online.shop\/fr\/produit\/herbalife-gels-mindvita-kids-saveur-citron-baies-rouges-30-gommes-gel-a-macher\/","name":"Herbalife Gels MindVita Kids Saveur Citron baies rouges 30 gommes gel \u00e0 m\u00e2cher - Boutique en ligne - Erich Geiger, membre ind\u00e9pendant de HERBALIFE","isPartOf":{"@id":"https:\/\/herba-online.shop\/#website"},"primaryImageOfPage":{"@id":"https:\/\/herba-online.shop\/fr\/produit\/herbalife-gels-mindvita-kids-saveur-citron-baies-rouges-30-gommes-gel-a-macher\/#primaryimage"},"image":{"@id":"https:\/\/herba-online.shop\/fr\/produit\/herbalife-gels-mindvita-kids-saveur-citron-baies-rouges-30-gommes-gel-a-macher\/#primaryimage"},"thumbnailUrl":"https:\/\/herba-online.shop\/wp-content\/uploads\/2024\/11\/Herbalife-Gels-MindVita-Kids-Limone-Beere.jpeg","datePublished":"2025-04-17T18:09:47+00:00","description":"Dies ist die Webseite eines Selbst\u00e4ndigen HERBALIFE-Mitgliedes. Um auf die offizielle HERBALIFE-Webseite zu gelangen, besuchen Sie bitte HERBALIFE.de.","breadcrumb":{"@id":"https:\/\/herba-online.shop\/fr\/produit\/herbalife-gels-mindvita-kids-saveur-citron-baies-rouges-30-gommes-gel-a-macher\/#breadcrumb"},"inLanguage":"fr-FR","potentialAction":[{"@type":"ReadAction","target":["https:\/\/herba-online.shop\/fr\/produit\/herbalife-gels-mindvita-kids-saveur-citron-baies-rouges-30-gommes-gel-a-macher\/"]}]},{"@type":"ImageObject","inLanguage":"fr-FR","@id":"https:\/\/herba-online.shop\/fr\/produit\/herbalife-gels-mindvita-kids-saveur-citron-baies-rouges-30-gommes-gel-a-macher\/#primaryimage","url":"https:\/\/herba-online.shop\/wp-content\/uploads\/2024\/11\/Herbalife-Gels-MindVita-Kids-Limone-Beere.jpeg","contentUrl":"https:\/\/herba-online.shop\/wp-content\/uploads\/2024\/11\/Herbalife-Gels-MindVita-Kids-Limone-Beere.jpeg","width":800,"height":800,"caption":"379K HerbalifeGels MindVitaKids GE"},{"@type":"BreadcrumbList","@id":"https:\/\/herba-online.shop\/fr\/produit\/herbalife-gels-mindvita-kids-saveur-citron-baies-rouges-30-gommes-gel-a-macher\/#breadcrumb","itemListElement":[{"@type":"ListItem","position":1,"name":"Startseite","item":"https:\/\/herba-online.shop\/fr\/"},{"@type":"ListItem","position":2,"name":"Pr\u00e9sentation du produit","item":"https:\/\/herba-online.shop\/fr\/shop\/"},{"@type":"ListItem","position":3,"name":"Herbalife Gels MindVita Kids Saveur Citron baies rouges 30 gommes gel \u00e0 m\u00e2cher"}]},{"@type":"WebSite","@id":"https:\/\/herba-online.shop\/#website","url":"https:\/\/herba-online.shop\/","name":"Boutique en ligne - Erich Geiger, membre ind\u00e9pendant de HERBALIFE","description":"","publisher":{"@id":"https:\/\/herba-online.shop\/#organization"},"potentialAction":[{"@type":"SearchAction","target":{"@type":"EntryPoint","urlTemplate":"https:\/\/herba-online.shop\/?s={search_term_string}"},"query-input":{"@type":"PropertyValueSpecification","valueRequired":true,"valueName":"search_term_string"}}],"inLanguage":"fr-FR"},{"@type":"Organization","@id":"https:\/\/herba-online.shop\/#organization","name":"Herba-Onlineshop Erich Geiger","url":"https:\/\/herba-online.shop\/","logo":{"@type":"ImageObject","inLanguage":"fr-FR","@id":"https:\/\/herba-online.shop\/#\/schema\/logo\/image\/","url":"https:\/\/herba-online.shop\/wp-content\/uploads\/2019\/03\/logo_08.2017_header.png","contentUrl":"https:\/\/herba-online.shop\/wp-content\/uploads\/2019\/03\/logo_08.2017_header.png","width":300,"height":76,"caption":"Herba-Onlineshop Erich Geiger"},"image":{"@id":"https:\/\/herba-online.shop\/#\/schema\/logo\/image\/"}}]}},"_links":{"self":[{"href":"https:\/\/herba-online.shop\/fr\/wp-json\/wp\/v2\/product\/21576","targetHints":{"allow":["GET"]}}],"collection":[{"href":"https:\/\/herba-online.shop\/fr\/wp-json\/wp\/v2\/product"}],"about":[{"href":"https:\/\/herba-online.shop\/fr\/wp-json\/wp\/v2\/types\/product"}],"replies":[{"embeddable":true,"href":"https:\/\/herba-online.shop\/fr\/wp-json\/wp\/v2\/comments?post=21576"}],"wp:featuredmedia":[{"embeddable":true,"href":"https:\/\/herba-online.shop\/fr\/wp-json\/wp\/v2\/media\/19692"}],"wp:attachment":[{"href":"https:\/\/herba-online.shop\/fr\/wp-json\/wp\/v2\/media?parent=21576"}],"wp:term":[{"taxonomy":"product_brand","embeddable":true,"href":"https:\/\/herba-online.shop\/fr\/wp-json\/wp\/v2\/product_brand?post=21576"},{"taxonomy":"product_cat","embeddable":true,"href":"https:\/\/herba-online.shop\/fr\/wp-json\/wp\/v2\/product_cat?post=21576"},{"taxonomy":"product_tag","embeddable":true,"href":"https:\/\/herba-online.shop\/fr\/wp-json\/wp\/v2\/product_tag?post=21576"}],"curies":[{"name":"wp","href":"https:\/\/api.w.org\/{rel}","templated":true}]}}