{"id":21583,"date":"2021-06-16T15:34:29","date_gmt":"2025-04-17T18:15:08","guid":{"rendered":"https:\/\/herba-online.shop\/?post_type=product&#038;p=21583"},"modified":"2025-04-17T20:15:08","modified_gmt":"2025-04-17T18:15:08","slug":"chips-proteinees-chips-proteinees-saveur-sour-cream-onion-10-sacgets-de-30g","status":"publish","type":"product","link":"https:\/\/herba-online.shop\/fr\/produit\/chips-proteinees-chips-proteinees-saveur-sour-cream-onion-10-sacgets-de-30g\/","title":{"rendered":"Chips Prot\u00e9in\u00e9es &amp;Chips Prot\u00e9in\u00e9es Saveur Sour Cream &amp; Onion 10 sacgets de 30g"},"content":{"rendered":"<h5 data-bind=\"visible: KeyBenefits\">Principaux Avantages<\/h5>\n<div class=\"disc\" data-bind=\"visible: KeyBenefits, html: KeyBenefits\">\n<p>\u00b7\u00a0\u00a0\u00a0\u00a0\u00a0\u00a0\u00a0\u00a0 50% de mati\u00e8res grasses en moins compar\u00e9 aux chips de pommes de terre frites<\/p>\n<p>\u00b7\u00a0\u00a0\u00a0\u00a0\u00a0\u00a0\u00a0\u00a0 Un encas d\u00e9licieux, jamais frit, toujours souffl\u00e9<\/p>\n<p>\u00b7\u00a0\u00a0\u00a0\u00a0\u00a0\u00a0\u00a0\u00a0 Les Chips prot\u00e9in\u00e9es saveur Barbecue contiennent 11 g de prot\u00e9ines par paquet<\/p>\n<p>\u00b7\u00a0\u00a0\u00a0\u00a0\u00a0\u00a0\u00a0\u00a0 Les Chips prot\u00e9in\u00e9es saveur Sour Cream &amp; Onion contiennent 12 g de prot\u00e9ines par paquet<\/p>\n<p>\u00b7\u00a0\u00a0\u00a0\u00a0\u00a0\u00a0\u00a0\u00a0 Les Chips prot\u00e9in\u00e9es saveur Barbecue conviennent aux vegans<\/p>\n<p>\u00b7\u00a0\u00a0\u00a0\u00a0\u00a0\u00a0\u00a0\u00a0 Les Chips prot\u00e9in\u00e9es saveur Sour Cream &amp; Onion conviennent aux v\u00e9g\u00e9tariens<\/p>\n<p>\u00b7\u00a0\u00a0\u00a0\u00a0\u00a0\u00a0\u00a0\u00a0 Sans gluten<\/p>\n<p>\u00b7\u00a0\u00a0\u00a0\u00a0\u00a0\u00a0\u00a0\u00a0 Riche en prot\u00e9ines v\u00e9g\u00e9tales<\/p>\n<p>\u00b7\u00a0\u00a0\u00a0\u00a0\u00a0\u00a0\u00a0\u00a0 A base de prot\u00e9ines de pois<\/p>\n<\/div>\n<h5 data-bind=\"visible: Usage\">Utilisation<\/h5>\n<div class=\"disc\" data-bind=\"visible: Usage, html: Usage\">\n<p>Ce produit\u00a0est destin\u00e9 \u00e0 \u00eatre utilis\u00e9 dans le cadre d\u2019une alimentation vari\u00e9e et \u00e9quilibr\u00e9e, et d\u2019un mode de vie sain et actif.<\/p>\n<\/div>\n","protected":false},"excerpt":{"rendered":"<h3 id=\"info-toggle\">Aper\u00e7u du produit<\/h3>\n<div class=\"info-content\">\n<article>Adopter un mode de vie \u00e9quilibr\u00e9 et actif ne signifie pas que vous devez vous contenter de repas fades et dire adieu aux collations.Changez votre point de vue sur les encas et offrez \u00e0 vos papilles une note subtile d\u2019\u00e9pices et le go\u00fbt fum\u00e9 de nos chips prot\u00e9in\u00e9es saveur Barbecue ou le go\u00fbt acidul\u00e9 de nos chips prot\u00e9in\u00e9es saveur de Sour Cream &amp; Onion.<\/p>\n<p>Les Chips prot\u00e9in\u00e9es contiennent 50% de mati\u00e8res grasses en moins que les chips de pommes de terres frites car nous ne les faisons pas frire. Elles sont souffl\u00e9es pour vous offrir un d\u00e9licieux encas sal\u00e9, l\u00e9ger et croustillant \u00e0 souhait.<\/p>\n<p>Disponibles en deux d\u00e9licieuses saveurs, les Chips Prot\u00e9in\u00e9es sont sans gluten.<\/p>\n<p>Chaque paquet de Chips prot\u00e9in\u00e9es saveur Barbecue contient 11 g de prot\u00e9ines v\u00e9g\u00e9tales et convient aux vegans.<\/p>\n<p>Quant aux Chips prot\u00e9in\u00e9es saveur Sour Cream &amp; Onion, chaque paquet contient 12 g de prot\u00e9ines et convient aux v\u00e9g\u00e9tariens.<\/p>\n<p>R\u00e9galez-vous sans perdre de vue vos objectifs nutritionnels o\u00f9 que vous soyez.<\/p>\n<\/article>\n<\/div>\n","protected":false},"featured_media":17248,"comment_status":"closed","ping_status":"closed","template":"","meta":{"_acf_changed":false},"product_brand":[],"product_cat":[290,285,291],"product_tag":[823,828],"class_list":{"0":"post-21583","1":"product","2":"type-product","3":"status-publish","4":"has-post-thumbnail","6":"product_cat-complement-alimentaire","7":"product_cat-controle-du-poids","8":"product_cat-presentation-du-produit","9":"product_tag-chips-fr","10":"product_tag-vegan-fr","12":"first","13":"instock","14":"sale","15":"taxable","16":"shipping-taxable","17":"purchasable","18":"product-type-variable"},"acf":[],"yoast_head":"<!-- This site is optimized with the Yoast SEO plugin v25.6 - https:\/\/yoast.com\/wordpress\/plugins\/seo\/ -->\n<title>Chips Prot\u00e9in\u00e9es &amp;Chips Prot\u00e9in\u00e9es Saveur Sour Cream &amp; Onion 10 sacgets de 30g - Boutique en ligne - Erich Geiger, membre ind\u00e9pendant de HERBALIFE<\/title>\n<meta name=\"description\" content=\"Dies ist die Webseite eines Selbst\u00e4ndigen HERBALIFE-Mitgliedes. Um auf die offizielle HERBALIFE-Webseite zu gelangen, besuchen Sie bitte HERBALIFE.de.\" \/>\n<meta name=\"robots\" content=\"index, follow, max-snippet:-1, max-image-preview:large, max-video-preview:-1\" \/>\n<link rel=\"canonical\" href=\"https:\/\/herba-online.shop\/fr\/produit\/chips-proteinees-chips-proteinees-saveur-sour-cream-onion-10-sacgets-de-30g\/\" \/>\n<meta property=\"og:locale\" content=\"fr_FR\" \/>\n<meta property=\"og:type\" content=\"article\" \/>\n<meta property=\"og:title\" content=\"Chips Prot\u00e9in\u00e9es &amp;Chips Prot\u00e9in\u00e9es Saveur Sour Cream &amp; Onion 10 sacgets de 30g - Boutique en ligne - Erich Geiger, membre ind\u00e9pendant de HERBALIFE\" \/>\n<meta property=\"og:description\" content=\"Dies ist die Webseite eines Selbst\u00e4ndigen HERBALIFE-Mitgliedes. Um auf die offizielle HERBALIFE-Webseite zu gelangen, besuchen Sie bitte HERBALIFE.de.\" \/>\n<meta property=\"og:url\" content=\"https:\/\/herba-online.shop\/fr\/produit\/chips-proteinees-chips-proteinees-saveur-sour-cream-onion-10-sacgets-de-30g\/\" \/>\n<meta property=\"og:site_name\" content=\"Boutique en ligne - Erich Geiger, membre ind\u00e9pendant de HERBALIFE\" \/>\n<meta property=\"og:image\" content=\"https:\/\/herba-online.shop\/wp-content\/uploads\/2021\/07\/Protein-Chips.jpg\" \/>\n\t<meta property=\"og:image:width\" content=\"700\" \/>\n\t<meta property=\"og:image:height\" content=\"370\" \/>\n\t<meta property=\"og:image:type\" content=\"image\/jpeg\" \/>\n<meta name=\"twitter:card\" content=\"summary_large_image\" \/>\n<meta name=\"twitter:label1\" content=\"Dur\u00e9e de lecture estim\u00e9e\" \/>\n\t<meta name=\"twitter:data1\" content=\"1 minute\" \/>\n<script type=\"application\/ld+json\" class=\"yoast-schema-graph\">{\"@context\":\"https:\/\/schema.org\",\"@graph\":[{\"@type\":\"WebPage\",\"@id\":\"https:\/\/herba-online.shop\/fr\/produit\/chips-proteinees-chips-proteinees-saveur-sour-cream-onion-10-sacgets-de-30g\/\",\"url\":\"https:\/\/herba-online.shop\/fr\/produit\/chips-proteinees-chips-proteinees-saveur-sour-cream-onion-10-sacgets-de-30g\/\",\"name\":\"Chips Prot\u00e9in\u00e9es &amp;Chips Prot\u00e9in\u00e9es Saveur Sour Cream &amp; Onion 10 sacgets de 30g - Boutique en ligne - Erich Geiger, membre ind\u00e9pendant de HERBALIFE\",\"isPartOf\":{\"@id\":\"https:\/\/herba-online.shop\/#website\"},\"primaryImageOfPage\":{\"@id\":\"https:\/\/herba-online.shop\/fr\/produit\/chips-proteinees-chips-proteinees-saveur-sour-cream-onion-10-sacgets-de-30g\/#primaryimage\"},\"image\":{\"@id\":\"https:\/\/herba-online.shop\/fr\/produit\/chips-proteinees-chips-proteinees-saveur-sour-cream-onion-10-sacgets-de-30g\/#primaryimage\"},\"thumbnailUrl\":\"https:\/\/herba-online.shop\/wp-content\/uploads\/2021\/07\/Protein-Chips.jpg\",\"datePublished\":\"2025-04-17T18:15:08+00:00\",\"description\":\"Dies ist die Webseite eines Selbst\u00e4ndigen HERBALIFE-Mitgliedes. Um auf die offizielle HERBALIFE-Webseite zu gelangen, besuchen Sie bitte HERBALIFE.de.\",\"breadcrumb\":{\"@id\":\"https:\/\/herba-online.shop\/fr\/produit\/chips-proteinees-chips-proteinees-saveur-sour-cream-onion-10-sacgets-de-30g\/#breadcrumb\"},\"inLanguage\":\"fr-FR\",\"potentialAction\":[{\"@type\":\"ReadAction\",\"target\":[\"https:\/\/herba-online.shop\/fr\/produit\/chips-proteinees-chips-proteinees-saveur-sour-cream-onion-10-sacgets-de-30g\/\"]}]},{\"@type\":\"ImageObject\",\"inLanguage\":\"fr-FR\",\"@id\":\"https:\/\/herba-online.shop\/fr\/produit\/chips-proteinees-chips-proteinees-saveur-sour-cream-onion-10-sacgets-de-30g\/#primaryimage\",\"url\":\"https:\/\/herba-online.shop\/wp-content\/uploads\/2021\/07\/Protein-Chips.jpg\",\"contentUrl\":\"https:\/\/herba-online.shop\/wp-content\/uploads\/2021\/07\/Protein-Chips.jpg\",\"width\":700,\"height\":370},{\"@type\":\"BreadcrumbList\",\"@id\":\"https:\/\/herba-online.shop\/fr\/produit\/chips-proteinees-chips-proteinees-saveur-sour-cream-onion-10-sacgets-de-30g\/#breadcrumb\",\"itemListElement\":[{\"@type\":\"ListItem\",\"position\":1,\"name\":\"Startseite\",\"item\":\"https:\/\/herba-online.shop\/fr\/\"},{\"@type\":\"ListItem\",\"position\":2,\"name\":\"Pr\u00e9sentation du produit\",\"item\":\"https:\/\/herba-online.shop\/fr\/shop\/\"},{\"@type\":\"ListItem\",\"position\":3,\"name\":\"Chips Prot\u00e9in\u00e9es &amp;Chips Prot\u00e9in\u00e9es Saveur Sour Cream &amp; Onion 10 sacgets de 30g\"}]},{\"@type\":\"WebSite\",\"@id\":\"https:\/\/herba-online.shop\/#website\",\"url\":\"https:\/\/herba-online.shop\/\",\"name\":\"Boutique en ligne - Erich Geiger, membre ind\u00e9pendant de HERBALIFE\",\"description\":\"\",\"publisher\":{\"@id\":\"https:\/\/herba-online.shop\/#organization\"},\"potentialAction\":[{\"@type\":\"SearchAction\",\"target\":{\"@type\":\"EntryPoint\",\"urlTemplate\":\"https:\/\/herba-online.shop\/?s={search_term_string}\"},\"query-input\":{\"@type\":\"PropertyValueSpecification\",\"valueRequired\":true,\"valueName\":\"search_term_string\"}}],\"inLanguage\":\"fr-FR\"},{\"@type\":\"Organization\",\"@id\":\"https:\/\/herba-online.shop\/#organization\",\"name\":\"Herba-Onlineshop Erich Geiger\",\"url\":\"https:\/\/herba-online.shop\/\",\"logo\":{\"@type\":\"ImageObject\",\"inLanguage\":\"fr-FR\",\"@id\":\"https:\/\/herba-online.shop\/#\/schema\/logo\/image\/\",\"url\":\"https:\/\/herba-online.shop\/wp-content\/uploads\/2019\/03\/logo_08.2017_header.png\",\"contentUrl\":\"https:\/\/herba-online.shop\/wp-content\/uploads\/2019\/03\/logo_08.2017_header.png\",\"width\":300,\"height\":76,\"caption\":\"Herba-Onlineshop Erich Geiger\"},\"image\":{\"@id\":\"https:\/\/herba-online.shop\/#\/schema\/logo\/image\/\"}}]}<\/script>\n<!-- \/ Yoast SEO plugin. -->","yoast_head_json":{"title":"Chips Prot\u00e9in\u00e9es &amp;Chips Prot\u00e9in\u00e9es Saveur Sour Cream &amp; Onion 10 sacgets de 30g - Boutique en ligne - Erich Geiger, membre ind\u00e9pendant de HERBALIFE","description":"Dies ist die Webseite eines Selbst\u00e4ndigen HERBALIFE-Mitgliedes. Um auf die offizielle HERBALIFE-Webseite zu gelangen, besuchen Sie bitte HERBALIFE.de.","robots":{"index":"index","follow":"follow","max-snippet":"max-snippet:-1","max-image-preview":"max-image-preview:large","max-video-preview":"max-video-preview:-1"},"canonical":"https:\/\/herba-online.shop\/fr\/produit\/chips-proteinees-chips-proteinees-saveur-sour-cream-onion-10-sacgets-de-30g\/","og_locale":"fr_FR","og_type":"article","og_title":"Chips Prot\u00e9in\u00e9es &amp;Chips Prot\u00e9in\u00e9es Saveur Sour Cream &amp; Onion 10 sacgets de 30g - Boutique en ligne - Erich Geiger, membre ind\u00e9pendant de HERBALIFE","og_description":"Dies ist die Webseite eines Selbst\u00e4ndigen HERBALIFE-Mitgliedes. Um auf die offizielle HERBALIFE-Webseite zu gelangen, besuchen Sie bitte HERBALIFE.de.","og_url":"https:\/\/herba-online.shop\/fr\/produit\/chips-proteinees-chips-proteinees-saveur-sour-cream-onion-10-sacgets-de-30g\/","og_site_name":"Boutique en ligne - Erich Geiger, membre ind\u00e9pendant de HERBALIFE","og_image":[{"width":700,"height":370,"url":"https:\/\/herba-online.shop\/wp-content\/uploads\/2021\/07\/Protein-Chips.jpg","type":"image\/jpeg"}],"twitter_card":"summary_large_image","twitter_misc":{"Dur\u00e9e de lecture estim\u00e9e":"1 minute"},"schema":{"@context":"https:\/\/schema.org","@graph":[{"@type":"WebPage","@id":"https:\/\/herba-online.shop\/fr\/produit\/chips-proteinees-chips-proteinees-saveur-sour-cream-onion-10-sacgets-de-30g\/","url":"https:\/\/herba-online.shop\/fr\/produit\/chips-proteinees-chips-proteinees-saveur-sour-cream-onion-10-sacgets-de-30g\/","name":"Chips Prot\u00e9in\u00e9es &amp;Chips Prot\u00e9in\u00e9es Saveur Sour Cream &amp; Onion 10 sacgets de 30g - Boutique en ligne - Erich Geiger, membre ind\u00e9pendant de HERBALIFE","isPartOf":{"@id":"https:\/\/herba-online.shop\/#website"},"primaryImageOfPage":{"@id":"https:\/\/herba-online.shop\/fr\/produit\/chips-proteinees-chips-proteinees-saveur-sour-cream-onion-10-sacgets-de-30g\/#primaryimage"},"image":{"@id":"https:\/\/herba-online.shop\/fr\/produit\/chips-proteinees-chips-proteinees-saveur-sour-cream-onion-10-sacgets-de-30g\/#primaryimage"},"thumbnailUrl":"https:\/\/herba-online.shop\/wp-content\/uploads\/2021\/07\/Protein-Chips.jpg","datePublished":"2025-04-17T18:15:08+00:00","description":"Dies ist die Webseite eines Selbst\u00e4ndigen HERBALIFE-Mitgliedes. Um auf die offizielle HERBALIFE-Webseite zu gelangen, besuchen Sie bitte HERBALIFE.de.","breadcrumb":{"@id":"https:\/\/herba-online.shop\/fr\/produit\/chips-proteinees-chips-proteinees-saveur-sour-cream-onion-10-sacgets-de-30g\/#breadcrumb"},"inLanguage":"fr-FR","potentialAction":[{"@type":"ReadAction","target":["https:\/\/herba-online.shop\/fr\/produit\/chips-proteinees-chips-proteinees-saveur-sour-cream-onion-10-sacgets-de-30g\/"]}]},{"@type":"ImageObject","inLanguage":"fr-FR","@id":"https:\/\/herba-online.shop\/fr\/produit\/chips-proteinees-chips-proteinees-saveur-sour-cream-onion-10-sacgets-de-30g\/#primaryimage","url":"https:\/\/herba-online.shop\/wp-content\/uploads\/2021\/07\/Protein-Chips.jpg","contentUrl":"https:\/\/herba-online.shop\/wp-content\/uploads\/2021\/07\/Protein-Chips.jpg","width":700,"height":370},{"@type":"BreadcrumbList","@id":"https:\/\/herba-online.shop\/fr\/produit\/chips-proteinees-chips-proteinees-saveur-sour-cream-onion-10-sacgets-de-30g\/#breadcrumb","itemListElement":[{"@type":"ListItem","position":1,"name":"Startseite","item":"https:\/\/herba-online.shop\/fr\/"},{"@type":"ListItem","position":2,"name":"Pr\u00e9sentation du produit","item":"https:\/\/herba-online.shop\/fr\/shop\/"},{"@type":"ListItem","position":3,"name":"Chips Prot\u00e9in\u00e9es &amp;Chips Prot\u00e9in\u00e9es Saveur Sour Cream &amp; Onion 10 sacgets de 30g"}]},{"@type":"WebSite","@id":"https:\/\/herba-online.shop\/#website","url":"https:\/\/herba-online.shop\/","name":"Boutique en ligne - Erich Geiger, membre ind\u00e9pendant de HERBALIFE","description":"","publisher":{"@id":"https:\/\/herba-online.shop\/#organization"},"potentialAction":[{"@type":"SearchAction","target":{"@type":"EntryPoint","urlTemplate":"https:\/\/herba-online.shop\/?s={search_term_string}"},"query-input":{"@type":"PropertyValueSpecification","valueRequired":true,"valueName":"search_term_string"}}],"inLanguage":"fr-FR"},{"@type":"Organization","@id":"https:\/\/herba-online.shop\/#organization","name":"Herba-Onlineshop Erich Geiger","url":"https:\/\/herba-online.shop\/","logo":{"@type":"ImageObject","inLanguage":"fr-FR","@id":"https:\/\/herba-online.shop\/#\/schema\/logo\/image\/","url":"https:\/\/herba-online.shop\/wp-content\/uploads\/2019\/03\/logo_08.2017_header.png","contentUrl":"https:\/\/herba-online.shop\/wp-content\/uploads\/2019\/03\/logo_08.2017_header.png","width":300,"height":76,"caption":"Herba-Onlineshop Erich Geiger"},"image":{"@id":"https:\/\/herba-online.shop\/#\/schema\/logo\/image\/"}}]}},"_links":{"self":[{"href":"https:\/\/herba-online.shop\/fr\/wp-json\/wp\/v2\/product\/21583","targetHints":{"allow":["GET"]}}],"collection":[{"href":"https:\/\/herba-online.shop\/fr\/wp-json\/wp\/v2\/product"}],"about":[{"href":"https:\/\/herba-online.shop\/fr\/wp-json\/wp\/v2\/types\/product"}],"replies":[{"embeddable":true,"href":"https:\/\/herba-online.shop\/fr\/wp-json\/wp\/v2\/comments?post=21583"}],"wp:featuredmedia":[{"embeddable":true,"href":"https:\/\/herba-online.shop\/fr\/wp-json\/wp\/v2\/media\/17248"}],"wp:attachment":[{"href":"https:\/\/herba-online.shop\/fr\/wp-json\/wp\/v2\/media?parent=21583"}],"wp:term":[{"taxonomy":"product_brand","embeddable":true,"href":"https:\/\/herba-online.shop\/fr\/wp-json\/wp\/v2\/product_brand?post=21583"},{"taxonomy":"product_cat","embeddable":true,"href":"https:\/\/herba-online.shop\/fr\/wp-json\/wp\/v2\/product_cat?post=21583"},{"taxonomy":"product_tag","embeddable":true,"href":"https:\/\/herba-online.shop\/fr\/wp-json\/wp\/v2\/product_tag?post=21583"}],"curies":[{"name":"wp","href":"https:\/\/api.w.org\/{rel}","templated":true}]}}