{"id":21737,"date":"2025-05-05T17:15:13","date_gmt":"2025-05-05T15:14:29","guid":{"rendered":"https:\/\/herba-online.shop\/?post_type=product&#038;p=21737"},"modified":"2025-05-05T17:14:29","modified_gmt":"2025-05-05T15:14:29","slug":"melange-pour-boisson-proteinee-vanille","status":"publish","type":"product","link":"https:\/\/herba-online.shop\/fr\/produit\/melange-pour-boisson-proteinee-vanille\/","title":{"rendered":"M\u00e9lange pour Boisson Prot\u00e9in\u00e9e Vanille"},"content":{"rendered":"<p>M\u00e9lange Vegan pour Boisson Prot\u00e9in\u00e9e Vanille 7 sachets de 28g<br \/>\nSKU 441K<\/p>\n<p>Aper\u00e7u du produit<br \/>\nIl n\u2019est pas toujours facile d\u2019atteindre ses objectifs en termes de bien-\u00eatre et d\u2019\u00e9quilibre alimentaire. Que vous soyez vegan ou que vous souhaitiez vous orienter vers une alimentation plus v\u00e9g\u00e9tale, il est important de consommer suffisamment de prot\u00e9ines pour maintenir un bon \u00e9quilibre alimentaire. D\u00e9couvrez le M\u00e9lange Vegan pour Boisson Prot\u00e9in\u00e9e en format sachet : ultra pratique, il est id\u00e9al pour booster votre apport quotidien en prot\u00e9ines et en vitamines et min\u00e9raux essentiels.<\/p>\n<p>Le M\u00e9lange Vegan pour Boisson Prot\u00e9in\u00e9e est 100% vegan, riche en prot\u00e9ines, sans gluten, sans sucres, naturellement sans lactose et d\u00e9licieusement cr\u00e9meux.<\/p>\n<p>M\u00e9langez un sachet (28g) avec votre saveur pr\u00e9f\u00e9r\u00e9e de Formula 1 pour un repas 100% vegan, \u00e9quilibr\u00e9 en nutriments, riche en prot\u00e9ines (24 g), riche en fibres (6 g) et avec 26 vitamines et min\u00e9raux. Ajoutez simplement un sachet (28 g) de M\u00e9lange Vegan pour Boisson Prot\u00e9in\u00e9e et deux cuill\u00e8res (26 g) de votre shake de Formula 1 pr\u00e9f\u00e9r\u00e9 \u00e0 300 ml d&#8217;eau, m\u00e9langez et d\u00e9gustez.<\/p>\n<p>Vous pouvez \u00e9galement profiter du M\u00e9lange Vegan pour Boisson Prot\u00e9in\u00e9e seul sous forme de shake, en m\u00e9langeant un sachet (28 g) \u00e0 250 ml d\u2019eau, ce qui vous apporte 15 g de prot\u00e9ines, 22 vitamines et min\u00e9raux cl\u00e9s.<\/p>\n<p>Il y a tellement de fa\u00e7ons d&#8217;appr\u00e9cier le go\u00fbt d\u00e9licieux du M\u00e9lange Vegan pour Boisson Prot\u00e9in\u00e9e. C&#8217;est le partenaire id\u00e9al pour vos shakes de Formula 1 et sa subtile saveur vanille en fait l\u2019ingr\u00e9dient parfait pour l\u2019int\u00e9grer \u00e0 vos recettes.*<\/p>\n<p>Principaux Avantages<br \/>\n100% vegan<br \/>\nRiche en prot\u00e9ines<br \/>\nDes combinaisons infinies de saveurs<br \/>\nSans gluten<br \/>\nSon go\u00fbt est sucr\u00e9 gr\u00e2ce \u00e0 un \u00e9dulcorant d\u2019origine naturelle provenant de feuilles de st\u00e9via<br \/>\nNaturellement sans lactose<br \/>\nAr\u00f4me naturel<br \/>\n22 vitamines et min\u00e9raux par portion<br \/>\nSubtile saveur vanille<br \/>\nUtilisation<br \/>\nM\u00e9langez 1 sachet de poudre (28 g) \u00e0 250 ml d&#8217;eau froide, secouez et d\u00e9gustez. \u00c0 consommer en milieu de matin\u00e9e ou milieu d&#8217;apr\u00e8s-midi. Essayez le M\u00e9lange Vegan pour Boisson Prot\u00e9in\u00e9e avec votre shake de Formula 1 Herbalife et 300 ml d&#8217;eau pour un repas vegan d\u00e9licieux et \u00e9quilibr\u00e9. Profitez de ce produit dans le cadre d&#8217;un r\u00e9gime alimentaire vari\u00e9 et \u00e9quilibr\u00e9, et d&#8217;un mode de vie sain et actif.<\/p>\n<p>*Notre produit offre tous les avantages nutritionnels d\u00e9crits sur l&#8217;\u00e9tiquette uniquement lorsqu&#8217;il est pr\u00e9par\u00e9 conform\u00e9ment aux conseils d\u2019utilisation mentionn\u00e9s sur l&#8217;\u00e9tiquette du produit. N&#8217;oubliez pas que si un produit Herbalife Nutrition est utilis\u00e9 dans une recette chauff\u00e9e, certains niveaux de vitamines dans le produit fini peuvent baisser par rapport aux valeurs indiqu\u00e9es sur l&#8217;\u00e9tiquette.<\/p>\n<p>&nbsp;<\/p>\n<p>M\u00e9lange pour boisson prot\u00e9in\u00e9e Vanille 588 g<br \/>\nSKU 2600<\/p>\n<p>Aper\u00e7u du produit<br \/>\nAugmentez votre apport en prot\u00e9ines avec ce produit versatile qui offre deux alternatives. A pr\u00e9parer comme une collation \u00e0 apport calorique contr\u00f4l\u00e9 et riche en<br \/>\nprot\u00e9ines &#8211; ou \u00e0 ajouter \u00e0 votre Shake de Formula 1* pr\u00e9f\u00e9r\u00e9 pour obtenir une boisson<br \/>\nd\u00e9licieuse et onctueuse.<\/p>\n<p>* Le M\u00e9lange pour boisson prot\u00e9in\u00e9e, lorsqu\u2019il est ajout\u00e9 \u00e0 un shake de Formula 1 comme indiqu\u00e9, ne constitue pas un substitut de repas.<\/p>\n<p>Principaux Avantages<br \/>\n\u2022 15 g de prot\u00e9ines de haute qualit\u00e9<br \/>\n\u2022 7 g de glucides<br \/>\n\u2022 20 vitamines et min\u00e9raux<br \/>\n\u2022 Peut \u00eatre m\u00e9lang\u00e9 \u00e0 de l\u2019eau<br \/>\n\u2022 Saveur vanille<br \/>\nUtilisation<br \/>\n\u2022 A d\u00e9guster comme une collation : m\u00e9langez deux cuill\u00e8res \u00e0 soupe (28 g) de M\u00e9lange pour boisson prot\u00e9in\u00e9e avec 250 ml d\u2019eau froide et savourez.<\/p>\n<p>\u2022 A ajouter \u00e0 votre shake pr\u00e9f\u00e9r\u00e9 : m\u00e9langez une cuill\u00e8re \u00e0 soupe (14 g) et deux cuill\u00e8res de Formula 1 \u00e0 250 ml d\u2019eau froide.<\/p>\n<p>&nbsp;<\/p>\n<p>M\u00e9lange Vegan pour Boisson Prot\u00e9in\u00e9e Vanille 560g<br \/>\nSKU 172K<\/p>\n<p>Aper\u00e7u du produit<br \/>\nIl n\u2019est pas toujours facile d\u2019atteindre ses objectifs en termes de bien-\u00eatre et d\u2019\u00e9quilibre alimentaire. Que vous soyez vegan ou que vous souhaitiez vous orienter vers une alimentation plus v\u00e9g\u00e9tale, il est important de consommer suffisamment de prot\u00e9ines pour maintenir un bon \u00e9quilibre alimentaire. D\u00e9couvrez le M\u00e9lange Vegan pour Boisson Prot\u00e9in\u00e9e : il est id\u00e9al pour booster votre apport quotidien en prot\u00e9ines et en vitamines et min\u00e9raux essentiels.<\/p>\n<p>Le M\u00e9lange Vegan pour Boisson Prot\u00e9in\u00e9e est 100% vegan, riche en prot\u00e9ines, sans gluten, sans sucre, naturellement sans lactose et d\u00e9licieusement cr\u00e9meux.<\/p>\n<p>M\u00e9langez-le avec votre saveur pr\u00e9f\u00e9r\u00e9e de Formula 1 pour un repas 100% vegan, \u00e9quilibr\u00e9 en nutriments, riche en prot\u00e9ines (24 g), riche en fibres (6 g) et avec 26 vitamines et min\u00e9raux. Ajoutez simplement deux cuill\u00e8res (28 g) du M\u00e9lange Vegan pour Boisson Prot\u00e9in\u00e9e et deux cuill\u00e8res (26 g) de votre shake de Formula 1 pr\u00e9f\u00e9r\u00e9 \u00e0 300 ml d&#8217;eau, m\u00e9langez et d\u00e9gustez.<\/p>\n<p>Vous pouvez \u00e9galement profiter du M\u00e9lange Vegan pour Boisson Prot\u00e9in\u00e9e seul sous forme de shake, en m\u00e9langeant 2 cuill\u00e8res (28 g) \u00e0 250 ml d\u2019eau, ce qui vous apporte 15 g de prot\u00e9ines, 22 vitamines et min\u00e9raux cl\u00e9s.<\/p>\n<p>Il y a tellement de fa\u00e7ons d&#8217;appr\u00e9cier le go\u00fbt d\u00e9licieux du M\u00e9lange Vegan pour Boisson Prot\u00e9in\u00e9e. C&#8217;est le partenaire id\u00e9al pour vos shakes de Formula 1 et sa subtile saveur vanille en fait l\u2019ingr\u00e9dient parfait pour l\u2019int\u00e9grer \u00e0 vos recettes \u00e9quilibre.*<\/p>\n<p>&nbsp;<\/p>\n<p>Commencez votre aventure vers une bonne nutrition avec le M\u00e9lange Vegan pour Boisson Prot\u00e9in\u00e9e et n\u2019h\u00e9sitez pas \u00e0 essayer nos autres produits vegan.<\/p>\n<p>&nbsp;<\/p>\n<p>Principaux avantages<\/p>\n<p>\u00b7 100% vegan<\/p>\n<p>\u00b7 Riche en prot\u00e9ines<\/p>\n<p>\u00b7 Des combinaisons infinies de saveurs<\/p>\n<p>\u00b7 Sans gluten<\/p>\n<p>\u00b7 Sans sucre<\/p>\n<p>\u00b7 Naturellement sans lactose<\/p>\n<p>\u00b7 22 vitamines et min\u00e9raux par portion<\/p>\n<p>\u00b7 Subtile saveur vanille<\/p>\n<p>Principaux Avantages<br \/>\nM\u00e9langez deux cuill\u00e8res doseuses (28 g) \u00e0 250 ml d&#8217;eau froide, secouez et d\u00e9gustez. \u00c0 consommer en milieu de matin\u00e9e ou milieu d&#8217;apr\u00e8s-midi. Essayez le M\u00e9lange Vegan pour Boisson Prot\u00e9in\u00e9e avec votre Shake de Formula 1 Herbalife Nutrition et 300 ml d&#8217;eau pour un repas vegan d\u00e9licieux et \u00e9quilibr\u00e9. Profitez de ce produit dans le cadre d&#8217;un r\u00e9gime alimentaire vari\u00e9 et \u00e9quilibr\u00e9, et d&#8217;un mode de vie sain et actif.<\/p>\n<p>*Notre produit offre tous les avantages nutritionnels d\u00e9crits sur l&#8217;\u00e9tiquette uniquement lorsqu&#8217;il est pr\u00e9par\u00e9 conform\u00e9ment aux conseils d\u2019utilisation mentionn\u00e9s sur l&#8217;\u00e9tiquette du produit. N&#8217;oubliez pas que si un produit Herbalife Nutrition est utilis\u00e9 dans une recette chauff\u00e9e, certains niveaux de vitamines dans le produit fini peuvent baisser par rapport aux valeurs indiqu\u00e9es sur l&#8217;\u00e9tiquette.<\/p>\n","protected":false},"excerpt":{"rendered":"<p>Aper\u00e7u du produit<br \/>\nIl n\u2019est pas toujours facile d\u2019atteindre ses objectifs en termes de bien-\u00eatre et d\u2019\u00e9quilibre alimentaire. Que vous soyez vegan ou que vous souhaitiez vous orienter vers une alimentation plus v\u00e9g\u00e9tale, il est important de consommer suffisamment de prot\u00e9ines pour maintenir un bon \u00e9quilibre alimentaire. D\u00e9couvrez le M\u00e9lange Vegan pour Boisson Prot\u00e9in\u00e9e en format sachet : ultra pratique, il est id\u00e9al pour booster votre apport quotidien en prot\u00e9ines et en vitamines et min\u00e9raux essentiels.<\/p>\n","protected":false},"featured_media":21634,"comment_status":"closed","ping_status":"closed","template":"","meta":{"_acf_changed":false},"product_brand":[],"product_cat":[296],"product_tag":[],"class_list":{"0":"post-21737","1":"product","2":"type-product","3":"status-publish","4":"has-post-thumbnail","6":"product_cat-non-classe","8":"first","9":"instock","10":"sale","11":"taxable","12":"shipping-taxable","13":"purchasable","14":"product-type-variable"},"acf":[],"yoast_head":"<!-- This site is optimized with the Yoast SEO plugin v25.6 - https:\/\/yoast.com\/wordpress\/plugins\/seo\/ -->\n<title>M\u00e9lange pour Boisson Prot\u00e9in\u00e9e Vanille - Boutique en ligne - Erich Geiger, membre ind\u00e9pendant de HERBALIFE<\/title>\n<meta name=\"description\" content=\"Dies ist die Webseite eines Selbst\u00e4ndigen HERBALIFE-Mitgliedes. Um auf die offizielle HERBALIFE-Webseite zu gelangen, besuchen Sie bitte HERBALIFE.de.\" \/>\n<meta name=\"robots\" content=\"index, follow, max-snippet:-1, max-image-preview:large, max-video-preview:-1\" \/>\n<link rel=\"canonical\" href=\"https:\/\/herba-online.shop\/fr\/produit\/melange-pour-boisson-proteinee-vanille\/\" \/>\n<meta property=\"og:locale\" content=\"fr_FR\" \/>\n<meta property=\"og:type\" content=\"article\" \/>\n<meta property=\"og:title\" content=\"M\u00e9lange pour Boisson Prot\u00e9in\u00e9e Vanille - Boutique en ligne - Erich Geiger, membre ind\u00e9pendant de HERBALIFE\" \/>\n<meta property=\"og:description\" content=\"Dies ist die Webseite eines Selbst\u00e4ndigen HERBALIFE-Mitgliedes. Um auf die offizielle HERBALIFE-Webseite zu gelangen, besuchen Sie bitte HERBALIFE.de.\" \/>\n<meta property=\"og:url\" content=\"https:\/\/herba-online.shop\/fr\/produit\/melange-pour-boisson-proteinee-vanille\/\" \/>\n<meta property=\"og:site_name\" content=\"Boutique en ligne - Erich Geiger, membre ind\u00e9pendant de HERBALIFE\" \/>\n<meta property=\"og:image\" content=\"https:\/\/herba-online.shop\/wp-content\/uploads\/2025\/04\/2600-172K-FR-Freigestellt.png\" \/>\n\t<meta property=\"og:image:width\" content=\"1000\" \/>\n\t<meta property=\"og:image:height\" content=\"1000\" \/>\n\t<meta property=\"og:image:type\" content=\"image\/png\" \/>\n<meta name=\"twitter:card\" content=\"summary_large_image\" \/>\n<meta name=\"twitter:label1\" content=\"Dur\u00e9e de lecture estim\u00e9e\" \/>\n\t<meta name=\"twitter:data1\" content=\"6 minutes\" \/>\n<script type=\"application\/ld+json\" class=\"yoast-schema-graph\">{\"@context\":\"https:\/\/schema.org\",\"@graph\":[{\"@type\":\"WebPage\",\"@id\":\"https:\/\/herba-online.shop\/fr\/produit\/melange-pour-boisson-proteinee-vanille\/\",\"url\":\"https:\/\/herba-online.shop\/fr\/produit\/melange-pour-boisson-proteinee-vanille\/\",\"name\":\"M\u00e9lange pour Boisson Prot\u00e9in\u00e9e Vanille - Boutique en ligne - Erich Geiger, membre ind\u00e9pendant de HERBALIFE\",\"isPartOf\":{\"@id\":\"https:\/\/herba-online.shop\/#website\"},\"primaryImageOfPage\":{\"@id\":\"https:\/\/herba-online.shop\/fr\/produit\/melange-pour-boisson-proteinee-vanille\/#primaryimage\"},\"image\":{\"@id\":\"https:\/\/herba-online.shop\/fr\/produit\/melange-pour-boisson-proteinee-vanille\/#primaryimage\"},\"thumbnailUrl\":\"https:\/\/herba-online.shop\/wp-content\/uploads\/2025\/04\/2600-172K-FR-Freigestellt.png\",\"datePublished\":\"2025-05-05T15:14:29+00:00\",\"description\":\"Dies ist die Webseite eines Selbst\u00e4ndigen HERBALIFE-Mitgliedes. Um auf die offizielle HERBALIFE-Webseite zu gelangen, besuchen Sie bitte HERBALIFE.de.\",\"breadcrumb\":{\"@id\":\"https:\/\/herba-online.shop\/fr\/produit\/melange-pour-boisson-proteinee-vanille\/#breadcrumb\"},\"inLanguage\":\"fr-FR\",\"potentialAction\":[{\"@type\":\"ReadAction\",\"target\":[\"https:\/\/herba-online.shop\/fr\/produit\/melange-pour-boisson-proteinee-vanille\/\"]}]},{\"@type\":\"ImageObject\",\"inLanguage\":\"fr-FR\",\"@id\":\"https:\/\/herba-online.shop\/fr\/produit\/melange-pour-boisson-proteinee-vanille\/#primaryimage\",\"url\":\"https:\/\/herba-online.shop\/wp-content\/uploads\/2025\/04\/2600-172K-FR-Freigestellt.png\",\"contentUrl\":\"https:\/\/herba-online.shop\/wp-content\/uploads\/2025\/04\/2600-172K-FR-Freigestellt.png\",\"width\":1000,\"height\":1000},{\"@type\":\"BreadcrumbList\",\"@id\":\"https:\/\/herba-online.shop\/fr\/produit\/melange-pour-boisson-proteinee-vanille\/#breadcrumb\",\"itemListElement\":[{\"@type\":\"ListItem\",\"position\":1,\"name\":\"Startseite\",\"item\":\"https:\/\/herba-online.shop\/fr\/\"},{\"@type\":\"ListItem\",\"position\":2,\"name\":\"Pr\u00e9sentation du produit\",\"item\":\"https:\/\/herba-online.shop\/fr\/shop\/\"},{\"@type\":\"ListItem\",\"position\":3,\"name\":\"M\u00e9lange pour Boisson Prot\u00e9in\u00e9e Vanille\"}]},{\"@type\":\"WebSite\",\"@id\":\"https:\/\/herba-online.shop\/#website\",\"url\":\"https:\/\/herba-online.shop\/\",\"name\":\"Boutique en ligne - Erich Geiger, membre ind\u00e9pendant de HERBALIFE\",\"description\":\"\",\"publisher\":{\"@id\":\"https:\/\/herba-online.shop\/#organization\"},\"potentialAction\":[{\"@type\":\"SearchAction\",\"target\":{\"@type\":\"EntryPoint\",\"urlTemplate\":\"https:\/\/herba-online.shop\/?s={search_term_string}\"},\"query-input\":{\"@type\":\"PropertyValueSpecification\",\"valueRequired\":true,\"valueName\":\"search_term_string\"}}],\"inLanguage\":\"fr-FR\"},{\"@type\":\"Organization\",\"@id\":\"https:\/\/herba-online.shop\/#organization\",\"name\":\"Herba-Onlineshop Erich Geiger\",\"url\":\"https:\/\/herba-online.shop\/\",\"logo\":{\"@type\":\"ImageObject\",\"inLanguage\":\"fr-FR\",\"@id\":\"https:\/\/herba-online.shop\/#\/schema\/logo\/image\/\",\"url\":\"https:\/\/herba-online.shop\/wp-content\/uploads\/2019\/03\/logo_08.2017_header.png\",\"contentUrl\":\"https:\/\/herba-online.shop\/wp-content\/uploads\/2019\/03\/logo_08.2017_header.png\",\"width\":300,\"height\":76,\"caption\":\"Herba-Onlineshop Erich Geiger\"},\"image\":{\"@id\":\"https:\/\/herba-online.shop\/#\/schema\/logo\/image\/\"}}]}<\/script>\n<!-- \/ Yoast SEO plugin. -->","yoast_head_json":{"title":"M\u00e9lange pour Boisson Prot\u00e9in\u00e9e Vanille - Boutique en ligne - Erich Geiger, membre ind\u00e9pendant de HERBALIFE","description":"Dies ist die Webseite eines Selbst\u00e4ndigen HERBALIFE-Mitgliedes. Um auf die offizielle HERBALIFE-Webseite zu gelangen, besuchen Sie bitte HERBALIFE.de.","robots":{"index":"index","follow":"follow","max-snippet":"max-snippet:-1","max-image-preview":"max-image-preview:large","max-video-preview":"max-video-preview:-1"},"canonical":"https:\/\/herba-online.shop\/fr\/produit\/melange-pour-boisson-proteinee-vanille\/","og_locale":"fr_FR","og_type":"article","og_title":"M\u00e9lange pour Boisson Prot\u00e9in\u00e9e Vanille - Boutique en ligne - Erich Geiger, membre ind\u00e9pendant de HERBALIFE","og_description":"Dies ist die Webseite eines Selbst\u00e4ndigen HERBALIFE-Mitgliedes. Um auf die offizielle HERBALIFE-Webseite zu gelangen, besuchen Sie bitte HERBALIFE.de.","og_url":"https:\/\/herba-online.shop\/fr\/produit\/melange-pour-boisson-proteinee-vanille\/","og_site_name":"Boutique en ligne - Erich Geiger, membre ind\u00e9pendant de HERBALIFE","og_image":[{"width":1000,"height":1000,"url":"https:\/\/herba-online.shop\/wp-content\/uploads\/2025\/04\/2600-172K-FR-Freigestellt.png","type":"image\/png"}],"twitter_card":"summary_large_image","twitter_misc":{"Dur\u00e9e de lecture estim\u00e9e":"6 minutes"},"schema":{"@context":"https:\/\/schema.org","@graph":[{"@type":"WebPage","@id":"https:\/\/herba-online.shop\/fr\/produit\/melange-pour-boisson-proteinee-vanille\/","url":"https:\/\/herba-online.shop\/fr\/produit\/melange-pour-boisson-proteinee-vanille\/","name":"M\u00e9lange pour Boisson Prot\u00e9in\u00e9e Vanille - Boutique en ligne - Erich Geiger, membre ind\u00e9pendant de HERBALIFE","isPartOf":{"@id":"https:\/\/herba-online.shop\/#website"},"primaryImageOfPage":{"@id":"https:\/\/herba-online.shop\/fr\/produit\/melange-pour-boisson-proteinee-vanille\/#primaryimage"},"image":{"@id":"https:\/\/herba-online.shop\/fr\/produit\/melange-pour-boisson-proteinee-vanille\/#primaryimage"},"thumbnailUrl":"https:\/\/herba-online.shop\/wp-content\/uploads\/2025\/04\/2600-172K-FR-Freigestellt.png","datePublished":"2025-05-05T15:14:29+00:00","description":"Dies ist die Webseite eines Selbst\u00e4ndigen HERBALIFE-Mitgliedes. Um auf die offizielle HERBALIFE-Webseite zu gelangen, besuchen Sie bitte HERBALIFE.de.","breadcrumb":{"@id":"https:\/\/herba-online.shop\/fr\/produit\/melange-pour-boisson-proteinee-vanille\/#breadcrumb"},"inLanguage":"fr-FR","potentialAction":[{"@type":"ReadAction","target":["https:\/\/herba-online.shop\/fr\/produit\/melange-pour-boisson-proteinee-vanille\/"]}]},{"@type":"ImageObject","inLanguage":"fr-FR","@id":"https:\/\/herba-online.shop\/fr\/produit\/melange-pour-boisson-proteinee-vanille\/#primaryimage","url":"https:\/\/herba-online.shop\/wp-content\/uploads\/2025\/04\/2600-172K-FR-Freigestellt.png","contentUrl":"https:\/\/herba-online.shop\/wp-content\/uploads\/2025\/04\/2600-172K-FR-Freigestellt.png","width":1000,"height":1000},{"@type":"BreadcrumbList","@id":"https:\/\/herba-online.shop\/fr\/produit\/melange-pour-boisson-proteinee-vanille\/#breadcrumb","itemListElement":[{"@type":"ListItem","position":1,"name":"Startseite","item":"https:\/\/herba-online.shop\/fr\/"},{"@type":"ListItem","position":2,"name":"Pr\u00e9sentation du produit","item":"https:\/\/herba-online.shop\/fr\/shop\/"},{"@type":"ListItem","position":3,"name":"M\u00e9lange pour Boisson Prot\u00e9in\u00e9e Vanille"}]},{"@type":"WebSite","@id":"https:\/\/herba-online.shop\/#website","url":"https:\/\/herba-online.shop\/","name":"Boutique en ligne - Erich Geiger, membre ind\u00e9pendant de HERBALIFE","description":"","publisher":{"@id":"https:\/\/herba-online.shop\/#organization"},"potentialAction":[{"@type":"SearchAction","target":{"@type":"EntryPoint","urlTemplate":"https:\/\/herba-online.shop\/?s={search_term_string}"},"query-input":{"@type":"PropertyValueSpecification","valueRequired":true,"valueName":"search_term_string"}}],"inLanguage":"fr-FR"},{"@type":"Organization","@id":"https:\/\/herba-online.shop\/#organization","name":"Herba-Onlineshop Erich Geiger","url":"https:\/\/herba-online.shop\/","logo":{"@type":"ImageObject","inLanguage":"fr-FR","@id":"https:\/\/herba-online.shop\/#\/schema\/logo\/image\/","url":"https:\/\/herba-online.shop\/wp-content\/uploads\/2019\/03\/logo_08.2017_header.png","contentUrl":"https:\/\/herba-online.shop\/wp-content\/uploads\/2019\/03\/logo_08.2017_header.png","width":300,"height":76,"caption":"Herba-Onlineshop Erich Geiger"},"image":{"@id":"https:\/\/herba-online.shop\/#\/schema\/logo\/image\/"}}]}},"_links":{"self":[{"href":"https:\/\/herba-online.shop\/fr\/wp-json\/wp\/v2\/product\/21737","targetHints":{"allow":["GET"]}}],"collection":[{"href":"https:\/\/herba-online.shop\/fr\/wp-json\/wp\/v2\/product"}],"about":[{"href":"https:\/\/herba-online.shop\/fr\/wp-json\/wp\/v2\/types\/product"}],"replies":[{"embeddable":true,"href":"https:\/\/herba-online.shop\/fr\/wp-json\/wp\/v2\/comments?post=21737"}],"wp:featuredmedia":[{"embeddable":true,"href":"https:\/\/herba-online.shop\/fr\/wp-json\/wp\/v2\/media\/21634"}],"wp:attachment":[{"href":"https:\/\/herba-online.shop\/fr\/wp-json\/wp\/v2\/media?parent=21737"}],"wp:term":[{"taxonomy":"product_brand","embeddable":true,"href":"https:\/\/herba-online.shop\/fr\/wp-json\/wp\/v2\/product_brand?post=21737"},{"taxonomy":"product_cat","embeddable":true,"href":"https:\/\/herba-online.shop\/fr\/wp-json\/wp\/v2\/product_cat?post=21737"},{"taxonomy":"product_tag","embeddable":true,"href":"https:\/\/herba-online.shop\/fr\/wp-json\/wp\/v2\/product_tag?post=21737"}],"curies":[{"name":"wp","href":"https:\/\/api.w.org\/{rel}","templated":true}]}}