{"id":22591,"date":"2025-09-30T10:07:44","date_gmt":"2025-09-30T08:07:44","guid":{"rendered":"https:\/\/herba-online.shop\/?post_type=product&#038;p=22591"},"modified":"2025-10-02T08:44:32","modified_gmt":"2025-10-02T06:44:32","slug":"creme-tension-ultime-hl-skin-50-ml","status":"publish","type":"product","link":"https:\/\/herba-online.shop\/fr\/produit\/creme-tension-ultime-hl-skin-50-ml\/","title":{"rendered":"Cr\u00e8me Tension Ultime HL\/Skin 50 ml"},"content":{"rendered":"<h5 data-bind=\"visible: KeyBenefits\">Principaux Avantages<\/h5>\n<div class=\"disc\" data-bind=\"visible: KeyBenefits, html: KeyBenefits\">\n<ul>\n<li>Issue de l\u2019expertise cor\u00e9enne en soins de la peau<\/li>\n<li>Cible les rides et renforce l&#8217;\u00e9lasticit\u00e9 de la peau<\/li>\n<li>Lisse les ridules pour une peau plus ferme et plus r\u00e9sistante<\/li>\n<li>Hydrate et aide la peau \u00e0 rester hydrat\u00e9e<\/li>\n<li>Am\u00e9liore la douceur et la souplesse de la peau<\/li>\n<li>Am\u00e9liore l&#8217;\u00e9clat et la luminosit\u00e9<\/li>\n<li>Restaure un \u00e9clat d\u2019apparence sain et jeune<\/li>\n<li>Convient \u00e0 une application sous le maquillage<\/li>\n<li>Sans parab\u00e8nes ajout\u00e9s<\/li>\n<\/ul>\n<\/div>\n<h5 data-bind=\"visible: Usage\">Utilisation<\/h5>\n<div class=\"disc\" data-bind=\"visible: Usage, html: Usage\">\n<p>Appliquez chaque matin sur une peau propre et s\u00e8che et massez d\u00e9licatement le visage et le cou en effectuant des mouvements de bas en haut.<\/p>\n<p>N&#8217;oubliez pas d&#8217;utiliser une protection FPS pendant la journ\u00e9e.<\/p>\n<p>Massez doucement la peau avec notre Gua Sha en jade blanc.<\/p>\n<\/div>\n","protected":false},"excerpt":{"rendered":"<p>La Cr\u00e8me Tension Ultime HL\/Skin est une cr\u00e8me hydratante \u00e0 la texture riche et velout\u00e9e issue de l\u2019expertise cor\u00e9enne en soins de la peau. Formul\u00e9e avec de l&#8217;ad\u00e9nosine, de la niacinamide et de la vitamine B5, elle cible les rides, renforce l&#8217;\u00e9lasticit\u00e9 et hydrate pour un teint plus ferme et plus \u00e9clatant.<\/p>\n<p>Adapt\u00e9e \u00e0 diff\u00e9rents types de peau, cette cr\u00e8me est sans parab\u00e8nes ajout\u00e9s, ce qui la rend douce mais efficace. Dans le cadre d\u2019une utilisation continue, la peau para\u00eet plus lisse, plus lumineuse et retrouve un \u00e9clat d\u2019apparence plus jeune.<\/p>\n<p><a href=\"https:\/\/herba-online.shop\/wp-content\/uploads\/2025\/09\/513K-Ultimate-Tension-Cream-50ml.pdf\">Ingr\u00e9dients<\/a><\/p>\n","protected":false},"featured_media":22449,"comment_status":"closed","ping_status":"closed","template":"","meta":{"_acf_changed":false},"product_brand":[],"product_cat":[288,291,286],"product_tag":[],"class_list":{"0":"post-22591","1":"product","2":"type-product","3":"status-publish","4":"has-post-thumbnail","6":"product_cat-herbalife-skin-fr","7":"product_cat-presentation-du-produit","8":"product_cat-soin-du-corps","10":"first","11":"instock","12":"sale","13":"taxable","14":"shipping-taxable","15":"purchasable","16":"product-type-simple"},"acf":[],"yoast_head":"<!-- This site is optimized with the Yoast SEO plugin v25.6 - https:\/\/yoast.com\/wordpress\/plugins\/seo\/ -->\n<title>Cr\u00e8me Tension Ultime HL\/Skin 50 ml - Boutique en ligne - Erich Geiger, membre ind\u00e9pendant de HERBALIFE<\/title>\n<meta name=\"description\" content=\"Dies ist die Webseite eines Selbst\u00e4ndigen HERBALIFE-Mitgliedes. Um auf die offizielle HERBALIFE-Webseite zu gelangen, besuchen Sie bitte HERBALIFE.de.\" \/>\n<meta name=\"robots\" content=\"index, follow, max-snippet:-1, max-image-preview:large, max-video-preview:-1\" \/>\n<link rel=\"canonical\" href=\"https:\/\/herba-online.shop\/fr\/produit\/creme-tension-ultime-hl-skin-50-ml\/\" \/>\n<meta property=\"og:locale\" content=\"fr_FR\" \/>\n<meta property=\"og:type\" content=\"article\" \/>\n<meta property=\"og:title\" content=\"Cr\u00e8me Tension Ultime HL\/Skin 50 ml - Boutique en ligne - Erich Geiger, membre ind\u00e9pendant de HERBALIFE\" \/>\n<meta property=\"og:description\" content=\"Dies ist die Webseite eines Selbst\u00e4ndigen HERBALIFE-Mitgliedes. Um auf die offizielle HERBALIFE-Webseite zu gelangen, besuchen Sie bitte HERBALIFE.de.\" \/>\n<meta property=\"og:url\" content=\"https:\/\/herba-online.shop\/fr\/produit\/creme-tension-ultime-hl-skin-50-ml\/\" \/>\n<meta property=\"og:site_name\" content=\"Boutique en ligne - Erich Geiger, membre ind\u00e9pendant de HERBALIFE\" \/>\n<meta property=\"article:modified_time\" content=\"2025-10-02T06:44:32+00:00\" \/>\n<meta property=\"og:image\" content=\"https:\/\/herba-online.shop\/wp-content\/uploads\/2025\/09\/SKU-513K-Ultimate-Tension-Cream.gif\" \/>\n\t<meta property=\"og:image:width\" content=\"1000\" \/>\n\t<meta property=\"og:image:height\" content=\"1000\" \/>\n\t<meta property=\"og:image:type\" content=\"image\/gif\" \/>\n<meta name=\"twitter:card\" content=\"summary_large_image\" \/>\n<meta name=\"twitter:label1\" content=\"Dur\u00e9e de lecture estim\u00e9e\" \/>\n\t<meta name=\"twitter:data1\" content=\"1 minute\" \/>\n<script type=\"application\/ld+json\" class=\"yoast-schema-graph\">{\"@context\":\"https:\/\/schema.org\",\"@graph\":[{\"@type\":\"WebPage\",\"@id\":\"https:\/\/herba-online.shop\/fr\/produit\/creme-tension-ultime-hl-skin-50-ml\/\",\"url\":\"https:\/\/herba-online.shop\/fr\/produit\/creme-tension-ultime-hl-skin-50-ml\/\",\"name\":\"Cr\u00e8me Tension Ultime HL\/Skin 50 ml - Boutique en ligne - Erich Geiger, membre ind\u00e9pendant de HERBALIFE\",\"isPartOf\":{\"@id\":\"https:\/\/herba-online.shop\/#website\"},\"primaryImageOfPage\":{\"@id\":\"https:\/\/herba-online.shop\/fr\/produit\/creme-tension-ultime-hl-skin-50-ml\/#primaryimage\"},\"image\":{\"@id\":\"https:\/\/herba-online.shop\/fr\/produit\/creme-tension-ultime-hl-skin-50-ml\/#primaryimage\"},\"thumbnailUrl\":\"https:\/\/herba-online.shop\/wp-content\/uploads\/2025\/09\/SKU-513K-Ultimate-Tension-Cream.gif\",\"datePublished\":\"2025-09-30T08:07:44+00:00\",\"dateModified\":\"2025-10-02T06:44:32+00:00\",\"description\":\"Dies ist die Webseite eines Selbst\u00e4ndigen HERBALIFE-Mitgliedes. Um auf die offizielle HERBALIFE-Webseite zu gelangen, besuchen Sie bitte HERBALIFE.de.\",\"breadcrumb\":{\"@id\":\"https:\/\/herba-online.shop\/fr\/produit\/creme-tension-ultime-hl-skin-50-ml\/#breadcrumb\"},\"inLanguage\":\"fr-FR\",\"potentialAction\":[{\"@type\":\"ReadAction\",\"target\":[\"https:\/\/herba-online.shop\/fr\/produit\/creme-tension-ultime-hl-skin-50-ml\/\"]}]},{\"@type\":\"ImageObject\",\"inLanguage\":\"fr-FR\",\"@id\":\"https:\/\/herba-online.shop\/fr\/produit\/creme-tension-ultime-hl-skin-50-ml\/#primaryimage\",\"url\":\"https:\/\/herba-online.shop\/wp-content\/uploads\/2025\/09\/SKU-513K-Ultimate-Tension-Cream.gif\",\"contentUrl\":\"https:\/\/herba-online.shop\/wp-content\/uploads\/2025\/09\/SKU-513K-Ultimate-Tension-Cream.gif\",\"width\":1000,\"height\":1000},{\"@type\":\"BreadcrumbList\",\"@id\":\"https:\/\/herba-online.shop\/fr\/produit\/creme-tension-ultime-hl-skin-50-ml\/#breadcrumb\",\"itemListElement\":[{\"@type\":\"ListItem\",\"position\":1,\"name\":\"Startseite\",\"item\":\"https:\/\/herba-online.shop\/fr\/\"},{\"@type\":\"ListItem\",\"position\":2,\"name\":\"Pr\u00e9sentation du produit\",\"item\":\"https:\/\/herba-online.shop\/fr\/shop\/\"},{\"@type\":\"ListItem\",\"position\":3,\"name\":\"Cr\u00e8me Tension Ultime HL\/Skin 50 ml\"}]},{\"@type\":\"WebSite\",\"@id\":\"https:\/\/herba-online.shop\/#website\",\"url\":\"https:\/\/herba-online.shop\/\",\"name\":\"Boutique en ligne - Erich Geiger, membre ind\u00e9pendant de HERBALIFE\",\"description\":\"\",\"publisher\":{\"@id\":\"https:\/\/herba-online.shop\/#organization\"},\"potentialAction\":[{\"@type\":\"SearchAction\",\"target\":{\"@type\":\"EntryPoint\",\"urlTemplate\":\"https:\/\/herba-online.shop\/?s={search_term_string}\"},\"query-input\":{\"@type\":\"PropertyValueSpecification\",\"valueRequired\":true,\"valueName\":\"search_term_string\"}}],\"inLanguage\":\"fr-FR\"},{\"@type\":\"Organization\",\"@id\":\"https:\/\/herba-online.shop\/#organization\",\"name\":\"Herba-Onlineshop Erich Geiger\",\"url\":\"https:\/\/herba-online.shop\/\",\"logo\":{\"@type\":\"ImageObject\",\"inLanguage\":\"fr-FR\",\"@id\":\"https:\/\/herba-online.shop\/#\/schema\/logo\/image\/\",\"url\":\"https:\/\/herba-online.shop\/wp-content\/uploads\/2019\/03\/logo_08.2017_header.png\",\"contentUrl\":\"https:\/\/herba-online.shop\/wp-content\/uploads\/2019\/03\/logo_08.2017_header.png\",\"width\":300,\"height\":76,\"caption\":\"Herba-Onlineshop Erich Geiger\"},\"image\":{\"@id\":\"https:\/\/herba-online.shop\/#\/schema\/logo\/image\/\"}}]}<\/script>\n<!-- \/ Yoast SEO plugin. -->","yoast_head_json":{"title":"Cr\u00e8me Tension Ultime HL\/Skin 50 ml - Boutique en ligne - Erich Geiger, membre ind\u00e9pendant de HERBALIFE","description":"Dies ist die Webseite eines Selbst\u00e4ndigen HERBALIFE-Mitgliedes. Um auf die offizielle HERBALIFE-Webseite zu gelangen, besuchen Sie bitte HERBALIFE.de.","robots":{"index":"index","follow":"follow","max-snippet":"max-snippet:-1","max-image-preview":"max-image-preview:large","max-video-preview":"max-video-preview:-1"},"canonical":"https:\/\/herba-online.shop\/fr\/produit\/creme-tension-ultime-hl-skin-50-ml\/","og_locale":"fr_FR","og_type":"article","og_title":"Cr\u00e8me Tension Ultime HL\/Skin 50 ml - Boutique en ligne - Erich Geiger, membre ind\u00e9pendant de HERBALIFE","og_description":"Dies ist die Webseite eines Selbst\u00e4ndigen HERBALIFE-Mitgliedes. Um auf die offizielle HERBALIFE-Webseite zu gelangen, besuchen Sie bitte HERBALIFE.de.","og_url":"https:\/\/herba-online.shop\/fr\/produit\/creme-tension-ultime-hl-skin-50-ml\/","og_site_name":"Boutique en ligne - Erich Geiger, membre ind\u00e9pendant de HERBALIFE","article_modified_time":"2025-10-02T06:44:32+00:00","og_image":[{"width":1000,"height":1000,"url":"https:\/\/herba-online.shop\/wp-content\/uploads\/2025\/09\/SKU-513K-Ultimate-Tension-Cream.gif","type":"image\/gif"}],"twitter_card":"summary_large_image","twitter_misc":{"Dur\u00e9e de lecture estim\u00e9e":"1 minute"},"schema":{"@context":"https:\/\/schema.org","@graph":[{"@type":"WebPage","@id":"https:\/\/herba-online.shop\/fr\/produit\/creme-tension-ultime-hl-skin-50-ml\/","url":"https:\/\/herba-online.shop\/fr\/produit\/creme-tension-ultime-hl-skin-50-ml\/","name":"Cr\u00e8me Tension Ultime HL\/Skin 50 ml - Boutique en ligne - Erich Geiger, membre ind\u00e9pendant de HERBALIFE","isPartOf":{"@id":"https:\/\/herba-online.shop\/#website"},"primaryImageOfPage":{"@id":"https:\/\/herba-online.shop\/fr\/produit\/creme-tension-ultime-hl-skin-50-ml\/#primaryimage"},"image":{"@id":"https:\/\/herba-online.shop\/fr\/produit\/creme-tension-ultime-hl-skin-50-ml\/#primaryimage"},"thumbnailUrl":"https:\/\/herba-online.shop\/wp-content\/uploads\/2025\/09\/SKU-513K-Ultimate-Tension-Cream.gif","datePublished":"2025-09-30T08:07:44+00:00","dateModified":"2025-10-02T06:44:32+00:00","description":"Dies ist die Webseite eines Selbst\u00e4ndigen HERBALIFE-Mitgliedes. Um auf die offizielle HERBALIFE-Webseite zu gelangen, besuchen Sie bitte HERBALIFE.de.","breadcrumb":{"@id":"https:\/\/herba-online.shop\/fr\/produit\/creme-tension-ultime-hl-skin-50-ml\/#breadcrumb"},"inLanguage":"fr-FR","potentialAction":[{"@type":"ReadAction","target":["https:\/\/herba-online.shop\/fr\/produit\/creme-tension-ultime-hl-skin-50-ml\/"]}]},{"@type":"ImageObject","inLanguage":"fr-FR","@id":"https:\/\/herba-online.shop\/fr\/produit\/creme-tension-ultime-hl-skin-50-ml\/#primaryimage","url":"https:\/\/herba-online.shop\/wp-content\/uploads\/2025\/09\/SKU-513K-Ultimate-Tension-Cream.gif","contentUrl":"https:\/\/herba-online.shop\/wp-content\/uploads\/2025\/09\/SKU-513K-Ultimate-Tension-Cream.gif","width":1000,"height":1000},{"@type":"BreadcrumbList","@id":"https:\/\/herba-online.shop\/fr\/produit\/creme-tension-ultime-hl-skin-50-ml\/#breadcrumb","itemListElement":[{"@type":"ListItem","position":1,"name":"Startseite","item":"https:\/\/herba-online.shop\/fr\/"},{"@type":"ListItem","position":2,"name":"Pr\u00e9sentation du produit","item":"https:\/\/herba-online.shop\/fr\/shop\/"},{"@type":"ListItem","position":3,"name":"Cr\u00e8me Tension Ultime HL\/Skin 50 ml"}]},{"@type":"WebSite","@id":"https:\/\/herba-online.shop\/#website","url":"https:\/\/herba-online.shop\/","name":"Boutique en ligne - Erich Geiger, membre ind\u00e9pendant de HERBALIFE","description":"","publisher":{"@id":"https:\/\/herba-online.shop\/#organization"},"potentialAction":[{"@type":"SearchAction","target":{"@type":"EntryPoint","urlTemplate":"https:\/\/herba-online.shop\/?s={search_term_string}"},"query-input":{"@type":"PropertyValueSpecification","valueRequired":true,"valueName":"search_term_string"}}],"inLanguage":"fr-FR"},{"@type":"Organization","@id":"https:\/\/herba-online.shop\/#organization","name":"Herba-Onlineshop Erich Geiger","url":"https:\/\/herba-online.shop\/","logo":{"@type":"ImageObject","inLanguage":"fr-FR","@id":"https:\/\/herba-online.shop\/#\/schema\/logo\/image\/","url":"https:\/\/herba-online.shop\/wp-content\/uploads\/2019\/03\/logo_08.2017_header.png","contentUrl":"https:\/\/herba-online.shop\/wp-content\/uploads\/2019\/03\/logo_08.2017_header.png","width":300,"height":76,"caption":"Herba-Onlineshop Erich Geiger"},"image":{"@id":"https:\/\/herba-online.shop\/#\/schema\/logo\/image\/"}}]}},"_links":{"self":[{"href":"https:\/\/herba-online.shop\/fr\/wp-json\/wp\/v2\/product\/22591","targetHints":{"allow":["GET"]}}],"collection":[{"href":"https:\/\/herba-online.shop\/fr\/wp-json\/wp\/v2\/product"}],"about":[{"href":"https:\/\/herba-online.shop\/fr\/wp-json\/wp\/v2\/types\/product"}],"replies":[{"embeddable":true,"href":"https:\/\/herba-online.shop\/fr\/wp-json\/wp\/v2\/comments?post=22591"}],"wp:featuredmedia":[{"embeddable":true,"href":"https:\/\/herba-online.shop\/fr\/wp-json\/wp\/v2\/media\/22449"}],"wp:attachment":[{"href":"https:\/\/herba-online.shop\/fr\/wp-json\/wp\/v2\/media?parent=22591"}],"wp:term":[{"taxonomy":"product_brand","embeddable":true,"href":"https:\/\/herba-online.shop\/fr\/wp-json\/wp\/v2\/product_brand?post=22591"},{"taxonomy":"product_cat","embeddable":true,"href":"https:\/\/herba-online.shop\/fr\/wp-json\/wp\/v2\/product_cat?post=22591"},{"taxonomy":"product_tag","embeddable":true,"href":"https:\/\/herba-online.shop\/fr\/wp-json\/wp\/v2\/product_tag?post=22591"}],"curies":[{"name":"wp","href":"https:\/\/api.w.org\/{rel}","templated":true}]}}